{"id":184,"date":"2023-05-11T05:46:41","date_gmt":"2023-05-11T08:46:41","guid":{"rendered":"https:\/\/multi-gyn.com\/uy\/?page_id=184"},"modified":"2023-05-12T06:05:06","modified_gmt":"2023-05-12T09:05:06","slug":"candidiasis-durante-el-periodo","status":"publish","type":"page","link":"https:\/\/multi-gyn.com\/uy\/salud-vaginal\/infecciones\/candidiasis-durante-el-periodo\/","title":{"rendered":"Candidiasis durante el per\u00edodo"},"content":{"rendered":"\n<div class=\"wp-block-karopharma-free-text pt-large pb-large bg-center bg-cover bg-no-repeat  is-style-primary\" style=\"background-image:url()\"><div class=\"free-text-wrapper container max-w-medium text-left\">\n<h1 class=\"is-style-heading-h1 wp-block-heading\">Candidiasis durante el per\u00edodo<\/h1>\n\n\n\n<p class=\"is-style-paragraph-preamble\">Los hongos levaduriformes pertenecen al grupo de los hongos, y algunas especies de hongos levaduriformes pueden darse dentro de la vagina. Sin embargo, una vez el hongo levaduriforme empieza a crecer incontrolablemente causa infecci\u00f3n. Los inc\u00f3modos s\u00edntomas que siguen a la infecci\u00f3n se vuelven casi insoportables cuando se combinan con la sangre menstrual, los c\u00f3licos y la irritabilidad que frecuentemente abarca el tener el per\u00edodo. Conozca m\u00e1s sobre la candidiasis vaginal y qu\u00e9 esperar si la infecci\u00f3n ataca durante el per\u00edodo.<\/p>\n<\/div><\/div>\n\n\n\n<div class=\"wp-block-karopharma-free-text pt-large pb-large bg-center bg-cover bg-no-repeat  is-style-transparent\" style=\"background-image:url()\"><div class=\"free-text-wrapper container max-w-medium text-left\">\n<p>La mayor\u00eda de las mujeres experimentan una candidiasis por lo menos una vez en la vida. Esto es debido a la delicada flora vaginal que puede ser f\u00e1cilmente desequilibrada, causando un sobrecrecimiento de hongo levaduriforme. Los factores que pueden causar un desequilibrio que produzca una candidiasis incluyen:<\/p>\n\n\n\n<ul class=\"is-style-default wp-block-list\"><li>Cambios hormonales, ej. Durante el ciclo menstrual<\/li><li>Uso de antibi\u00f3ticos<\/li><li>Embarazo<\/li><li>Estr\u00e9s<\/li><li>Falta de sue\u00f1o<\/li><li>Sistema inmune d\u00e9bil<\/li><\/ul>\n\n\n\n<p>La candidiasis frecuentemente ocurre justo antes del per\u00edodo, durante la menstruaci\u00f3n o unos d\u00edas despu\u00e9s. Esto pasa por los niveles hormonales que cambian durante el ciclo menstrual. Justo antes de que empiece el sangrado menstrual los niveles de estr\u00f3geno disminuyen. No ayuda que la sangre menstrual sea alcalina. Afortunadamente despu\u00e9s de que el per\u00edodo termina los niveles de estr\u00f3geno vuelven a su estado normal, permiti\u00e9ndole a la flora vaginal recuperarse.<\/p>\n\n\n\n<p>Los s\u00edntomas que usualmente acompa\u00f1an la candidiasis incluyen:<\/p>\n\n\n\n<ul class=\"is-style-default wp-block-list\"><li>Comez\u00f3n vaginal que puede ser de suave a muy fuerte<\/li><li>Secreci\u00f3n \u2013 blanca, como \u201creques\u00f3n\u201d y usualmente sin mal olor<\/li><li>Irritaci\u00f3n y enrojecimiento<\/li><li>Dolor al orinar<\/li><li>Puede presentarse inflamaci\u00f3n y dolor si empieza a rascarse la zona<\/li><li>Dolor durante las relaciones sexuales<\/li><li>Dolor muscular<\/li><\/ul>\n\n\n\n<h2 class=\"is-style-heading-h2 wp-block-heading\">\u00bfC\u00f3mo prevenir candidiasis durante el per\u00edodo?<\/h2>\n\n\n\n<p>La causa exacta de la candidiasis es dif\u00edcil de determinar. Por lo tanto puede ser muy dif\u00edcil prevenirla.<\/p>\n\n\n\n<p>Algunas mujeres se benefician de los buenos h\u00e1bitos de higiene para mantener la vagina equilibrada y saludable \u2013 esto incluye usar toallas higi\u00e9nicas y protectores libres de esencia, usar solamente enjuagues \u00edntimos que no tengan qu\u00edmicos fuertes y evitar usar cualquier producto cosm\u00e9tico que pueda irritar la piel. Cambie las toallas cada 3 a 4 horas y si es propensa a la candidiasis evite usar tampones. Los tampones mantienen la sangre menstrual en contacto prolongado con el tejido vaginal, haciendo m\u00e1s probable que el hongo levaduriforme se desarrolle en el entorno alcalino creado por la sangre.<\/p>\n\n\n\n<p>Pruebe el usar un producto que pueda estimular el crecimiento de bacterias beneficiosas y proteja la flora vaginal de la invasi\u00f3n de hongo levaduriforme. Evite usar ropa sint\u00e9tica y ce\u00f1ida, especialmenteTantes y durante la menstruaci\u00f3n ya que estas prendas pueden promover el crecimiento del hongo e incrementar el riesgo de infecciones.<\/p>\n\n\n\n<p class=\"is-style-paragraph-preamble has-primary-color has-text-color\"><em>\u00abLa candidiasis frecuentemente ocurren justo antes del per\u00edodo, durante la menstruaci\u00f3n o unos d\u00edas despu\u00e9s. Esto pasa por los niveles hormonales que cambian durante el ciclo menstrual.\u00bb<\/em><\/p>\n<\/div><\/div>\n","protected":false},"excerpt":{"rendered":"","protected":false},"author":2,"featured_media":0,"parent":29,"menu_order":13,"comment_status":"closed","ping_status":"closed","template":"","meta":{"_acf_changed":false,"footnotes":""},"from-article-database":[],"class_list":["post-184","page","type-page","status-publish","hentry"],"acf":[],"yoast_head":"<!-- This site is optimized with the Yoast SEO plugin v26.6 - https:\/\/yoast.com\/wordpress\/plugins\/seo\/ -->\n<title>Candidiasis durante el per\u00edodo - Multi-Gyn<\/title>\n<meta name=\"description\" content=\"Conozca m\u00e1s sobre la candidiasis vaginal y qu\u00e9 esperar si la infecci\u00f3n ataca durante el per\u00edodo.\" \/>\n<meta name=\"robots\" content=\"index, follow, max-snippet:-1, max-image-preview:large, max-video-preview:-1\" \/>\n<link rel=\"canonical\" href=\"https:\/\/multi-gyn.com\/uy\/salud-vaginal\/infecciones\/candidiasis-durante-el-periodo\/\" \/>\n<meta property=\"og:locale\" content=\"es_ES\" \/>\n<meta property=\"og:type\" content=\"article\" \/>\n<meta property=\"og:title\" content=\"Candidiasis durante el per\u00edodo - Multi-Gyn\" \/>\n<meta property=\"og:description\" content=\"Conozca m\u00e1s sobre la candidiasis vaginal y qu\u00e9 esperar si la infecci\u00f3n ataca durante el per\u00edodo.\" \/>\n<meta property=\"og:url\" content=\"https:\/\/multi-gyn.com\/uy\/salud-vaginal\/infecciones\/candidiasis-durante-el-periodo\/\" \/>\n<meta property=\"og:site_name\" content=\"Multi-Gyn\" \/>\n<meta property=\"article:modified_time\" content=\"2023-05-12T09:05:06+00:00\" \/>\n<meta name=\"twitter:card\" content=\"summary_large_image\" \/>\n<meta name=\"twitter:label1\" content=\"Est. reading time\" \/>\n\t<meta name=\"twitter:data1\" content=\"3 minutos\" \/>\n<script type=\"application\/ld+json\" class=\"yoast-schema-graph\">{\"@context\":\"https:\/\/schema.org\",\"@graph\":[{\"@type\":\"WebPage\",\"@id\":\"https:\/\/multi-gyn.com\/uy\/salud-vaginal\/infecciones\/candidiasis-durante-el-periodo\/\",\"url\":\"https:\/\/multi-gyn.com\/uy\/salud-vaginal\/infecciones\/candidiasis-durante-el-periodo\/\",\"name\":\"Candidiasis durante el per\u00edodo - Multi-Gyn\",\"isPartOf\":{\"@id\":\"https:\/\/multi-gyn.com\/uy\/#website\"},\"datePublished\":\"2023-05-11T08:46:41+00:00\",\"dateModified\":\"2023-05-12T09:05:06+00:00\",\"description\":\"Conozca m\u00e1s sobre la candidiasis vaginal y qu\u00e9 esperar si la infecci\u00f3n ataca durante el per\u00edodo.\",\"breadcrumb\":{\"@id\":\"https:\/\/multi-gyn.com\/uy\/salud-vaginal\/infecciones\/candidiasis-durante-el-periodo\/#breadcrumb\"},\"inLanguage\":\"es-UY\",\"potentialAction\":[{\"@type\":\"ReadAction\",\"target\":[\"https:\/\/multi-gyn.com\/uy\/salud-vaginal\/infecciones\/candidiasis-durante-el-periodo\/\"]}]},{\"@type\":\"BreadcrumbList\",\"@id\":\"https:\/\/multi-gyn.com\/uy\/salud-vaginal\/infecciones\/candidiasis-durante-el-periodo\/#breadcrumb\",\"itemListElement\":[{\"@type\":\"ListItem\",\"position\":1,\"name\":\"Home\",\"item\":\"https:\/\/multi-gyn.com\/uy\/\"},{\"@type\":\"ListItem\",\"position\":2,\"name\":\"Salud vaginal\",\"item\":\"https:\/\/multi-gyn.com\/uy\/salud-vaginal\/\"},{\"@type\":\"ListItem\",\"position\":3,\"name\":\"Infecciones\",\"item\":\"https:\/\/multi-gyn.com\/uy\/salud-vaginal\/infecciones\/\"},{\"@type\":\"ListItem\",\"position\":4,\"name\":\"Candidiasis durante el per\u00edodo\"}]},{\"@type\":\"WebSite\",\"@id\":\"https:\/\/multi-gyn.com\/uy\/#website\",\"url\":\"https:\/\/multi-gyn.com\/uy\/\",\"name\":\"Multi-Gyn\",\"description\":\"\",\"publisher\":{\"@id\":\"https:\/\/multi-gyn.com\/uy\/#organization\"},\"potentialAction\":[{\"@type\":\"SearchAction\",\"target\":{\"@type\":\"EntryPoint\",\"urlTemplate\":\"https:\/\/multi-gyn.com\/uy\/?s={search_term_string}\"},\"query-input\":{\"@type\":\"PropertyValueSpecification\",\"valueRequired\":true,\"valueName\":\"search_term_string\"}}],\"inLanguage\":\"es-UY\"},{\"@type\":\"Organization\",\"@id\":\"https:\/\/multi-gyn.com\/uy\/#organization\",\"name\":\"Multi-Gyn\",\"url\":\"https:\/\/multi-gyn.com\/uy\/\",\"logo\":{\"@type\":\"ImageObject\",\"inLanguage\":\"es-UY\",\"@id\":\"https:\/\/multi-gyn.com\/uy\/#\/schema\/logo\/image\/\",\"url\":\"https:\/\/multi-gyn.com\/app\/uploads\/sites\/47\/2023\/05\/multi-gyn-logo.png\",\"contentUrl\":\"https:\/\/multi-gyn.com\/app\/uploads\/sites\/47\/2023\/05\/multi-gyn-logo.png\",\"width\":149,\"height\":32,\"caption\":\"Multi-Gyn\"},\"image\":{\"@id\":\"https:\/\/multi-gyn.com\/uy\/#\/schema\/logo\/image\/\"}}]}<\/script>\n<!-- \/ Yoast SEO plugin. -->","yoast_head_json":{"title":"Candidiasis durante el per\u00edodo - Multi-Gyn","description":"Conozca m\u00e1s sobre la candidiasis vaginal y qu\u00e9 esperar si la infecci\u00f3n ataca durante el per\u00edodo.","robots":{"index":"index","follow":"follow","max-snippet":"max-snippet:-1","max-image-preview":"max-image-preview:large","max-video-preview":"max-video-preview:-1"},"canonical":"https:\/\/multi-gyn.com\/uy\/salud-vaginal\/infecciones\/candidiasis-durante-el-periodo\/","og_locale":"es_ES","og_type":"article","og_title":"Candidiasis durante el per\u00edodo - Multi-Gyn","og_description":"Conozca m\u00e1s sobre la candidiasis vaginal y qu\u00e9 esperar si la infecci\u00f3n ataca durante el per\u00edodo.","og_url":"https:\/\/multi-gyn.com\/uy\/salud-vaginal\/infecciones\/candidiasis-durante-el-periodo\/","og_site_name":"Multi-Gyn","article_modified_time":"2023-05-12T09:05:06+00:00","twitter_card":"summary_large_image","twitter_misc":{"Est. reading time":"3 minutos"},"schema":{"@context":"https:\/\/schema.org","@graph":[{"@type":"WebPage","@id":"https:\/\/multi-gyn.com\/uy\/salud-vaginal\/infecciones\/candidiasis-durante-el-periodo\/","url":"https:\/\/multi-gyn.com\/uy\/salud-vaginal\/infecciones\/candidiasis-durante-el-periodo\/","name":"Candidiasis durante el per\u00edodo - Multi-Gyn","isPartOf":{"@id":"https:\/\/multi-gyn.com\/uy\/#website"},"datePublished":"2023-05-11T08:46:41+00:00","dateModified":"2023-05-12T09:05:06+00:00","description":"Conozca m\u00e1s sobre la candidiasis vaginal y qu\u00e9 esperar si la infecci\u00f3n ataca durante el per\u00edodo.","breadcrumb":{"@id":"https:\/\/multi-gyn.com\/uy\/salud-vaginal\/infecciones\/candidiasis-durante-el-periodo\/#breadcrumb"},"inLanguage":"es-UY","potentialAction":[{"@type":"ReadAction","target":["https:\/\/multi-gyn.com\/uy\/salud-vaginal\/infecciones\/candidiasis-durante-el-periodo\/"]}]},{"@type":"BreadcrumbList","@id":"https:\/\/multi-gyn.com\/uy\/salud-vaginal\/infecciones\/candidiasis-durante-el-periodo\/#breadcrumb","itemListElement":[{"@type":"ListItem","position":1,"name":"Home","item":"https:\/\/multi-gyn.com\/uy\/"},{"@type":"ListItem","position":2,"name":"Salud vaginal","item":"https:\/\/multi-gyn.com\/uy\/salud-vaginal\/"},{"@type":"ListItem","position":3,"name":"Infecciones","item":"https:\/\/multi-gyn.com\/uy\/salud-vaginal\/infecciones\/"},{"@type":"ListItem","position":4,"name":"Candidiasis durante el per\u00edodo"}]},{"@type":"WebSite","@id":"https:\/\/multi-gyn.com\/uy\/#website","url":"https:\/\/multi-gyn.com\/uy\/","name":"Multi-Gyn","description":"","publisher":{"@id":"https:\/\/multi-gyn.com\/uy\/#organization"},"potentialAction":[{"@type":"SearchAction","target":{"@type":"EntryPoint","urlTemplate":"https:\/\/multi-gyn.com\/uy\/?s={search_term_string}"},"query-input":{"@type":"PropertyValueSpecification","valueRequired":true,"valueName":"search_term_string"}}],"inLanguage":"es-UY"},{"@type":"Organization","@id":"https:\/\/multi-gyn.com\/uy\/#organization","name":"Multi-Gyn","url":"https:\/\/multi-gyn.com\/uy\/","logo":{"@type":"ImageObject","inLanguage":"es-UY","@id":"https:\/\/multi-gyn.com\/uy\/#\/schema\/logo\/image\/","url":"https:\/\/multi-gyn.com\/app\/uploads\/sites\/47\/2023\/05\/multi-gyn-logo.png","contentUrl":"https:\/\/multi-gyn.com\/app\/uploads\/sites\/47\/2023\/05\/multi-gyn-logo.png","width":149,"height":32,"caption":"Multi-Gyn"},"image":{"@id":"https:\/\/multi-gyn.com\/uy\/#\/schema\/logo\/image\/"}}]}},"_links":{"self":[{"href":"https:\/\/multi-gyn.com\/uy\/wp-json\/wp\/v2\/pages\/184","targetHints":{"allow":["GET"]}}],"collection":[{"href":"https:\/\/multi-gyn.com\/uy\/wp-json\/wp\/v2\/pages"}],"about":[{"href":"https:\/\/multi-gyn.com\/uy\/wp-json\/wp\/v2\/types\/page"}],"author":[{"embeddable":true,"href":"https:\/\/multi-gyn.com\/uy\/wp-json\/wp\/v2\/users\/2"}],"replies":[{"embeddable":true,"href":"https:\/\/multi-gyn.com\/uy\/wp-json\/wp\/v2\/comments?post=184"}],"version-history":[{"count":2,"href":"https:\/\/multi-gyn.com\/uy\/wp-json\/wp\/v2\/pages\/184\/revisions"}],"predecessor-version":[{"id":402,"href":"https:\/\/multi-gyn.com\/uy\/wp-json\/wp\/v2\/pages\/184\/revisions\/402"}],"up":[{"embeddable":true,"href":"https:\/\/multi-gyn.com\/uy\/wp-json\/wp\/v2\/pages\/29"}],"wp:attachment":[{"href":"https:\/\/multi-gyn.com\/uy\/wp-json\/wp\/v2\/media?parent=184"}],"wp:term":[{"taxonomy":"from-article-database","embeddable":true,"href":"https:\/\/multi-gyn.com\/uy\/wp-json\/wp\/v2\/from-article-database?post=184"}],"curies":[{"name":"wp","href":"https:\/\/api.w.org\/{rel}","templated":true}]}}