{"id":186,"date":"2023-05-11T05:46:59","date_gmt":"2023-05-11T08:46:59","guid":{"rendered":"https:\/\/multi-gyn.com\/uy\/?page_id=186"},"modified":"2023-05-12T06:20:57","modified_gmt":"2023-05-12T09:20:57","slug":"infecciones-vaginales-causas-sintomas-y-tratamiento","status":"publish","type":"page","link":"https:\/\/multi-gyn.com\/uy\/salud-vaginal\/infecciones\/infecciones-vaginales-causas-sintomas-y-tratamiento\/","title":{"rendered":"Infecciones vaginales: causas, s\u00edntomas y tratamiento"},"content":{"rendered":"\n<div class=\"wp-block-karopharma-free-text pt-large pb-large bg-center bg-cover bg-no-repeat  is-style-primary\" style=\"background-image:url()\"><div class=\"free-text-wrapper container max-w-medium text-left\">\n<h1 class=\"is-style-heading-h1 wp-block-heading\">Infecciones vaginales: causas, s\u00edntomas y tratamiento<\/h1>\n\n\n\n<p class=\"is-style-paragraph-preamble\">\u00bfSab\u00eda que casi todas las mujeres sufren de molestias vaginales en alg\u00fan momento de la vida? Si usted tiene comez\u00f3n, secreci\u00f3n o enrojecimiento no se preocupe, usted no es la \u00fanica.<\/p>\n<\/div><\/div>\n\n\n\n<div class=\"wp-block-karopharma-free-text pt-large pb-large bg-center bg-cover bg-no-repeat  is-style-transparent\" style=\"background-image:url()\"><div class=\"free-text-wrapper container max-w-medium text-left\">\n<p>Las infecciones son la causa principal de las molestias vaginales. Las m\u00e1s comunes son la vaginosis bacteriana y la infecci\u00f3n vaginal por hongos levaduriformes, tambi\u00e9n conocida como candidiasis vaginal o C\u00e1ndida. \u00bfNo est\u00e1 segura de cu\u00e1l infecci\u00f3n le est\u00e1 causando molestias o le gustar\u00eda saber m\u00e1s sobre el tratamiento? \u00a1Entonces contin\u00fae leyendo!<\/p>\n\n\n\n<h2 class=\"is-style-heading-h2 wp-block-heading\">Vaginosis bacteriana<\/h2>\n\n\n\n<p>La vaginosis bacteriana (VB) se desarrolla cuando el balance natural de bacterias en su vagina se altera. Normalmente los lactobacilos sanos son las bacterias dominantes en la vagina, pero si la VB se desarrolla, empiezan a crecer otras bacterias no deseadas y empiezan a hacer que los lactobacilos crezcan m\u00e1s de la cuenta.<\/p>\n\n\n\n<p>Los s\u00edntomas de la vaginosis bacteriana pueden incluir:<\/p>\n\n\n\n<ul class=\"is-style-default wp-block-list\"><li>Mal olor vaginal como a pescado (se intensifica despu\u00e9s de las relaciones sexuales)<\/li><li>Una secreci\u00f3n vaginal acuosa blanco-gris\u00e1cea<\/li><li>Ardor vaginal (se intensifica durante la micci\u00f3n)<\/li><li>Comez\u00f3n vaginal<\/li><\/ul>\n\n\n\n<h3 class=\"is-style-heading-h4 wp-block-heading\">\u00bfQu\u00e9 causa la vaginosis bacteriana?<\/h3>\n\n\n\n<p>La causa de la alteraci\u00f3n de la flora vaginal no se conoce con certeza. Sin embargo hay algunos factores que pueden incrementar el riesgo de desarrollar vaginosis bacteriana; El ser sexualmente activo es uno de ellos.<\/p>\n\n\n\n<p>Si usted tiene sexo sin protecci\u00f3n, el valor del pH \u00e1cido de la vagina se incrementa temporalmente debido al semen, el cual es alcalino. Esto no es necesariamente nocivo para la vagina, pero un aumento en el pH vaginal puede aumentar las posibilidades de desarrollar vaginosis bacteriana.<\/p>\n\n\n\n<h3 class=\"is-style-heading-h4 wp-block-heading\">Tratamiento y prevenci\u00f3n:<\/h3>\n\n\n\n<p>Seguir un tratamiento de antibi\u00f3ticos es la manera m\u00e1s com\u00fan de tratar la vaginosis bacteriana. Los antibi\u00f3ticos pueden ser efectivos, pero tienen sus desventajas y el riesgo de desarrollar resistencia. Tambi\u00e9n hay productos de cuidado personal que pueden tratar la vaginosis bacteriana. Busque productos que optimicen su flora vaginal; estos productos no s\u00f3lo tratan la VB, sino que tambi\u00e9n ayudan a prevenir molestias.<\/p>\n\n\n\n<h2 class=\"is-style-heading-h2 wp-block-heading\">Candidiasis vaginal<\/h2>\n\n\n\n<p>Una infecci\u00f3n por hongos levaduriformes, tambi\u00e9n conocida como c\u00e1ndida o candidiosis vaginal, es otra causa com\u00fan de molestias vaginales. Es causada por un sobrecrecimiento de hongos levaduriformes, usualmente el C\u00e1ndida albicanis. No es totalmente claro el c\u00f3mo y el por qu\u00e9 ocurre la candidiasis, pero los siguientes factores pueden influir:<\/p>\n\n\n\n<ul class=\"is-style-default wp-block-list\"><li>Tomar antibi\u00f3ticos<\/li><li>Usar p\u00edldoras anticonceptivas por v\u00eda oral o terapia hormonal<\/li><li>Un Sistema inmunol\u00f3gico debilitado<\/li><li>Embarazo<\/li><li>Diabetes<\/li><\/ul>\n\n\n\n<p>Una candidiasis puede causar molestias como:<\/p>\n\n\n\n<ul class=\"is-style-default wp-block-list\"><li>Comez\u00f3n<\/li><li>Ardor vaginal (se intensifica durante la micci\u00f3n y las relaciones sexuales)<\/li><li>Secreci\u00f3n blanca espesa (como reques\u00f3n)<\/li><li>Irritaci\u00f3n vaginal<\/li><li>Enrojecimiento vaginal e inflamaci\u00f3n de la zona \u00edntima externa<\/li><\/ul>\n\n\n\n<h3 class=\"is-style-heading-h4 wp-block-heading\">Tratamiento y prevenci\u00f3n:<\/h3>\n\n\n\n<p>Si quiere tratar una candidiasis hay varias opciones. Uno de los tratamientos m\u00e1s comunes es usar medicamentos anti hongos (antimic\u00f3ticos). Se pueden tomar v\u00eda oral, o ser insertados en la vagina. Para la mayor\u00eda de las mujeres este tipo de tratamiento puede ser muy efectivo a corto plazo. Sin embargo, puede causar efectos secundarios como na\u00faseas, dolor de cabeza o v\u00f3mito. Adem\u00e1s, muchas\/la mayor\u00eda de mujeres experimentan recurrencia durante los meses siguientes.<\/p>\n\n\n\n<p>Tambi\u00e9n hay productos de cuidado personal disponibles sin prescripci\u00f3n m\u00e9dica. Estos productos aliviar\u00e1n los s\u00edntomas de la candidiasis pero no causan efectos secundarios. Si tiene estos productos en consideraci\u00f3n, escoja un producto de cuidado personal con ingredientes naturales que protejan su flora vaginal.<\/p>\n<\/div><\/div>\n","protected":false},"excerpt":{"rendered":"","protected":false},"author":2,"featured_media":0,"parent":29,"menu_order":14,"comment_status":"closed","ping_status":"closed","template":"","meta":{"_acf_changed":false,"footnotes":""},"from-article-database":[],"class_list":["post-186","page","type-page","status-publish","hentry"],"acf":[],"yoast_head":"<!-- This site is optimized with the Yoast SEO plugin v26.6 - https:\/\/yoast.com\/wordpress\/plugins\/seo\/ -->\n<title>Infecciones vaginales: causas, s\u00edntomas y tratamiento - Multi-Gyn<\/title>\n<meta name=\"description\" content=\"\u00bfSab\u00eda que casi todas las mujeres sufren de molestias vaginales en alg\u00fan momento de la vida? Si usted tiene comez\u00f3n, secreci\u00f3n o enrojecimiento no se preocupe, usted no es la \u00fanica.\" \/>\n<meta name=\"robots\" content=\"index, follow, max-snippet:-1, max-image-preview:large, max-video-preview:-1\" \/>\n<link rel=\"canonical\" href=\"https:\/\/multi-gyn.com\/uy\/salud-vaginal\/infecciones\/infecciones-vaginales-causas-sintomas-y-tratamiento\/\" \/>\n<meta property=\"og:locale\" content=\"es_ES\" \/>\n<meta property=\"og:type\" content=\"article\" \/>\n<meta property=\"og:title\" content=\"Infecciones vaginales: causas, s\u00edntomas y tratamiento - Multi-Gyn\" \/>\n<meta property=\"og:description\" content=\"\u00bfSab\u00eda que casi todas las mujeres sufren de molestias vaginales en alg\u00fan momento de la vida? Si usted tiene comez\u00f3n, secreci\u00f3n o enrojecimiento no se preocupe, usted no es la \u00fanica.\" \/>\n<meta property=\"og:url\" content=\"https:\/\/multi-gyn.com\/uy\/salud-vaginal\/infecciones\/infecciones-vaginales-causas-sintomas-y-tratamiento\/\" \/>\n<meta property=\"og:site_name\" content=\"Multi-Gyn\" \/>\n<meta property=\"article:modified_time\" content=\"2023-05-12T09:20:57+00:00\" \/>\n<meta name=\"twitter:card\" content=\"summary_large_image\" \/>\n<meta name=\"twitter:label1\" content=\"Est. reading time\" \/>\n\t<meta name=\"twitter:data1\" content=\"3 minutos\" \/>\n<script type=\"application\/ld+json\" class=\"yoast-schema-graph\">{\"@context\":\"https:\/\/schema.org\",\"@graph\":[{\"@type\":\"WebPage\",\"@id\":\"https:\/\/multi-gyn.com\/uy\/salud-vaginal\/infecciones\/infecciones-vaginales-causas-sintomas-y-tratamiento\/\",\"url\":\"https:\/\/multi-gyn.com\/uy\/salud-vaginal\/infecciones\/infecciones-vaginales-causas-sintomas-y-tratamiento\/\",\"name\":\"Infecciones vaginales: causas, s\u00edntomas y tratamiento - Multi-Gyn\",\"isPartOf\":{\"@id\":\"https:\/\/multi-gyn.com\/uy\/#website\"},\"datePublished\":\"2023-05-11T08:46:59+00:00\",\"dateModified\":\"2023-05-12T09:20:57+00:00\",\"description\":\"\u00bfSab\u00eda que casi todas las mujeres sufren de molestias vaginales en alg\u00fan momento de la vida? Si usted tiene comez\u00f3n, secreci\u00f3n o enrojecimiento no se preocupe, usted no es la \u00fanica.\",\"breadcrumb\":{\"@id\":\"https:\/\/multi-gyn.com\/uy\/salud-vaginal\/infecciones\/infecciones-vaginales-causas-sintomas-y-tratamiento\/#breadcrumb\"},\"inLanguage\":\"es-UY\",\"potentialAction\":[{\"@type\":\"ReadAction\",\"target\":[\"https:\/\/multi-gyn.com\/uy\/salud-vaginal\/infecciones\/infecciones-vaginales-causas-sintomas-y-tratamiento\/\"]}]},{\"@type\":\"BreadcrumbList\",\"@id\":\"https:\/\/multi-gyn.com\/uy\/salud-vaginal\/infecciones\/infecciones-vaginales-causas-sintomas-y-tratamiento\/#breadcrumb\",\"itemListElement\":[{\"@type\":\"ListItem\",\"position\":1,\"name\":\"Home\",\"item\":\"https:\/\/multi-gyn.com\/uy\/\"},{\"@type\":\"ListItem\",\"position\":2,\"name\":\"Salud vaginal\",\"item\":\"https:\/\/multi-gyn.com\/uy\/salud-vaginal\/\"},{\"@type\":\"ListItem\",\"position\":3,\"name\":\"Infecciones\",\"item\":\"https:\/\/multi-gyn.com\/uy\/salud-vaginal\/infecciones\/\"},{\"@type\":\"ListItem\",\"position\":4,\"name\":\"Infecciones vaginales: causas, s\u00edntomas y tratamiento\"}]},{\"@type\":\"WebSite\",\"@id\":\"https:\/\/multi-gyn.com\/uy\/#website\",\"url\":\"https:\/\/multi-gyn.com\/uy\/\",\"name\":\"Multi-Gyn\",\"description\":\"\",\"publisher\":{\"@id\":\"https:\/\/multi-gyn.com\/uy\/#organization\"},\"potentialAction\":[{\"@type\":\"SearchAction\",\"target\":{\"@type\":\"EntryPoint\",\"urlTemplate\":\"https:\/\/multi-gyn.com\/uy\/?s={search_term_string}\"},\"query-input\":{\"@type\":\"PropertyValueSpecification\",\"valueRequired\":true,\"valueName\":\"search_term_string\"}}],\"inLanguage\":\"es-UY\"},{\"@type\":\"Organization\",\"@id\":\"https:\/\/multi-gyn.com\/uy\/#organization\",\"name\":\"Multi-Gyn\",\"url\":\"https:\/\/multi-gyn.com\/uy\/\",\"logo\":{\"@type\":\"ImageObject\",\"inLanguage\":\"es-UY\",\"@id\":\"https:\/\/multi-gyn.com\/uy\/#\/schema\/logo\/image\/\",\"url\":\"https:\/\/multi-gyn.com\/app\/uploads\/sites\/47\/2023\/05\/multi-gyn-logo.png\",\"contentUrl\":\"https:\/\/multi-gyn.com\/app\/uploads\/sites\/47\/2023\/05\/multi-gyn-logo.png\",\"width\":149,\"height\":32,\"caption\":\"Multi-Gyn\"},\"image\":{\"@id\":\"https:\/\/multi-gyn.com\/uy\/#\/schema\/logo\/image\/\"}}]}<\/script>\n<!-- \/ Yoast SEO plugin. -->","yoast_head_json":{"title":"Infecciones vaginales: causas, s\u00edntomas y tratamiento - Multi-Gyn","description":"\u00bfSab\u00eda que casi todas las mujeres sufren de molestias vaginales en alg\u00fan momento de la vida? Si usted tiene comez\u00f3n, secreci\u00f3n o enrojecimiento no se preocupe, usted no es la \u00fanica.","robots":{"index":"index","follow":"follow","max-snippet":"max-snippet:-1","max-image-preview":"max-image-preview:large","max-video-preview":"max-video-preview:-1"},"canonical":"https:\/\/multi-gyn.com\/uy\/salud-vaginal\/infecciones\/infecciones-vaginales-causas-sintomas-y-tratamiento\/","og_locale":"es_ES","og_type":"article","og_title":"Infecciones vaginales: causas, s\u00edntomas y tratamiento - Multi-Gyn","og_description":"\u00bfSab\u00eda que casi todas las mujeres sufren de molestias vaginales en alg\u00fan momento de la vida? Si usted tiene comez\u00f3n, secreci\u00f3n o enrojecimiento no se preocupe, usted no es la \u00fanica.","og_url":"https:\/\/multi-gyn.com\/uy\/salud-vaginal\/infecciones\/infecciones-vaginales-causas-sintomas-y-tratamiento\/","og_site_name":"Multi-Gyn","article_modified_time":"2023-05-12T09:20:57+00:00","twitter_card":"summary_large_image","twitter_misc":{"Est. reading time":"3 minutos"},"schema":{"@context":"https:\/\/schema.org","@graph":[{"@type":"WebPage","@id":"https:\/\/multi-gyn.com\/uy\/salud-vaginal\/infecciones\/infecciones-vaginales-causas-sintomas-y-tratamiento\/","url":"https:\/\/multi-gyn.com\/uy\/salud-vaginal\/infecciones\/infecciones-vaginales-causas-sintomas-y-tratamiento\/","name":"Infecciones vaginales: causas, s\u00edntomas y tratamiento - Multi-Gyn","isPartOf":{"@id":"https:\/\/multi-gyn.com\/uy\/#website"},"datePublished":"2023-05-11T08:46:59+00:00","dateModified":"2023-05-12T09:20:57+00:00","description":"\u00bfSab\u00eda que casi todas las mujeres sufren de molestias vaginales en alg\u00fan momento de la vida? Si usted tiene comez\u00f3n, secreci\u00f3n o enrojecimiento no se preocupe, usted no es la \u00fanica.","breadcrumb":{"@id":"https:\/\/multi-gyn.com\/uy\/salud-vaginal\/infecciones\/infecciones-vaginales-causas-sintomas-y-tratamiento\/#breadcrumb"},"inLanguage":"es-UY","potentialAction":[{"@type":"ReadAction","target":["https:\/\/multi-gyn.com\/uy\/salud-vaginal\/infecciones\/infecciones-vaginales-causas-sintomas-y-tratamiento\/"]}]},{"@type":"BreadcrumbList","@id":"https:\/\/multi-gyn.com\/uy\/salud-vaginal\/infecciones\/infecciones-vaginales-causas-sintomas-y-tratamiento\/#breadcrumb","itemListElement":[{"@type":"ListItem","position":1,"name":"Home","item":"https:\/\/multi-gyn.com\/uy\/"},{"@type":"ListItem","position":2,"name":"Salud vaginal","item":"https:\/\/multi-gyn.com\/uy\/salud-vaginal\/"},{"@type":"ListItem","position":3,"name":"Infecciones","item":"https:\/\/multi-gyn.com\/uy\/salud-vaginal\/infecciones\/"},{"@type":"ListItem","position":4,"name":"Infecciones vaginales: causas, s\u00edntomas y tratamiento"}]},{"@type":"WebSite","@id":"https:\/\/multi-gyn.com\/uy\/#website","url":"https:\/\/multi-gyn.com\/uy\/","name":"Multi-Gyn","description":"","publisher":{"@id":"https:\/\/multi-gyn.com\/uy\/#organization"},"potentialAction":[{"@type":"SearchAction","target":{"@type":"EntryPoint","urlTemplate":"https:\/\/multi-gyn.com\/uy\/?s={search_term_string}"},"query-input":{"@type":"PropertyValueSpecification","valueRequired":true,"valueName":"search_term_string"}}],"inLanguage":"es-UY"},{"@type":"Organization","@id":"https:\/\/multi-gyn.com\/uy\/#organization","name":"Multi-Gyn","url":"https:\/\/multi-gyn.com\/uy\/","logo":{"@type":"ImageObject","inLanguage":"es-UY","@id":"https:\/\/multi-gyn.com\/uy\/#\/schema\/logo\/image\/","url":"https:\/\/multi-gyn.com\/app\/uploads\/sites\/47\/2023\/05\/multi-gyn-logo.png","contentUrl":"https:\/\/multi-gyn.com\/app\/uploads\/sites\/47\/2023\/05\/multi-gyn-logo.png","width":149,"height":32,"caption":"Multi-Gyn"},"image":{"@id":"https:\/\/multi-gyn.com\/uy\/#\/schema\/logo\/image\/"}}]}},"_links":{"self":[{"href":"https:\/\/multi-gyn.com\/uy\/wp-json\/wp\/v2\/pages\/186","targetHints":{"allow":["GET"]}}],"collection":[{"href":"https:\/\/multi-gyn.com\/uy\/wp-json\/wp\/v2\/pages"}],"about":[{"href":"https:\/\/multi-gyn.com\/uy\/wp-json\/wp\/v2\/types\/page"}],"author":[{"embeddable":true,"href":"https:\/\/multi-gyn.com\/uy\/wp-json\/wp\/v2\/users\/2"}],"replies":[{"embeddable":true,"href":"https:\/\/multi-gyn.com\/uy\/wp-json\/wp\/v2\/comments?post=186"}],"version-history":[{"count":2,"href":"https:\/\/multi-gyn.com\/uy\/wp-json\/wp\/v2\/pages\/186\/revisions"}],"predecessor-version":[{"id":403,"href":"https:\/\/multi-gyn.com\/uy\/wp-json\/wp\/v2\/pages\/186\/revisions\/403"}],"up":[{"embeddable":true,"href":"https:\/\/multi-gyn.com\/uy\/wp-json\/wp\/v2\/pages\/29"}],"wp:attachment":[{"href":"https:\/\/multi-gyn.com\/uy\/wp-json\/wp\/v2\/media?parent=186"}],"wp:term":[{"taxonomy":"from-article-database","embeddable":true,"href":"https:\/\/multi-gyn.com\/uy\/wp-json\/wp\/v2\/from-article-database?post=186"}],"curies":[{"name":"wp","href":"https:\/\/api.w.org\/{rel}","templated":true}]}}