{"id":188,"date":"2023-05-11T05:47:16","date_gmt":"2023-05-11T08:47:16","guid":{"rendered":"https:\/\/multi-gyn.com\/uy\/?page_id=188"},"modified":"2023-05-12T06:42:27","modified_gmt":"2023-05-12T09:42:27","slug":"todo-lo-que-debe-saber-sobre-la-vaginosis-bacteriana","status":"publish","type":"page","link":"https:\/\/multi-gyn.com\/uy\/salud-vaginal\/infecciones\/todo-lo-que-debe-saber-sobre-la-vaginosis-bacteriana\/","title":{"rendered":"\u00a1Todo lo que debe saber sobre la vaginosis bacteriana!"},"content":{"rendered":"\n<div class=\"wp-block-karopharma-free-text pt-large pb-large bg-center bg-cover bg-no-repeat  is-style-primary\" style=\"background-image:url()\"><div class=\"free-text-wrapper container max-w-medium text-left\">\n<h1 class=\"is-style-heading-h1 wp-block-heading\">\u00a1Todo lo que debe saber sobre la vaginosis bacteriana!<\/h1>\n\n\n\n<p class=\"is-style-paragraph-preamble\">\u00bfAlguna vez ha notado un olor extra\u00f1o en su zona \u00edntima? \u00bfUn olor fuerte, como a pescado, que le haya dejado una sensaci\u00f3n de incomodidad? Esto podr\u00eda ser un desequilibrio bacteriano tambi\u00e9n conocido vaginosis bacteriana (VB).<\/p>\n<\/div><\/div>\n\n\n\n<div class=\"wp-block-karopharma-free-text pt-large pb-large bg-center bg-cover bg-no-repeat  is-style-transparent\" style=\"background-image:url()\"><div class=\"free-text-wrapper container max-w-medium text-left\">\n<h2 class=\"is-style-heading-h2 wp-block-heading\">\u00bfQu\u00e9 causa la vaginosis bacteriana?<\/h2>\n\n\n\n<p>La vaginosis bacteriana es el resultado del sobrecrecimiento de bacterias en su vagina. Normalmente, los lactobacilos sanos son las bacterias dominantes en la vagina, pero si la VB se desarrolla, otras bacterias no deseadas empiezan a hacer crecer los lactobacilos demasiado.<\/p>\n\n\n\n<p>La causa exacta de este sobrecrecimiento es desconocida, pero hay algunos factores que pueden aumentar el riesgo, como ser sexualmente activo. Sin embargo, es importante enfatizar que el VB tambi\u00e9n ocurre en la ausencia de actividad sexual. Por lo tanto, la vaginosis bacteriana no se considera una ETS (Enfermedad de transmisi\u00f3n sexual).<\/p>\n\n\n\n<h2 class=\"is-style-heading-h2 wp-block-heading\">S\u00edntomas<\/h2>\n\n\n\n<p>Los siguientes s\u00edntomas pueden indicar vaginosis bacteriana:<\/p>\n\n\n\n<ul class=\"is-style-default wp-block-list\"><li>Mal olor, como a pescado (el cual puede intensificarse despu\u00e9s de las relaciones sexuales)<\/li><li>Secreci\u00f3n vaginal acuosa blanco-gris\u00e1cea<\/li><\/ul>\n\n\n\n<p class=\"is-style-paragraph-preamble has-primary-color has-text-color\"><em>\u00abOtors ss\u00edntomas menos comunes son ardor durante la micci\u00f3n y comez\u00f3n vaginal.\u00bb<\/em><\/p>\n\n\n\n<h2 class=\"is-style-heading-h2 wp-block-heading\">Todo sobre VB<\/h2>\n\n\n\n<figure class=\"wp-block-image size-full\"><img loading=\"lazy\" decoding=\"async\" width=\"714\" height=\"720\" src=\"https:\/\/multi-gyn.com\/app\/uploads\/sites\/47\/2023\/05\/Infographic-All-you-need-to-know-about-Bacterial-Vaginosis.png\" alt=\"Infographic-All-you-need-to-know-about-Bacterial-Vaginosis\" class=\"wp-image-404\" srcset=\"https:\/\/multi-gyn.com\/app\/uploads\/sites\/47\/2023\/05\/Infographic-All-you-need-to-know-about-Bacterial-Vaginosis.png 714w, https:\/\/multi-gyn.com\/app\/uploads\/sites\/47\/2023\/05\/Infographic-All-you-need-to-know-about-Bacterial-Vaginosis-317x320.png 317w, https:\/\/multi-gyn.com\/app\/uploads\/sites\/47\/2023\/05\/Infographic-All-you-need-to-know-about-Bacterial-Vaginosis-150x150.png 150w, https:\/\/multi-gyn.com\/app\/uploads\/sites\/47\/2023\/05\/Infographic-All-you-need-to-know-about-Bacterial-Vaginosis-600x605.png 600w, https:\/\/multi-gyn.com\/app\/uploads\/sites\/47\/2023\/05\/Infographic-All-you-need-to-know-about-Bacterial-Vaginosis-100x100.png 100w\" sizes=\"auto, (max-width: 714px) 100vw, 714px\" \/><\/figure>\n\n\n\n<h2 class=\"is-style-heading-h2 wp-block-heading\">\u00bfC\u00f3mo tratar la vaginosis bacteriana?<\/h2>\n\n\n\n<p>Para la mayor\u00eda de las mujeres la vaginosis bacteriana es inofensiva, pero puede ser muy inc\u00f3moda. El tratamiento usualmente apunta a aliviar los s\u00edntomas. La forma m\u00e1s com\u00fan de tratarla es con antibi\u00f3ticos. Ya sea una p\u00edldora prescrita que se toma v\u00eda oral o un producto que se aplica en la vagina. Para muchas mujeres este es un tratamiento efectivo, sin embargo puede causar efectos secundarios como n\u00e1usea y v\u00f3mito. Ingerir alcohol en combinaci\u00f3n con este antibi\u00f3tico puede incrementar la severidad de los efectos secundarios.<\/p>\n\n\n\n<p>Otro tratamiento com\u00fan es el uso de productos de cuidado personal que pueden comprarse en la farmacia o droguer\u00eda. La mayor\u00eda de estos productos restauran el nivel del pH vaginal. Siempre aseg\u00farese de usar un producto natural que trate la vaginosis bacteriana, y que a su vez restaure la flora vaginal, ayudando a prevenir futuras infecciones.<\/p>\n\n\n\n<h2 class=\"is-style-heading-h2 wp-block-heading\">Vaginosis bacteriana durante el embarazo<\/h2>\n\n\n\n<p>Durante el embarazo, la vaginosis bacteriana puede incrementar el riesgo de complicaciones como un parto prematuro o aborto en algunos casos. Si est\u00e1 embarazada y tiene s\u00edntomas relacionados con vaginosis bacteriana contacte a su doctor.<\/p>\n<\/div><\/div>\n","protected":false},"excerpt":{"rendered":"","protected":false},"author":2,"featured_media":0,"parent":29,"menu_order":15,"comment_status":"closed","ping_status":"closed","template":"","meta":{"_acf_changed":false,"footnotes":""},"from-article-database":[],"class_list":["post-188","page","type-page","status-publish","hentry"],"acf":[],"yoast_head":"<!-- This site is optimized with the Yoast SEO plugin v26.6 - https:\/\/yoast.com\/wordpress\/plugins\/seo\/ -->\n<title>\u00a1Todo lo que debe saber sobre la vaginosis bacteriana! - Multi-Gyn<\/title>\n<meta name=\"description\" content=\"\u00bfAlguna vez ha notado un olor extra\u00f1o en su zona \u00edntima? \u00bfUn olor fuerte, como a pescado, que le haya dejado una sensaci\u00f3n de incomodidad?\" \/>\n<meta name=\"robots\" content=\"index, follow, max-snippet:-1, max-image-preview:large, max-video-preview:-1\" \/>\n<link rel=\"canonical\" href=\"https:\/\/multi-gyn.com\/uy\/salud-vaginal\/infecciones\/todo-lo-que-debe-saber-sobre-la-vaginosis-bacteriana\/\" \/>\n<meta property=\"og:locale\" content=\"es_ES\" \/>\n<meta property=\"og:type\" content=\"article\" \/>\n<meta property=\"og:title\" content=\"\u00a1Todo lo que debe saber sobre la vaginosis bacteriana! - Multi-Gyn\" \/>\n<meta property=\"og:description\" content=\"\u00bfAlguna vez ha notado un olor extra\u00f1o en su zona \u00edntima? \u00bfUn olor fuerte, como a pescado, que le haya dejado una sensaci\u00f3n de incomodidad?\" \/>\n<meta property=\"og:url\" content=\"https:\/\/multi-gyn.com\/uy\/salud-vaginal\/infecciones\/todo-lo-que-debe-saber-sobre-la-vaginosis-bacteriana\/\" \/>\n<meta property=\"og:site_name\" content=\"Multi-Gyn\" \/>\n<meta property=\"article:modified_time\" content=\"2023-05-12T09:42:27+00:00\" \/>\n<meta property=\"og:image\" content=\"https:\/\/multi-gyn.com\/app\/uploads\/sites\/47\/2023\/05\/Infographic-All-you-need-to-know-about-Bacterial-Vaginosis.png\" \/>\n<meta name=\"twitter:card\" content=\"summary_large_image\" \/>\n<meta name=\"twitter:label1\" content=\"Est. reading time\" \/>\n\t<meta name=\"twitter:data1\" content=\"2 minutos\" \/>\n<script type=\"application\/ld+json\" class=\"yoast-schema-graph\">{\"@context\":\"https:\/\/schema.org\",\"@graph\":[{\"@type\":\"WebPage\",\"@id\":\"https:\/\/multi-gyn.com\/uy\/salud-vaginal\/infecciones\/todo-lo-que-debe-saber-sobre-la-vaginosis-bacteriana\/\",\"url\":\"https:\/\/multi-gyn.com\/uy\/salud-vaginal\/infecciones\/todo-lo-que-debe-saber-sobre-la-vaginosis-bacteriana\/\",\"name\":\"\u00a1Todo lo que debe saber sobre la vaginosis bacteriana! - Multi-Gyn\",\"isPartOf\":{\"@id\":\"https:\/\/multi-gyn.com\/uy\/#website\"},\"primaryImageOfPage\":{\"@id\":\"https:\/\/multi-gyn.com\/uy\/salud-vaginal\/infecciones\/todo-lo-que-debe-saber-sobre-la-vaginosis-bacteriana\/#primaryimage\"},\"image\":{\"@id\":\"https:\/\/multi-gyn.com\/uy\/salud-vaginal\/infecciones\/todo-lo-que-debe-saber-sobre-la-vaginosis-bacteriana\/#primaryimage\"},\"thumbnailUrl\":\"https:\/\/multi-gyn.com\/app\/uploads\/sites\/47\/2023\/05\/Infographic-All-you-need-to-know-about-Bacterial-Vaginosis.png\",\"datePublished\":\"2023-05-11T08:47:16+00:00\",\"dateModified\":\"2023-05-12T09:42:27+00:00\",\"description\":\"\u00bfAlguna vez ha notado un olor extra\u00f1o en su zona \u00edntima? \u00bfUn olor fuerte, como a pescado, que le haya dejado una sensaci\u00f3n de incomodidad?\",\"breadcrumb\":{\"@id\":\"https:\/\/multi-gyn.com\/uy\/salud-vaginal\/infecciones\/todo-lo-que-debe-saber-sobre-la-vaginosis-bacteriana\/#breadcrumb\"},\"inLanguage\":\"es-UY\",\"potentialAction\":[{\"@type\":\"ReadAction\",\"target\":[\"https:\/\/multi-gyn.com\/uy\/salud-vaginal\/infecciones\/todo-lo-que-debe-saber-sobre-la-vaginosis-bacteriana\/\"]}]},{\"@type\":\"ImageObject\",\"inLanguage\":\"es-UY\",\"@id\":\"https:\/\/multi-gyn.com\/uy\/salud-vaginal\/infecciones\/todo-lo-que-debe-saber-sobre-la-vaginosis-bacteriana\/#primaryimage\",\"url\":\"https:\/\/multi-gyn.com\/app\/uploads\/sites\/47\/2023\/05\/Infographic-All-you-need-to-know-about-Bacterial-Vaginosis.png\",\"contentUrl\":\"https:\/\/multi-gyn.com\/app\/uploads\/sites\/47\/2023\/05\/Infographic-All-you-need-to-know-about-Bacterial-Vaginosis.png\"},{\"@type\":\"BreadcrumbList\",\"@id\":\"https:\/\/multi-gyn.com\/uy\/salud-vaginal\/infecciones\/todo-lo-que-debe-saber-sobre-la-vaginosis-bacteriana\/#breadcrumb\",\"itemListElement\":[{\"@type\":\"ListItem\",\"position\":1,\"name\":\"Home\",\"item\":\"https:\/\/multi-gyn.com\/uy\/\"},{\"@type\":\"ListItem\",\"position\":2,\"name\":\"Salud vaginal\",\"item\":\"https:\/\/multi-gyn.com\/uy\/salud-vaginal\/\"},{\"@type\":\"ListItem\",\"position\":3,\"name\":\"Infecciones\",\"item\":\"https:\/\/multi-gyn.com\/uy\/salud-vaginal\/infecciones\/\"},{\"@type\":\"ListItem\",\"position\":4,\"name\":\"\u00a1Todo lo que debe saber sobre la vaginosis bacteriana!\"}]},{\"@type\":\"WebSite\",\"@id\":\"https:\/\/multi-gyn.com\/uy\/#website\",\"url\":\"https:\/\/multi-gyn.com\/uy\/\",\"name\":\"Multi-Gyn\",\"description\":\"\",\"publisher\":{\"@id\":\"https:\/\/multi-gyn.com\/uy\/#organization\"},\"potentialAction\":[{\"@type\":\"SearchAction\",\"target\":{\"@type\":\"EntryPoint\",\"urlTemplate\":\"https:\/\/multi-gyn.com\/uy\/?s={search_term_string}\"},\"query-input\":{\"@type\":\"PropertyValueSpecification\",\"valueRequired\":true,\"valueName\":\"search_term_string\"}}],\"inLanguage\":\"es-UY\"},{\"@type\":\"Organization\",\"@id\":\"https:\/\/multi-gyn.com\/uy\/#organization\",\"name\":\"Multi-Gyn\",\"url\":\"https:\/\/multi-gyn.com\/uy\/\",\"logo\":{\"@type\":\"ImageObject\",\"inLanguage\":\"es-UY\",\"@id\":\"https:\/\/multi-gyn.com\/uy\/#\/schema\/logo\/image\/\",\"url\":\"https:\/\/multi-gyn.com\/app\/uploads\/sites\/47\/2023\/05\/multi-gyn-logo.png\",\"contentUrl\":\"https:\/\/multi-gyn.com\/app\/uploads\/sites\/47\/2023\/05\/multi-gyn-logo.png\",\"width\":149,\"height\":32,\"caption\":\"Multi-Gyn\"},\"image\":{\"@id\":\"https:\/\/multi-gyn.com\/uy\/#\/schema\/logo\/image\/\"}}]}<\/script>\n<!-- \/ Yoast SEO plugin. -->","yoast_head_json":{"title":"\u00a1Todo lo que debe saber sobre la vaginosis bacteriana! - Multi-Gyn","description":"\u00bfAlguna vez ha notado un olor extra\u00f1o en su zona \u00edntima? \u00bfUn olor fuerte, como a pescado, que le haya dejado una sensaci\u00f3n de incomodidad?","robots":{"index":"index","follow":"follow","max-snippet":"max-snippet:-1","max-image-preview":"max-image-preview:large","max-video-preview":"max-video-preview:-1"},"canonical":"https:\/\/multi-gyn.com\/uy\/salud-vaginal\/infecciones\/todo-lo-que-debe-saber-sobre-la-vaginosis-bacteriana\/","og_locale":"es_ES","og_type":"article","og_title":"\u00a1Todo lo que debe saber sobre la vaginosis bacteriana! - Multi-Gyn","og_description":"\u00bfAlguna vez ha notado un olor extra\u00f1o en su zona \u00edntima? \u00bfUn olor fuerte, como a pescado, que le haya dejado una sensaci\u00f3n de incomodidad?","og_url":"https:\/\/multi-gyn.com\/uy\/salud-vaginal\/infecciones\/todo-lo-que-debe-saber-sobre-la-vaginosis-bacteriana\/","og_site_name":"Multi-Gyn","article_modified_time":"2023-05-12T09:42:27+00:00","og_image":[{"url":"https:\/\/multi-gyn.com\/app\/uploads\/sites\/47\/2023\/05\/Infographic-All-you-need-to-know-about-Bacterial-Vaginosis.png","type":"","width":"","height":""}],"twitter_card":"summary_large_image","twitter_misc":{"Est. reading time":"2 minutos"},"schema":{"@context":"https:\/\/schema.org","@graph":[{"@type":"WebPage","@id":"https:\/\/multi-gyn.com\/uy\/salud-vaginal\/infecciones\/todo-lo-que-debe-saber-sobre-la-vaginosis-bacteriana\/","url":"https:\/\/multi-gyn.com\/uy\/salud-vaginal\/infecciones\/todo-lo-que-debe-saber-sobre-la-vaginosis-bacteriana\/","name":"\u00a1Todo lo que debe saber sobre la vaginosis bacteriana! - Multi-Gyn","isPartOf":{"@id":"https:\/\/multi-gyn.com\/uy\/#website"},"primaryImageOfPage":{"@id":"https:\/\/multi-gyn.com\/uy\/salud-vaginal\/infecciones\/todo-lo-que-debe-saber-sobre-la-vaginosis-bacteriana\/#primaryimage"},"image":{"@id":"https:\/\/multi-gyn.com\/uy\/salud-vaginal\/infecciones\/todo-lo-que-debe-saber-sobre-la-vaginosis-bacteriana\/#primaryimage"},"thumbnailUrl":"https:\/\/multi-gyn.com\/app\/uploads\/sites\/47\/2023\/05\/Infographic-All-you-need-to-know-about-Bacterial-Vaginosis.png","datePublished":"2023-05-11T08:47:16+00:00","dateModified":"2023-05-12T09:42:27+00:00","description":"\u00bfAlguna vez ha notado un olor extra\u00f1o en su zona \u00edntima? \u00bfUn olor fuerte, como a pescado, que le haya dejado una sensaci\u00f3n de incomodidad?","breadcrumb":{"@id":"https:\/\/multi-gyn.com\/uy\/salud-vaginal\/infecciones\/todo-lo-que-debe-saber-sobre-la-vaginosis-bacteriana\/#breadcrumb"},"inLanguage":"es-UY","potentialAction":[{"@type":"ReadAction","target":["https:\/\/multi-gyn.com\/uy\/salud-vaginal\/infecciones\/todo-lo-que-debe-saber-sobre-la-vaginosis-bacteriana\/"]}]},{"@type":"ImageObject","inLanguage":"es-UY","@id":"https:\/\/multi-gyn.com\/uy\/salud-vaginal\/infecciones\/todo-lo-que-debe-saber-sobre-la-vaginosis-bacteriana\/#primaryimage","url":"https:\/\/multi-gyn.com\/app\/uploads\/sites\/47\/2023\/05\/Infographic-All-you-need-to-know-about-Bacterial-Vaginosis.png","contentUrl":"https:\/\/multi-gyn.com\/app\/uploads\/sites\/47\/2023\/05\/Infographic-All-you-need-to-know-about-Bacterial-Vaginosis.png"},{"@type":"BreadcrumbList","@id":"https:\/\/multi-gyn.com\/uy\/salud-vaginal\/infecciones\/todo-lo-que-debe-saber-sobre-la-vaginosis-bacteriana\/#breadcrumb","itemListElement":[{"@type":"ListItem","position":1,"name":"Home","item":"https:\/\/multi-gyn.com\/uy\/"},{"@type":"ListItem","position":2,"name":"Salud vaginal","item":"https:\/\/multi-gyn.com\/uy\/salud-vaginal\/"},{"@type":"ListItem","position":3,"name":"Infecciones","item":"https:\/\/multi-gyn.com\/uy\/salud-vaginal\/infecciones\/"},{"@type":"ListItem","position":4,"name":"\u00a1Todo lo que debe saber sobre la vaginosis bacteriana!"}]},{"@type":"WebSite","@id":"https:\/\/multi-gyn.com\/uy\/#website","url":"https:\/\/multi-gyn.com\/uy\/","name":"Multi-Gyn","description":"","publisher":{"@id":"https:\/\/multi-gyn.com\/uy\/#organization"},"potentialAction":[{"@type":"SearchAction","target":{"@type":"EntryPoint","urlTemplate":"https:\/\/multi-gyn.com\/uy\/?s={search_term_string}"},"query-input":{"@type":"PropertyValueSpecification","valueRequired":true,"valueName":"search_term_string"}}],"inLanguage":"es-UY"},{"@type":"Organization","@id":"https:\/\/multi-gyn.com\/uy\/#organization","name":"Multi-Gyn","url":"https:\/\/multi-gyn.com\/uy\/","logo":{"@type":"ImageObject","inLanguage":"es-UY","@id":"https:\/\/multi-gyn.com\/uy\/#\/schema\/logo\/image\/","url":"https:\/\/multi-gyn.com\/app\/uploads\/sites\/47\/2023\/05\/multi-gyn-logo.png","contentUrl":"https:\/\/multi-gyn.com\/app\/uploads\/sites\/47\/2023\/05\/multi-gyn-logo.png","width":149,"height":32,"caption":"Multi-Gyn"},"image":{"@id":"https:\/\/multi-gyn.com\/uy\/#\/schema\/logo\/image\/"}}]}},"_links":{"self":[{"href":"https:\/\/multi-gyn.com\/uy\/wp-json\/wp\/v2\/pages\/188","targetHints":{"allow":["GET"]}}],"collection":[{"href":"https:\/\/multi-gyn.com\/uy\/wp-json\/wp\/v2\/pages"}],"about":[{"href":"https:\/\/multi-gyn.com\/uy\/wp-json\/wp\/v2\/types\/page"}],"author":[{"embeddable":true,"href":"https:\/\/multi-gyn.com\/uy\/wp-json\/wp\/v2\/users\/2"}],"replies":[{"embeddable":true,"href":"https:\/\/multi-gyn.com\/uy\/wp-json\/wp\/v2\/comments?post=188"}],"version-history":[{"count":2,"href":"https:\/\/multi-gyn.com\/uy\/wp-json\/wp\/v2\/pages\/188\/revisions"}],"predecessor-version":[{"id":405,"href":"https:\/\/multi-gyn.com\/uy\/wp-json\/wp\/v2\/pages\/188\/revisions\/405"}],"up":[{"embeddable":true,"href":"https:\/\/multi-gyn.com\/uy\/wp-json\/wp\/v2\/pages\/29"}],"wp:attachment":[{"href":"https:\/\/multi-gyn.com\/uy\/wp-json\/wp\/v2\/media?parent=188"}],"wp:term":[{"taxonomy":"from-article-database","embeddable":true,"href":"https:\/\/multi-gyn.com\/uy\/wp-json\/wp\/v2\/from-article-database?post=188"}],"curies":[{"name":"wp","href":"https:\/\/api.w.org\/{rel}","templated":true}]}}