{"id":21,"date":"2023-05-10T10:48:32","date_gmt":"2023-05-10T13:48:32","guid":{"rendered":"https:\/\/multi-gyn.com\/uy\/?page_id=21"},"modified":"2026-03-20T11:47:59","modified_gmt":"2026-03-20T14:47:59","slug":"acerca-de-multi-gyn","status":"publish","type":"page","link":"https:\/\/multi-gyn.com\/uy\/acerca-de-multi-gyn\/","title":{"rendered":"Acerca de Multi-Gyn"},"content":{"rendered":"\n<div class=\"wp-block-karopharma-free-text pt-large pb-large bg-center bg-cover bg-no-repeat\" style=\"background-image:url(https:\/\/multi-gyn.com\/cdn-cgi\/image\/format=auto\/app\/uploads\/sites\/47\/2026\/03\/About-new.jpg)\"><div class=\"free-text-wrapper container max-w-large text-center\">\n<div style=\"height:100px\" aria-hidden=\"true\" class=\"wp-block-spacer is-style-responsive-medium\"><\/div>\n\n\n\n<h1 class=\"wp-block-heading is-style-heading-huge has-white-color has-text-color\">\u00bfC\u00f3mo funciona Multi-Gyn?<\/h1>\n\n\n\n<div style=\"height:100px\" aria-hidden=\"true\" class=\"wp-block-spacer is-style-responsive-medium\"><\/div>\n<\/div><\/div>\n\n\n\n<div class=\"wp-block-karopharma-free-text pt-medium pb-large bg-center bg-contain bg-no-repeat  pt-large undefined is-style-primary\" style=\"background-image:url()\"><div class=\"free-text-wrapper container max-w-medium text-left\">\n<p class=\"is-style-paragraph-preamble\">Los productos Multi-Gyn tratan las molestias vaginales restaurando el equilibrio natural de la flora vaginal.<\/p>\n\n\n\n<p>Cuando su flora vaginal est\u00e1 equilibrada, est\u00e1 naturalmente protegida de bacterias y levaduras. Pero cuando se altera ese equilibrio, se pueden desarrollar molestias como picaz\u00f3n, secreci\u00f3n, olor, sequedad o infecciones como la vaginosis bacteriana (BV) y las infecciones vaginales por levaduras (Candida).<\/p>\n\n\n\n<p>Al restablecer este equilibrio, los productos Multi-Gyn no solo tratan las molestias vaginales, sino que tambi\u00e9n le brindan un alivio directo.<\/p>\n<\/div><\/div>\n\n\n\n<div class=\"wp-block-karopharma-free-text pt-large pb-large bg-center bg-contain bg-no-repeat  undefined is-style-transparent\" style=\"background-image:url()\"><div class=\"free-text-wrapper container max-w-medium text-left\">\n<figure class=\"wp-block-image size-full is-resized\"><img loading=\"lazy\" decoding=\"async\" width=\"200\" height=\"200\" src=\"https:\/\/multi-gyn.com\/app\/uploads\/sites\/47\/2023\/05\/Natural-2QR-Origin.png\" alt=\"Natural 2QR Origin\" class=\"wp-image-46\" style=\"width:100px;height:100px\" srcset=\"https:\/\/multi-gyn.com\/app\/uploads\/sites\/47\/2023\/05\/Natural-2QR-Origin.png 200w, https:\/\/multi-gyn.com\/app\/uploads\/sites\/47\/2023\/05\/Natural-2QR-Origin-150x150.png 150w, https:\/\/multi-gyn.com\/app\/uploads\/sites\/47\/2023\/05\/Natural-2QR-Origin-100x100.png 100w\" sizes=\"auto, (max-width: 200px) 100vw, 200px\" \/><\/figure>\n\n\n\n<h2 class=\"wp-block-heading is-style-heading-h2\" id=\"unsere-aktiven-inhaltsstoffe\">Ingredientes activos<\/h2>\n\n\n\n<p class=\"is-style-paragraph-preamble\">Nuestros productos consisten principalmente en ingredientes naturales. Uno de los ingredientes principales es el complejo 2QR (pronunciado \u00abpara curar\u00bb), que es un ingrediente natural de origen vegetal. El complejo 2QR neutraliza las bacterias da\u00f1inas y la levadura evitando la adhesi\u00f3n al tejido. Esto apoya el proceso de curaci\u00f3n natural y el equilibrio de la flora vaginal. El complejo 2QR no tiene efectos secundarios conocidos.<\/p>\n\n\n\n<h2 class=\"wp-block-heading is-style-heading-h2\" id=\"unsere-aktiven-inhaltsstoffe\">El efecto<\/h2>\n\n\n\n<p class=\"is-style-paragraph-preamble\">Tras su aplicaci\u00f3n en la zona \u00edntima, los productos Multi-Gyn tendr\u00e1n un efecto calmante directo sobre molestias como el picor o la irritaci\u00f3n. Si tiene una infecci\u00f3n como vaginosis bacteriana o aftas (candidiasis vaginal), los productos le brindar\u00e1n un alivio directo de las molestias y tratar\u00e1n la infecci\u00f3n.<\/p>\n<\/div><\/div>\n\n\n<div class=\"product-list wp-block-karopharma-product-list\" data-testid=\"product-list\">\n      <div class=\"swiper-container\">\n      <div class=\"swiper\">\n        <div class=\"swiper-wrapper\">\n                      <div class=\"swiper-slide\">\n              <div class=\"product-card\" data-testid=\"product-card\">\n  <a\n    href=https:\/\/multi-gyn.com\/uy\/product\/multi-gyn-floraplus\/\n    class=\"product-card-link\"\n    title=\"Multi-Gyn FloraPlus\"\n  >\n  <figure class=\"product-card-image\" data-testid=\"product-image\">\n                          <img decoding=\"async\" src=\"https:\/\/multi-gyn.com\/cdn-cgi\/image\/width=700,format=auto\/app\/uploads\/sites\/47\/2023\/05\/MultiGyn-FloraPlus.png\"\n        srcset=\"https:\/\/multi-gyn.com\/cdn-cgi\/image\/width=250,format=auto\/app\/uploads\/sites\/47\/2023\/05\/MultiGyn-FloraPlus.png 250w,\n                https:\/\/multi-gyn.com\/cdn-cgi\/image\/width=500,format=auto\/app\/uploads\/sites\/47\/2023\/05\/MultiGyn-FloraPlus.png 500w,\n                https:\/\/multi-gyn.com\/cdn-cgi\/image\/width=700,format=auto\/app\/uploads\/sites\/47\/2023\/05\/MultiGyn-FloraPlus.png 700w\"\n        sizes=\"(max-width: 400px) 250px, (max-width: 800px) 500px, 700px\"\n        alt=\"Multi-Gyn FloraPlus\"\n        class=\"img\">\n            <\/figure>\n    <div class=\"product-card-content\">\n      <div class=\"heading-wrapper\">\n        <h2 class=\"heading\">Multi-Gyn FloraPlus<\/h2>\n      <\/div>\n      <div class=\"product-card-description\">Previene los problemas vaginales por Hongos\n<\/div>\n                      <\/div>\n  <\/a>\n      <div class=\"button-wrapper\">\n    <a\n      href=https:\/\/multi-gyn.com\/uy\/product\/multi-gyn-floraplus\/\n      target=_self\n      class=\"theme-button button-primary-color rounded-button\"\n      rel=\"noopener\"\n      title=\"Read more\"\n    >\n       Read more\n    <\/a>\n<\/div>  <\/div>\n            <\/div>\n                      <div class=\"swiper-slide\">\n              <div class=\"product-card\" data-testid=\"product-card\">\n  <a\n    href=https:\/\/multi-gyn.com\/uy\/product\/multi-gyn-actigel\/\n    class=\"product-card-link\"\n    title=\"Multi-Gyn ActiGel\"\n  >\n  <figure class=\"product-card-image\" data-testid=\"product-image\">\n                          <img decoding=\"async\" src=\"https:\/\/multi-gyn.com\/cdn-cgi\/image\/width=700,format=auto\/app\/uploads\/sites\/47\/2023\/05\/Multi-Gyn-ActiGel.png\"\n        srcset=\"https:\/\/multi-gyn.com\/cdn-cgi\/image\/width=250,format=auto\/app\/uploads\/sites\/47\/2023\/05\/Multi-Gyn-ActiGel.png 250w,\n                https:\/\/multi-gyn.com\/cdn-cgi\/image\/width=500,format=auto\/app\/uploads\/sites\/47\/2023\/05\/Multi-Gyn-ActiGel.png 500w,\n                https:\/\/multi-gyn.com\/cdn-cgi\/image\/width=700,format=auto\/app\/uploads\/sites\/47\/2023\/05\/Multi-Gyn-ActiGel.png 700w\"\n        sizes=\"(max-width: 400px) 250px, (max-width: 800px) 500px, 700px\"\n        alt=\"Multi-Gyn ActiGel\"\n        class=\"img\">\n            <\/figure>\n    <div class=\"product-card-content\">\n      <div class=\"heading-wrapper\">\n        <h2 class=\"heading\">Multi-Gyn ActiGel<\/h2>\n      <\/div>\n      <div class=\"product-card-description\">Ayuda a prevenir y reducir molestias vaginales\n<\/div>\n                      <\/div>\n  <\/a>\n      <div class=\"button-wrapper\">\n    <a\n      href=https:\/\/multi-gyn.com\/uy\/product\/multi-gyn-actigel\/\n      target=_self\n      class=\"theme-button button-primary-color rounded-button\"\n      rel=\"noopener\"\n      title=\"Read more\"\n    >\n       Read more\n    <\/a>\n<\/div>  <\/div>\n            <\/div>\n                  <\/div>\n        <div class=\"swiper-scrollbar\"><\/div>\n      <\/div>\n    <\/div>\n  <\/div>\n","protected":false},"excerpt":{"rendered":"","protected":false},"author":2,"featured_media":0,"parent":0,"menu_order":0,"comment_status":"closed","ping_status":"closed","template":"","meta":{"_acf_changed":false,"footnotes":""},"from-article-database":[],"class_list":["post-21","page","type-page","status-publish","hentry"],"acf":[],"yoast_head":"<!-- This site is optimized with the Yoast SEO plugin v26.6 - https:\/\/yoast.com\/wordpress\/plugins\/seo\/ -->\n<title>Acerca de Multi-Gyn - Multi-Gyn<\/title>\n<meta name=\"description\" content=\"Los productos Multi-Gyn tratan las molestias vaginales restaurando el equilibrio natural de la flora vaginal.\" \/>\n<meta name=\"robots\" content=\"index, follow, max-snippet:-1, max-image-preview:large, max-video-preview:-1\" \/>\n<link rel=\"canonical\" href=\"https:\/\/multi-gyn.com\/uy\/acerca-de-multi-gyn\/\" \/>\n<meta property=\"og:locale\" content=\"es_ES\" \/>\n<meta property=\"og:type\" content=\"article\" \/>\n<meta property=\"og:title\" content=\"Acerca de Multi-Gyn - Multi-Gyn\" \/>\n<meta property=\"og:description\" content=\"Los productos Multi-Gyn tratan las molestias vaginales restaurando el equilibrio natural de la flora vaginal.\" \/>\n<meta property=\"og:url\" content=\"https:\/\/multi-gyn.com\/uy\/acerca-de-multi-gyn\/\" \/>\n<meta property=\"og:site_name\" content=\"Multi-Gyn\" \/>\n<meta property=\"article:modified_time\" content=\"2026-03-20T14:47:59+00:00\" \/>\n<meta property=\"og:image\" content=\"https:\/\/multi-gyn.com\/app\/uploads\/sites\/47\/2023\/05\/Natural-2QR-Origin.png\" \/>\n\t<meta property=\"og:image:width\" content=\"200\" \/>\n\t<meta property=\"og:image:height\" content=\"200\" \/>\n\t<meta property=\"og:image:type\" content=\"image\/png\" \/>\n<meta name=\"twitter:card\" content=\"summary_large_image\" \/>\n<meta name=\"twitter:label1\" content=\"Est. reading time\" \/>\n\t<meta name=\"twitter:data1\" content=\"2 minutos\" \/>\n<script type=\"application\/ld+json\" class=\"yoast-schema-graph\">{\"@context\":\"https:\/\/schema.org\",\"@graph\":[{\"@type\":\"WebPage\",\"@id\":\"https:\/\/multi-gyn.com\/uy\/acerca-de-multi-gyn\/\",\"url\":\"https:\/\/multi-gyn.com\/uy\/acerca-de-multi-gyn\/\",\"name\":\"Acerca de Multi-Gyn - Multi-Gyn\",\"isPartOf\":{\"@id\":\"https:\/\/multi-gyn.com\/uy\/#website\"},\"primaryImageOfPage\":{\"@id\":\"https:\/\/multi-gyn.com\/uy\/acerca-de-multi-gyn\/#primaryimage\"},\"image\":{\"@id\":\"https:\/\/multi-gyn.com\/uy\/acerca-de-multi-gyn\/#primaryimage\"},\"thumbnailUrl\":\"https:\/\/multi-gyn.com\/app\/uploads\/sites\/47\/2023\/05\/Natural-2QR-Origin.png\",\"datePublished\":\"2023-05-10T13:48:32+00:00\",\"dateModified\":\"2026-03-20T14:47:59+00:00\",\"description\":\"Los productos Multi-Gyn tratan las molestias vaginales restaurando el equilibrio natural de la flora vaginal.\",\"breadcrumb\":{\"@id\":\"https:\/\/multi-gyn.com\/uy\/acerca-de-multi-gyn\/#breadcrumb\"},\"inLanguage\":\"es-UY\",\"potentialAction\":[{\"@type\":\"ReadAction\",\"target\":[\"https:\/\/multi-gyn.com\/uy\/acerca-de-multi-gyn\/\"]}]},{\"@type\":\"ImageObject\",\"inLanguage\":\"es-UY\",\"@id\":\"https:\/\/multi-gyn.com\/uy\/acerca-de-multi-gyn\/#primaryimage\",\"url\":\"https:\/\/multi-gyn.com\/app\/uploads\/sites\/47\/2023\/05\/Natural-2QR-Origin.png\",\"contentUrl\":\"https:\/\/multi-gyn.com\/app\/uploads\/sites\/47\/2023\/05\/Natural-2QR-Origin.png\"},{\"@type\":\"BreadcrumbList\",\"@id\":\"https:\/\/multi-gyn.com\/uy\/acerca-de-multi-gyn\/#breadcrumb\",\"itemListElement\":[{\"@type\":\"ListItem\",\"position\":1,\"name\":\"Home\",\"item\":\"https:\/\/multi-gyn.com\/uy\/\"},{\"@type\":\"ListItem\",\"position\":2,\"name\":\"Acerca de Multi-Gyn\"}]},{\"@type\":\"WebSite\",\"@id\":\"https:\/\/multi-gyn.com\/uy\/#website\",\"url\":\"https:\/\/multi-gyn.com\/uy\/\",\"name\":\"Multi-Gyn\",\"description\":\"\",\"publisher\":{\"@id\":\"https:\/\/multi-gyn.com\/uy\/#organization\"},\"potentialAction\":[{\"@type\":\"SearchAction\",\"target\":{\"@type\":\"EntryPoint\",\"urlTemplate\":\"https:\/\/multi-gyn.com\/uy\/?s={search_term_string}\"},\"query-input\":{\"@type\":\"PropertyValueSpecification\",\"valueRequired\":true,\"valueName\":\"search_term_string\"}}],\"inLanguage\":\"es-UY\"},{\"@type\":\"Organization\",\"@id\":\"https:\/\/multi-gyn.com\/uy\/#organization\",\"name\":\"Multi-Gyn\",\"url\":\"https:\/\/multi-gyn.com\/uy\/\",\"logo\":{\"@type\":\"ImageObject\",\"inLanguage\":\"es-UY\",\"@id\":\"https:\/\/multi-gyn.com\/uy\/#\/schema\/logo\/image\/\",\"url\":\"https:\/\/multi-gyn.com\/app\/uploads\/sites\/47\/2023\/05\/multi-gyn-logo.png\",\"contentUrl\":\"https:\/\/multi-gyn.com\/app\/uploads\/sites\/47\/2023\/05\/multi-gyn-logo.png\",\"width\":149,\"height\":32,\"caption\":\"Multi-Gyn\"},\"image\":{\"@id\":\"https:\/\/multi-gyn.com\/uy\/#\/schema\/logo\/image\/\"}}]}<\/script>\n<!-- \/ Yoast SEO plugin. -->","yoast_head_json":{"title":"Acerca de Multi-Gyn - Multi-Gyn","description":"Los productos Multi-Gyn tratan las molestias vaginales restaurando el equilibrio natural de la flora vaginal.","robots":{"index":"index","follow":"follow","max-snippet":"max-snippet:-1","max-image-preview":"max-image-preview:large","max-video-preview":"max-video-preview:-1"},"canonical":"https:\/\/multi-gyn.com\/uy\/acerca-de-multi-gyn\/","og_locale":"es_ES","og_type":"article","og_title":"Acerca de Multi-Gyn - Multi-Gyn","og_description":"Los productos Multi-Gyn tratan las molestias vaginales restaurando el equilibrio natural de la flora vaginal.","og_url":"https:\/\/multi-gyn.com\/uy\/acerca-de-multi-gyn\/","og_site_name":"Multi-Gyn","article_modified_time":"2026-03-20T14:47:59+00:00","og_image":[{"width":200,"height":200,"url":"https:\/\/multi-gyn.com\/app\/uploads\/sites\/47\/2023\/05\/Natural-2QR-Origin.png","type":"image\/png"}],"twitter_card":"summary_large_image","twitter_misc":{"Est. reading time":"2 minutos"},"schema":{"@context":"https:\/\/schema.org","@graph":[{"@type":"WebPage","@id":"https:\/\/multi-gyn.com\/uy\/acerca-de-multi-gyn\/","url":"https:\/\/multi-gyn.com\/uy\/acerca-de-multi-gyn\/","name":"Acerca de Multi-Gyn - Multi-Gyn","isPartOf":{"@id":"https:\/\/multi-gyn.com\/uy\/#website"},"primaryImageOfPage":{"@id":"https:\/\/multi-gyn.com\/uy\/acerca-de-multi-gyn\/#primaryimage"},"image":{"@id":"https:\/\/multi-gyn.com\/uy\/acerca-de-multi-gyn\/#primaryimage"},"thumbnailUrl":"https:\/\/multi-gyn.com\/app\/uploads\/sites\/47\/2023\/05\/Natural-2QR-Origin.png","datePublished":"2023-05-10T13:48:32+00:00","dateModified":"2026-03-20T14:47:59+00:00","description":"Los productos Multi-Gyn tratan las molestias vaginales restaurando el equilibrio natural de la flora vaginal.","breadcrumb":{"@id":"https:\/\/multi-gyn.com\/uy\/acerca-de-multi-gyn\/#breadcrumb"},"inLanguage":"es-UY","potentialAction":[{"@type":"ReadAction","target":["https:\/\/multi-gyn.com\/uy\/acerca-de-multi-gyn\/"]}]},{"@type":"ImageObject","inLanguage":"es-UY","@id":"https:\/\/multi-gyn.com\/uy\/acerca-de-multi-gyn\/#primaryimage","url":"https:\/\/multi-gyn.com\/app\/uploads\/sites\/47\/2023\/05\/Natural-2QR-Origin.png","contentUrl":"https:\/\/multi-gyn.com\/app\/uploads\/sites\/47\/2023\/05\/Natural-2QR-Origin.png"},{"@type":"BreadcrumbList","@id":"https:\/\/multi-gyn.com\/uy\/acerca-de-multi-gyn\/#breadcrumb","itemListElement":[{"@type":"ListItem","position":1,"name":"Home","item":"https:\/\/multi-gyn.com\/uy\/"},{"@type":"ListItem","position":2,"name":"Acerca de Multi-Gyn"}]},{"@type":"WebSite","@id":"https:\/\/multi-gyn.com\/uy\/#website","url":"https:\/\/multi-gyn.com\/uy\/","name":"Multi-Gyn","description":"","publisher":{"@id":"https:\/\/multi-gyn.com\/uy\/#organization"},"potentialAction":[{"@type":"SearchAction","target":{"@type":"EntryPoint","urlTemplate":"https:\/\/multi-gyn.com\/uy\/?s={search_term_string}"},"query-input":{"@type":"PropertyValueSpecification","valueRequired":true,"valueName":"search_term_string"}}],"inLanguage":"es-UY"},{"@type":"Organization","@id":"https:\/\/multi-gyn.com\/uy\/#organization","name":"Multi-Gyn","url":"https:\/\/multi-gyn.com\/uy\/","logo":{"@type":"ImageObject","inLanguage":"es-UY","@id":"https:\/\/multi-gyn.com\/uy\/#\/schema\/logo\/image\/","url":"https:\/\/multi-gyn.com\/app\/uploads\/sites\/47\/2023\/05\/multi-gyn-logo.png","contentUrl":"https:\/\/multi-gyn.com\/app\/uploads\/sites\/47\/2023\/05\/multi-gyn-logo.png","width":149,"height":32,"caption":"Multi-Gyn"},"image":{"@id":"https:\/\/multi-gyn.com\/uy\/#\/schema\/logo\/image\/"}}]}},"_links":{"self":[{"href":"https:\/\/multi-gyn.com\/uy\/wp-json\/wp\/v2\/pages\/21","targetHints":{"allow":["GET"]}}],"collection":[{"href":"https:\/\/multi-gyn.com\/uy\/wp-json\/wp\/v2\/pages"}],"about":[{"href":"https:\/\/multi-gyn.com\/uy\/wp-json\/wp\/v2\/types\/page"}],"author":[{"embeddable":true,"href":"https:\/\/multi-gyn.com\/uy\/wp-json\/wp\/v2\/users\/2"}],"replies":[{"embeddable":true,"href":"https:\/\/multi-gyn.com\/uy\/wp-json\/wp\/v2\/comments?post=21"}],"version-history":[{"count":6,"href":"https:\/\/multi-gyn.com\/uy\/wp-json\/wp\/v2\/pages\/21\/revisions"}],"predecessor-version":[{"id":505,"href":"https:\/\/multi-gyn.com\/uy\/wp-json\/wp\/v2\/pages\/21\/revisions\/505"}],"wp:attachment":[{"href":"https:\/\/multi-gyn.com\/uy\/wp-json\/wp\/v2\/media?parent=21"}],"wp:term":[{"taxonomy":"from-article-database","embeddable":true,"href":"https:\/\/multi-gyn.com\/uy\/wp-json\/wp\/v2\/from-article-database?post=21"}],"curies":[{"name":"wp","href":"https:\/\/api.w.org\/{rel}","templated":true}]}}