{"id":221,"date":"2023-05-11T06:07:46","date_gmt":"2023-05-11T09:07:46","guid":{"rendered":"https:\/\/multi-gyn.com\/uy\/?page_id=221"},"modified":"2023-05-12T07:03:09","modified_gmt":"2023-05-12T10:03:09","slug":"tratando-la-resequedad-vaginal","status":"publish","type":"page","link":"https:\/\/multi-gyn.com\/uy\/salud-vaginal\/molestias\/tratando-la-resequedad-vaginal\/","title":{"rendered":"Tratando la resequedad vaginal"},"content":{"rendered":"\n<div class=\"wp-block-karopharma-free-text pt-large pb-large bg-center bg-cover bg-no-repeat  is-style-primary\" style=\"background-image:url()\"><div class=\"free-text-wrapper container max-w-medium text-left\">\n<h1 class=\"is-style-heading-h1 wp-block-heading\">Tratando la resequedad vaginal<\/h1>\n\n\n\n<p class=\"is-style-paragraph-preamble\">\u00bfAlguna vez ha experimentado irritaci\u00f3n en la zona \u00edntima? \u00bfU otras molestias como comez\u00f3n, ardor (al orinar), sangrado leve durante las relaciones sexuales, dolor durante la penetraci\u00f3n, dolor vaginal o inflamaci\u00f3n? Puede ser que sufra de resequedad vaginal.<\/p>\n<\/div><\/div>\n\n\n\n<div class=\"wp-block-karopharma-free-text pt-large pb-large bg-center bg-cover bg-no-repeat  is-style-transparent\" style=\"background-image:url()\"><div class=\"free-text-wrapper container max-w-medium text-left\">\n<p>Esta condici\u00f3n es un s\u00edntoma frecuente de la menopausia, pero puede afectar a las mujeres de todas las edades. Otros responsables comunes de esta condici\u00f3n son los cambios hormonales que pueden ocurrir despu\u00e9s del nacimiento del beb\u00e9 o durante la lactancia, durante el tratamiento de c\u00e1ncer o mientras se use determinado medicamento.<\/p>\n\n\n\n<p>La resequedad tambi\u00e9n puede ser causada por el estr\u00e9s y ansiedad, ejercicio excesivo, alcohol, cafe\u00edna o los cigarrillos. Aunque la resequedad vaginal puede verse como una irritaci\u00f3n insignificante, esta puede reducir seriamente la calidad de vida. Tratar la resequedad vagina es muy importante, no s\u00f3lo para el bienestar de la mujer, pero tambi\u00e9n para su estado emocional y la salud de la relaci\u00f3n. Aqu\u00ed est\u00e1n unos de los tratamientos m\u00e1s comunes que pueden ayudar con esta condici\u00f3n:<\/p>\n\n\n\n<h2 class=\"is-style-heading-h2 wp-block-heading\">Tratamientos con estr\u00f3genos<\/h2>\n\n\n\n<p>La raz\u00f3n principal de la resequedad es una ca\u00edda en el estr\u00f3geno, una hormona que hace a la vagina h\u00fameda y el\u00e1stica. Es por eso que muchos tratamientos se basan en compensaci\u00f3n de los reducidos niveles de estr\u00f3genos naturales. La terapia hormonal puede ser oral, especialmente si hay presencia de otros s\u00edntomas de menopausia, t\u00f3pica (parches hormonales) o vaginal.<\/p>\n\n\n\n<p>Los tratamientos vaginales de estr\u00f3genos incluyen anillo vaginal, comprimidos o crema de estr\u00f3genos. Sin embargo, es importante saber que la terapia hormonal puede frecuentemente causar efectos secundarios muy inc\u00f3modos o hasta peligrosos, como un alto riesgo de derrames cerebrales y co\u00e1gulos. Hable con su ginec\u00f3logo antes de tomar una decisi\u00f3n y dele la oportunidad a los tratamientos alternativos que pueden ser tanto efectivos como seguros.<\/p>\n\n\n\n<h2 class=\"is-style-heading-h2 wp-block-heading\">Tratamientos libres de estr\u00f3genos<\/h2>\n\n\n\n<p>Aparte de la terapia hormonal, puede decidir probar un humectante vaginal que, con un uso constante, mantenga el tejido vaginal humectado y el\u00e1stico, de ese modo alivia los s\u00edntomas como la irritaci\u00f3n, ardor o dolor que puede no estar conectado a las relaciones sexuales.<\/p>\n\n\n\n<p>Las mujeres pueden sufrir de resequedad vaginal y relaciones sexuales dolorosas si no est\u00e1n suficientemente excitadas \u2013 por lo tanto, la excitaci\u00f3n previa es importante para prevenir molestias. Sin embargo, los lubricantes pueden reducir la fricci\u00f3n causada por la penetraci\u00f3n y puede darle un alivio temporal del dolor durante el sexo. Pueden ser a base de agua, silicona o aceite (recuerde que los lubricantes a base de aceite no deben ser usados con condones de l\u00e1tex ya que generalmente hacen que se rompan y puede dejarle expuesta a enfermedades de transmisi\u00f3n sexual o un embarazo no planeado).<\/p>\n\n\n\n<p>La principal diferencia entre lubricantes y humectantes es que los humectantes pueden ofrecer un efecto a largo plazo, mientras que los lubricantes se usan antes de las relaciones sexuales, para aliviar de forma temporal el dolor y la fricci\u00f3n.<\/p>\n\n\n\n<p class=\"is-style-paragraph-preamble has-primary-color has-text-color\"><em>\u00abTratar la resequedad vagina es muy importante, no s\u00f3lo para el bienestar de la mujer, pero tambi\u00e9n para su estado emocional y la salud de la relaci\u00f3n\u00bb<\/em><\/p>\n<\/div><\/div>\n","protected":false},"excerpt":{"rendered":"","protected":false},"author":2,"featured_media":0,"parent":31,"menu_order":1,"comment_status":"closed","ping_status":"closed","template":"","meta":{"_acf_changed":false,"footnotes":""},"from-article-database":[],"class_list":["post-221","page","type-page","status-publish","hentry"],"acf":[],"yoast_head":"<!-- This site is optimized with the Yoast SEO plugin v26.6 - https:\/\/yoast.com\/wordpress\/plugins\/seo\/ -->\n<title>Tratando la resequedad vaginal - Multi-Gyn<\/title>\n<meta name=\"description\" content=\"\u00bfAlguna vez ha experimentado irritaci\u00f3n en la zona \u00edntima? Puede ser que sufra de resequedad vaginal.\" \/>\n<meta name=\"robots\" content=\"index, follow, max-snippet:-1, max-image-preview:large, max-video-preview:-1\" \/>\n<link rel=\"canonical\" href=\"https:\/\/multi-gyn.com\/uy\/salud-vaginal\/molestias\/tratando-la-resequedad-vaginal\/\" \/>\n<meta property=\"og:locale\" content=\"es_ES\" \/>\n<meta property=\"og:type\" content=\"article\" \/>\n<meta property=\"og:title\" content=\"Tratando la resequedad vaginal - Multi-Gyn\" \/>\n<meta property=\"og:description\" content=\"\u00bfAlguna vez ha experimentado irritaci\u00f3n en la zona \u00edntima? Puede ser que sufra de resequedad vaginal.\" \/>\n<meta property=\"og:url\" content=\"https:\/\/multi-gyn.com\/uy\/salud-vaginal\/molestias\/tratando-la-resequedad-vaginal\/\" \/>\n<meta property=\"og:site_name\" content=\"Multi-Gyn\" \/>\n<meta property=\"article:modified_time\" content=\"2023-05-12T10:03:09+00:00\" \/>\n<meta name=\"twitter:card\" content=\"summary_large_image\" \/>\n<meta name=\"twitter:label1\" content=\"Est. reading time\" \/>\n\t<meta name=\"twitter:data1\" content=\"3 minutos\" \/>\n<script type=\"application\/ld+json\" class=\"yoast-schema-graph\">{\"@context\":\"https:\/\/schema.org\",\"@graph\":[{\"@type\":\"WebPage\",\"@id\":\"https:\/\/multi-gyn.com\/uy\/salud-vaginal\/molestias\/tratando-la-resequedad-vaginal\/\",\"url\":\"https:\/\/multi-gyn.com\/uy\/salud-vaginal\/molestias\/tratando-la-resequedad-vaginal\/\",\"name\":\"Tratando la resequedad vaginal - Multi-Gyn\",\"isPartOf\":{\"@id\":\"https:\/\/multi-gyn.com\/uy\/#website\"},\"datePublished\":\"2023-05-11T09:07:46+00:00\",\"dateModified\":\"2023-05-12T10:03:09+00:00\",\"description\":\"\u00bfAlguna vez ha experimentado irritaci\u00f3n en la zona \u00edntima? Puede ser que sufra de resequedad vaginal.\",\"breadcrumb\":{\"@id\":\"https:\/\/multi-gyn.com\/uy\/salud-vaginal\/molestias\/tratando-la-resequedad-vaginal\/#breadcrumb\"},\"inLanguage\":\"es-UY\",\"potentialAction\":[{\"@type\":\"ReadAction\",\"target\":[\"https:\/\/multi-gyn.com\/uy\/salud-vaginal\/molestias\/tratando-la-resequedad-vaginal\/\"]}]},{\"@type\":\"BreadcrumbList\",\"@id\":\"https:\/\/multi-gyn.com\/uy\/salud-vaginal\/molestias\/tratando-la-resequedad-vaginal\/#breadcrumb\",\"itemListElement\":[{\"@type\":\"ListItem\",\"position\":1,\"name\":\"Home\",\"item\":\"https:\/\/multi-gyn.com\/uy\/\"},{\"@type\":\"ListItem\",\"position\":2,\"name\":\"Salud vaginal\",\"item\":\"https:\/\/multi-gyn.com\/uy\/salud-vaginal\/\"},{\"@type\":\"ListItem\",\"position\":3,\"name\":\"Molestias\",\"item\":\"https:\/\/multi-gyn.com\/uy\/salud-vaginal\/molestias\/\"},{\"@type\":\"ListItem\",\"position\":4,\"name\":\"Tratando la resequedad vaginal\"}]},{\"@type\":\"WebSite\",\"@id\":\"https:\/\/multi-gyn.com\/uy\/#website\",\"url\":\"https:\/\/multi-gyn.com\/uy\/\",\"name\":\"Multi-Gyn\",\"description\":\"\",\"publisher\":{\"@id\":\"https:\/\/multi-gyn.com\/uy\/#organization\"},\"potentialAction\":[{\"@type\":\"SearchAction\",\"target\":{\"@type\":\"EntryPoint\",\"urlTemplate\":\"https:\/\/multi-gyn.com\/uy\/?s={search_term_string}\"},\"query-input\":{\"@type\":\"PropertyValueSpecification\",\"valueRequired\":true,\"valueName\":\"search_term_string\"}}],\"inLanguage\":\"es-UY\"},{\"@type\":\"Organization\",\"@id\":\"https:\/\/multi-gyn.com\/uy\/#organization\",\"name\":\"Multi-Gyn\",\"url\":\"https:\/\/multi-gyn.com\/uy\/\",\"logo\":{\"@type\":\"ImageObject\",\"inLanguage\":\"es-UY\",\"@id\":\"https:\/\/multi-gyn.com\/uy\/#\/schema\/logo\/image\/\",\"url\":\"https:\/\/multi-gyn.com\/app\/uploads\/sites\/47\/2023\/05\/multi-gyn-logo.png\",\"contentUrl\":\"https:\/\/multi-gyn.com\/app\/uploads\/sites\/47\/2023\/05\/multi-gyn-logo.png\",\"width\":149,\"height\":32,\"caption\":\"Multi-Gyn\"},\"image\":{\"@id\":\"https:\/\/multi-gyn.com\/uy\/#\/schema\/logo\/image\/\"}}]}<\/script>\n<!-- \/ Yoast SEO plugin. -->","yoast_head_json":{"title":"Tratando la resequedad vaginal - Multi-Gyn","description":"\u00bfAlguna vez ha experimentado irritaci\u00f3n en la zona \u00edntima? Puede ser que sufra de resequedad vaginal.","robots":{"index":"index","follow":"follow","max-snippet":"max-snippet:-1","max-image-preview":"max-image-preview:large","max-video-preview":"max-video-preview:-1"},"canonical":"https:\/\/multi-gyn.com\/uy\/salud-vaginal\/molestias\/tratando-la-resequedad-vaginal\/","og_locale":"es_ES","og_type":"article","og_title":"Tratando la resequedad vaginal - Multi-Gyn","og_description":"\u00bfAlguna vez ha experimentado irritaci\u00f3n en la zona \u00edntima? Puede ser que sufra de resequedad vaginal.","og_url":"https:\/\/multi-gyn.com\/uy\/salud-vaginal\/molestias\/tratando-la-resequedad-vaginal\/","og_site_name":"Multi-Gyn","article_modified_time":"2023-05-12T10:03:09+00:00","twitter_card":"summary_large_image","twitter_misc":{"Est. reading time":"3 minutos"},"schema":{"@context":"https:\/\/schema.org","@graph":[{"@type":"WebPage","@id":"https:\/\/multi-gyn.com\/uy\/salud-vaginal\/molestias\/tratando-la-resequedad-vaginal\/","url":"https:\/\/multi-gyn.com\/uy\/salud-vaginal\/molestias\/tratando-la-resequedad-vaginal\/","name":"Tratando la resequedad vaginal - Multi-Gyn","isPartOf":{"@id":"https:\/\/multi-gyn.com\/uy\/#website"},"datePublished":"2023-05-11T09:07:46+00:00","dateModified":"2023-05-12T10:03:09+00:00","description":"\u00bfAlguna vez ha experimentado irritaci\u00f3n en la zona \u00edntima? Puede ser que sufra de resequedad vaginal.","breadcrumb":{"@id":"https:\/\/multi-gyn.com\/uy\/salud-vaginal\/molestias\/tratando-la-resequedad-vaginal\/#breadcrumb"},"inLanguage":"es-UY","potentialAction":[{"@type":"ReadAction","target":["https:\/\/multi-gyn.com\/uy\/salud-vaginal\/molestias\/tratando-la-resequedad-vaginal\/"]}]},{"@type":"BreadcrumbList","@id":"https:\/\/multi-gyn.com\/uy\/salud-vaginal\/molestias\/tratando-la-resequedad-vaginal\/#breadcrumb","itemListElement":[{"@type":"ListItem","position":1,"name":"Home","item":"https:\/\/multi-gyn.com\/uy\/"},{"@type":"ListItem","position":2,"name":"Salud vaginal","item":"https:\/\/multi-gyn.com\/uy\/salud-vaginal\/"},{"@type":"ListItem","position":3,"name":"Molestias","item":"https:\/\/multi-gyn.com\/uy\/salud-vaginal\/molestias\/"},{"@type":"ListItem","position":4,"name":"Tratando la resequedad vaginal"}]},{"@type":"WebSite","@id":"https:\/\/multi-gyn.com\/uy\/#website","url":"https:\/\/multi-gyn.com\/uy\/","name":"Multi-Gyn","description":"","publisher":{"@id":"https:\/\/multi-gyn.com\/uy\/#organization"},"potentialAction":[{"@type":"SearchAction","target":{"@type":"EntryPoint","urlTemplate":"https:\/\/multi-gyn.com\/uy\/?s={search_term_string}"},"query-input":{"@type":"PropertyValueSpecification","valueRequired":true,"valueName":"search_term_string"}}],"inLanguage":"es-UY"},{"@type":"Organization","@id":"https:\/\/multi-gyn.com\/uy\/#organization","name":"Multi-Gyn","url":"https:\/\/multi-gyn.com\/uy\/","logo":{"@type":"ImageObject","inLanguage":"es-UY","@id":"https:\/\/multi-gyn.com\/uy\/#\/schema\/logo\/image\/","url":"https:\/\/multi-gyn.com\/app\/uploads\/sites\/47\/2023\/05\/multi-gyn-logo.png","contentUrl":"https:\/\/multi-gyn.com\/app\/uploads\/sites\/47\/2023\/05\/multi-gyn-logo.png","width":149,"height":32,"caption":"Multi-Gyn"},"image":{"@id":"https:\/\/multi-gyn.com\/uy\/#\/schema\/logo\/image\/"}}]}},"_links":{"self":[{"href":"https:\/\/multi-gyn.com\/uy\/wp-json\/wp\/v2\/pages\/221","targetHints":{"allow":["GET"]}}],"collection":[{"href":"https:\/\/multi-gyn.com\/uy\/wp-json\/wp\/v2\/pages"}],"about":[{"href":"https:\/\/multi-gyn.com\/uy\/wp-json\/wp\/v2\/types\/page"}],"author":[{"embeddable":true,"href":"https:\/\/multi-gyn.com\/uy\/wp-json\/wp\/v2\/users\/2"}],"replies":[{"embeddable":true,"href":"https:\/\/multi-gyn.com\/uy\/wp-json\/wp\/v2\/comments?post=221"}],"version-history":[{"count":3,"href":"https:\/\/multi-gyn.com\/uy\/wp-json\/wp\/v2\/pages\/221\/revisions"}],"predecessor-version":[{"id":420,"href":"https:\/\/multi-gyn.com\/uy\/wp-json\/wp\/v2\/pages\/221\/revisions\/420"}],"up":[{"embeddable":true,"href":"https:\/\/multi-gyn.com\/uy\/wp-json\/wp\/v2\/pages\/31"}],"wp:attachment":[{"href":"https:\/\/multi-gyn.com\/uy\/wp-json\/wp\/v2\/media?parent=221"}],"wp:term":[{"taxonomy":"from-article-database","embeddable":true,"href":"https:\/\/multi-gyn.com\/uy\/wp-json\/wp\/v2\/from-article-database?post=221"}],"curies":[{"name":"wp","href":"https:\/\/api.w.org\/{rel}","templated":true}]}}