{"id":223,"date":"2023-05-11T06:07:58","date_gmt":"2023-05-11T09:07:58","guid":{"rendered":"https:\/\/multi-gyn.com\/uy\/?page_id=223"},"modified":"2023-05-12T07:06:31","modified_gmt":"2023-05-12T10:06:31","slug":"sensibilidad-vaginal","status":"publish","type":"page","link":"https:\/\/multi-gyn.com\/uy\/salud-vaginal\/molestias\/sensibilidad-vaginal\/","title":{"rendered":"Sensibilidad vaginal"},"content":{"rendered":"\n<div class=\"wp-block-karopharma-free-text pt-large pb-large bg-center bg-cover bg-no-repeat  is-style-primary\" style=\"background-image:url()\"><div class=\"free-text-wrapper container max-w-medium text-left\">\n<h1 class=\"is-style-heading-h1 wp-block-heading\">Sensibilidad vaginal<\/h1>\n\n\n\n<p class=\"is-style-paragraph-preamble\">Cualquier tipo de sensibilidad y molestia en la zona vaginal puede hacernos sentir inc\u00f3modas o nerviosas, sintiendo que algo no est\u00e1 bien all\u00e1 abajo. La sensibilidad vaginal se manifiesta como un dolor o sensibilidad al tacto en la zona \u00edntima, especialmente durante las relaciones sexuales. Estos s\u00edntomas puede estar acompa\u00f1ados por otras molestias incluyendo cambios en la secreci\u00f3n, comez\u00f3n vaginal, ardor, inflamaci\u00f3n, infecci\u00f3n y resequedad. El tratamiento cambia dependiendo de la causa.<\/p>\n<\/div><\/div>\n\n\n\n<div class=\"wp-block-karopharma-free-text pt-large pb-large bg-center bg-cover bg-no-repeat  is-style-transparent\" style=\"background-image:url()\"><div class=\"free-text-wrapper container max-w-medium text-left\">\n<ul class=\"is-style-default wp-block-list\"><li><strong>Desequilibrio en la flora vaginal<\/strong>. La vagina est\u00e1 cubierta de millones de microbios beneficiosos, conformando la flora vaginal. Una vez este delicado equilibrio es alterado y las bacterias beneficiosas se reducen en n\u00famero, el hongo o bacterias perjudiciales empiezan a crecer incontrolablemente, causando comez\u00f3n e irritaci\u00f3n. Si no puede resistir el impulso de rascar el \u00e1rea, podr\u00eda f\u00e1cilmente lastimar la piel y causar m\u00e1s irritaci\u00f3n, inflamaci\u00f3n y dolor. Si usted frecuentemente sufre de infecciones por hongos, trate de usar un producto vaginal que contenga prebi\u00f3ticos. Los geles vaginales prebi\u00f3ticos estimulan el crecimiento de bacterias beneficiosas y ayudan a reequilibrar la flora vaginal.<\/li><li><strong>Desequedad vaginal<\/strong>. La penetraci\u00f3n sin suficiente lubricaci\u00f3n puede lastimar las paredes vaginales y otros tejidos en la regi\u00f3n \u00edntima, causando inflamaci\u00f3n y dolor. La resequedad puede ser causada por cambios hormonales durante la menopausia, el embarazo, la lactancia o cuando se usan m\u00e9todos anticonceptivos. Dele suficiente tiempo a la estimulaci\u00f3n previa para que se suscite la lubricaci\u00f3n natural. Si sufre de resequedad vaginal use un humectante vaginal o un lubricante. Un humectante le dar\u00e1 una sensaci\u00f3n de no resequedad por varios d\u00edas y puede ser usado todos los d\u00edas, mientras que los lubricantes est\u00e1n dise\u00f1ados para usarse antes de tener relaciones sexuales y s\u00f3lo le proporcionar\u00e1n alivio por un per\u00edodo de tiempo corto.<\/li><li><strong>Menopausia<\/strong>. Cuando los niveles de estr\u00f3geno disminuyen, el tejido vaginal pierde su espesor, elasticidad, y lubricaci\u00f3n natural. El resultado son paredes delgadas que crean una sensaci\u00f3n de papel de lija durante la penetraci\u00f3n que pueden ser lastimadas f\u00e1cilmente. Esta condici\u00f3n se conoce como atrofia vaginal y usualmente se traduce en p\u00e9rdida de libido, ya que el sexo es inc\u00f3modo y doloroso. En cuanto a la resequedad vaginal, la soluci\u00f3n est\u00e1 en los humectantes y lubricantes.<\/li><li><strong>Irritaci\u00f3n<\/strong>. Los productos de contienen qu\u00edmicos agresivos, jab\u00f3n com\u00fan, fragancias, colorantes o preservantes, pueden irritar la zona \u00edntima, causando inflamaci\u00f3n, molestias, ardor y dolor. Evite este tipo de productos y elija productos que est\u00e9n especialmente dise\u00f1ados para ser usados alrededor de la zona \u00edntima. Entre estos se incluyen enjuagues \u00edntimos basados en ingredientes naturales que contienen detergentes suaves y no alterar\u00e1n el valor pH vaginal.<\/li><li><strong>Algunas ETS<\/strong> tambi\u00e9n podr\u00edan causar sensibilidad en la regi\u00f3n p\u00e9lvica. En caso de sospechar que tiene una ETS, se recomienda ver un ginec\u00f3logo.<\/li><\/ul>\n\n\n\n<p>Si est\u00e1 experimentado dolor y sensibilidad, trate de aplicar compresas fr\u00edas para un alivio r\u00e1pido y reducir la irritaci\u00f3n. Tenga presente que para eliminar el dolor y la sensibilidad, la causa principal de la molestia debe ser resuelta. Si la sensibilidad persiste, visite su proveedor de salud para poder recibir el tratamiento apropiado.<\/p>\n<\/div><\/div>\n","protected":false},"excerpt":{"rendered":"","protected":false},"author":2,"featured_media":0,"parent":31,"menu_order":2,"comment_status":"closed","ping_status":"closed","template":"","meta":{"_acf_changed":false,"footnotes":""},"from-article-database":[],"class_list":["post-223","page","type-page","status-publish","hentry"],"acf":[],"yoast_head":"<!-- This site is optimized with the Yoast SEO plugin v26.6 - https:\/\/yoast.com\/wordpress\/plugins\/seo\/ -->\n<title>Sensibilidad vaginal - Multi-Gyn<\/title>\n<meta name=\"description\" content=\"Cualquier tipo de sensibilidad y molestia en la zona vaginal puede hacernos sentir inc\u00f3modas o nerviosas, sintiendo que algo no est\u00e1 bien all\u00e1 abajo.\" \/>\n<meta name=\"robots\" content=\"index, follow, max-snippet:-1, max-image-preview:large, max-video-preview:-1\" \/>\n<link rel=\"canonical\" href=\"https:\/\/multi-gyn.com\/uy\/salud-vaginal\/molestias\/sensibilidad-vaginal\/\" \/>\n<meta property=\"og:locale\" content=\"es_ES\" \/>\n<meta property=\"og:type\" content=\"article\" \/>\n<meta property=\"og:title\" content=\"Sensibilidad vaginal - Multi-Gyn\" \/>\n<meta property=\"og:description\" content=\"Cualquier tipo de sensibilidad y molestia en la zona vaginal puede hacernos sentir inc\u00f3modas o nerviosas, sintiendo que algo no est\u00e1 bien all\u00e1 abajo.\" \/>\n<meta property=\"og:url\" content=\"https:\/\/multi-gyn.com\/uy\/salud-vaginal\/molestias\/sensibilidad-vaginal\/\" \/>\n<meta property=\"og:site_name\" content=\"Multi-Gyn\" \/>\n<meta property=\"article:modified_time\" content=\"2023-05-12T10:06:31+00:00\" \/>\n<meta name=\"twitter:card\" content=\"summary_large_image\" \/>\n<meta name=\"twitter:label1\" content=\"Est. reading time\" \/>\n\t<meta name=\"twitter:data1\" content=\"3 minutos\" \/>\n<script type=\"application\/ld+json\" class=\"yoast-schema-graph\">{\"@context\":\"https:\/\/schema.org\",\"@graph\":[{\"@type\":\"WebPage\",\"@id\":\"https:\/\/multi-gyn.com\/uy\/salud-vaginal\/molestias\/sensibilidad-vaginal\/\",\"url\":\"https:\/\/multi-gyn.com\/uy\/salud-vaginal\/molestias\/sensibilidad-vaginal\/\",\"name\":\"Sensibilidad vaginal - Multi-Gyn\",\"isPartOf\":{\"@id\":\"https:\/\/multi-gyn.com\/uy\/#website\"},\"datePublished\":\"2023-05-11T09:07:58+00:00\",\"dateModified\":\"2023-05-12T10:06:31+00:00\",\"description\":\"Cualquier tipo de sensibilidad y molestia en la zona vaginal puede hacernos sentir inc\u00f3modas o nerviosas, sintiendo que algo no est\u00e1 bien all\u00e1 abajo.\",\"breadcrumb\":{\"@id\":\"https:\/\/multi-gyn.com\/uy\/salud-vaginal\/molestias\/sensibilidad-vaginal\/#breadcrumb\"},\"inLanguage\":\"es-UY\",\"potentialAction\":[{\"@type\":\"ReadAction\",\"target\":[\"https:\/\/multi-gyn.com\/uy\/salud-vaginal\/molestias\/sensibilidad-vaginal\/\"]}]},{\"@type\":\"BreadcrumbList\",\"@id\":\"https:\/\/multi-gyn.com\/uy\/salud-vaginal\/molestias\/sensibilidad-vaginal\/#breadcrumb\",\"itemListElement\":[{\"@type\":\"ListItem\",\"position\":1,\"name\":\"Home\",\"item\":\"https:\/\/multi-gyn.com\/uy\/\"},{\"@type\":\"ListItem\",\"position\":2,\"name\":\"Salud vaginal\",\"item\":\"https:\/\/multi-gyn.com\/uy\/salud-vaginal\/\"},{\"@type\":\"ListItem\",\"position\":3,\"name\":\"Molestias\",\"item\":\"https:\/\/multi-gyn.com\/uy\/salud-vaginal\/molestias\/\"},{\"@type\":\"ListItem\",\"position\":4,\"name\":\"Sensibilidad vaginal\"}]},{\"@type\":\"WebSite\",\"@id\":\"https:\/\/multi-gyn.com\/uy\/#website\",\"url\":\"https:\/\/multi-gyn.com\/uy\/\",\"name\":\"Multi-Gyn\",\"description\":\"\",\"publisher\":{\"@id\":\"https:\/\/multi-gyn.com\/uy\/#organization\"},\"potentialAction\":[{\"@type\":\"SearchAction\",\"target\":{\"@type\":\"EntryPoint\",\"urlTemplate\":\"https:\/\/multi-gyn.com\/uy\/?s={search_term_string}\"},\"query-input\":{\"@type\":\"PropertyValueSpecification\",\"valueRequired\":true,\"valueName\":\"search_term_string\"}}],\"inLanguage\":\"es-UY\"},{\"@type\":\"Organization\",\"@id\":\"https:\/\/multi-gyn.com\/uy\/#organization\",\"name\":\"Multi-Gyn\",\"url\":\"https:\/\/multi-gyn.com\/uy\/\",\"logo\":{\"@type\":\"ImageObject\",\"inLanguage\":\"es-UY\",\"@id\":\"https:\/\/multi-gyn.com\/uy\/#\/schema\/logo\/image\/\",\"url\":\"https:\/\/multi-gyn.com\/app\/uploads\/sites\/47\/2023\/05\/multi-gyn-logo.png\",\"contentUrl\":\"https:\/\/multi-gyn.com\/app\/uploads\/sites\/47\/2023\/05\/multi-gyn-logo.png\",\"width\":149,\"height\":32,\"caption\":\"Multi-Gyn\"},\"image\":{\"@id\":\"https:\/\/multi-gyn.com\/uy\/#\/schema\/logo\/image\/\"}}]}<\/script>\n<!-- \/ Yoast SEO plugin. -->","yoast_head_json":{"title":"Sensibilidad vaginal - Multi-Gyn","description":"Cualquier tipo de sensibilidad y molestia en la zona vaginal puede hacernos sentir inc\u00f3modas o nerviosas, sintiendo que algo no est\u00e1 bien all\u00e1 abajo.","robots":{"index":"index","follow":"follow","max-snippet":"max-snippet:-1","max-image-preview":"max-image-preview:large","max-video-preview":"max-video-preview:-1"},"canonical":"https:\/\/multi-gyn.com\/uy\/salud-vaginal\/molestias\/sensibilidad-vaginal\/","og_locale":"es_ES","og_type":"article","og_title":"Sensibilidad vaginal - Multi-Gyn","og_description":"Cualquier tipo de sensibilidad y molestia en la zona vaginal puede hacernos sentir inc\u00f3modas o nerviosas, sintiendo que algo no est\u00e1 bien all\u00e1 abajo.","og_url":"https:\/\/multi-gyn.com\/uy\/salud-vaginal\/molestias\/sensibilidad-vaginal\/","og_site_name":"Multi-Gyn","article_modified_time":"2023-05-12T10:06:31+00:00","twitter_card":"summary_large_image","twitter_misc":{"Est. reading time":"3 minutos"},"schema":{"@context":"https:\/\/schema.org","@graph":[{"@type":"WebPage","@id":"https:\/\/multi-gyn.com\/uy\/salud-vaginal\/molestias\/sensibilidad-vaginal\/","url":"https:\/\/multi-gyn.com\/uy\/salud-vaginal\/molestias\/sensibilidad-vaginal\/","name":"Sensibilidad vaginal - Multi-Gyn","isPartOf":{"@id":"https:\/\/multi-gyn.com\/uy\/#website"},"datePublished":"2023-05-11T09:07:58+00:00","dateModified":"2023-05-12T10:06:31+00:00","description":"Cualquier tipo de sensibilidad y molestia en la zona vaginal puede hacernos sentir inc\u00f3modas o nerviosas, sintiendo que algo no est\u00e1 bien all\u00e1 abajo.","breadcrumb":{"@id":"https:\/\/multi-gyn.com\/uy\/salud-vaginal\/molestias\/sensibilidad-vaginal\/#breadcrumb"},"inLanguage":"es-UY","potentialAction":[{"@type":"ReadAction","target":["https:\/\/multi-gyn.com\/uy\/salud-vaginal\/molestias\/sensibilidad-vaginal\/"]}]},{"@type":"BreadcrumbList","@id":"https:\/\/multi-gyn.com\/uy\/salud-vaginal\/molestias\/sensibilidad-vaginal\/#breadcrumb","itemListElement":[{"@type":"ListItem","position":1,"name":"Home","item":"https:\/\/multi-gyn.com\/uy\/"},{"@type":"ListItem","position":2,"name":"Salud vaginal","item":"https:\/\/multi-gyn.com\/uy\/salud-vaginal\/"},{"@type":"ListItem","position":3,"name":"Molestias","item":"https:\/\/multi-gyn.com\/uy\/salud-vaginal\/molestias\/"},{"@type":"ListItem","position":4,"name":"Sensibilidad vaginal"}]},{"@type":"WebSite","@id":"https:\/\/multi-gyn.com\/uy\/#website","url":"https:\/\/multi-gyn.com\/uy\/","name":"Multi-Gyn","description":"","publisher":{"@id":"https:\/\/multi-gyn.com\/uy\/#organization"},"potentialAction":[{"@type":"SearchAction","target":{"@type":"EntryPoint","urlTemplate":"https:\/\/multi-gyn.com\/uy\/?s={search_term_string}"},"query-input":{"@type":"PropertyValueSpecification","valueRequired":true,"valueName":"search_term_string"}}],"inLanguage":"es-UY"},{"@type":"Organization","@id":"https:\/\/multi-gyn.com\/uy\/#organization","name":"Multi-Gyn","url":"https:\/\/multi-gyn.com\/uy\/","logo":{"@type":"ImageObject","inLanguage":"es-UY","@id":"https:\/\/multi-gyn.com\/uy\/#\/schema\/logo\/image\/","url":"https:\/\/multi-gyn.com\/app\/uploads\/sites\/47\/2023\/05\/multi-gyn-logo.png","contentUrl":"https:\/\/multi-gyn.com\/app\/uploads\/sites\/47\/2023\/05\/multi-gyn-logo.png","width":149,"height":32,"caption":"Multi-Gyn"},"image":{"@id":"https:\/\/multi-gyn.com\/uy\/#\/schema\/logo\/image\/"}}]}},"_links":{"self":[{"href":"https:\/\/multi-gyn.com\/uy\/wp-json\/wp\/v2\/pages\/223","targetHints":{"allow":["GET"]}}],"collection":[{"href":"https:\/\/multi-gyn.com\/uy\/wp-json\/wp\/v2\/pages"}],"about":[{"href":"https:\/\/multi-gyn.com\/uy\/wp-json\/wp\/v2\/types\/page"}],"author":[{"embeddable":true,"href":"https:\/\/multi-gyn.com\/uy\/wp-json\/wp\/v2\/users\/2"}],"replies":[{"embeddable":true,"href":"https:\/\/multi-gyn.com\/uy\/wp-json\/wp\/v2\/comments?post=223"}],"version-history":[{"count":2,"href":"https:\/\/multi-gyn.com\/uy\/wp-json\/wp\/v2\/pages\/223\/revisions"}],"predecessor-version":[{"id":421,"href":"https:\/\/multi-gyn.com\/uy\/wp-json\/wp\/v2\/pages\/223\/revisions\/421"}],"up":[{"embeddable":true,"href":"https:\/\/multi-gyn.com\/uy\/wp-json\/wp\/v2\/pages\/31"}],"wp:attachment":[{"href":"https:\/\/multi-gyn.com\/uy\/wp-json\/wp\/v2\/media?parent=223"}],"wp:term":[{"taxonomy":"from-article-database","embeddable":true,"href":"https:\/\/multi-gyn.com\/uy\/wp-json\/wp\/v2\/from-article-database?post=223"}],"curies":[{"name":"wp","href":"https:\/\/api.w.org\/{rel}","templated":true}]}}