{"id":225,"date":"2023-05-11T06:08:17","date_gmt":"2023-05-11T09:08:17","guid":{"rendered":"https:\/\/multi-gyn.com\/uy\/?page_id=225"},"modified":"2023-05-12T11:09:16","modified_gmt":"2023-05-12T14:09:16","slug":"irritaciones-vaginales-y-labios-inflamados","status":"publish","type":"page","link":"https:\/\/multi-gyn.com\/uy\/salud-vaginal\/molestias\/irritaciones-vaginales-y-labios-inflamados\/","title":{"rendered":"Irritaciones vaginales y labios inflamados"},"content":{"rendered":"\n<div class=\"wp-block-karopharma-free-text pt-large pb-large bg-center bg-cover bg-no-repeat  is-style-primary\" style=\"background-image:url()\"><div class=\"free-text-wrapper container max-w-medium text-left\">\n<h1 class=\"is-style-heading-h1 wp-block-heading\">Irritaciones vaginales y labios inflamados<\/h1>\n\n\n\n<p class=\"is-style-paragraph-preamble\">Irritaciones vaginales y labios inflamados son incomodidades vaginales frecuentes. Aprende m\u00e1s acerca de sus causas, s\u00edntomas y como solucionarlo.<\/p>\n<\/div><\/div>\n\n\n\n<div class=\"wp-block-karopharma-free-text pt-large pb-large bg-center bg-cover bg-no-repeat  is-style-transparent\" style=\"background-image:url()\"><div class=\"free-text-wrapper container max-w-medium text-left\">\n<p class=\"is-style-paragraph-body-text\">La irritaci\u00f3n vaginal puede ser muy inc\u00f3moda, y tambi\u00e9n muy dolorosa, lo que afecta a tu calidad de vida. La inflamaci\u00f3n de los labios puede hacerte sentir inquieta, que no puedas sentarte c\u00f3modamente o llevar pantalones, a causa de la fricci\u00f3n. Esta condici\u00f3n suele venir acompa\u00f1ada de otros s\u00edntomas como sensaci\u00f3n de ardor o picaz\u00f3n vaginal. La inflamaci\u00f3n puede ser generalizada, incluyendo los labios internos y externos, o localizada afectando a solo una parte de la vulva.<\/p>\n\n\n\n<h2 class=\"is-style-heading-h2 wp-block-heading\">\u00bfQu\u00e9 causa la inflamaci\u00f3n de los labios?<\/h2>\n\n\n\n<p>Puede haber varias causas, algunas de ellas son:<\/p>\n\n\n\n<ul class=\"is-style-default wp-block-list\"><li>Irritaci\u00f3n o reacci\u00f3n al\u00e9rgica. En este caso, la irritaci\u00f3n suele ser causada por un producto como un jab\u00f3n, gel, loci\u00f3n, desodorante \u00edntimo, etc. Estos productos normalmente contienen qu\u00edmicos que irritan la delicada piel de la zona \u00edntima causando inflamaci\u00f3n y dolor. Este tipo de reacci\u00f3n puede ocurrir incluso con productos que hayas estado utilizando durante a\u00f1os.<\/li><li>\u00bfSe produce la inflamaci\u00f3n tras la relaci\u00f3n sexual? Puedes ser al\u00e9rgica al l\u00e1tex de los preservativos, a un lubricante o al semen de tu pareja. La inflamaci\u00f3n tambi\u00e9n se puede dar tras una relaci\u00f3n sexual dolorosa, especialmente si no has utilizado ning\u00fan lubricante y tu lubricaci\u00f3n natural es insuficiente.<\/li><li>Candidiasis vaginal. La inflamaci\u00f3n de los labios es indicativa de esta condici\u00f3n. Una infecci\u00f3n por hongos se reconoce con frecuencia por cursar con una secreci\u00f3n vaginal espesa y blanca parecida al reques\u00f3n.<\/li><li>Vaginosis bacteriana. Los s\u00edntomas incluyen una secreci\u00f3n vaginal fina, gris\u00e1cea o blanca con un fuerte olor a pescado.<\/li><li>Embarazo. Durante el embarazo aumenta la presi\u00f3n en los \u00f3rganos reproductores y sus vasos sangu\u00edneos debido al peso del beb\u00e9. Se reduce la circulaci\u00f3n, causando inflamaci\u00f3n y dolor en la vulva.<\/li><li>Parto. Durante el parto la mujer experimenta un da\u00f1o en el tejido que suele provocar inflamaci\u00f3n y dolor.<\/li><\/ul>\n\n\n\n<p class=\"is-style-paragraph-preamble has-primary-color has-text-color\"><em>\u00abHay varias causas que provocan la inflamaci\u00f3n de los labios, algunas de ellas son irritaci\u00f3n, relaciones sexuales o infecciones.\u00bb<\/em><\/p>\n\n\n\n<h2 class=\"is-style-heading-h2 wp-block-heading\">\u00bfC\u00f3mo prevenir la inflamaci\u00f3n de los labios?<\/h2>\n\n\n\n<p>Evita utilizar productos que contengan jabones fuertes, qu\u00edmicos agresivos, perfumes o colorantes. Si experimentas irritaci\u00f3n tras la aplicaci\u00f3n de alg\u00fan producto, enjuaga la zona minuciosamente y lo antes posible para retirar el producto y minimizar el da\u00f1o. A continuaci\u00f3n puedes aplicar un producto natural calmante para reducir los s\u00edntomas y acelerar la recuperaci\u00f3n. Elige un jab\u00f3n \u00edntimo que solo contenga agentes limpiadores suaves y preferiblemente naturales. Evita cualquier producto, jabones y toallitas que contenga perfumes, jabones alcalinos, detergentes o conservantes.<\/p>\n\n\n\n<p>Si experimentas <a href=\"https:\/\/multi-gyn.com\/uy\/salud-vaginal\/molestias\/resequedad-vaginal-causas-y-tratamiento\/\">sequedad vaginal<\/a>, utiliza un lubricante durante la relaci\u00f3n sexual o aplica a diario un hidratante vaginal para un efecto m\u00e1s duradero. De esta manera obtendr\u00e1s un alivio de la sequedad vaginal a largo plazo. Si ya experimentas una irritaci\u00f3n, evita mantener relaciones sexuales hasta que se cure esta zona y los s\u00edntomas desaparezcan.<\/p>\n\n\n\n<p>Si padeces una candidiasis o vaginosis bacteriana, acude al m\u00e9dico para recibir el tratamiento adecuado. Tambi\u00e9n puedes utilizar un producto a base de prebi\u00f3ticos o un tratamiento anti-adhesi\u00f3n que promuven el crecimiento de las bacterias beneficiosas y ayudan a reequilibrar tu flora vaginal.<\/p>\n\n\n\n<p>Evita vestir con ropa ajustada, especialmente mientras dure la irritaci\u00f3n. Aseg\u00farate de utilizar ropa interior de materiales naturales (el algod\u00f3n permite que la piel transpire, mientras que los tejidos sint\u00e9ticos solo har\u00e1n que la irritaci\u00f3n empeore). Intenta dormir sin ropa interior para permitir que la piel transpire y se recupere durante la noche.<\/p>\n\n\n\n<p>Si sufres de inflamaci\u00f3n en los labios, intenta enfriar la zona irritada (puedes utilizar una compresa fr\u00eda o un ba\u00f1o de hielo). El fr\u00edo reduce la inflamaci\u00f3n y alivia temporalmente el dolor.<\/p>\n\n\n\n<p>Evita la necesidad de rascarte la zona. Esto puede da\u00f1ar el tejido y los s\u00edntomas se volver\u00edan a\u00fan m\u00e1s inc\u00f3modos.<\/p>\n\n\n\n<p>Si la inflamaci\u00f3n dura m\u00e1s de una semana, consulta con tu m\u00e9dico para encontrar la causa de la irritaci\u00f3n.<\/p>\n<\/div><\/div>\n","protected":false},"excerpt":{"rendered":"","protected":false},"author":2,"featured_media":0,"parent":31,"menu_order":3,"comment_status":"closed","ping_status":"closed","template":"","meta":{"_acf_changed":false,"footnotes":""},"from-article-database":[],"class_list":["post-225","page","type-page","status-publish","hentry"],"acf":[],"yoast_head":"<!-- This site is optimized with the Yoast SEO plugin v26.6 - https:\/\/yoast.com\/wordpress\/plugins\/seo\/ -->\n<title>Irritaciones vaginales y labios inflamados - Multi-Gyn<\/title>\n<meta name=\"description\" content=\"Irritaciones vaginales y labios inflamados son incomodidades vaginales frecuentes. Aprende m\u00e1s acerca de sus causas, s\u00edntomas y como solucionarlo.\" \/>\n<meta name=\"robots\" content=\"index, follow, max-snippet:-1, max-image-preview:large, max-video-preview:-1\" \/>\n<link rel=\"canonical\" href=\"https:\/\/multi-gyn.com\/uy\/salud-vaginal\/molestias\/irritaciones-vaginales-y-labios-inflamados\/\" \/>\n<meta property=\"og:locale\" content=\"es_ES\" \/>\n<meta property=\"og:type\" content=\"article\" \/>\n<meta property=\"og:title\" content=\"Irritaciones vaginales y labios inflamados - Multi-Gyn\" \/>\n<meta property=\"og:description\" content=\"Irritaciones vaginales y labios inflamados son incomodidades vaginales frecuentes. Aprende m\u00e1s acerca de sus causas, s\u00edntomas y como solucionarlo.\" \/>\n<meta property=\"og:url\" content=\"https:\/\/multi-gyn.com\/uy\/salud-vaginal\/molestias\/irritaciones-vaginales-y-labios-inflamados\/\" \/>\n<meta property=\"og:site_name\" content=\"Multi-Gyn\" \/>\n<meta property=\"article:modified_time\" content=\"2023-05-12T14:09:16+00:00\" \/>\n<meta name=\"twitter:card\" content=\"summary_large_image\" \/>\n<meta name=\"twitter:label1\" content=\"Est. reading time\" \/>\n\t<meta name=\"twitter:data1\" content=\"3 minutos\" \/>\n<script type=\"application\/ld+json\" class=\"yoast-schema-graph\">{\"@context\":\"https:\/\/schema.org\",\"@graph\":[{\"@type\":\"WebPage\",\"@id\":\"https:\/\/multi-gyn.com\/uy\/salud-vaginal\/molestias\/irritaciones-vaginales-y-labios-inflamados\/\",\"url\":\"https:\/\/multi-gyn.com\/uy\/salud-vaginal\/molestias\/irritaciones-vaginales-y-labios-inflamados\/\",\"name\":\"Irritaciones vaginales y labios inflamados - Multi-Gyn\",\"isPartOf\":{\"@id\":\"https:\/\/multi-gyn.com\/uy\/#website\"},\"datePublished\":\"2023-05-11T09:08:17+00:00\",\"dateModified\":\"2023-05-12T14:09:16+00:00\",\"description\":\"Irritaciones vaginales y labios inflamados son incomodidades vaginales frecuentes. Aprende m\u00e1s acerca de sus causas, s\u00edntomas y como solucionarlo.\",\"breadcrumb\":{\"@id\":\"https:\/\/multi-gyn.com\/uy\/salud-vaginal\/molestias\/irritaciones-vaginales-y-labios-inflamados\/#breadcrumb\"},\"inLanguage\":\"es-UY\",\"potentialAction\":[{\"@type\":\"ReadAction\",\"target\":[\"https:\/\/multi-gyn.com\/uy\/salud-vaginal\/molestias\/irritaciones-vaginales-y-labios-inflamados\/\"]}]},{\"@type\":\"BreadcrumbList\",\"@id\":\"https:\/\/multi-gyn.com\/uy\/salud-vaginal\/molestias\/irritaciones-vaginales-y-labios-inflamados\/#breadcrumb\",\"itemListElement\":[{\"@type\":\"ListItem\",\"position\":1,\"name\":\"Home\",\"item\":\"https:\/\/multi-gyn.com\/uy\/\"},{\"@type\":\"ListItem\",\"position\":2,\"name\":\"Salud vaginal\",\"item\":\"https:\/\/multi-gyn.com\/uy\/salud-vaginal\/\"},{\"@type\":\"ListItem\",\"position\":3,\"name\":\"Molestias\",\"item\":\"https:\/\/multi-gyn.com\/uy\/salud-vaginal\/molestias\/\"},{\"@type\":\"ListItem\",\"position\":4,\"name\":\"Irritaciones vaginales y labios inflamados\"}]},{\"@type\":\"WebSite\",\"@id\":\"https:\/\/multi-gyn.com\/uy\/#website\",\"url\":\"https:\/\/multi-gyn.com\/uy\/\",\"name\":\"Multi-Gyn\",\"description\":\"\",\"publisher\":{\"@id\":\"https:\/\/multi-gyn.com\/uy\/#organization\"},\"potentialAction\":[{\"@type\":\"SearchAction\",\"target\":{\"@type\":\"EntryPoint\",\"urlTemplate\":\"https:\/\/multi-gyn.com\/uy\/?s={search_term_string}\"},\"query-input\":{\"@type\":\"PropertyValueSpecification\",\"valueRequired\":true,\"valueName\":\"search_term_string\"}}],\"inLanguage\":\"es-UY\"},{\"@type\":\"Organization\",\"@id\":\"https:\/\/multi-gyn.com\/uy\/#organization\",\"name\":\"Multi-Gyn\",\"url\":\"https:\/\/multi-gyn.com\/uy\/\",\"logo\":{\"@type\":\"ImageObject\",\"inLanguage\":\"es-UY\",\"@id\":\"https:\/\/multi-gyn.com\/uy\/#\/schema\/logo\/image\/\",\"url\":\"https:\/\/multi-gyn.com\/app\/uploads\/sites\/47\/2023\/05\/multi-gyn-logo.png\",\"contentUrl\":\"https:\/\/multi-gyn.com\/app\/uploads\/sites\/47\/2023\/05\/multi-gyn-logo.png\",\"width\":149,\"height\":32,\"caption\":\"Multi-Gyn\"},\"image\":{\"@id\":\"https:\/\/multi-gyn.com\/uy\/#\/schema\/logo\/image\/\"}}]}<\/script>\n<!-- \/ Yoast SEO plugin. -->","yoast_head_json":{"title":"Irritaciones vaginales y labios inflamados - Multi-Gyn","description":"Irritaciones vaginales y labios inflamados son incomodidades vaginales frecuentes. Aprende m\u00e1s acerca de sus causas, s\u00edntomas y como solucionarlo.","robots":{"index":"index","follow":"follow","max-snippet":"max-snippet:-1","max-image-preview":"max-image-preview:large","max-video-preview":"max-video-preview:-1"},"canonical":"https:\/\/multi-gyn.com\/uy\/salud-vaginal\/molestias\/irritaciones-vaginales-y-labios-inflamados\/","og_locale":"es_ES","og_type":"article","og_title":"Irritaciones vaginales y labios inflamados - Multi-Gyn","og_description":"Irritaciones vaginales y labios inflamados son incomodidades vaginales frecuentes. Aprende m\u00e1s acerca de sus causas, s\u00edntomas y como solucionarlo.","og_url":"https:\/\/multi-gyn.com\/uy\/salud-vaginal\/molestias\/irritaciones-vaginales-y-labios-inflamados\/","og_site_name":"Multi-Gyn","article_modified_time":"2023-05-12T14:09:16+00:00","twitter_card":"summary_large_image","twitter_misc":{"Est. reading time":"3 minutos"},"schema":{"@context":"https:\/\/schema.org","@graph":[{"@type":"WebPage","@id":"https:\/\/multi-gyn.com\/uy\/salud-vaginal\/molestias\/irritaciones-vaginales-y-labios-inflamados\/","url":"https:\/\/multi-gyn.com\/uy\/salud-vaginal\/molestias\/irritaciones-vaginales-y-labios-inflamados\/","name":"Irritaciones vaginales y labios inflamados - Multi-Gyn","isPartOf":{"@id":"https:\/\/multi-gyn.com\/uy\/#website"},"datePublished":"2023-05-11T09:08:17+00:00","dateModified":"2023-05-12T14:09:16+00:00","description":"Irritaciones vaginales y labios inflamados son incomodidades vaginales frecuentes. Aprende m\u00e1s acerca de sus causas, s\u00edntomas y como solucionarlo.","breadcrumb":{"@id":"https:\/\/multi-gyn.com\/uy\/salud-vaginal\/molestias\/irritaciones-vaginales-y-labios-inflamados\/#breadcrumb"},"inLanguage":"es-UY","potentialAction":[{"@type":"ReadAction","target":["https:\/\/multi-gyn.com\/uy\/salud-vaginal\/molestias\/irritaciones-vaginales-y-labios-inflamados\/"]}]},{"@type":"BreadcrumbList","@id":"https:\/\/multi-gyn.com\/uy\/salud-vaginal\/molestias\/irritaciones-vaginales-y-labios-inflamados\/#breadcrumb","itemListElement":[{"@type":"ListItem","position":1,"name":"Home","item":"https:\/\/multi-gyn.com\/uy\/"},{"@type":"ListItem","position":2,"name":"Salud vaginal","item":"https:\/\/multi-gyn.com\/uy\/salud-vaginal\/"},{"@type":"ListItem","position":3,"name":"Molestias","item":"https:\/\/multi-gyn.com\/uy\/salud-vaginal\/molestias\/"},{"@type":"ListItem","position":4,"name":"Irritaciones vaginales y labios inflamados"}]},{"@type":"WebSite","@id":"https:\/\/multi-gyn.com\/uy\/#website","url":"https:\/\/multi-gyn.com\/uy\/","name":"Multi-Gyn","description":"","publisher":{"@id":"https:\/\/multi-gyn.com\/uy\/#organization"},"potentialAction":[{"@type":"SearchAction","target":{"@type":"EntryPoint","urlTemplate":"https:\/\/multi-gyn.com\/uy\/?s={search_term_string}"},"query-input":{"@type":"PropertyValueSpecification","valueRequired":true,"valueName":"search_term_string"}}],"inLanguage":"es-UY"},{"@type":"Organization","@id":"https:\/\/multi-gyn.com\/uy\/#organization","name":"Multi-Gyn","url":"https:\/\/multi-gyn.com\/uy\/","logo":{"@type":"ImageObject","inLanguage":"es-UY","@id":"https:\/\/multi-gyn.com\/uy\/#\/schema\/logo\/image\/","url":"https:\/\/multi-gyn.com\/app\/uploads\/sites\/47\/2023\/05\/multi-gyn-logo.png","contentUrl":"https:\/\/multi-gyn.com\/app\/uploads\/sites\/47\/2023\/05\/multi-gyn-logo.png","width":149,"height":32,"caption":"Multi-Gyn"},"image":{"@id":"https:\/\/multi-gyn.com\/uy\/#\/schema\/logo\/image\/"}}]}},"_links":{"self":[{"href":"https:\/\/multi-gyn.com\/uy\/wp-json\/wp\/v2\/pages\/225","targetHints":{"allow":["GET"]}}],"collection":[{"href":"https:\/\/multi-gyn.com\/uy\/wp-json\/wp\/v2\/pages"}],"about":[{"href":"https:\/\/multi-gyn.com\/uy\/wp-json\/wp\/v2\/types\/page"}],"author":[{"embeddable":true,"href":"https:\/\/multi-gyn.com\/uy\/wp-json\/wp\/v2\/users\/2"}],"replies":[{"embeddable":true,"href":"https:\/\/multi-gyn.com\/uy\/wp-json\/wp\/v2\/comments?post=225"}],"version-history":[{"count":3,"href":"https:\/\/multi-gyn.com\/uy\/wp-json\/wp\/v2\/pages\/225\/revisions"}],"predecessor-version":[{"id":423,"href":"https:\/\/multi-gyn.com\/uy\/wp-json\/wp\/v2\/pages\/225\/revisions\/423"}],"up":[{"embeddable":true,"href":"https:\/\/multi-gyn.com\/uy\/wp-json\/wp\/v2\/pages\/31"}],"wp:attachment":[{"href":"https:\/\/multi-gyn.com\/uy\/wp-json\/wp\/v2\/media?parent=225"}],"wp:term":[{"taxonomy":"from-article-database","embeddable":true,"href":"https:\/\/multi-gyn.com\/uy\/wp-json\/wp\/v2\/from-article-database?post=225"}],"curies":[{"name":"wp","href":"https:\/\/api.w.org\/{rel}","templated":true}]}}