{"id":227,"date":"2023-05-11T06:08:36","date_gmt":"2023-05-11T09:08:36","guid":{"rendered":"https:\/\/multi-gyn.com\/uy\/?page_id=227"},"modified":"2023-05-15T06:22:54","modified_gmt":"2023-05-15T09:22:54","slug":"sensacion-de-ardor-en-la-vagina","status":"publish","type":"page","link":"https:\/\/multi-gyn.com\/uy\/salud-vaginal\/molestias\/sensacion-de-ardor-en-la-vagina\/","title":{"rendered":"Sensaci\u00f3n de ardor en la vagina"},"content":{"rendered":"\n<div class=\"wp-block-karopharma-free-text pt-large pb-large bg-center bg-cover bg-no-repeat  is-style-primary\" style=\"background-image:url()\"><div class=\"free-text-wrapper container max-w-medium text-left\">\n<h1 class=\"is-style-heading-h1 wp-block-heading\">Sensaci\u00f3n de ardor en la vagina<\/h1>\n\n\n\n<p class=\"is-style-paragraph-preamble\">Una sensaci\u00f3n de ardor en la zona \u00edntima es una una incomodidad vaginal frecuente. Aprende m\u00e1s acerca de sus causas y posibles formas de solucionarlo.<\/p>\n<\/div><\/div>\n\n\n\n<div class=\"wp-block-karopharma-free-text pt-large pb-large bg-center bg-cover bg-no-repeat  is-style-transparent\" style=\"background-image:url()\"><div class=\"free-text-wrapper container max-w-medium text-left\">\n<p>Toda mujer padece molestias vaginales en alg\u00fan momento de su vida. Los s\u00edntomas m\u00e1s frecuentes incluyen aumento de la secreci\u00f3n vaginal, olor, picaz\u00f3n, dolor y ardor vaginal. Estos s\u00edntomas pueden afectar seriamente la calidad de vida. Tu vida sexual se puede ver particularmente afectada porque el sexo puede volverse muy inc\u00f3modo e incluso doloroso.<\/p>\n\n\n\n<p><strong>La sensaci\u00f3n de ardor en la zona \u00edntima suele ser un signo de irritaci\u00f3n o infecci\u00f3n. Puede ser causado por:<\/strong><\/p>\n\n\n\n<ul class=\"is-style-default wp-block-list\"><li>Vaginosis bacteriana<\/li><li>Hongos (tambi\u00e9n conocido como candidiasis)<\/li><li>Jabones fuertes, lociones, spray vaginales, ba\u00f1os de burbujas, etc. Este tipo de productos contienen con frecuencia agentes irritantes y al\u00e9rgenos que pueden provocar una sensaci\u00f3n de ardor poco despu\u00e9s de su aplicaci\u00f3n.<\/li><li>Menopausia. La falta de estr\u00f3genos causa un adelgazamiento y reducci\u00f3n del tejido vaginal, y una p\u00e9rdida de la lubricaci\u00f3n necesaria para una relaci\u00f3n sexual indolora. Esto puede causar fricci\u00f3n e inflamaci\u00f3n porque el tejido no es tan el\u00e1stico ni grueso como lo ser\u00eda con mayor nivel de estr\u00f3genos.<\/li><li>Tanto la falta de higiene como el exceso de higiene pueden da\u00f1ar la capa protectora de la piel y abrir puertas a los microbios, irritantes y al\u00e9rgenos. Utilizar un jab\u00f3n corriente o geles agresivos puede quitar la capa \u201cde barrera\u201d de la piel, causando inflamaci\u00f3n e irritaci\u00f3n.<\/li><li>Cambios en el valor de pH de la vagina. Esto se puede dar por muchos factores, incluyendo enfermedad, medicaci\u00f3n, jabones y geles agresivos.<\/li><li>Antibi\u00f3ticos y antimic\u00f3ticos<\/li><li>Diabetes<\/li><li>Ropa interior sint\u00e9tica y ropa ajustada<\/li><li>Irritaci\u00f3n por preservativos, espermicidas, lubricantes o incluso el semen.<\/li><\/ul>\n\n\n\n<p class=\"is-style-paragraph-preamble has-primary-color has-text-color\"><em>\u00abLa sensaci\u00f3n de ardor en la zona \u00edntima suele ser un signo de irritaci\u00f3n o infecci\u00f3n\u00bb<\/em><\/p>\n\n\n\n<h2 class=\"is-style-heading-h2 wp-block-heading\">\u00bfQu\u00e9 hacer si experimentas ardor vaginal?<\/h2>\n\n\n\n<p>Si sospechas que el ardor puede estar relacionado con un producto que has utilizado recientemente, enjuaga la zona con abundante agua lo antes posible y retira los restos para minimizar el efecto. Despu\u00e9s, utiliza un producto natural calmante o un gel vaginal con prebi\u00f3ticos para ayudar a que las bacterias buenas se recuperen y proporcionar un alivio inmediato. Para evitar este tipo de situaciones, elige siempre productos naturales que no contengan qu\u00edmicos agresivos, perfumes ni colorantes.<\/p>\n\n\n\n<p>Si experimentas otros s\u00edntomas, como secreci\u00f3n vaginal, olor, picaz\u00f3n o dolor, es posible que tengas una infecci\u00f3n. Consulta con tu medico en estos casos. Existen productos buenos y altamente eficaces (que no son antibi\u00f3ticos ni antimic\u00f3ticos) para prevenir la vaginosis bacteriana, candidiasis y otros desequilibrios microbianos.<\/p>\n\n\n\n<p>Si experimentas ardor vaginal debido a sequedad, consulta a tu Ginec\u00f3logo\/a para una adecuada soluci\u00f3n. Las opciones pueden ser cremas de estr\u00f3geno, humectantes y lubricantes vaginales. La gran diferencia es que La principal diferencia entre lubricantes y humectantes es que los humectantes pueden ofrecer un efecto a largo plazo, mientras que los lubricantes se usan antes de las relaciones sexuales, para aliviar de forma temporal el dolor y la fricci\u00f3n.<\/p>\n\n\n\n<p>Cuando se experimenta irritaci\u00f3n e inflamaci\u00f3n, dale algo de tiempo a tu vagina y evita las relaciones sexuales hasta que los s\u00edntomas hayan desaparecido completamente. Resiste la necesidad de rascar el area afectada porque esto solo empeorar\u00e1 las cosas, causando m\u00e1s inflamaci\u00f3n y dolor.<\/p>\n<\/div><\/div>\n","protected":false},"excerpt":{"rendered":"","protected":false},"author":2,"featured_media":0,"parent":31,"menu_order":4,"comment_status":"closed","ping_status":"closed","template":"","meta":{"_acf_changed":false,"footnotes":""},"from-article-database":[],"class_list":["post-227","page","type-page","status-publish","hentry"],"acf":[],"yoast_head":"<!-- This site is optimized with the Yoast SEO plugin v26.6 - https:\/\/yoast.com\/wordpress\/plugins\/seo\/ -->\n<title>Sensaci\u00f3n de ardor en la vagina - Multi-Gyn<\/title>\n<meta name=\"description\" content=\"Una sensaci\u00f3n de ardor en la zona \u00edntima es una una incomodidad vaginal frecuente. Aprende m\u00e1s acerca de sus causas y posibles formas de solucionarlo.\" \/>\n<meta name=\"robots\" content=\"index, follow, max-snippet:-1, max-image-preview:large, max-video-preview:-1\" \/>\n<link rel=\"canonical\" href=\"https:\/\/multi-gyn.com\/uy\/salud-vaginal\/molestias\/sensacion-de-ardor-en-la-vagina\/\" \/>\n<meta property=\"og:locale\" content=\"es_ES\" \/>\n<meta property=\"og:type\" content=\"article\" \/>\n<meta property=\"og:title\" content=\"Sensaci\u00f3n de ardor en la vagina - Multi-Gyn\" \/>\n<meta property=\"og:description\" content=\"Una sensaci\u00f3n de ardor en la zona \u00edntima es una una incomodidad vaginal frecuente. Aprende m\u00e1s acerca de sus causas y posibles formas de solucionarlo.\" \/>\n<meta property=\"og:url\" content=\"https:\/\/multi-gyn.com\/uy\/salud-vaginal\/molestias\/sensacion-de-ardor-en-la-vagina\/\" \/>\n<meta property=\"og:site_name\" content=\"Multi-Gyn\" \/>\n<meta property=\"article:modified_time\" content=\"2023-05-15T09:22:54+00:00\" \/>\n<meta name=\"twitter:card\" content=\"summary_large_image\" \/>\n<meta name=\"twitter:label1\" content=\"Est. reading time\" \/>\n\t<meta name=\"twitter:data1\" content=\"3 minutos\" \/>\n<script type=\"application\/ld+json\" class=\"yoast-schema-graph\">{\"@context\":\"https:\/\/schema.org\",\"@graph\":[{\"@type\":\"WebPage\",\"@id\":\"https:\/\/multi-gyn.com\/uy\/salud-vaginal\/molestias\/sensacion-de-ardor-en-la-vagina\/\",\"url\":\"https:\/\/multi-gyn.com\/uy\/salud-vaginal\/molestias\/sensacion-de-ardor-en-la-vagina\/\",\"name\":\"Sensaci\u00f3n de ardor en la vagina - Multi-Gyn\",\"isPartOf\":{\"@id\":\"https:\/\/multi-gyn.com\/uy\/#website\"},\"datePublished\":\"2023-05-11T09:08:36+00:00\",\"dateModified\":\"2023-05-15T09:22:54+00:00\",\"description\":\"Una sensaci\u00f3n de ardor en la zona \u00edntima es una una incomodidad vaginal frecuente. Aprende m\u00e1s acerca de sus causas y posibles formas de solucionarlo.\",\"breadcrumb\":{\"@id\":\"https:\/\/multi-gyn.com\/uy\/salud-vaginal\/molestias\/sensacion-de-ardor-en-la-vagina\/#breadcrumb\"},\"inLanguage\":\"es-UY\",\"potentialAction\":[{\"@type\":\"ReadAction\",\"target\":[\"https:\/\/multi-gyn.com\/uy\/salud-vaginal\/molestias\/sensacion-de-ardor-en-la-vagina\/\"]}]},{\"@type\":\"BreadcrumbList\",\"@id\":\"https:\/\/multi-gyn.com\/uy\/salud-vaginal\/molestias\/sensacion-de-ardor-en-la-vagina\/#breadcrumb\",\"itemListElement\":[{\"@type\":\"ListItem\",\"position\":1,\"name\":\"Home\",\"item\":\"https:\/\/multi-gyn.com\/uy\/\"},{\"@type\":\"ListItem\",\"position\":2,\"name\":\"Salud vaginal\",\"item\":\"https:\/\/multi-gyn.com\/uy\/salud-vaginal\/\"},{\"@type\":\"ListItem\",\"position\":3,\"name\":\"Molestias\",\"item\":\"https:\/\/multi-gyn.com\/uy\/salud-vaginal\/molestias\/\"},{\"@type\":\"ListItem\",\"position\":4,\"name\":\"Sensaci\u00f3n de ardor en la vagina\"}]},{\"@type\":\"WebSite\",\"@id\":\"https:\/\/multi-gyn.com\/uy\/#website\",\"url\":\"https:\/\/multi-gyn.com\/uy\/\",\"name\":\"Multi-Gyn\",\"description\":\"\",\"publisher\":{\"@id\":\"https:\/\/multi-gyn.com\/uy\/#organization\"},\"potentialAction\":[{\"@type\":\"SearchAction\",\"target\":{\"@type\":\"EntryPoint\",\"urlTemplate\":\"https:\/\/multi-gyn.com\/uy\/?s={search_term_string}\"},\"query-input\":{\"@type\":\"PropertyValueSpecification\",\"valueRequired\":true,\"valueName\":\"search_term_string\"}}],\"inLanguage\":\"es-UY\"},{\"@type\":\"Organization\",\"@id\":\"https:\/\/multi-gyn.com\/uy\/#organization\",\"name\":\"Multi-Gyn\",\"url\":\"https:\/\/multi-gyn.com\/uy\/\",\"logo\":{\"@type\":\"ImageObject\",\"inLanguage\":\"es-UY\",\"@id\":\"https:\/\/multi-gyn.com\/uy\/#\/schema\/logo\/image\/\",\"url\":\"https:\/\/multi-gyn.com\/app\/uploads\/sites\/47\/2023\/05\/multi-gyn-logo.png\",\"contentUrl\":\"https:\/\/multi-gyn.com\/app\/uploads\/sites\/47\/2023\/05\/multi-gyn-logo.png\",\"width\":149,\"height\":32,\"caption\":\"Multi-Gyn\"},\"image\":{\"@id\":\"https:\/\/multi-gyn.com\/uy\/#\/schema\/logo\/image\/\"}}]}<\/script>\n<!-- \/ Yoast SEO plugin. -->","yoast_head_json":{"title":"Sensaci\u00f3n de ardor en la vagina - Multi-Gyn","description":"Una sensaci\u00f3n de ardor en la zona \u00edntima es una una incomodidad vaginal frecuente. Aprende m\u00e1s acerca de sus causas y posibles formas de solucionarlo.","robots":{"index":"index","follow":"follow","max-snippet":"max-snippet:-1","max-image-preview":"max-image-preview:large","max-video-preview":"max-video-preview:-1"},"canonical":"https:\/\/multi-gyn.com\/uy\/salud-vaginal\/molestias\/sensacion-de-ardor-en-la-vagina\/","og_locale":"es_ES","og_type":"article","og_title":"Sensaci\u00f3n de ardor en la vagina - Multi-Gyn","og_description":"Una sensaci\u00f3n de ardor en la zona \u00edntima es una una incomodidad vaginal frecuente. Aprende m\u00e1s acerca de sus causas y posibles formas de solucionarlo.","og_url":"https:\/\/multi-gyn.com\/uy\/salud-vaginal\/molestias\/sensacion-de-ardor-en-la-vagina\/","og_site_name":"Multi-Gyn","article_modified_time":"2023-05-15T09:22:54+00:00","twitter_card":"summary_large_image","twitter_misc":{"Est. reading time":"3 minutos"},"schema":{"@context":"https:\/\/schema.org","@graph":[{"@type":"WebPage","@id":"https:\/\/multi-gyn.com\/uy\/salud-vaginal\/molestias\/sensacion-de-ardor-en-la-vagina\/","url":"https:\/\/multi-gyn.com\/uy\/salud-vaginal\/molestias\/sensacion-de-ardor-en-la-vagina\/","name":"Sensaci\u00f3n de ardor en la vagina - Multi-Gyn","isPartOf":{"@id":"https:\/\/multi-gyn.com\/uy\/#website"},"datePublished":"2023-05-11T09:08:36+00:00","dateModified":"2023-05-15T09:22:54+00:00","description":"Una sensaci\u00f3n de ardor en la zona \u00edntima es una una incomodidad vaginal frecuente. Aprende m\u00e1s acerca de sus causas y posibles formas de solucionarlo.","breadcrumb":{"@id":"https:\/\/multi-gyn.com\/uy\/salud-vaginal\/molestias\/sensacion-de-ardor-en-la-vagina\/#breadcrumb"},"inLanguage":"es-UY","potentialAction":[{"@type":"ReadAction","target":["https:\/\/multi-gyn.com\/uy\/salud-vaginal\/molestias\/sensacion-de-ardor-en-la-vagina\/"]}]},{"@type":"BreadcrumbList","@id":"https:\/\/multi-gyn.com\/uy\/salud-vaginal\/molestias\/sensacion-de-ardor-en-la-vagina\/#breadcrumb","itemListElement":[{"@type":"ListItem","position":1,"name":"Home","item":"https:\/\/multi-gyn.com\/uy\/"},{"@type":"ListItem","position":2,"name":"Salud vaginal","item":"https:\/\/multi-gyn.com\/uy\/salud-vaginal\/"},{"@type":"ListItem","position":3,"name":"Molestias","item":"https:\/\/multi-gyn.com\/uy\/salud-vaginal\/molestias\/"},{"@type":"ListItem","position":4,"name":"Sensaci\u00f3n de ardor en la vagina"}]},{"@type":"WebSite","@id":"https:\/\/multi-gyn.com\/uy\/#website","url":"https:\/\/multi-gyn.com\/uy\/","name":"Multi-Gyn","description":"","publisher":{"@id":"https:\/\/multi-gyn.com\/uy\/#organization"},"potentialAction":[{"@type":"SearchAction","target":{"@type":"EntryPoint","urlTemplate":"https:\/\/multi-gyn.com\/uy\/?s={search_term_string}"},"query-input":{"@type":"PropertyValueSpecification","valueRequired":true,"valueName":"search_term_string"}}],"inLanguage":"es-UY"},{"@type":"Organization","@id":"https:\/\/multi-gyn.com\/uy\/#organization","name":"Multi-Gyn","url":"https:\/\/multi-gyn.com\/uy\/","logo":{"@type":"ImageObject","inLanguage":"es-UY","@id":"https:\/\/multi-gyn.com\/uy\/#\/schema\/logo\/image\/","url":"https:\/\/multi-gyn.com\/app\/uploads\/sites\/47\/2023\/05\/multi-gyn-logo.png","contentUrl":"https:\/\/multi-gyn.com\/app\/uploads\/sites\/47\/2023\/05\/multi-gyn-logo.png","width":149,"height":32,"caption":"Multi-Gyn"},"image":{"@id":"https:\/\/multi-gyn.com\/uy\/#\/schema\/logo\/image\/"}}]}},"_links":{"self":[{"href":"https:\/\/multi-gyn.com\/uy\/wp-json\/wp\/v2\/pages\/227","targetHints":{"allow":["GET"]}}],"collection":[{"href":"https:\/\/multi-gyn.com\/uy\/wp-json\/wp\/v2\/pages"}],"about":[{"href":"https:\/\/multi-gyn.com\/uy\/wp-json\/wp\/v2\/types\/page"}],"author":[{"embeddable":true,"href":"https:\/\/multi-gyn.com\/uy\/wp-json\/wp\/v2\/users\/2"}],"replies":[{"embeddable":true,"href":"https:\/\/multi-gyn.com\/uy\/wp-json\/wp\/v2\/comments?post=227"}],"version-history":[{"count":2,"href":"https:\/\/multi-gyn.com\/uy\/wp-json\/wp\/v2\/pages\/227\/revisions"}],"predecessor-version":[{"id":425,"href":"https:\/\/multi-gyn.com\/uy\/wp-json\/wp\/v2\/pages\/227\/revisions\/425"}],"up":[{"embeddable":true,"href":"https:\/\/multi-gyn.com\/uy\/wp-json\/wp\/v2\/pages\/31"}],"wp:attachment":[{"href":"https:\/\/multi-gyn.com\/uy\/wp-json\/wp\/v2\/media?parent=227"}],"wp:term":[{"taxonomy":"from-article-database","embeddable":true,"href":"https:\/\/multi-gyn.com\/uy\/wp-json\/wp\/v2\/from-article-database?post=227"}],"curies":[{"name":"wp","href":"https:\/\/api.w.org\/{rel}","templated":true}]}}