{"id":229,"date":"2023-05-11T06:08:52","date_gmt":"2023-05-11T09:08:52","guid":{"rendered":"https:\/\/multi-gyn.com\/uy\/?page_id=229"},"modified":"2023-05-15T06:30:42","modified_gmt":"2023-05-15T09:30:42","slug":"olor-fuerte-como-a-pescado","status":"publish","type":"page","link":"https:\/\/multi-gyn.com\/uy\/salud-vaginal\/molestias\/olor-fuerte-como-a-pescado\/","title":{"rendered":"Olor fuerte como a pescado"},"content":{"rendered":"\n<div class=\"wp-block-karopharma-free-text pt-large pb-large bg-center bg-cover bg-no-repeat  is-style-primary\" style=\"background-image:url()\"><div class=\"free-text-wrapper container max-w-medium text-left\">\n<h1 class=\"is-style-heading-h1 wp-block-heading\">Olor fuerte como a pescado<\/h1>\n\n\n\n<p class=\"is-style-paragraph-preamble\">\u00bfAlguna vez se ha preguntado a qu\u00e9 huele su vagina? Cada mujer es diferente: tenemos diferentes tonos de piel, color de cabello, fortaleza de las u\u00f1as, y todas olemos diferente.<\/p>\n<\/div><\/div>\n\n\n\n<div class=\"wp-block-karopharma-free-text pt-large pb-large bg-center bg-cover bg-no-repeat  is-style-transparent\" style=\"background-image:url()\"><div class=\"free-text-wrapper container max-w-medium text-left\">\n<p>Una secreci\u00f3n saludable usualmente tendr\u00e1 un olor d\u00e9bil, y puede ser espesa o ligera, m\u00e1s o menos abundante, dependiendo del ciclo mensual y el equilibrio hormonal actual. Al prestar especial atenci\u00f3n a nuestra secreci\u00f3n normal podemos aprender a predecir nuestra ovulaci\u00f3n o per\u00edodos menstruales. No s\u00f3lo eso, pero tambi\u00e9n podremos reconocer s\u00edntomas como cambio inusuales de color, cantidad aumentada de secreci\u00f3n o un olor fuerte como a pescado, y saber c\u00f3mo describirlos cuando hablemos con el doctor o el ginec\u00f3logo.<\/p>\n\n\n\n<h2 class=\"is-style-heading-h2 wp-block-heading\">\u00bfQu\u00e9 significa \u201color fuerte como a pescado\u201d?<\/h2>\n\n\n\n<p>Una flora vaginal saludable consiste principalmente de bacterias beneficiosas (conocidas como lactobacilos), pero puede tambi\u00e9n contener bajas cantidades de microorganismos perjudiciales. Estos se mantienen bajo control con varios factores en la vagina: el pH bajo, sustancias antimicrobianas producidas por el revestimiento vaginal o por el lactobacilo. El lactobacilo usualmente mantiene estas condiciones constantes, pero algunas veces los agentes externos (terapia antibi\u00f3tica, semen alcalino, higiene vaginal incorrecta) o factores internos (cambios hormonales) pueden alterar este equilibrio y causar un sobrecrecimiento de las bacterias perjudiciales, lo que resulta en una infecci\u00f3n vaginal y molestias. Una condici\u00f3n as\u00ed se llama vaginosis bacteriana y se caracteriza por una secreci\u00f3n poco espesa blanca o gris, un fuerte olor como a pescado, irritaci\u00f3n y dolor en la zona \u00edntima, y ocasionalmente comez\u00f3n y enrojecimiento. Como consecuencia del desequilibrio bacteriano y reducci\u00f3n en el recuento de lactobacilos, el pH del entorno vaginal se vuelve menos \u00e1cido.<\/p>\n\n\n\n<h2 class=\"is-style-heading-h2 wp-block-heading\">\u00bfQu\u00e9 se debe hacer si experimenta estos s\u00edntomas?<\/h2>\n\n\n\n<p>La vaginosis bacteriana puede ser una condici\u00f3n suave, generalmente aut\u00f3noma, que puede solucionarse despu\u00e9s de un tiempo, pero en algunos casos (embarazo, inmunodeficiencia, etc.) puede tener consecuencias m\u00e1s serias. El doctor evaluar\u00e1 su caso y prescribir\u00e1 la terapia adecuada, que puede incluir antibi\u00f3ticos. La alternativa al antibi\u00f3tico es usar productos naturales, los cuales restauran el pH de la vagina, tiene de pocos a nada de efecto secundarios, y le permiten a las bacterias beneficiosas reponer el equilibrio de la flora en el entorno vaginal.<\/p>\n\n\n\n<p class=\"is-style-paragraph-preamble has-primary-color has-text-color\"><em>\u00abLa vaginosis bacteriana se caracteriza por una secreci\u00f3n poco espesa blanca o gris, un fuerte olor como a pescado, irritaci\u00f3n y dolor en la zona \u00edntima, y ocasionalmente comez\u00f3n y enrojecimiento.\u00bb<\/em><\/p>\n<\/div><\/div>\n","protected":false},"excerpt":{"rendered":"","protected":false},"author":2,"featured_media":0,"parent":31,"menu_order":5,"comment_status":"closed","ping_status":"closed","template":"","meta":{"_acf_changed":false,"footnotes":""},"from-article-database":[],"class_list":["post-229","page","type-page","status-publish","hentry"],"acf":[],"yoast_head":"<!-- This site is optimized with the Yoast SEO plugin v26.6 - https:\/\/yoast.com\/wordpress\/plugins\/seo\/ -->\n<title>Olor fuerte como a pescado - Multi-Gyn<\/title>\n<meta name=\"description\" content=\"\u00bfAlguna vez se ha preguntado a qu\u00e9 huele su vagina? Cada mujer es diferente: tenemos diferentes tonos de piel, color de cabello, fortaleza de las u\u00f1as, y todas olemos diferente.\" \/>\n<meta name=\"robots\" content=\"index, follow, max-snippet:-1, max-image-preview:large, max-video-preview:-1\" \/>\n<link rel=\"canonical\" href=\"https:\/\/multi-gyn.com\/uy\/salud-vaginal\/molestias\/olor-fuerte-como-a-pescado\/\" \/>\n<meta property=\"og:locale\" content=\"es_ES\" \/>\n<meta property=\"og:type\" content=\"article\" \/>\n<meta property=\"og:title\" content=\"Olor fuerte como a pescado - Multi-Gyn\" \/>\n<meta property=\"og:description\" content=\"\u00bfAlguna vez se ha preguntado a qu\u00e9 huele su vagina? Cada mujer es diferente: tenemos diferentes tonos de piel, color de cabello, fortaleza de las u\u00f1as, y todas olemos diferente.\" \/>\n<meta property=\"og:url\" content=\"https:\/\/multi-gyn.com\/uy\/salud-vaginal\/molestias\/olor-fuerte-como-a-pescado\/\" \/>\n<meta property=\"og:site_name\" content=\"Multi-Gyn\" \/>\n<meta property=\"article:modified_time\" content=\"2023-05-15T09:30:42+00:00\" \/>\n<meta name=\"twitter:card\" content=\"summary_large_image\" \/>\n<meta name=\"twitter:label1\" content=\"Est. reading time\" \/>\n\t<meta name=\"twitter:data1\" content=\"2 minutos\" \/>\n<script type=\"application\/ld+json\" class=\"yoast-schema-graph\">{\"@context\":\"https:\/\/schema.org\",\"@graph\":[{\"@type\":\"WebPage\",\"@id\":\"https:\/\/multi-gyn.com\/uy\/salud-vaginal\/molestias\/olor-fuerte-como-a-pescado\/\",\"url\":\"https:\/\/multi-gyn.com\/uy\/salud-vaginal\/molestias\/olor-fuerte-como-a-pescado\/\",\"name\":\"Olor fuerte como a pescado - Multi-Gyn\",\"isPartOf\":{\"@id\":\"https:\/\/multi-gyn.com\/uy\/#website\"},\"datePublished\":\"2023-05-11T09:08:52+00:00\",\"dateModified\":\"2023-05-15T09:30:42+00:00\",\"description\":\"\u00bfAlguna vez se ha preguntado a qu\u00e9 huele su vagina? Cada mujer es diferente: tenemos diferentes tonos de piel, color de cabello, fortaleza de las u\u00f1as, y todas olemos diferente.\",\"breadcrumb\":{\"@id\":\"https:\/\/multi-gyn.com\/uy\/salud-vaginal\/molestias\/olor-fuerte-como-a-pescado\/#breadcrumb\"},\"inLanguage\":\"es-UY\",\"potentialAction\":[{\"@type\":\"ReadAction\",\"target\":[\"https:\/\/multi-gyn.com\/uy\/salud-vaginal\/molestias\/olor-fuerte-como-a-pescado\/\"]}]},{\"@type\":\"BreadcrumbList\",\"@id\":\"https:\/\/multi-gyn.com\/uy\/salud-vaginal\/molestias\/olor-fuerte-como-a-pescado\/#breadcrumb\",\"itemListElement\":[{\"@type\":\"ListItem\",\"position\":1,\"name\":\"Home\",\"item\":\"https:\/\/multi-gyn.com\/uy\/\"},{\"@type\":\"ListItem\",\"position\":2,\"name\":\"Salud vaginal\",\"item\":\"https:\/\/multi-gyn.com\/uy\/salud-vaginal\/\"},{\"@type\":\"ListItem\",\"position\":3,\"name\":\"Molestias\",\"item\":\"https:\/\/multi-gyn.com\/uy\/salud-vaginal\/molestias\/\"},{\"@type\":\"ListItem\",\"position\":4,\"name\":\"Olor fuerte como a pescado\"}]},{\"@type\":\"WebSite\",\"@id\":\"https:\/\/multi-gyn.com\/uy\/#website\",\"url\":\"https:\/\/multi-gyn.com\/uy\/\",\"name\":\"Multi-Gyn\",\"description\":\"\",\"publisher\":{\"@id\":\"https:\/\/multi-gyn.com\/uy\/#organization\"},\"potentialAction\":[{\"@type\":\"SearchAction\",\"target\":{\"@type\":\"EntryPoint\",\"urlTemplate\":\"https:\/\/multi-gyn.com\/uy\/?s={search_term_string}\"},\"query-input\":{\"@type\":\"PropertyValueSpecification\",\"valueRequired\":true,\"valueName\":\"search_term_string\"}}],\"inLanguage\":\"es-UY\"},{\"@type\":\"Organization\",\"@id\":\"https:\/\/multi-gyn.com\/uy\/#organization\",\"name\":\"Multi-Gyn\",\"url\":\"https:\/\/multi-gyn.com\/uy\/\",\"logo\":{\"@type\":\"ImageObject\",\"inLanguage\":\"es-UY\",\"@id\":\"https:\/\/multi-gyn.com\/uy\/#\/schema\/logo\/image\/\",\"url\":\"https:\/\/multi-gyn.com\/app\/uploads\/sites\/47\/2023\/05\/multi-gyn-logo.png\",\"contentUrl\":\"https:\/\/multi-gyn.com\/app\/uploads\/sites\/47\/2023\/05\/multi-gyn-logo.png\",\"width\":149,\"height\":32,\"caption\":\"Multi-Gyn\"},\"image\":{\"@id\":\"https:\/\/multi-gyn.com\/uy\/#\/schema\/logo\/image\/\"}}]}<\/script>\n<!-- \/ Yoast SEO plugin. -->","yoast_head_json":{"title":"Olor fuerte como a pescado - Multi-Gyn","description":"\u00bfAlguna vez se ha preguntado a qu\u00e9 huele su vagina? Cada mujer es diferente: tenemos diferentes tonos de piel, color de cabello, fortaleza de las u\u00f1as, y todas olemos diferente.","robots":{"index":"index","follow":"follow","max-snippet":"max-snippet:-1","max-image-preview":"max-image-preview:large","max-video-preview":"max-video-preview:-1"},"canonical":"https:\/\/multi-gyn.com\/uy\/salud-vaginal\/molestias\/olor-fuerte-como-a-pescado\/","og_locale":"es_ES","og_type":"article","og_title":"Olor fuerte como a pescado - Multi-Gyn","og_description":"\u00bfAlguna vez se ha preguntado a qu\u00e9 huele su vagina? Cada mujer es diferente: tenemos diferentes tonos de piel, color de cabello, fortaleza de las u\u00f1as, y todas olemos diferente.","og_url":"https:\/\/multi-gyn.com\/uy\/salud-vaginal\/molestias\/olor-fuerte-como-a-pescado\/","og_site_name":"Multi-Gyn","article_modified_time":"2023-05-15T09:30:42+00:00","twitter_card":"summary_large_image","twitter_misc":{"Est. reading time":"2 minutos"},"schema":{"@context":"https:\/\/schema.org","@graph":[{"@type":"WebPage","@id":"https:\/\/multi-gyn.com\/uy\/salud-vaginal\/molestias\/olor-fuerte-como-a-pescado\/","url":"https:\/\/multi-gyn.com\/uy\/salud-vaginal\/molestias\/olor-fuerte-como-a-pescado\/","name":"Olor fuerte como a pescado - Multi-Gyn","isPartOf":{"@id":"https:\/\/multi-gyn.com\/uy\/#website"},"datePublished":"2023-05-11T09:08:52+00:00","dateModified":"2023-05-15T09:30:42+00:00","description":"\u00bfAlguna vez se ha preguntado a qu\u00e9 huele su vagina? Cada mujer es diferente: tenemos diferentes tonos de piel, color de cabello, fortaleza de las u\u00f1as, y todas olemos diferente.","breadcrumb":{"@id":"https:\/\/multi-gyn.com\/uy\/salud-vaginal\/molestias\/olor-fuerte-como-a-pescado\/#breadcrumb"},"inLanguage":"es-UY","potentialAction":[{"@type":"ReadAction","target":["https:\/\/multi-gyn.com\/uy\/salud-vaginal\/molestias\/olor-fuerte-como-a-pescado\/"]}]},{"@type":"BreadcrumbList","@id":"https:\/\/multi-gyn.com\/uy\/salud-vaginal\/molestias\/olor-fuerte-como-a-pescado\/#breadcrumb","itemListElement":[{"@type":"ListItem","position":1,"name":"Home","item":"https:\/\/multi-gyn.com\/uy\/"},{"@type":"ListItem","position":2,"name":"Salud vaginal","item":"https:\/\/multi-gyn.com\/uy\/salud-vaginal\/"},{"@type":"ListItem","position":3,"name":"Molestias","item":"https:\/\/multi-gyn.com\/uy\/salud-vaginal\/molestias\/"},{"@type":"ListItem","position":4,"name":"Olor fuerte como a pescado"}]},{"@type":"WebSite","@id":"https:\/\/multi-gyn.com\/uy\/#website","url":"https:\/\/multi-gyn.com\/uy\/","name":"Multi-Gyn","description":"","publisher":{"@id":"https:\/\/multi-gyn.com\/uy\/#organization"},"potentialAction":[{"@type":"SearchAction","target":{"@type":"EntryPoint","urlTemplate":"https:\/\/multi-gyn.com\/uy\/?s={search_term_string}"},"query-input":{"@type":"PropertyValueSpecification","valueRequired":true,"valueName":"search_term_string"}}],"inLanguage":"es-UY"},{"@type":"Organization","@id":"https:\/\/multi-gyn.com\/uy\/#organization","name":"Multi-Gyn","url":"https:\/\/multi-gyn.com\/uy\/","logo":{"@type":"ImageObject","inLanguage":"es-UY","@id":"https:\/\/multi-gyn.com\/uy\/#\/schema\/logo\/image\/","url":"https:\/\/multi-gyn.com\/app\/uploads\/sites\/47\/2023\/05\/multi-gyn-logo.png","contentUrl":"https:\/\/multi-gyn.com\/app\/uploads\/sites\/47\/2023\/05\/multi-gyn-logo.png","width":149,"height":32,"caption":"Multi-Gyn"},"image":{"@id":"https:\/\/multi-gyn.com\/uy\/#\/schema\/logo\/image\/"}}]}},"_links":{"self":[{"href":"https:\/\/multi-gyn.com\/uy\/wp-json\/wp\/v2\/pages\/229","targetHints":{"allow":["GET"]}}],"collection":[{"href":"https:\/\/multi-gyn.com\/uy\/wp-json\/wp\/v2\/pages"}],"about":[{"href":"https:\/\/multi-gyn.com\/uy\/wp-json\/wp\/v2\/types\/page"}],"author":[{"embeddable":true,"href":"https:\/\/multi-gyn.com\/uy\/wp-json\/wp\/v2\/users\/2"}],"replies":[{"embeddable":true,"href":"https:\/\/multi-gyn.com\/uy\/wp-json\/wp\/v2\/comments?post=229"}],"version-history":[{"count":2,"href":"https:\/\/multi-gyn.com\/uy\/wp-json\/wp\/v2\/pages\/229\/revisions"}],"predecessor-version":[{"id":427,"href":"https:\/\/multi-gyn.com\/uy\/wp-json\/wp\/v2\/pages\/229\/revisions\/427"}],"up":[{"embeddable":true,"href":"https:\/\/multi-gyn.com\/uy\/wp-json\/wp\/v2\/pages\/31"}],"wp:attachment":[{"href":"https:\/\/multi-gyn.com\/uy\/wp-json\/wp\/v2\/media?parent=229"}],"wp:term":[{"taxonomy":"from-article-database","embeddable":true,"href":"https:\/\/multi-gyn.com\/uy\/wp-json\/wp\/v2\/from-article-database?post=229"}],"curies":[{"name":"wp","href":"https:\/\/api.w.org\/{rel}","templated":true}]}}