{"id":23,"date":"2023-05-10T10:49:23","date_gmt":"2023-05-10T13:49:23","guid":{"rendered":"https:\/\/multi-gyn.com\/uy\/?page_id=23"},"modified":"2023-05-11T09:23:30","modified_gmt":"2023-05-11T12:23:30","slug":"salud-vaginal","status":"publish","type":"page","link":"https:\/\/multi-gyn.com\/uy\/salud-vaginal\/","title":{"rendered":"Salud vaginal"},"content":{"rendered":"\n<div class=\"wp-block-karopharma-free-text pt-large pb-large bg-center bg-cover bg-no-repeat  is-style-primary\" style=\"background-image:url()\"><div class=\"free-text-wrapper container max-w-medium text-left\">\n<h1 class=\"is-style-heading-huge wp-block-heading\">Salud vaginal<\/h1>\n\n\n\n<p class=\"is-style-paragraph-preamble\">Las molestias en la zona \u00edntima pueden tener un serio impacto en la vida de una mujer. 3 de 4 mujeres ocasionalmente tiene problemas vaginales que requieren atenci\u00f3n.<\/p>\n\n\n\n<p>Muchas mujeres identificar\u00e1n el problema: secreci\u00f3n, mal olor, comez\u00f3n, dolor, ardor, tejido irritado o resequedad vaginal. Usted espera que desaparezca por s\u00ed mismo. Pero algunas veces esto puede tomar tiempo y mientras tanto la molestia es bastante desagradable.<\/p>\n<\/div><\/div>\n\n\n\n<div class=\"wp-block-karopharma-free-text pt-large pb-large bg-center bg-cover bg-no-repeat\" style=\"background-image:url()\"><div class=\"free-text-wrapper container max-w-medium text-left\">\n<h2 class=\"is-style-heading-h2 wp-block-heading\">Leer art\u00edculos sobre:<\/h2>\n\n\n<div class=\"menu-nav-list widget widget_nav_menu\">\n            <h3 class=\"widget_title\">Cuidado<\/h3>\n                <ul class=\"menu\">\n                            <li class=\"menu-item\">\n                    <a href=\"https:\/\/multi-gyn.com\/uy\/salud-vaginal\/cuidado\/que-hacer-y-que-no-de-la-higiene-vaginal\/\" title=\"Qu\u00e9 hacer y qu\u00e9 no de la higiene vaginal\">Qu\u00e9 hacer y qu\u00e9 no de la higiene vaginal<\/a>\n                <\/li>\n                            <li class=\"menu-item\">\n                    <a href=\"https:\/\/multi-gyn.com\/uy\/salud-vaginal\/cuidado\/usted-sabe-que-determina-una-higiene-intima-apropiada\/\" title=\"\u00bfUsted sabe qu\u00e9 determina una higiene \u00edntima apropiada?\">\u00bfUsted sabe qu\u00e9 determina una higiene \u00edntima apropiada?<\/a>\n                <\/li>\n                            <li class=\"menu-item\">\n                    <a href=\"https:\/\/multi-gyn.com\/uy\/salud-vaginal\/cuidado\/higiene-vaginal\/\" title=\"Higiene vaginal\">Higiene vaginal<\/a>\n                <\/li>\n                            <li class=\"menu-item\">\n                    <a href=\"https:\/\/multi-gyn.com\/uy\/salud-vaginal\/cuidado\/como-cuidar-su-vagina-durante-el-verano\/\" title=\"C\u00f3mo cuidar su vagina durante el verano\">C\u00f3mo cuidar su vagina durante el verano<\/a>\n                <\/li>\n                            <li class=\"menu-item\">\n                    <a href=\"https:\/\/multi-gyn.com\/uy\/salud-vaginal\/cuidado\/higiene-intima-menos-es-mas\/\" title=\"Higiene \u00edntima \u2013 menos es m\u00e1s\">Higiene \u00edntima \u2013 menos es m\u00e1s<\/a>\n                <\/li>\n                            <li class=\"menu-item\">\n                    <a href=\"https:\/\/multi-gyn.com\/uy\/salud-vaginal\/cuidado\/son-buenos-los-banos-de-vapor-para-tu-vagina\/\" title=\"Son buenos los ba\u00f1os de vapor para tu vagina?\">Son buenos los ba\u00f1os de vapor para tu vagina?<\/a>\n                <\/li>\n                            <li class=\"menu-item\">\n                    <a href=\"https:\/\/multi-gyn.com\/uy\/salud-vaginal\/cuidado\/puede-el-ejercicio-causar-dolor-vaginal\/\" title=\"\u00bfPuede el ejercicio causar dolor vaginal?\">\u00bfPuede el ejercicio causar dolor vaginal?<\/a>\n                <\/li>\n                    <\/ul>\n    <\/div>\n\n\n<div class=\"menu-nav-list widget widget_nav_menu\">\n            <h3 class=\"widget_title\">General<\/h3>\n                <ul class=\"menu\">\n                            <li class=\"menu-item\">\n                    <a href=\"https:\/\/multi-gyn.com\/uy\/salud-vaginal\/general\/puede-mi-dieta-afectar-mi-salud-vaginal\/\" title=\"\u00bfPuede mi dieta afectar mi salud vaginal?\">\u00bfPuede mi dieta afectar mi salud vaginal?<\/a>\n                <\/li>\n                            <li class=\"menu-item\">\n                    <a href=\"https:\/\/multi-gyn.com\/uy\/salud-vaginal\/general\/de-que-color-es-su-secrecion\/\" title=\"\u00bfDe qu\u00e9 color es su secreci\u00f3n?\">\u00bfDe qu\u00e9 color es su secreci\u00f3n?<\/a>\n                <\/li>\n                            <li class=\"menu-item\">\n                    <a href=\"https:\/\/multi-gyn.com\/uy\/salud-vaginal\/general\/la-flora-vaginal\/\" title=\"La flora vaginal\">La flora vaginal<\/a>\n                <\/li>\n                            <li class=\"menu-item\">\n                    <a href=\"https:\/\/multi-gyn.com\/uy\/salud-vaginal\/general\/ir-al-ginecologo\/\" title=\"Ir al ginec\u00f3logo\">Ir al ginec\u00f3logo<\/a>\n                <\/li>\n                            <li class=\"menu-item\">\n                    <a href=\"https:\/\/multi-gyn.com\/uy\/salud-vaginal\/general\/la-menopausia-y-sus-sintomas\/\" title=\"La menopausia y sus s\u00edntomas\">La menopausia y sus s\u00edntomas<\/a>\n                <\/li>\n                            <li class=\"menu-item\">\n                    <a href=\"https:\/\/multi-gyn.com\/uy\/salud-vaginal\/general\/la-diferencia-entre-la-vagina-y-la-vulva\/\" title=\"La diferencia entre la vagina y la vulva\">La diferencia entre la vagina y la vulva<\/a>\n                <\/li>\n                            <li class=\"menu-item\">\n                    <a href=\"https:\/\/multi-gyn.com\/uy\/salud-vaginal\/general\/ph-vaginal-su-vagina-es-acida-o-alcalina\/\" title=\"pH vaginal \u2013 \u00bfsu vagina es \u00e1cida o alcalina?\">pH vaginal \u2013 \u00bfsu vagina es \u00e1cida o alcalina?<\/a>\n                <\/li>\n                            <li class=\"menu-item\">\n                    <a href=\"https:\/\/multi-gyn.com\/uy\/salud-vaginal\/general\/anatomia-de-la-vagina\/\" title=\"Anatom\u00eda de la vagina\">Anatom\u00eda de la vagina<\/a>\n                <\/li>\n                    <\/ul>\n    <\/div>\n\n\n<div class=\"menu-nav-list widget widget_nav_menu\">\n            <h3 class=\"widget_title\">Infecciones<\/h3>\n                <ul class=\"menu\">\n                            <li class=\"menu-item\">\n                    <a href=\"https:\/\/multi-gyn.com\/uy\/salud-vaginal\/infecciones\/los-tampones-son-malos-para-mi-vagina\/\" title=\"\u00bfLos tampones son malos para mi vagina?\">\u00bfLos tampones son malos para mi vagina?<\/a>\n                <\/li>\n                            <li class=\"menu-item\">\n                    <a href=\"https:\/\/multi-gyn.com\/uy\/salud-vaginal\/infecciones\/como-tratar-la-vaginosis-bacteriana\/\" title=\"C\u00f3mo tratar la vaginosis bacteriana\">C\u00f3mo tratar la vaginosis bacteriana<\/a>\n                <\/li>\n                            <li class=\"menu-item\">\n                    <a href=\"https:\/\/multi-gyn.com\/uy\/salud-vaginal\/infecciones\/enrojecimiento-vaginal\/\" title=\"Enrojecimiento vaginal\">Enrojecimiento vaginal<\/a>\n                <\/li>\n                            <li class=\"menu-item\">\n                    <a href=\"https:\/\/multi-gyn.com\/uy\/salud-vaginal\/infecciones\/causas-de-las-infecciones-vaginales\/\" title=\"Causas de las infecciones vaginales\">Causas de las infecciones vaginales<\/a>\n                <\/li>\n                            <li class=\"menu-item\">\n                    <a href=\"https:\/\/multi-gyn.com\/uy\/salud-vaginal\/infecciones\/higiene-intima-e-infecciones-vaginales\/\" title=\"Higiene \u00edntima e infecciones vaginales\">Higiene \u00edntima e infecciones vaginales<\/a>\n                <\/li>\n                            <li class=\"menu-item\">\n                    <a href=\"https:\/\/multi-gyn.com\/uy\/salud-vaginal\/infecciones\/diferencia-entre-vaginosis-bacteriana-y-candidiasis-vaginal\/\" title=\"Diferencia entre vaginosis bacteriana y candidiasis vaginal\">Diferencia entre vaginosis bacteriana y candidiasis vaginal<\/a>\n                <\/li>\n                            <li class=\"menu-item\">\n                    <a href=\"https:\/\/multi-gyn.com\/uy\/salud-vaginal\/infecciones\/candidiasis-durante-el-embarazo\/\" title=\"Candidiasis durante el embarazo\">Candidiasis durante el embarazo<\/a>\n                <\/li>\n                            <li class=\"menu-item\">\n                    <a href=\"https:\/\/multi-gyn.com\/uy\/salud-vaginal\/infecciones\/la-vaginosis-bacteriana-y-el-embarazo\/\" title=\"La vaginosis bacteriana y el embarazo\">La vaginosis bacteriana y el embarazo<\/a>\n                <\/li>\n                            <li class=\"menu-item\">\n                    <a href=\"https:\/\/multi-gyn.com\/uy\/salud-vaginal\/infecciones\/la-secrecion-vaginal-es-una-senal-de-una-candidiasis\/\" title=\"La secreci\u00f3n vaginal es una se\u00f1al de una candidiasis\">La secreci\u00f3n vaginal es una se\u00f1al de una candidiasis<\/a>\n                <\/li>\n                            <li class=\"menu-item\">\n                    <a href=\"https:\/\/multi-gyn.com\/uy\/salud-vaginal\/infecciones\/como-tratar-la-candida\/\" title=\"C\u00f3mo tratar la C\u00e1ndida\">C\u00f3mo tratar la C\u00e1ndida<\/a>\n                <\/li>\n                            <li class=\"menu-item\">\n                    <a href=\"https:\/\/multi-gyn.com\/uy\/salud-vaginal\/infecciones\/las-infecciones-vaginales-y-los-antibioticos\/\" title=\"Las infecciones vaginales y los antibi\u00f3ticos\">Las infecciones vaginales y los antibi\u00f3ticos<\/a>\n                <\/li>\n                            <li class=\"menu-item\">\n                    <a href=\"https:\/\/multi-gyn.com\/uy\/salud-vaginal\/infecciones\/candidiasis-vaginal\/\" title=\"Candidiasis vaginal\">Candidiasis vaginal<\/a>\n                <\/li>\n                            <li class=\"menu-item\">\n                    <a href=\"https:\/\/multi-gyn.com\/uy\/salud-vaginal\/infecciones\/candidiasis-durante-el-periodo\/\" title=\"Candidiasis durante el per\u00edodo\">Candidiasis durante el per\u00edodo<\/a>\n                <\/li>\n                            <li class=\"menu-item\">\n                    <a href=\"https:\/\/multi-gyn.com\/uy\/salud-vaginal\/infecciones\/infecciones-vaginales-causas-sintomas-y-tratamiento\/\" title=\"Infecciones vaginales: causas, s\u00edntomas y tratamiento\">Infecciones vaginales: causas, s\u00edntomas y tratamiento<\/a>\n                <\/li>\n                            <li class=\"menu-item\">\n                    <a href=\"https:\/\/multi-gyn.com\/uy\/salud-vaginal\/infecciones\/todo-lo-que-debe-saber-sobre-la-vaginosis-bacteriana\/\" title=\"\u00a1Todo lo que debe saber sobre la vaginosis bacteriana!\">\u00a1Todo lo que debe saber sobre la vaginosis bacteriana!<\/a>\n                <\/li>\n                    <\/ul>\n    <\/div>\n\n\n<div class=\"menu-nav-list widget widget_nav_menu\">\n            <h3 class=\"widget_title\">Molestias<\/h3>\n                <ul class=\"menu\">\n                            <li class=\"menu-item\">\n                    <a href=\"https:\/\/multi-gyn.com\/uy\/salud-vaginal\/molestias\/tratando-la-resequedad-vaginal\/\" title=\"Tratando la resequedad vaginal\">Tratando la resequedad vaginal<\/a>\n                <\/li>\n                            <li class=\"menu-item\">\n                    <a href=\"https:\/\/multi-gyn.com\/uy\/salud-vaginal\/molestias\/sensibilidad-vaginal\/\" title=\"Sensibilidad vaginal\">Sensibilidad vaginal<\/a>\n                <\/li>\n                            <li class=\"menu-item\">\n                    <a href=\"https:\/\/multi-gyn.com\/uy\/salud-vaginal\/molestias\/irritaciones-vaginales-y-labios-inflamados\/\" title=\"Irritaciones vaginales y labios inflamados\">Irritaciones vaginales y labios inflamados<\/a>\n                <\/li>\n                            <li class=\"menu-item\">\n                    <a href=\"https:\/\/multi-gyn.com\/uy\/salud-vaginal\/molestias\/sensacion-de-ardor-en-la-vagina\/\" title=\"Sensaci\u00f3n de ardor en la vagina\">Sensaci\u00f3n de ardor en la vagina<\/a>\n                <\/li>\n                            <li class=\"menu-item\">\n                    <a href=\"https:\/\/multi-gyn.com\/uy\/salud-vaginal\/molestias\/olor-fuerte-como-a-pescado\/\" title=\"Olor fuerte como a pescado\">Olor fuerte como a pescado<\/a>\n                <\/li>\n                            <li class=\"menu-item\">\n                    <a href=\"https:\/\/multi-gyn.com\/uy\/salud-vaginal\/molestias\/las-molestias-vaginales-realmente-debo-ver-a-un-doctor\/\" title=\"Las molestias vaginales \u2014 \u00bfRealmente debo ver a un doctor?\">Las molestias vaginales \u2014 \u00bfRealmente debo ver a un doctor?<\/a>\n                <\/li>\n                            <li class=\"menu-item\">\n                    <a href=\"https:\/\/multi-gyn.com\/uy\/salud-vaginal\/molestias\/dolor-vaginal\/\" title=\"Dolor vaginal\">Dolor vaginal<\/a>\n                <\/li>\n                            <li class=\"menu-item\">\n                    <a href=\"https:\/\/multi-gyn.com\/uy\/salud-vaginal\/molestias\/causas-de-una-relacion-sexual-dolorosa\/\" title=\"Causas de una relaci\u00f3n sexual dolorosa\">Causas de una relaci\u00f3n sexual dolorosa<\/a>\n                <\/li>\n                            <li class=\"menu-item\">\n                    <a href=\"https:\/\/multi-gyn.com\/uy\/salud-vaginal\/molestias\/los-pantalones-ajustados-causan-infecciones-vaginales\/\" title=\"\u00bfLos pantalones ajustados causan infecciones vaginales?\">\u00bfLos pantalones ajustados causan infecciones vaginales?<\/a>\n                <\/li>\n                            <li class=\"menu-item\">\n                    <a href=\"https:\/\/multi-gyn.com\/uy\/salud-vaginal\/molestias\/como-aliviar-la-comezon-vaginal\/\" title=\"C\u00f3mo aliviar la comez\u00f3n vaginal\">C\u00f3mo aliviar la comez\u00f3n vaginal<\/a>\n                <\/li>\n                            <li class=\"menu-item\">\n                    <a href=\"https:\/\/multi-gyn.com\/uy\/salud-vaginal\/molestias\/molestias-intimas-externas\/\" title=\"Molestias \u00edntimas externas\">Molestias \u00edntimas externas<\/a>\n                <\/li>\n                            <li class=\"menu-item\">\n                    <a href=\"https:\/\/multi-gyn.com\/uy\/salud-vaginal\/molestias\/prevencion-de-molestias-vaginales\/\" title=\"Prevenci\u00f3n de molestias vaginales\">Prevenci\u00f3n de molestias vaginales<\/a>\n                <\/li>\n                            <li class=\"menu-item\">\n                    <a href=\"https:\/\/multi-gyn.com\/uy\/salud-vaginal\/molestias\/las-5-molestias-vaginales-mas-comunes\/\" title=\"Las 5 molestias vaginales m\u00e1s comunes\">Las 5 molestias vaginales m\u00e1s comunes<\/a>\n                <\/li>\n                            <li class=\"menu-item\">\n                    <a href=\"https:\/\/multi-gyn.com\/uy\/salud-vaginal\/molestias\/comezon-vaginal-que-la-causa\/\" title=\"Comez\u00f3n vaginal: \u00bfQu\u00e9 la causa?\">Comez\u00f3n vaginal: \u00bfQu\u00e9 la causa?<\/a>\n                <\/li>\n                            <li class=\"menu-item\">\n                    <a href=\"https:\/\/multi-gyn.com\/uy\/salud-vaginal\/molestias\/es-mi-secrecion-vaginal-normal\/\" title=\"\u00bfEs mi secreci\u00f3n vaginal normal?\">\u00bfEs mi secreci\u00f3n vaginal normal?<\/a>\n                <\/li>\n                            <li class=\"menu-item\">\n                    <a href=\"https:\/\/multi-gyn.com\/uy\/salud-vaginal\/molestias\/resequedad-vaginal-causas-y-tratamiento\/\" title=\"Resequedad vaginal: causas y tratamiento\">Resequedad vaginal: causas y tratamiento<\/a>\n                <\/li>\n                            <li class=\"menu-item\">\n                    <a href=\"https:\/\/multi-gyn.com\/uy\/salud-vaginal\/molestias\/mal-olor-vaginal-que-causa-ese-fuerte-olor\/\" title=\"Mal olor vaginal: \u00bfQu\u00e9 causa ese fuerte olor?\">Mal olor vaginal: \u00bfQu\u00e9 causa ese fuerte olor?<\/a>\n                <\/li>\n                            <li class=\"menu-item\">\n                    <a href=\"https:\/\/multi-gyn.com\/uy\/salud-vaginal\/infecciones\/infecciones-vaginales-causas-sintomas-y-tratamiento\/\" title=\"Infecciones vaginales: causas, s\u00edntomas y tratamiento\">Infecciones vaginales: causas, s\u00edntomas y tratamiento<\/a>\n                <\/li>\n                            <li class=\"menu-item\">\n                    <a href=\"https:\/\/multi-gyn.com\/uy\/salud-vaginal\/infecciones\/todo-lo-que-debe-saber-sobre-la-vaginosis-bacteriana\/\" title=\"\u00a1Todo lo que debe saber sobre la vaginosis bacteriana!\">\u00a1Todo lo que debe saber sobre la vaginosis bacteriana!<\/a>\n                <\/li>\n                    <\/ul>\n    <\/div>\n\n\n<div class=\"menu-nav-list widget widget_nav_menu\">\n            <h3 class=\"widget_title\">Prevenci\u00f3n<\/h3>\n                <ul class=\"menu\">\n                            <li class=\"menu-item\">\n                    <a href=\"https:\/\/multi-gyn.com\/uy\/salud-vaginal\/prevencion\/como-prevenir-la-vaginosis-bacteriana\/\" title=\"C\u00f3mo prevenir la vaginosis bacteriana\">C\u00f3mo prevenir la vaginosis bacteriana<\/a>\n                <\/li>\n                            <li class=\"menu-item\">\n                    <a href=\"https:\/\/multi-gyn.com\/uy\/salud-vaginal\/prevencion\/como-prevenir-el-ardor-en-la-vagina\/\" title=\"C\u00f3mo prevenir el ardor en la vagina\">C\u00f3mo prevenir el ardor en la vagina<\/a>\n                <\/li>\n                    <\/ul>\n    <\/div>\n<\/div><\/div>\n\n\n\n<p><\/p>\n","protected":false},"excerpt":{"rendered":"","protected":false},"author":2,"featured_media":0,"parent":0,"menu_order":0,"comment_status":"closed","ping_status":"closed","template":"","meta":{"_acf_changed":false,"footnotes":""},"from-article-database":[],"class_list":["post-23","page","type-page","status-publish","hentry"],"acf":[],"yoast_head":"<!-- This site is optimized with the Yoast SEO plugin v26.6 - https:\/\/yoast.com\/wordpress\/plugins\/seo\/ -->\n<title>Salud vaginal - Multi-Gyn<\/title>\n<meta name=\"description\" content=\"Leer art\u00edculos sobre: Cuidado, General, Infecciones, Molestias, Prevenci\u00f3n\" \/>\n<meta name=\"robots\" content=\"index, follow, max-snippet:-1, max-image-preview:large, max-video-preview:-1\" \/>\n<link rel=\"canonical\" href=\"https:\/\/multi-gyn.com\/uy\/salud-vaginal\/\" \/>\n<meta property=\"og:locale\" content=\"es_ES\" \/>\n<meta property=\"og:type\" content=\"article\" \/>\n<meta property=\"og:title\" content=\"Salud vaginal - Multi-Gyn\" \/>\n<meta property=\"og:description\" content=\"Leer art\u00edculos sobre: Cuidado, General, Infecciones, Molestias, Prevenci\u00f3n\" \/>\n<meta property=\"og:url\" content=\"https:\/\/multi-gyn.com\/uy\/salud-vaginal\/\" \/>\n<meta property=\"og:site_name\" content=\"Multi-Gyn\" \/>\n<meta property=\"article:modified_time\" content=\"2023-05-11T12:23:30+00:00\" \/>\n<meta name=\"twitter:card\" content=\"summary_large_image\" \/>\n<meta name=\"twitter:label1\" content=\"Est. reading time\" \/>\n\t<meta name=\"twitter:data1\" content=\"1 minuto\" \/>\n<script type=\"application\/ld+json\" class=\"yoast-schema-graph\">{\"@context\":\"https:\/\/schema.org\",\"@graph\":[{\"@type\":\"WebPage\",\"@id\":\"https:\/\/multi-gyn.com\/uy\/salud-vaginal\/\",\"url\":\"https:\/\/multi-gyn.com\/uy\/salud-vaginal\/\",\"name\":\"Salud vaginal - Multi-Gyn\",\"isPartOf\":{\"@id\":\"https:\/\/multi-gyn.com\/uy\/#website\"},\"datePublished\":\"2023-05-10T13:49:23+00:00\",\"dateModified\":\"2023-05-11T12:23:30+00:00\",\"description\":\"Leer art\u00edculos sobre: Cuidado, General, Infecciones, Molestias, Prevenci\u00f3n\",\"breadcrumb\":{\"@id\":\"https:\/\/multi-gyn.com\/uy\/salud-vaginal\/#breadcrumb\"},\"inLanguage\":\"es-UY\",\"potentialAction\":[{\"@type\":\"ReadAction\",\"target\":[\"https:\/\/multi-gyn.com\/uy\/salud-vaginal\/\"]}]},{\"@type\":\"BreadcrumbList\",\"@id\":\"https:\/\/multi-gyn.com\/uy\/salud-vaginal\/#breadcrumb\",\"itemListElement\":[{\"@type\":\"ListItem\",\"position\":1,\"name\":\"Home\",\"item\":\"https:\/\/multi-gyn.com\/uy\/\"},{\"@type\":\"ListItem\",\"position\":2,\"name\":\"Salud vaginal\"}]},{\"@type\":\"WebSite\",\"@id\":\"https:\/\/multi-gyn.com\/uy\/#website\",\"url\":\"https:\/\/multi-gyn.com\/uy\/\",\"name\":\"Multi-Gyn\",\"description\":\"\",\"publisher\":{\"@id\":\"https:\/\/multi-gyn.com\/uy\/#organization\"},\"potentialAction\":[{\"@type\":\"SearchAction\",\"target\":{\"@type\":\"EntryPoint\",\"urlTemplate\":\"https:\/\/multi-gyn.com\/uy\/?s={search_term_string}\"},\"query-input\":{\"@type\":\"PropertyValueSpecification\",\"valueRequired\":true,\"valueName\":\"search_term_string\"}}],\"inLanguage\":\"es-UY\"},{\"@type\":\"Organization\",\"@id\":\"https:\/\/multi-gyn.com\/uy\/#organization\",\"name\":\"Multi-Gyn\",\"url\":\"https:\/\/multi-gyn.com\/uy\/\",\"logo\":{\"@type\":\"ImageObject\",\"inLanguage\":\"es-UY\",\"@id\":\"https:\/\/multi-gyn.com\/uy\/#\/schema\/logo\/image\/\",\"url\":\"https:\/\/multi-gyn.com\/app\/uploads\/sites\/47\/2023\/05\/multi-gyn-logo.png\",\"contentUrl\":\"https:\/\/multi-gyn.com\/app\/uploads\/sites\/47\/2023\/05\/multi-gyn-logo.png\",\"width\":149,\"height\":32,\"caption\":\"Multi-Gyn\"},\"image\":{\"@id\":\"https:\/\/multi-gyn.com\/uy\/#\/schema\/logo\/image\/\"}}]}<\/script>\n<!-- \/ Yoast SEO plugin. -->","yoast_head_json":{"title":"Salud vaginal - Multi-Gyn","description":"Leer art\u00edculos sobre: Cuidado, General, Infecciones, Molestias, Prevenci\u00f3n","robots":{"index":"index","follow":"follow","max-snippet":"max-snippet:-1","max-image-preview":"max-image-preview:large","max-video-preview":"max-video-preview:-1"},"canonical":"https:\/\/multi-gyn.com\/uy\/salud-vaginal\/","og_locale":"es_ES","og_type":"article","og_title":"Salud vaginal - Multi-Gyn","og_description":"Leer art\u00edculos sobre: Cuidado, General, Infecciones, Molestias, Prevenci\u00f3n","og_url":"https:\/\/multi-gyn.com\/uy\/salud-vaginal\/","og_site_name":"Multi-Gyn","article_modified_time":"2023-05-11T12:23:30+00:00","twitter_card":"summary_large_image","twitter_misc":{"Est. reading time":"1 minuto"},"schema":{"@context":"https:\/\/schema.org","@graph":[{"@type":"WebPage","@id":"https:\/\/multi-gyn.com\/uy\/salud-vaginal\/","url":"https:\/\/multi-gyn.com\/uy\/salud-vaginal\/","name":"Salud vaginal - Multi-Gyn","isPartOf":{"@id":"https:\/\/multi-gyn.com\/uy\/#website"},"datePublished":"2023-05-10T13:49:23+00:00","dateModified":"2023-05-11T12:23:30+00:00","description":"Leer art\u00edculos sobre: Cuidado, General, Infecciones, Molestias, Prevenci\u00f3n","breadcrumb":{"@id":"https:\/\/multi-gyn.com\/uy\/salud-vaginal\/#breadcrumb"},"inLanguage":"es-UY","potentialAction":[{"@type":"ReadAction","target":["https:\/\/multi-gyn.com\/uy\/salud-vaginal\/"]}]},{"@type":"BreadcrumbList","@id":"https:\/\/multi-gyn.com\/uy\/salud-vaginal\/#breadcrumb","itemListElement":[{"@type":"ListItem","position":1,"name":"Home","item":"https:\/\/multi-gyn.com\/uy\/"},{"@type":"ListItem","position":2,"name":"Salud vaginal"}]},{"@type":"WebSite","@id":"https:\/\/multi-gyn.com\/uy\/#website","url":"https:\/\/multi-gyn.com\/uy\/","name":"Multi-Gyn","description":"","publisher":{"@id":"https:\/\/multi-gyn.com\/uy\/#organization"},"potentialAction":[{"@type":"SearchAction","target":{"@type":"EntryPoint","urlTemplate":"https:\/\/multi-gyn.com\/uy\/?s={search_term_string}"},"query-input":{"@type":"PropertyValueSpecification","valueRequired":true,"valueName":"search_term_string"}}],"inLanguage":"es-UY"},{"@type":"Organization","@id":"https:\/\/multi-gyn.com\/uy\/#organization","name":"Multi-Gyn","url":"https:\/\/multi-gyn.com\/uy\/","logo":{"@type":"ImageObject","inLanguage":"es-UY","@id":"https:\/\/multi-gyn.com\/uy\/#\/schema\/logo\/image\/","url":"https:\/\/multi-gyn.com\/app\/uploads\/sites\/47\/2023\/05\/multi-gyn-logo.png","contentUrl":"https:\/\/multi-gyn.com\/app\/uploads\/sites\/47\/2023\/05\/multi-gyn-logo.png","width":149,"height":32,"caption":"Multi-Gyn"},"image":{"@id":"https:\/\/multi-gyn.com\/uy\/#\/schema\/logo\/image\/"}}]}},"_links":{"self":[{"href":"https:\/\/multi-gyn.com\/uy\/wp-json\/wp\/v2\/pages\/23","targetHints":{"allow":["GET"]}}],"collection":[{"href":"https:\/\/multi-gyn.com\/uy\/wp-json\/wp\/v2\/pages"}],"about":[{"href":"https:\/\/multi-gyn.com\/uy\/wp-json\/wp\/v2\/types\/page"}],"author":[{"embeddable":true,"href":"https:\/\/multi-gyn.com\/uy\/wp-json\/wp\/v2\/users\/2"}],"replies":[{"embeddable":true,"href":"https:\/\/multi-gyn.com\/uy\/wp-json\/wp\/v2\/comments?post=23"}],"version-history":[{"count":8,"href":"https:\/\/multi-gyn.com\/uy\/wp-json\/wp\/v2\/pages\/23\/revisions"}],"predecessor-version":[{"id":302,"href":"https:\/\/multi-gyn.com\/uy\/wp-json\/wp\/v2\/pages\/23\/revisions\/302"}],"wp:attachment":[{"href":"https:\/\/multi-gyn.com\/uy\/wp-json\/wp\/v2\/media?parent=23"}],"wp:term":[{"taxonomy":"from-article-database","embeddable":true,"href":"https:\/\/multi-gyn.com\/uy\/wp-json\/wp\/v2\/from-article-database?post=23"}],"curies":[{"name":"wp","href":"https:\/\/api.w.org\/{rel}","templated":true}]}}