{"id":231,"date":"2023-05-11T06:09:09","date_gmt":"2023-05-11T09:09:09","guid":{"rendered":"https:\/\/multi-gyn.com\/uy\/?page_id=231"},"modified":"2023-05-15T06:33:57","modified_gmt":"2023-05-15T09:33:57","slug":"las-molestias-vaginales-realmente-debo-ver-a-un-doctor","status":"publish","type":"page","link":"https:\/\/multi-gyn.com\/uy\/salud-vaginal\/molestias\/las-molestias-vaginales-realmente-debo-ver-a-un-doctor\/","title":{"rendered":"Las molestias vaginales \u2014 \u00bfRealmente debo ver a un doctor?"},"content":{"rendered":"\n<div class=\"wp-block-karopharma-free-text pt-large pb-large bg-center bg-cover bg-no-repeat  is-style-primary\" style=\"background-image:url()\"><div class=\"free-text-wrapper container max-w-medium text-left\">\n<h1 class=\"is-style-heading-h1 wp-block-heading\">Las molestias vaginales \u2014 \u00bfRealmente debo ver a un doctor?<\/h1>\n\n\n\n<p class=\"is-style-paragraph-preamble\">Una lista completa de molestias vaginales es larga, y va desde secreci\u00f3n y mal olor hasta dolor pelvico. Algunos de estos s\u00edntomas son una se\u00f1al de un problema menor que puede ser resuelto usando productos que se pueden adquirir sin prescripci\u00f3n m\u00e9dica, mientras que otros exigen atenci\u00f3n m\u00e9dica y una terpia adecuada. Dele un vistazo a algunas de las molestias m\u00e1s comunes y el criterio que puede ayudarle a decidir si necesita sacar una cita con el doctor.<\/p>\n<\/div><\/div>\n\n\n\n<div class=\"wp-block-karopharma-free-text pt-large pb-large bg-center bg-cover bg-no-repeat  is-style-transparent\" style=\"background-image:url()\"><div class=\"free-text-wrapper container max-w-medium text-left\">\n<h2 class=\"is-style-heading-h2 wp-block-heading\">Cambios en la secreci\u00f3n<\/h2>\n\n\n\n<p>La secreci\u00f3n es normalmente transparente, blanca o amarillo p\u00e1lido, pegajosa o el\u00e1stica, variada en cantidad y consistencia dependiendo de los factores como el ciclo menstrual, si usted est\u00e1 embarazada o mientras est\u00e1 teniendo sexo. Sin embargo, si nota cambios repentinos o significativos en la secreci\u00f3n como color, consistencia (ej. secreci\u00f3n densa similar al reques\u00f3n es una se\u00f1al de candidiasis) o cantidad (aunque la cantidad de secreci\u00f3n aumenta cerca de la ovulaci\u00f3n o cuando usted est\u00e1 excitada sexualmente, una cantidad mayor de secreci\u00f3n a la usual es una se\u00f1al de que usted podr\u00eda estar desarrollando una infecci\u00f3n), deber\u00eda consultar un profesional m\u00e9dico.<\/p>\n\n\n\n<h2 class=\"is-style-heading-h2 wp-block-heading\">Mal olor<\/h2>\n\n\n\n<p>Si bien es cierto que cada vagina tiene un olor \u00fanico, cualquier cosa que huela considerablemente diferente a lo usual puede ser una raz\u00f3n para preocuparse. Algunos tipos de mal olor son caracter\u00edsticos de ciertas infecciones \u2013 por ejemplo, un olor como a pescado es caracter\u00edstico de una vaginosis bacteriana.<\/p>\n\n\n\n<h2 class=\"is-style-heading-h2 wp-block-heading\">Comez\u00f3n<\/h2>\n\n\n\n<p>La comez\u00f3n puede desarrollarse como un s\u00edntoma de una affeci\u00f3n como la vaginosis bacteriana o candidiasis, pero tambi\u00e9n puede ser una se\u00f1al de irritaci\u00f3n o una reacci\u00f3n al\u00e9rgica, causada por ejemplo por condones o un aerosol vaginal. En este caso un producto refrescante natural puede ayudar a calmar la irritaci\u00f3n y ayudar a la piel a recuperarse.<\/p>\n\n\n\n<h2 class=\"is-style-heading-h2 wp-block-heading\">Ardor<\/h2>\n\n\n\n<p>Similar a la comez\u00f3n, el ardor puede ser una se\u00f1al de infecci\u00f3n o un efecto secundario de la irritaci\u00f3n. Si usted usa un producto como loci\u00f3n o aerosol vaginal y siente una sensaci\u00f3n de ardor fuerte despu\u00e9s, aseg\u00farese de enjuagarse los residuos tan pronto como le sea posible para minimizar la irritaci\u00f3n.<\/p>\n\n\n\n<h2 class=\"is-style-heading-h2 wp-block-heading\">Dolor<\/h2>\n\n\n\n<p>El dolor al orinar podr\u00eda indicar una infecci\u00f3n urinaria o una infecci\u00f3n vaginal. El dolor que se presenta durante las relaciones sexuales tambi\u00e9n puede ser una se\u00f1al de infecci\u00f3n, o podr\u00eda indicar que usted puede estar sufriendo de endometriosis, pero la mayor\u00eda de veces es un efecto secundario de la resequedad vaginal. Esto sucede m\u00e1s com\u00fanmente durante la menopausia, cuando los niveles de estr\u00f3genos est\u00e1n bajos, haciendo que el tejido vaginal se vuelva m\u00e1s delgado y pierda su elasticidad y lubricaci\u00f3n natural. Cuando la vagina no tiene suficiente lubricaci\u00f3n la penetraci\u00f3n puede causar fricci\u00f3n y da\u00f1o a los tejidos. Esto puede derivar en dolor, o incluso una infecci\u00f3n. Si usted sufre de resequedad vaginal trate de aliviar los s\u00edntomas usando un humectante vaginal o un lubricante. Un humectante se aplica a diario y puede brindar un efecto duradero, d\u00e1ndole alivio del dolor y la fricci\u00f3n, mientras que el lubricante es usado antes de las relaciones sexuales y tiene un efecto a corto plazo.<\/p>\n\n\n\n<p>Las molestias vaginales pueden tener varias causas, algunas de ellas m\u00e1s serias que otras. Si usted nota alguno de los s\u00edntomas mencionados arriba u otros s\u00edntomas inusuales, puede contactar a su doctor para discutir el tramiento adecuado.<\/p>\n\n\n\n<p class=\"is-style-paragraph-preamble has-primary-color has-text-color\"><em>\u00abLas molestias vaginales pueden tener varias causas, algunas de ellas m\u00e1s serias que otras.\u00bb<\/em><\/p>\n<\/div><\/div>\n","protected":false},"excerpt":{"rendered":"","protected":false},"author":2,"featured_media":0,"parent":31,"menu_order":6,"comment_status":"closed","ping_status":"closed","template":"","meta":{"_acf_changed":false,"footnotes":""},"from-article-database":[],"class_list":["post-231","page","type-page","status-publish","hentry"],"acf":[],"yoast_head":"<!-- This site is optimized with the Yoast SEO plugin v26.6 - https:\/\/yoast.com\/wordpress\/plugins\/seo\/ -->\n<title>Las molestias vaginales \u2014 \u00bfRealmente debo ver a un doctor? - Multi-Gyn<\/title>\n<meta name=\"description\" content=\"Dele un vistazo a algunas de las molestias m\u00e1s comunes y el criterio que puede ayudarle a decidir si necesita sacar una cita con el doctor.\" \/>\n<meta name=\"robots\" content=\"index, follow, max-snippet:-1, max-image-preview:large, max-video-preview:-1\" \/>\n<link rel=\"canonical\" href=\"https:\/\/multi-gyn.com\/uy\/salud-vaginal\/molestias\/las-molestias-vaginales-realmente-debo-ver-a-un-doctor\/\" \/>\n<meta property=\"og:locale\" content=\"es_ES\" \/>\n<meta property=\"og:type\" content=\"article\" \/>\n<meta property=\"og:title\" content=\"Las molestias vaginales \u2014 \u00bfRealmente debo ver a un doctor? - Multi-Gyn\" \/>\n<meta property=\"og:description\" content=\"Dele un vistazo a algunas de las molestias m\u00e1s comunes y el criterio que puede ayudarle a decidir si necesita sacar una cita con el doctor.\" \/>\n<meta property=\"og:url\" content=\"https:\/\/multi-gyn.com\/uy\/salud-vaginal\/molestias\/las-molestias-vaginales-realmente-debo-ver-a-un-doctor\/\" \/>\n<meta property=\"og:site_name\" content=\"Multi-Gyn\" \/>\n<meta property=\"article:modified_time\" content=\"2023-05-15T09:33:57+00:00\" \/>\n<meta name=\"twitter:card\" content=\"summary_large_image\" \/>\n<meta name=\"twitter:label1\" content=\"Est. reading time\" \/>\n\t<meta name=\"twitter:data1\" content=\"3 minutos\" \/>\n<script type=\"application\/ld+json\" class=\"yoast-schema-graph\">{\"@context\":\"https:\/\/schema.org\",\"@graph\":[{\"@type\":\"WebPage\",\"@id\":\"https:\/\/multi-gyn.com\/uy\/salud-vaginal\/molestias\/las-molestias-vaginales-realmente-debo-ver-a-un-doctor\/\",\"url\":\"https:\/\/multi-gyn.com\/uy\/salud-vaginal\/molestias\/las-molestias-vaginales-realmente-debo-ver-a-un-doctor\/\",\"name\":\"Las molestias vaginales \u2014 \u00bfRealmente debo ver a un doctor? - Multi-Gyn\",\"isPartOf\":{\"@id\":\"https:\/\/multi-gyn.com\/uy\/#website\"},\"datePublished\":\"2023-05-11T09:09:09+00:00\",\"dateModified\":\"2023-05-15T09:33:57+00:00\",\"description\":\"Dele un vistazo a algunas de las molestias m\u00e1s comunes y el criterio que puede ayudarle a decidir si necesita sacar una cita con el doctor.\",\"breadcrumb\":{\"@id\":\"https:\/\/multi-gyn.com\/uy\/salud-vaginal\/molestias\/las-molestias-vaginales-realmente-debo-ver-a-un-doctor\/#breadcrumb\"},\"inLanguage\":\"es-UY\",\"potentialAction\":[{\"@type\":\"ReadAction\",\"target\":[\"https:\/\/multi-gyn.com\/uy\/salud-vaginal\/molestias\/las-molestias-vaginales-realmente-debo-ver-a-un-doctor\/\"]}]},{\"@type\":\"BreadcrumbList\",\"@id\":\"https:\/\/multi-gyn.com\/uy\/salud-vaginal\/molestias\/las-molestias-vaginales-realmente-debo-ver-a-un-doctor\/#breadcrumb\",\"itemListElement\":[{\"@type\":\"ListItem\",\"position\":1,\"name\":\"Home\",\"item\":\"https:\/\/multi-gyn.com\/uy\/\"},{\"@type\":\"ListItem\",\"position\":2,\"name\":\"Salud vaginal\",\"item\":\"https:\/\/multi-gyn.com\/uy\/salud-vaginal\/\"},{\"@type\":\"ListItem\",\"position\":3,\"name\":\"Molestias\",\"item\":\"https:\/\/multi-gyn.com\/uy\/salud-vaginal\/molestias\/\"},{\"@type\":\"ListItem\",\"position\":4,\"name\":\"Las molestias vaginales \u2014 \u00bfRealmente debo ver a un doctor?\"}]},{\"@type\":\"WebSite\",\"@id\":\"https:\/\/multi-gyn.com\/uy\/#website\",\"url\":\"https:\/\/multi-gyn.com\/uy\/\",\"name\":\"Multi-Gyn\",\"description\":\"\",\"publisher\":{\"@id\":\"https:\/\/multi-gyn.com\/uy\/#organization\"},\"potentialAction\":[{\"@type\":\"SearchAction\",\"target\":{\"@type\":\"EntryPoint\",\"urlTemplate\":\"https:\/\/multi-gyn.com\/uy\/?s={search_term_string}\"},\"query-input\":{\"@type\":\"PropertyValueSpecification\",\"valueRequired\":true,\"valueName\":\"search_term_string\"}}],\"inLanguage\":\"es-UY\"},{\"@type\":\"Organization\",\"@id\":\"https:\/\/multi-gyn.com\/uy\/#organization\",\"name\":\"Multi-Gyn\",\"url\":\"https:\/\/multi-gyn.com\/uy\/\",\"logo\":{\"@type\":\"ImageObject\",\"inLanguage\":\"es-UY\",\"@id\":\"https:\/\/multi-gyn.com\/uy\/#\/schema\/logo\/image\/\",\"url\":\"https:\/\/multi-gyn.com\/app\/uploads\/sites\/47\/2023\/05\/multi-gyn-logo.png\",\"contentUrl\":\"https:\/\/multi-gyn.com\/app\/uploads\/sites\/47\/2023\/05\/multi-gyn-logo.png\",\"width\":149,\"height\":32,\"caption\":\"Multi-Gyn\"},\"image\":{\"@id\":\"https:\/\/multi-gyn.com\/uy\/#\/schema\/logo\/image\/\"}}]}<\/script>\n<!-- \/ Yoast SEO plugin. -->","yoast_head_json":{"title":"Las molestias vaginales \u2014 \u00bfRealmente debo ver a un doctor? - Multi-Gyn","description":"Dele un vistazo a algunas de las molestias m\u00e1s comunes y el criterio que puede ayudarle a decidir si necesita sacar una cita con el doctor.","robots":{"index":"index","follow":"follow","max-snippet":"max-snippet:-1","max-image-preview":"max-image-preview:large","max-video-preview":"max-video-preview:-1"},"canonical":"https:\/\/multi-gyn.com\/uy\/salud-vaginal\/molestias\/las-molestias-vaginales-realmente-debo-ver-a-un-doctor\/","og_locale":"es_ES","og_type":"article","og_title":"Las molestias vaginales \u2014 \u00bfRealmente debo ver a un doctor? - Multi-Gyn","og_description":"Dele un vistazo a algunas de las molestias m\u00e1s comunes y el criterio que puede ayudarle a decidir si necesita sacar una cita con el doctor.","og_url":"https:\/\/multi-gyn.com\/uy\/salud-vaginal\/molestias\/las-molestias-vaginales-realmente-debo-ver-a-un-doctor\/","og_site_name":"Multi-Gyn","article_modified_time":"2023-05-15T09:33:57+00:00","twitter_card":"summary_large_image","twitter_misc":{"Est. reading time":"3 minutos"},"schema":{"@context":"https:\/\/schema.org","@graph":[{"@type":"WebPage","@id":"https:\/\/multi-gyn.com\/uy\/salud-vaginal\/molestias\/las-molestias-vaginales-realmente-debo-ver-a-un-doctor\/","url":"https:\/\/multi-gyn.com\/uy\/salud-vaginal\/molestias\/las-molestias-vaginales-realmente-debo-ver-a-un-doctor\/","name":"Las molestias vaginales \u2014 \u00bfRealmente debo ver a un doctor? - Multi-Gyn","isPartOf":{"@id":"https:\/\/multi-gyn.com\/uy\/#website"},"datePublished":"2023-05-11T09:09:09+00:00","dateModified":"2023-05-15T09:33:57+00:00","description":"Dele un vistazo a algunas de las molestias m\u00e1s comunes y el criterio que puede ayudarle a decidir si necesita sacar una cita con el doctor.","breadcrumb":{"@id":"https:\/\/multi-gyn.com\/uy\/salud-vaginal\/molestias\/las-molestias-vaginales-realmente-debo-ver-a-un-doctor\/#breadcrumb"},"inLanguage":"es-UY","potentialAction":[{"@type":"ReadAction","target":["https:\/\/multi-gyn.com\/uy\/salud-vaginal\/molestias\/las-molestias-vaginales-realmente-debo-ver-a-un-doctor\/"]}]},{"@type":"BreadcrumbList","@id":"https:\/\/multi-gyn.com\/uy\/salud-vaginal\/molestias\/las-molestias-vaginales-realmente-debo-ver-a-un-doctor\/#breadcrumb","itemListElement":[{"@type":"ListItem","position":1,"name":"Home","item":"https:\/\/multi-gyn.com\/uy\/"},{"@type":"ListItem","position":2,"name":"Salud vaginal","item":"https:\/\/multi-gyn.com\/uy\/salud-vaginal\/"},{"@type":"ListItem","position":3,"name":"Molestias","item":"https:\/\/multi-gyn.com\/uy\/salud-vaginal\/molestias\/"},{"@type":"ListItem","position":4,"name":"Las molestias vaginales \u2014 \u00bfRealmente debo ver a un doctor?"}]},{"@type":"WebSite","@id":"https:\/\/multi-gyn.com\/uy\/#website","url":"https:\/\/multi-gyn.com\/uy\/","name":"Multi-Gyn","description":"","publisher":{"@id":"https:\/\/multi-gyn.com\/uy\/#organization"},"potentialAction":[{"@type":"SearchAction","target":{"@type":"EntryPoint","urlTemplate":"https:\/\/multi-gyn.com\/uy\/?s={search_term_string}"},"query-input":{"@type":"PropertyValueSpecification","valueRequired":true,"valueName":"search_term_string"}}],"inLanguage":"es-UY"},{"@type":"Organization","@id":"https:\/\/multi-gyn.com\/uy\/#organization","name":"Multi-Gyn","url":"https:\/\/multi-gyn.com\/uy\/","logo":{"@type":"ImageObject","inLanguage":"es-UY","@id":"https:\/\/multi-gyn.com\/uy\/#\/schema\/logo\/image\/","url":"https:\/\/multi-gyn.com\/app\/uploads\/sites\/47\/2023\/05\/multi-gyn-logo.png","contentUrl":"https:\/\/multi-gyn.com\/app\/uploads\/sites\/47\/2023\/05\/multi-gyn-logo.png","width":149,"height":32,"caption":"Multi-Gyn"},"image":{"@id":"https:\/\/multi-gyn.com\/uy\/#\/schema\/logo\/image\/"}}]}},"_links":{"self":[{"href":"https:\/\/multi-gyn.com\/uy\/wp-json\/wp\/v2\/pages\/231","targetHints":{"allow":["GET"]}}],"collection":[{"href":"https:\/\/multi-gyn.com\/uy\/wp-json\/wp\/v2\/pages"}],"about":[{"href":"https:\/\/multi-gyn.com\/uy\/wp-json\/wp\/v2\/types\/page"}],"author":[{"embeddable":true,"href":"https:\/\/multi-gyn.com\/uy\/wp-json\/wp\/v2\/users\/2"}],"replies":[{"embeddable":true,"href":"https:\/\/multi-gyn.com\/uy\/wp-json\/wp\/v2\/comments?post=231"}],"version-history":[{"count":2,"href":"https:\/\/multi-gyn.com\/uy\/wp-json\/wp\/v2\/pages\/231\/revisions"}],"predecessor-version":[{"id":429,"href":"https:\/\/multi-gyn.com\/uy\/wp-json\/wp\/v2\/pages\/231\/revisions\/429"}],"up":[{"embeddable":true,"href":"https:\/\/multi-gyn.com\/uy\/wp-json\/wp\/v2\/pages\/31"}],"wp:attachment":[{"href":"https:\/\/multi-gyn.com\/uy\/wp-json\/wp\/v2\/media?parent=231"}],"wp:term":[{"taxonomy":"from-article-database","embeddable":true,"href":"https:\/\/multi-gyn.com\/uy\/wp-json\/wp\/v2\/from-article-database?post=231"}],"curies":[{"name":"wp","href":"https:\/\/api.w.org\/{rel}","templated":true}]}}