{"id":233,"date":"2023-05-11T06:09:31","date_gmt":"2023-05-11T09:09:31","guid":{"rendered":"https:\/\/multi-gyn.com\/uy\/?page_id=233"},"modified":"2023-05-15T06:38:50","modified_gmt":"2023-05-15T09:38:50","slug":"dolor-vaginal","status":"publish","type":"page","link":"https:\/\/multi-gyn.com\/uy\/salud-vaginal\/molestias\/dolor-vaginal\/","title":{"rendered":"Dolor vaginal"},"content":{"rendered":"\n<div class=\"wp-block-karopharma-free-text pt-large pb-large bg-center bg-cover bg-no-repeat  is-style-primary\" style=\"background-image:url()\"><div class=\"free-text-wrapper container max-w-medium text-left\">\n<h1 class=\"is-style-heading-h1 wp-block-heading\">Dolor vaginal<\/h1>\n\n\n\n<p class=\"is-style-paragraph-preamble\">Cuando hay dolor vaginal, se debe principalmente a una infecci\u00f3n. Sin embargo, el dolor en la regi\u00f3n \u00edntima tambi\u00e9n puede ser causado por irritaci\u00f3n, resequedad vaginal o cambios hormonales. Otros s\u00edntomas que podr\u00edan seguir a un dolor vaginal incluyen la comez\u00f3n, ardor, dolor, escozor y punzadas.<\/p>\n<\/div><\/div>\n\n\n\n<div class=\"wp-block-karopharma-free-text pt-large pb-large bg-center bg-cover bg-no-repeat  is-style-transparent\" style=\"background-image:url()\"><div class=\"free-text-wrapper container max-w-medium text-left\">\n<h3 class=\"is-style-heading-h4 wp-block-heading\">Algunas de las causas comunes del dolor vaginal incluyen:<\/h3>\n\n\n\n<ul class=\"is-style-default wp-block-list\"><li>Candidiasis \u2013 aunque la candidiasis en s\u00ed no causa el dolor, s\u00ed genera comez\u00f3n. Rascarse la zona \u00edntima puede da\u00f1ar la piel y causar inflamaci\u00f3n, traduci\u00e9ndose en dolor y sensibilidad all\u00ed abajo eventualmente. En caso de ser propensa a la candidiasis o se encuentra en un tratamiento antibi\u00f3tico, use un producto prebi\u00f3tico que pueda estimular las bacterias beneficas y reduzca el riesgo de infecci\u00f3n.<\/li><li>Irritaci\u00f3n \u2013 usar productos que contengan detergentes fuertes, qu\u00edmicos, fragancias o tintes puede irritar la piel y causar inflamaci\u00f3n, resultando en inflamaci\u00f3n, dolor y sensibilidad en la zona \u00edntima. Evite cualquier producto que contenga estos ingredientes, incluyendo el jab\u00f3n, ba\u00f1os de espuma, aerosoles vaginales, cremas corporales y pomadas.<\/li><li>Usar antibi\u00f3ticos o esteroides. Estos grupos de medicamentos pueden aumentar la probabilidad de sufrir de una candidiasis.<\/li><li>Embarazo. Cuando est\u00e1n embarazadas, las mujeres tienden a desarrollar candidiasis y dolor vaginal como resultado de la inflamaci\u00f3n.<\/li><li>Algunas ETS.<\/li><li>Resequedad vaginal. Cuando la vagina no tiene la suficiente lubricaci\u00f3n natural la penetraci\u00f3n durante las relaciones sexuales puede causar fricci\u00f3n y da\u00f1o a los tejidos, lo que conlleva a inflamaci\u00f3n y dolor. Esto puede dar lugar a una p\u00e9rdida de libido o no disfrutar las relaciones sexuales. Si est\u00e1 experimentando resequedad vaginal intente usar un humectante vaginal o un lubricante para aliviar los s\u00edntomas. Un humectante se aplica diariamente y es duradero, mientras que un lubricante se aplica antes de las relaciones sexuales y es efectivo solamente por un corto periodo de tiempo.<\/li><li>Atrofia vaginal. Esta condici\u00f3n se debe al adelgazamiento del tejido vaginal y la p\u00e9rdida de elasticidad por la disminuci\u00f3n de los niveles de estr\u00f3geno que normalmente ocurre en la menopausia. Las paredes vaginales que est\u00e1n delgadas y secas pueden da\u00f1arse f\u00e1cilmente e inflamarse por la penetraci\u00f3n, dando lugar al ardor y dolor.<\/li><\/ul>\n<\/div><\/div>\n","protected":false},"excerpt":{"rendered":"","protected":false},"author":2,"featured_media":0,"parent":31,"menu_order":7,"comment_status":"closed","ping_status":"closed","template":"","meta":{"_acf_changed":false,"footnotes":""},"from-article-database":[],"class_list":["post-233","page","type-page","status-publish","hentry"],"acf":[],"yoast_head":"<!-- This site is optimized with the Yoast SEO plugin v26.6 - https:\/\/yoast.com\/wordpress\/plugins\/seo\/ -->\n<title>Dolor vaginal - Multi-Gyn<\/title>\n<meta name=\"description\" content=\"Cuando hay dolor vaginal, se debe principalmente a una infecci\u00f3n. Sin embargo, el dolor en la regi\u00f3n \u00edntima tambi\u00e9n puede ser causado por irritaci\u00f3n, resequedad vaginal o cambios hormonales.\" \/>\n<meta name=\"robots\" content=\"index, follow, max-snippet:-1, max-image-preview:large, max-video-preview:-1\" \/>\n<link rel=\"canonical\" href=\"https:\/\/multi-gyn.com\/uy\/salud-vaginal\/molestias\/dolor-vaginal\/\" \/>\n<meta property=\"og:locale\" content=\"es_ES\" \/>\n<meta property=\"og:type\" content=\"article\" \/>\n<meta property=\"og:title\" content=\"Dolor vaginal - Multi-Gyn\" \/>\n<meta property=\"og:description\" content=\"Cuando hay dolor vaginal, se debe principalmente a una infecci\u00f3n. Sin embargo, el dolor en la regi\u00f3n \u00edntima tambi\u00e9n puede ser causado por irritaci\u00f3n, resequedad vaginal o cambios hormonales.\" \/>\n<meta property=\"og:url\" content=\"https:\/\/multi-gyn.com\/uy\/salud-vaginal\/molestias\/dolor-vaginal\/\" \/>\n<meta property=\"og:site_name\" content=\"Multi-Gyn\" \/>\n<meta property=\"article:modified_time\" content=\"2023-05-15T09:38:50+00:00\" \/>\n<meta name=\"twitter:card\" content=\"summary_large_image\" \/>\n<meta name=\"twitter:label1\" content=\"Est. reading time\" \/>\n\t<meta name=\"twitter:data1\" content=\"2 minutos\" \/>\n<script type=\"application\/ld+json\" class=\"yoast-schema-graph\">{\"@context\":\"https:\/\/schema.org\",\"@graph\":[{\"@type\":\"WebPage\",\"@id\":\"https:\/\/multi-gyn.com\/uy\/salud-vaginal\/molestias\/dolor-vaginal\/\",\"url\":\"https:\/\/multi-gyn.com\/uy\/salud-vaginal\/molestias\/dolor-vaginal\/\",\"name\":\"Dolor vaginal - Multi-Gyn\",\"isPartOf\":{\"@id\":\"https:\/\/multi-gyn.com\/uy\/#website\"},\"datePublished\":\"2023-05-11T09:09:31+00:00\",\"dateModified\":\"2023-05-15T09:38:50+00:00\",\"description\":\"Cuando hay dolor vaginal, se debe principalmente a una infecci\u00f3n. Sin embargo, el dolor en la regi\u00f3n \u00edntima tambi\u00e9n puede ser causado por irritaci\u00f3n, resequedad vaginal o cambios hormonales.\",\"breadcrumb\":{\"@id\":\"https:\/\/multi-gyn.com\/uy\/salud-vaginal\/molestias\/dolor-vaginal\/#breadcrumb\"},\"inLanguage\":\"es-UY\",\"potentialAction\":[{\"@type\":\"ReadAction\",\"target\":[\"https:\/\/multi-gyn.com\/uy\/salud-vaginal\/molestias\/dolor-vaginal\/\"]}]},{\"@type\":\"BreadcrumbList\",\"@id\":\"https:\/\/multi-gyn.com\/uy\/salud-vaginal\/molestias\/dolor-vaginal\/#breadcrumb\",\"itemListElement\":[{\"@type\":\"ListItem\",\"position\":1,\"name\":\"Home\",\"item\":\"https:\/\/multi-gyn.com\/uy\/\"},{\"@type\":\"ListItem\",\"position\":2,\"name\":\"Salud vaginal\",\"item\":\"https:\/\/multi-gyn.com\/uy\/salud-vaginal\/\"},{\"@type\":\"ListItem\",\"position\":3,\"name\":\"Molestias\",\"item\":\"https:\/\/multi-gyn.com\/uy\/salud-vaginal\/molestias\/\"},{\"@type\":\"ListItem\",\"position\":4,\"name\":\"Dolor vaginal\"}]},{\"@type\":\"WebSite\",\"@id\":\"https:\/\/multi-gyn.com\/uy\/#website\",\"url\":\"https:\/\/multi-gyn.com\/uy\/\",\"name\":\"Multi-Gyn\",\"description\":\"\",\"publisher\":{\"@id\":\"https:\/\/multi-gyn.com\/uy\/#organization\"},\"potentialAction\":[{\"@type\":\"SearchAction\",\"target\":{\"@type\":\"EntryPoint\",\"urlTemplate\":\"https:\/\/multi-gyn.com\/uy\/?s={search_term_string}\"},\"query-input\":{\"@type\":\"PropertyValueSpecification\",\"valueRequired\":true,\"valueName\":\"search_term_string\"}}],\"inLanguage\":\"es-UY\"},{\"@type\":\"Organization\",\"@id\":\"https:\/\/multi-gyn.com\/uy\/#organization\",\"name\":\"Multi-Gyn\",\"url\":\"https:\/\/multi-gyn.com\/uy\/\",\"logo\":{\"@type\":\"ImageObject\",\"inLanguage\":\"es-UY\",\"@id\":\"https:\/\/multi-gyn.com\/uy\/#\/schema\/logo\/image\/\",\"url\":\"https:\/\/multi-gyn.com\/app\/uploads\/sites\/47\/2023\/05\/multi-gyn-logo.png\",\"contentUrl\":\"https:\/\/multi-gyn.com\/app\/uploads\/sites\/47\/2023\/05\/multi-gyn-logo.png\",\"width\":149,\"height\":32,\"caption\":\"Multi-Gyn\"},\"image\":{\"@id\":\"https:\/\/multi-gyn.com\/uy\/#\/schema\/logo\/image\/\"}}]}<\/script>\n<!-- \/ Yoast SEO plugin. -->","yoast_head_json":{"title":"Dolor vaginal - Multi-Gyn","description":"Cuando hay dolor vaginal, se debe principalmente a una infecci\u00f3n. Sin embargo, el dolor en la regi\u00f3n \u00edntima tambi\u00e9n puede ser causado por irritaci\u00f3n, resequedad vaginal o cambios hormonales.","robots":{"index":"index","follow":"follow","max-snippet":"max-snippet:-1","max-image-preview":"max-image-preview:large","max-video-preview":"max-video-preview:-1"},"canonical":"https:\/\/multi-gyn.com\/uy\/salud-vaginal\/molestias\/dolor-vaginal\/","og_locale":"es_ES","og_type":"article","og_title":"Dolor vaginal - Multi-Gyn","og_description":"Cuando hay dolor vaginal, se debe principalmente a una infecci\u00f3n. Sin embargo, el dolor en la regi\u00f3n \u00edntima tambi\u00e9n puede ser causado por irritaci\u00f3n, resequedad vaginal o cambios hormonales.","og_url":"https:\/\/multi-gyn.com\/uy\/salud-vaginal\/molestias\/dolor-vaginal\/","og_site_name":"Multi-Gyn","article_modified_time":"2023-05-15T09:38:50+00:00","twitter_card":"summary_large_image","twitter_misc":{"Est. reading time":"2 minutos"},"schema":{"@context":"https:\/\/schema.org","@graph":[{"@type":"WebPage","@id":"https:\/\/multi-gyn.com\/uy\/salud-vaginal\/molestias\/dolor-vaginal\/","url":"https:\/\/multi-gyn.com\/uy\/salud-vaginal\/molestias\/dolor-vaginal\/","name":"Dolor vaginal - Multi-Gyn","isPartOf":{"@id":"https:\/\/multi-gyn.com\/uy\/#website"},"datePublished":"2023-05-11T09:09:31+00:00","dateModified":"2023-05-15T09:38:50+00:00","description":"Cuando hay dolor vaginal, se debe principalmente a una infecci\u00f3n. Sin embargo, el dolor en la regi\u00f3n \u00edntima tambi\u00e9n puede ser causado por irritaci\u00f3n, resequedad vaginal o cambios hormonales.","breadcrumb":{"@id":"https:\/\/multi-gyn.com\/uy\/salud-vaginal\/molestias\/dolor-vaginal\/#breadcrumb"},"inLanguage":"es-UY","potentialAction":[{"@type":"ReadAction","target":["https:\/\/multi-gyn.com\/uy\/salud-vaginal\/molestias\/dolor-vaginal\/"]}]},{"@type":"BreadcrumbList","@id":"https:\/\/multi-gyn.com\/uy\/salud-vaginal\/molestias\/dolor-vaginal\/#breadcrumb","itemListElement":[{"@type":"ListItem","position":1,"name":"Home","item":"https:\/\/multi-gyn.com\/uy\/"},{"@type":"ListItem","position":2,"name":"Salud vaginal","item":"https:\/\/multi-gyn.com\/uy\/salud-vaginal\/"},{"@type":"ListItem","position":3,"name":"Molestias","item":"https:\/\/multi-gyn.com\/uy\/salud-vaginal\/molestias\/"},{"@type":"ListItem","position":4,"name":"Dolor vaginal"}]},{"@type":"WebSite","@id":"https:\/\/multi-gyn.com\/uy\/#website","url":"https:\/\/multi-gyn.com\/uy\/","name":"Multi-Gyn","description":"","publisher":{"@id":"https:\/\/multi-gyn.com\/uy\/#organization"},"potentialAction":[{"@type":"SearchAction","target":{"@type":"EntryPoint","urlTemplate":"https:\/\/multi-gyn.com\/uy\/?s={search_term_string}"},"query-input":{"@type":"PropertyValueSpecification","valueRequired":true,"valueName":"search_term_string"}}],"inLanguage":"es-UY"},{"@type":"Organization","@id":"https:\/\/multi-gyn.com\/uy\/#organization","name":"Multi-Gyn","url":"https:\/\/multi-gyn.com\/uy\/","logo":{"@type":"ImageObject","inLanguage":"es-UY","@id":"https:\/\/multi-gyn.com\/uy\/#\/schema\/logo\/image\/","url":"https:\/\/multi-gyn.com\/app\/uploads\/sites\/47\/2023\/05\/multi-gyn-logo.png","contentUrl":"https:\/\/multi-gyn.com\/app\/uploads\/sites\/47\/2023\/05\/multi-gyn-logo.png","width":149,"height":32,"caption":"Multi-Gyn"},"image":{"@id":"https:\/\/multi-gyn.com\/uy\/#\/schema\/logo\/image\/"}}]}},"_links":{"self":[{"href":"https:\/\/multi-gyn.com\/uy\/wp-json\/wp\/v2\/pages\/233","targetHints":{"allow":["GET"]}}],"collection":[{"href":"https:\/\/multi-gyn.com\/uy\/wp-json\/wp\/v2\/pages"}],"about":[{"href":"https:\/\/multi-gyn.com\/uy\/wp-json\/wp\/v2\/types\/page"}],"author":[{"embeddable":true,"href":"https:\/\/multi-gyn.com\/uy\/wp-json\/wp\/v2\/users\/2"}],"replies":[{"embeddable":true,"href":"https:\/\/multi-gyn.com\/uy\/wp-json\/wp\/v2\/comments?post=233"}],"version-history":[{"count":2,"href":"https:\/\/multi-gyn.com\/uy\/wp-json\/wp\/v2\/pages\/233\/revisions"}],"predecessor-version":[{"id":431,"href":"https:\/\/multi-gyn.com\/uy\/wp-json\/wp\/v2\/pages\/233\/revisions\/431"}],"up":[{"embeddable":true,"href":"https:\/\/multi-gyn.com\/uy\/wp-json\/wp\/v2\/pages\/31"}],"wp:attachment":[{"href":"https:\/\/multi-gyn.com\/uy\/wp-json\/wp\/v2\/media?parent=233"}],"wp:term":[{"taxonomy":"from-article-database","embeddable":true,"href":"https:\/\/multi-gyn.com\/uy\/wp-json\/wp\/v2\/from-article-database?post=233"}],"curies":[{"name":"wp","href":"https:\/\/api.w.org\/{rel}","templated":true}]}}