{"id":235,"date":"2023-05-11T06:09:47","date_gmt":"2023-05-11T09:09:47","guid":{"rendered":"https:\/\/multi-gyn.com\/uy\/?page_id=235"},"modified":"2023-05-15T06:42:20","modified_gmt":"2023-05-15T09:42:20","slug":"causas-de-una-relacion-sexual-dolorosa","status":"publish","type":"page","link":"https:\/\/multi-gyn.com\/uy\/salud-vaginal\/molestias\/causas-de-una-relacion-sexual-dolorosa\/","title":{"rendered":"Causas de una relaci\u00f3n sexual dolorosa"},"content":{"rendered":"\n<div class=\"wp-block-karopharma-free-text pt-large pb-large bg-center bg-cover bg-no-repeat  is-style-primary\" style=\"background-image:url()\"><div class=\"free-text-wrapper container max-w-medium text-left\">\n<h1 class=\"is-style-heading-h1 wp-block-heading\">Causas de una relaci\u00f3n sexual dolorosa<\/h1>\n\n\n\n<p class=\"is-style-paragraph-preamble\">El dolor durante una relaci\u00f3n sexual puede ir de leve a severo, pero donde sea que se ubique en la escala de intensidad, este puede sin duda cambiar el sexo de ser algo placentero a ser indeseado. El dolor durante la relaci\u00f3n sexual se llama en t\u00e9rminos m\u00e9dicos dispareunia y puede causar problemas en la vida \u00edntima de una pareja, pero tambi\u00e9n puede afectar la vida de una mujer en general. Es por eso que es importante entender las posibles causas de las relaciones sexuales dolorosas y qu\u00e9 puede hacer para prevenirlas.<\/p>\n<\/div><\/div>\n\n\n\n<div class=\"wp-block-karopharma-free-text pt-large pb-large bg-center bg-cover bg-no-repeat  is-style-transparent\" style=\"background-image:url()\"><div class=\"free-text-wrapper container max-w-medium text-left\">\n<p>En la mayor\u00eda de los casos, el dolor que una mujer siente durante la penetraci\u00f3n se debe a la resequedad vaginal. Esta condici\u00f3n puede ocurrir durante per\u00edodos de cambios hormonales, como durante el embarazo, la lactancia o la menopausia. La resequedad tambi\u00e9n puede ser la causa de dolor si una pareja no dedica tiempo suficiente a la excitaci\u00f3n previa, no haciendo que la mujer se excite lo suficiente para estimular suficiente lubricaci\u00f3n natural.<\/p>\n\n\n\n<h2 class=\"is-style-heading-h2 wp-block-heading\">Razones para la resequedad vaginal<\/h2>\n\n\n\n<p>La raz\u00f3n para la resequedad vaginal durante la menopausia, el embarazo o la lactancia es una ca\u00edda de los niveles de estr\u00f3geno. El estr\u00f3geno es una hormona sexual femenina que est\u00e1 a cargo de mantener las paredes vaginales gruesas, el\u00e1sticas y lubricadas. Cuando los niveles de estr\u00f3geno se reducen, el tejido vaginal se vuelve m\u00e1s delgado y menos el\u00e1stico, y la lubricaci\u00f3n se reduce significativamente, causando resequedad y da\u00f1o de tejidos durante la penetraci\u00f3n, ocasionando dolor e inflamaci\u00f3n.<\/p>\n\n\n\n<p>Si este es el caso, intente usar un humectante vaginal o un lubricante que pueda dar alivio a la resequedad y permita una vida sexual sin dolor y placentera. La principal diferencia entre estos dos tipos de productos es que los humectantes est\u00e1 dise\u00f1ados para ser usados a diario, proporcionando humedad continua que le ayudar\u00e1 a hacer ejercicio y a disfrutar cualquier actividad f\u00edsica sin la sensaci\u00f3n de fricci\u00f3n y molestia en su zona \u00edntima, mientras que los lubricantes est\u00e1n destinados para ser usados antes de tener relaciones sexuales, ofreciendo un efecto que dura por un corto per\u00edodo de tiempo.<\/p>\n\n\n\n<h2 class=\"is-style-heading-h2 wp-block-heading\">Otras molestias<\/h2>\n\n\n\n<p>Si el dolor que siente durante el sexo est\u00e1 conectado a comez\u00f3n, ardor o inflamaci\u00f3n, seguido de una secreci\u00f3n blanca, migajosa, usted puede tener una candidiasis. El dolor tambi\u00e9n puede ocurrir si tiene vaginosis bacteriana \u2013 en ambos casos, evite tener relaciones sexuales hasta que la infecci\u00f3n est\u00e9 bajo control y el tejido da\u00f1ado haya sanado. Consulte con su doctor para tener una terapia apropiada y considere el uso de un producto prebi\u00f3tico que pueda estimular el crecimiento de bacterias benignas en la vagina.<\/p>\n\n\n\n<p>Otros casos que pueden hacer que sienta dolor durante las relaciones sexuales incluyen:<\/p>\n\n\n\n<ul class=\"is-style-default wp-block-list\"><li>Algunas ETS<\/li><li>Episiotom\u00eda o un desgarro creado durante el parto<\/li><li>Algunas condiciones m\u00e9dicas como la endometriosis y la enfermedad p\u00e9lvica inflamatoria<\/li><li>Problemas sicol\u00f3gicos como estr\u00e9s, ansiedad, depresi\u00f3n, inseguridad acerca de su apariencia f\u00edsica, miedo o problemas en una relaci\u00f3n<\/li><li>Tener sexo muy poco tiempo despu\u00e9s de dar a luz o tener una cirug\u00eda en la zona p\u00e9lvica<\/li><\/ul>\n\n\n\n<p class=\"is-style-paragraph-preamble has-primary-color has-text-color\"><em>\u00abEn la mayor\u00eda de los casos, el dolor que una mujer siente durante la penetraci\u00f3n se debe a la resequedad vaginal. Esta condici\u00f3n puede ocurrir durante per\u00edodos de cambios hormonales, como durante el embarazo, la lactancia o la menopausia.\u00bb<\/em><\/p>\n<\/div><\/div>\n","protected":false},"excerpt":{"rendered":"","protected":false},"author":2,"featured_media":0,"parent":31,"menu_order":8,"comment_status":"closed","ping_status":"closed","template":"","meta":{"_acf_changed":false,"footnotes":""},"from-article-database":[],"class_list":["post-235","page","type-page","status-publish","hentry"],"acf":[],"yoast_head":"<!-- This site is optimized with the Yoast SEO plugin v26.6 - https:\/\/yoast.com\/wordpress\/plugins\/seo\/ -->\n<title>Causas de una relaci\u00f3n sexual dolorosa - Multi-Gyn<\/title>\n<meta name=\"description\" content=\"El dolor durante una relaci\u00f3n sexual puede ir de leve a severo, pero donde sea que se ubique en la escala de intensidad, este puede sin duda cambiar el sexo de ser algo placentero a ser indeseado\" \/>\n<meta name=\"robots\" content=\"index, follow, max-snippet:-1, max-image-preview:large, max-video-preview:-1\" \/>\n<link rel=\"canonical\" href=\"https:\/\/multi-gyn.com\/uy\/salud-vaginal\/molestias\/causas-de-una-relacion-sexual-dolorosa\/\" \/>\n<meta property=\"og:locale\" content=\"es_ES\" \/>\n<meta property=\"og:type\" content=\"article\" \/>\n<meta property=\"og:title\" content=\"Causas de una relaci\u00f3n sexual dolorosa - Multi-Gyn\" \/>\n<meta property=\"og:description\" content=\"El dolor durante una relaci\u00f3n sexual puede ir de leve a severo, pero donde sea que se ubique en la escala de intensidad, este puede sin duda cambiar el sexo de ser algo placentero a ser indeseado\" \/>\n<meta property=\"og:url\" content=\"https:\/\/multi-gyn.com\/uy\/salud-vaginal\/molestias\/causas-de-una-relacion-sexual-dolorosa\/\" \/>\n<meta property=\"og:site_name\" content=\"Multi-Gyn\" \/>\n<meta property=\"article:modified_time\" content=\"2023-05-15T09:42:20+00:00\" \/>\n<meta name=\"twitter:card\" content=\"summary_large_image\" \/>\n<meta name=\"twitter:label1\" content=\"Est. reading time\" \/>\n\t<meta name=\"twitter:data1\" content=\"3 minutos\" \/>\n<script type=\"application\/ld+json\" class=\"yoast-schema-graph\">{\"@context\":\"https:\/\/schema.org\",\"@graph\":[{\"@type\":\"WebPage\",\"@id\":\"https:\/\/multi-gyn.com\/uy\/salud-vaginal\/molestias\/causas-de-una-relacion-sexual-dolorosa\/\",\"url\":\"https:\/\/multi-gyn.com\/uy\/salud-vaginal\/molestias\/causas-de-una-relacion-sexual-dolorosa\/\",\"name\":\"Causas de una relaci\u00f3n sexual dolorosa - Multi-Gyn\",\"isPartOf\":{\"@id\":\"https:\/\/multi-gyn.com\/uy\/#website\"},\"datePublished\":\"2023-05-11T09:09:47+00:00\",\"dateModified\":\"2023-05-15T09:42:20+00:00\",\"description\":\"El dolor durante una relaci\u00f3n sexual puede ir de leve a severo, pero donde sea que se ubique en la escala de intensidad, este puede sin duda cambiar el sexo de ser algo placentero a ser indeseado\",\"breadcrumb\":{\"@id\":\"https:\/\/multi-gyn.com\/uy\/salud-vaginal\/molestias\/causas-de-una-relacion-sexual-dolorosa\/#breadcrumb\"},\"inLanguage\":\"es-UY\",\"potentialAction\":[{\"@type\":\"ReadAction\",\"target\":[\"https:\/\/multi-gyn.com\/uy\/salud-vaginal\/molestias\/causas-de-una-relacion-sexual-dolorosa\/\"]}]},{\"@type\":\"BreadcrumbList\",\"@id\":\"https:\/\/multi-gyn.com\/uy\/salud-vaginal\/molestias\/causas-de-una-relacion-sexual-dolorosa\/#breadcrumb\",\"itemListElement\":[{\"@type\":\"ListItem\",\"position\":1,\"name\":\"Home\",\"item\":\"https:\/\/multi-gyn.com\/uy\/\"},{\"@type\":\"ListItem\",\"position\":2,\"name\":\"Salud vaginal\",\"item\":\"https:\/\/multi-gyn.com\/uy\/salud-vaginal\/\"},{\"@type\":\"ListItem\",\"position\":3,\"name\":\"Molestias\",\"item\":\"https:\/\/multi-gyn.com\/uy\/salud-vaginal\/molestias\/\"},{\"@type\":\"ListItem\",\"position\":4,\"name\":\"Causas de una relaci\u00f3n sexual dolorosa\"}]},{\"@type\":\"WebSite\",\"@id\":\"https:\/\/multi-gyn.com\/uy\/#website\",\"url\":\"https:\/\/multi-gyn.com\/uy\/\",\"name\":\"Multi-Gyn\",\"description\":\"\",\"publisher\":{\"@id\":\"https:\/\/multi-gyn.com\/uy\/#organization\"},\"potentialAction\":[{\"@type\":\"SearchAction\",\"target\":{\"@type\":\"EntryPoint\",\"urlTemplate\":\"https:\/\/multi-gyn.com\/uy\/?s={search_term_string}\"},\"query-input\":{\"@type\":\"PropertyValueSpecification\",\"valueRequired\":true,\"valueName\":\"search_term_string\"}}],\"inLanguage\":\"es-UY\"},{\"@type\":\"Organization\",\"@id\":\"https:\/\/multi-gyn.com\/uy\/#organization\",\"name\":\"Multi-Gyn\",\"url\":\"https:\/\/multi-gyn.com\/uy\/\",\"logo\":{\"@type\":\"ImageObject\",\"inLanguage\":\"es-UY\",\"@id\":\"https:\/\/multi-gyn.com\/uy\/#\/schema\/logo\/image\/\",\"url\":\"https:\/\/multi-gyn.com\/app\/uploads\/sites\/47\/2023\/05\/multi-gyn-logo.png\",\"contentUrl\":\"https:\/\/multi-gyn.com\/app\/uploads\/sites\/47\/2023\/05\/multi-gyn-logo.png\",\"width\":149,\"height\":32,\"caption\":\"Multi-Gyn\"},\"image\":{\"@id\":\"https:\/\/multi-gyn.com\/uy\/#\/schema\/logo\/image\/\"}}]}<\/script>\n<!-- \/ Yoast SEO plugin. -->","yoast_head_json":{"title":"Causas de una relaci\u00f3n sexual dolorosa - Multi-Gyn","description":"El dolor durante una relaci\u00f3n sexual puede ir de leve a severo, pero donde sea que se ubique en la escala de intensidad, este puede sin duda cambiar el sexo de ser algo placentero a ser indeseado","robots":{"index":"index","follow":"follow","max-snippet":"max-snippet:-1","max-image-preview":"max-image-preview:large","max-video-preview":"max-video-preview:-1"},"canonical":"https:\/\/multi-gyn.com\/uy\/salud-vaginal\/molestias\/causas-de-una-relacion-sexual-dolorosa\/","og_locale":"es_ES","og_type":"article","og_title":"Causas de una relaci\u00f3n sexual dolorosa - Multi-Gyn","og_description":"El dolor durante una relaci\u00f3n sexual puede ir de leve a severo, pero donde sea que se ubique en la escala de intensidad, este puede sin duda cambiar el sexo de ser algo placentero a ser indeseado","og_url":"https:\/\/multi-gyn.com\/uy\/salud-vaginal\/molestias\/causas-de-una-relacion-sexual-dolorosa\/","og_site_name":"Multi-Gyn","article_modified_time":"2023-05-15T09:42:20+00:00","twitter_card":"summary_large_image","twitter_misc":{"Est. reading time":"3 minutos"},"schema":{"@context":"https:\/\/schema.org","@graph":[{"@type":"WebPage","@id":"https:\/\/multi-gyn.com\/uy\/salud-vaginal\/molestias\/causas-de-una-relacion-sexual-dolorosa\/","url":"https:\/\/multi-gyn.com\/uy\/salud-vaginal\/molestias\/causas-de-una-relacion-sexual-dolorosa\/","name":"Causas de una relaci\u00f3n sexual dolorosa - Multi-Gyn","isPartOf":{"@id":"https:\/\/multi-gyn.com\/uy\/#website"},"datePublished":"2023-05-11T09:09:47+00:00","dateModified":"2023-05-15T09:42:20+00:00","description":"El dolor durante una relaci\u00f3n sexual puede ir de leve a severo, pero donde sea que se ubique en la escala de intensidad, este puede sin duda cambiar el sexo de ser algo placentero a ser indeseado","breadcrumb":{"@id":"https:\/\/multi-gyn.com\/uy\/salud-vaginal\/molestias\/causas-de-una-relacion-sexual-dolorosa\/#breadcrumb"},"inLanguage":"es-UY","potentialAction":[{"@type":"ReadAction","target":["https:\/\/multi-gyn.com\/uy\/salud-vaginal\/molestias\/causas-de-una-relacion-sexual-dolorosa\/"]}]},{"@type":"BreadcrumbList","@id":"https:\/\/multi-gyn.com\/uy\/salud-vaginal\/molestias\/causas-de-una-relacion-sexual-dolorosa\/#breadcrumb","itemListElement":[{"@type":"ListItem","position":1,"name":"Home","item":"https:\/\/multi-gyn.com\/uy\/"},{"@type":"ListItem","position":2,"name":"Salud vaginal","item":"https:\/\/multi-gyn.com\/uy\/salud-vaginal\/"},{"@type":"ListItem","position":3,"name":"Molestias","item":"https:\/\/multi-gyn.com\/uy\/salud-vaginal\/molestias\/"},{"@type":"ListItem","position":4,"name":"Causas de una relaci\u00f3n sexual dolorosa"}]},{"@type":"WebSite","@id":"https:\/\/multi-gyn.com\/uy\/#website","url":"https:\/\/multi-gyn.com\/uy\/","name":"Multi-Gyn","description":"","publisher":{"@id":"https:\/\/multi-gyn.com\/uy\/#organization"},"potentialAction":[{"@type":"SearchAction","target":{"@type":"EntryPoint","urlTemplate":"https:\/\/multi-gyn.com\/uy\/?s={search_term_string}"},"query-input":{"@type":"PropertyValueSpecification","valueRequired":true,"valueName":"search_term_string"}}],"inLanguage":"es-UY"},{"@type":"Organization","@id":"https:\/\/multi-gyn.com\/uy\/#organization","name":"Multi-Gyn","url":"https:\/\/multi-gyn.com\/uy\/","logo":{"@type":"ImageObject","inLanguage":"es-UY","@id":"https:\/\/multi-gyn.com\/uy\/#\/schema\/logo\/image\/","url":"https:\/\/multi-gyn.com\/app\/uploads\/sites\/47\/2023\/05\/multi-gyn-logo.png","contentUrl":"https:\/\/multi-gyn.com\/app\/uploads\/sites\/47\/2023\/05\/multi-gyn-logo.png","width":149,"height":32,"caption":"Multi-Gyn"},"image":{"@id":"https:\/\/multi-gyn.com\/uy\/#\/schema\/logo\/image\/"}}]}},"_links":{"self":[{"href":"https:\/\/multi-gyn.com\/uy\/wp-json\/wp\/v2\/pages\/235","targetHints":{"allow":["GET"]}}],"collection":[{"href":"https:\/\/multi-gyn.com\/uy\/wp-json\/wp\/v2\/pages"}],"about":[{"href":"https:\/\/multi-gyn.com\/uy\/wp-json\/wp\/v2\/types\/page"}],"author":[{"embeddable":true,"href":"https:\/\/multi-gyn.com\/uy\/wp-json\/wp\/v2\/users\/2"}],"replies":[{"embeddable":true,"href":"https:\/\/multi-gyn.com\/uy\/wp-json\/wp\/v2\/comments?post=235"}],"version-history":[{"count":3,"href":"https:\/\/multi-gyn.com\/uy\/wp-json\/wp\/v2\/pages\/235\/revisions"}],"predecessor-version":[{"id":433,"href":"https:\/\/multi-gyn.com\/uy\/wp-json\/wp\/v2\/pages\/235\/revisions\/433"}],"up":[{"embeddable":true,"href":"https:\/\/multi-gyn.com\/uy\/wp-json\/wp\/v2\/pages\/31"}],"wp:attachment":[{"href":"https:\/\/multi-gyn.com\/uy\/wp-json\/wp\/v2\/media?parent=235"}],"wp:term":[{"taxonomy":"from-article-database","embeddable":true,"href":"https:\/\/multi-gyn.com\/uy\/wp-json\/wp\/v2\/from-article-database?post=235"}],"curies":[{"name":"wp","href":"https:\/\/api.w.org\/{rel}","templated":true}]}}