{"id":237,"date":"2023-05-11T06:10:02","date_gmt":"2023-05-11T09:10:02","guid":{"rendered":"https:\/\/multi-gyn.com\/uy\/?page_id=237"},"modified":"2023-05-15T06:59:23","modified_gmt":"2023-05-15T09:59:23","slug":"los-pantalones-ajustados-causan-infecciones-vaginales","status":"publish","type":"page","link":"https:\/\/multi-gyn.com\/uy\/salud-vaginal\/molestias\/los-pantalones-ajustados-causan-infecciones-vaginales\/","title":{"rendered":"\u00bfLos pantalones ajustados causan infecciones vaginales?"},"content":{"rendered":"\n<div class=\"wp-block-karopharma-free-text pt-large pb-large bg-center bg-cover bg-no-repeat  is-style-primary\" style=\"background-image:url()\"><div class=\"free-text-wrapper container max-w-medium text-left\">\n<h1 class=\"is-style-heading-h1 wp-block-heading\">\u00bfLos pantalones ajustados causan infecciones vaginales?<\/h1>\n\n\n\n<p class=\"is-style-paragraph-preamble\">Los pantalones ajustados son la prenda de vestir favorita de muchas mujeres y la m\u00e1s popular entre mujeres de todas las edades. Se adaptan perfectamente y quedan bien \u2013 por lo que, \u00bfpor qu\u00e9 no deber\u00edas llevar tus pantalones ajustados todos los d\u00edas? Lo creas o no, los pantalones ajustados pueden causar molestias vaginales y promover el sobre <a href=\"https:\/\/multi-gyn.com\/uy\/salud-vaginal\/general\/la-flora-vaginal\/\">crecimiento bacteriano<\/a>. Contin\u00faa leyendo para conocer el porqu\u00e9.<\/p>\n<\/div><\/div>\n\n\n\n<div class=\"wp-block-karopharma-free-text pt-large pb-large bg-center bg-cover bg-no-repeat  is-style-transparent\" style=\"background-image:url()\"><div class=\"free-text-wrapper container max-w-medium text-left\">\n<h2 class=\"is-style-heading-h2 wp-block-heading\">Da un descanso a tus pantalones ajustados<\/h2>\n\n\n\n<p>No es una buena idea llevar tus pantalones ajustados cada d\u00eda. La ropa ajustada o sint\u00e9tica, como los pantalones ajustados, limitan el flujo y circulaci\u00f3n de aire alrededor de la ingle y la vulva, atrapando el calor y humedad en la vagina. Pueden tambi\u00e9n causar presi\u00f3n, fricci\u00f3n y calor en tu zona \u00edntima. Esta combinaci\u00f3n de factores crea el ambiente perfecto para las molestias vaginales y los problemas microbianos.<\/p>\n\n\n\n<h2 class=\"is-style-heading-h2 wp-block-heading\">\u00a1Evita las quemaduras por fricci\u00f3n!<\/h2>\n\n\n\n<p>La causa m\u00e1s probable de molestia por el uso de pantalones ajustados o apretados y ropa interior sint\u00e9tica es la irritaci\u00f3n por roce del tejido apretado contra tu vulva. El enrojecimiento, inflamaci\u00f3n, escozor y picaz\u00f3n son irritaciones com\u00fanmente relacionadas con la fricci\u00f3n. Estas irritaciones pueden ser muy inc\u00f3modas. No utilices ropa ajustada todos los d\u00edas y evita los tejidos sint\u00e9ticos que no transpiran ni permiten que circule el aire.<\/p>\n\n\n\n<h2 class=\"is-style-heading-h2 wp-block-heading\">Elige bien tu ropa interior<\/h2>\n\n\n\n<p>Las mujeres suelen elegir ropa interior sint\u00e9tica o un tanga bajo los pantalones ajustados para evitar marcas. La mejor elecci\u00f3n para la ropa interior diaria es el algod\u00f3n u otros tejidos naturales transpirables, que no atrapan el calor y la humedad. Los tangas pueden causar fricci\u00f3n en la vulva y provocar picor, irritaci\u00f3n y ardor en tu zona \u00edntima. Asimismo, puede aumentar el riesgo de transferir bacterias del ano a la vagina porque el tanga presiona ambas zonas y se puede mover bajo la ropa ajustada, como son los pantalones tipo skinny.<\/p>\n\n\n\n<h2 class=\"is-style-heading-h2 wp-block-heading\">Deja que tu vagina respire\u2026<\/h2>\n\n\n\n<p>Los pantalones ajustados bloquean tu zona \u00edntima. Es importante que permitas que el aire circule alrededor de la ingle y la vulva. Tu zona \u00edntima debe ser capaz de \u201crespirar\u201d para evitar que el calor y la humedad se queden atrapados en tu vagina. Los hongos y las bacterias crecen en ambientes calurosos y h\u00famedos, \u00a1no les des la oportunidad! Utiliza tejidos naturales y si has vestido con ropa apretada y pantalones ajustados todo el d\u00eda, quit\u00e1telos cuando llegues a casa y ponte ropa ancha y transpirable. No lleves ropa apretada, como pantalones ajustados, todos los d\u00edas.<\/p>\n\n\n\n<h2 class=\"is-style-heading-h2 wp-block-heading\">Respeta el equilibrio natural de las bacterias<\/h2>\n\n\n\n<p>El delicado equilibrio de tu flora vaginal es importante para una buena salud vaginal. El pH natural de tu vagina es ligeramente \u00e1cido y esto ayuda a evitar que las bacterias nocivas se multipliquen. Cuando se altera el equilibrio de tu flora vaginal, las bacterias nocivas presentes en tu vagina crecen y provocan diversas molestias vaginales como picaz\u00f3n, mal olor y secreci\u00f3n vaginal excesiva. Esto puede dar lugar a candidiasis o vaginosis bacteriana. El uso de ropa interior de tejido sint\u00e9tico o pantalones ajustados evita la circulaci\u00f3n de aire y puede dar lugar a fricci\u00f3n y calor en la vulva. Este ambiente favorece que las bacterias nocivas se multipliquen. As\u00ed, los pantalones ajustados y la ropa interior apretada no provocan directamente problemas vaginales microbianos, pero s\u00ed que pueden contribuir a cualquier problema existente y crear otras molestias dolorosas que pueden complicarse si no se tratan. Cuida tu salud vaginal, elige ropa interior natural de algod\u00f3n, permite que circule el aire y utiliza productos de higiene \u00edntima, libres de jab\u00f3n.<\/p>\n\n\n\n<p>Llevar pantalones ajustados de vez en cuando no provocar\u00e1 ning\u00fan da\u00f1o. Y un pantal\u00f3n ajustado de algod\u00f3n es mejor que un pantal\u00f3n de tejido sint\u00e9tico. Aseg\u00farate de llevar ropa interior de algod\u00f3n y no vistas pantalones ajustados todos los d\u00edas. Si experimentas molestias vaginales despu\u00e9s de llevar pantalones ajustados, <a href=\"https:\/\/multi-gyn.com\/uy\/product\/multi-gyn-actigel\/\">Multi-Gyn ActiGel<\/a> te proporciona un alivio inmediato y ayuda a restaurar el equilibrio de tu flora vaginal.<\/p>\n<\/div><\/div>\n","protected":false},"excerpt":{"rendered":"","protected":false},"author":2,"featured_media":0,"parent":31,"menu_order":9,"comment_status":"closed","ping_status":"closed","template":"","meta":{"_acf_changed":false,"footnotes":""},"from-article-database":[],"class_list":["post-237","page","type-page","status-publish","hentry"],"acf":[],"yoast_head":"<!-- This site is optimized with the Yoast SEO plugin v26.6 - https:\/\/yoast.com\/wordpress\/plugins\/seo\/ -->\n<title>\u00bfLos pantalones ajustados causan infecciones vaginales? - Multi-Gyn<\/title>\n<meta name=\"description\" content=\"Lo creas o no, los pantalones ajustados pueden causar molestias vaginales y promover el sobre crecimiento bacteriano. Contin\u00faa leyendo para conocer el porqu\u00e9.\" \/>\n<meta name=\"robots\" content=\"index, follow, max-snippet:-1, max-image-preview:large, max-video-preview:-1\" \/>\n<link rel=\"canonical\" href=\"https:\/\/multi-gyn.com\/uy\/salud-vaginal\/molestias\/los-pantalones-ajustados-causan-infecciones-vaginales\/\" \/>\n<meta property=\"og:locale\" content=\"es_ES\" \/>\n<meta property=\"og:type\" content=\"article\" \/>\n<meta property=\"og:title\" content=\"\u00bfLos pantalones ajustados causan infecciones vaginales? - Multi-Gyn\" \/>\n<meta property=\"og:description\" content=\"Lo creas o no, los pantalones ajustados pueden causar molestias vaginales y promover el sobre crecimiento bacteriano. Contin\u00faa leyendo para conocer el porqu\u00e9.\" \/>\n<meta property=\"og:url\" content=\"https:\/\/multi-gyn.com\/uy\/salud-vaginal\/molestias\/los-pantalones-ajustados-causan-infecciones-vaginales\/\" \/>\n<meta property=\"og:site_name\" content=\"Multi-Gyn\" \/>\n<meta property=\"article:modified_time\" content=\"2023-05-15T09:59:23+00:00\" \/>\n<meta name=\"twitter:card\" content=\"summary_large_image\" \/>\n<meta name=\"twitter:label1\" content=\"Est. reading time\" \/>\n\t<meta name=\"twitter:data1\" content=\"4 minutos\" \/>\n<script type=\"application\/ld+json\" class=\"yoast-schema-graph\">{\"@context\":\"https:\/\/schema.org\",\"@graph\":[{\"@type\":\"WebPage\",\"@id\":\"https:\/\/multi-gyn.com\/uy\/salud-vaginal\/molestias\/los-pantalones-ajustados-causan-infecciones-vaginales\/\",\"url\":\"https:\/\/multi-gyn.com\/uy\/salud-vaginal\/molestias\/los-pantalones-ajustados-causan-infecciones-vaginales\/\",\"name\":\"\u00bfLos pantalones ajustados causan infecciones vaginales? - Multi-Gyn\",\"isPartOf\":{\"@id\":\"https:\/\/multi-gyn.com\/uy\/#website\"},\"datePublished\":\"2023-05-11T09:10:02+00:00\",\"dateModified\":\"2023-05-15T09:59:23+00:00\",\"description\":\"Lo creas o no, los pantalones ajustados pueden causar molestias vaginales y promover el sobre crecimiento bacteriano. Contin\u00faa leyendo para conocer el porqu\u00e9.\",\"breadcrumb\":{\"@id\":\"https:\/\/multi-gyn.com\/uy\/salud-vaginal\/molestias\/los-pantalones-ajustados-causan-infecciones-vaginales\/#breadcrumb\"},\"inLanguage\":\"es-UY\",\"potentialAction\":[{\"@type\":\"ReadAction\",\"target\":[\"https:\/\/multi-gyn.com\/uy\/salud-vaginal\/molestias\/los-pantalones-ajustados-causan-infecciones-vaginales\/\"]}]},{\"@type\":\"BreadcrumbList\",\"@id\":\"https:\/\/multi-gyn.com\/uy\/salud-vaginal\/molestias\/los-pantalones-ajustados-causan-infecciones-vaginales\/#breadcrumb\",\"itemListElement\":[{\"@type\":\"ListItem\",\"position\":1,\"name\":\"Home\",\"item\":\"https:\/\/multi-gyn.com\/uy\/\"},{\"@type\":\"ListItem\",\"position\":2,\"name\":\"Salud vaginal\",\"item\":\"https:\/\/multi-gyn.com\/uy\/salud-vaginal\/\"},{\"@type\":\"ListItem\",\"position\":3,\"name\":\"Molestias\",\"item\":\"https:\/\/multi-gyn.com\/uy\/salud-vaginal\/molestias\/\"},{\"@type\":\"ListItem\",\"position\":4,\"name\":\"\u00bfLos pantalones ajustados causan infecciones vaginales?\"}]},{\"@type\":\"WebSite\",\"@id\":\"https:\/\/multi-gyn.com\/uy\/#website\",\"url\":\"https:\/\/multi-gyn.com\/uy\/\",\"name\":\"Multi-Gyn\",\"description\":\"\",\"publisher\":{\"@id\":\"https:\/\/multi-gyn.com\/uy\/#organization\"},\"potentialAction\":[{\"@type\":\"SearchAction\",\"target\":{\"@type\":\"EntryPoint\",\"urlTemplate\":\"https:\/\/multi-gyn.com\/uy\/?s={search_term_string}\"},\"query-input\":{\"@type\":\"PropertyValueSpecification\",\"valueRequired\":true,\"valueName\":\"search_term_string\"}}],\"inLanguage\":\"es-UY\"},{\"@type\":\"Organization\",\"@id\":\"https:\/\/multi-gyn.com\/uy\/#organization\",\"name\":\"Multi-Gyn\",\"url\":\"https:\/\/multi-gyn.com\/uy\/\",\"logo\":{\"@type\":\"ImageObject\",\"inLanguage\":\"es-UY\",\"@id\":\"https:\/\/multi-gyn.com\/uy\/#\/schema\/logo\/image\/\",\"url\":\"https:\/\/multi-gyn.com\/app\/uploads\/sites\/47\/2023\/05\/multi-gyn-logo.png\",\"contentUrl\":\"https:\/\/multi-gyn.com\/app\/uploads\/sites\/47\/2023\/05\/multi-gyn-logo.png\",\"width\":149,\"height\":32,\"caption\":\"Multi-Gyn\"},\"image\":{\"@id\":\"https:\/\/multi-gyn.com\/uy\/#\/schema\/logo\/image\/\"}}]}<\/script>\n<!-- \/ Yoast SEO plugin. -->","yoast_head_json":{"title":"\u00bfLos pantalones ajustados causan infecciones vaginales? - Multi-Gyn","description":"Lo creas o no, los pantalones ajustados pueden causar molestias vaginales y promover el sobre crecimiento bacteriano. Contin\u00faa leyendo para conocer el porqu\u00e9.","robots":{"index":"index","follow":"follow","max-snippet":"max-snippet:-1","max-image-preview":"max-image-preview:large","max-video-preview":"max-video-preview:-1"},"canonical":"https:\/\/multi-gyn.com\/uy\/salud-vaginal\/molestias\/los-pantalones-ajustados-causan-infecciones-vaginales\/","og_locale":"es_ES","og_type":"article","og_title":"\u00bfLos pantalones ajustados causan infecciones vaginales? - Multi-Gyn","og_description":"Lo creas o no, los pantalones ajustados pueden causar molestias vaginales y promover el sobre crecimiento bacteriano. Contin\u00faa leyendo para conocer el porqu\u00e9.","og_url":"https:\/\/multi-gyn.com\/uy\/salud-vaginal\/molestias\/los-pantalones-ajustados-causan-infecciones-vaginales\/","og_site_name":"Multi-Gyn","article_modified_time":"2023-05-15T09:59:23+00:00","twitter_card":"summary_large_image","twitter_misc":{"Est. reading time":"4 minutos"},"schema":{"@context":"https:\/\/schema.org","@graph":[{"@type":"WebPage","@id":"https:\/\/multi-gyn.com\/uy\/salud-vaginal\/molestias\/los-pantalones-ajustados-causan-infecciones-vaginales\/","url":"https:\/\/multi-gyn.com\/uy\/salud-vaginal\/molestias\/los-pantalones-ajustados-causan-infecciones-vaginales\/","name":"\u00bfLos pantalones ajustados causan infecciones vaginales? - Multi-Gyn","isPartOf":{"@id":"https:\/\/multi-gyn.com\/uy\/#website"},"datePublished":"2023-05-11T09:10:02+00:00","dateModified":"2023-05-15T09:59:23+00:00","description":"Lo creas o no, los pantalones ajustados pueden causar molestias vaginales y promover el sobre crecimiento bacteriano. Contin\u00faa leyendo para conocer el porqu\u00e9.","breadcrumb":{"@id":"https:\/\/multi-gyn.com\/uy\/salud-vaginal\/molestias\/los-pantalones-ajustados-causan-infecciones-vaginales\/#breadcrumb"},"inLanguage":"es-UY","potentialAction":[{"@type":"ReadAction","target":["https:\/\/multi-gyn.com\/uy\/salud-vaginal\/molestias\/los-pantalones-ajustados-causan-infecciones-vaginales\/"]}]},{"@type":"BreadcrumbList","@id":"https:\/\/multi-gyn.com\/uy\/salud-vaginal\/molestias\/los-pantalones-ajustados-causan-infecciones-vaginales\/#breadcrumb","itemListElement":[{"@type":"ListItem","position":1,"name":"Home","item":"https:\/\/multi-gyn.com\/uy\/"},{"@type":"ListItem","position":2,"name":"Salud vaginal","item":"https:\/\/multi-gyn.com\/uy\/salud-vaginal\/"},{"@type":"ListItem","position":3,"name":"Molestias","item":"https:\/\/multi-gyn.com\/uy\/salud-vaginal\/molestias\/"},{"@type":"ListItem","position":4,"name":"\u00bfLos pantalones ajustados causan infecciones vaginales?"}]},{"@type":"WebSite","@id":"https:\/\/multi-gyn.com\/uy\/#website","url":"https:\/\/multi-gyn.com\/uy\/","name":"Multi-Gyn","description":"","publisher":{"@id":"https:\/\/multi-gyn.com\/uy\/#organization"},"potentialAction":[{"@type":"SearchAction","target":{"@type":"EntryPoint","urlTemplate":"https:\/\/multi-gyn.com\/uy\/?s={search_term_string}"},"query-input":{"@type":"PropertyValueSpecification","valueRequired":true,"valueName":"search_term_string"}}],"inLanguage":"es-UY"},{"@type":"Organization","@id":"https:\/\/multi-gyn.com\/uy\/#organization","name":"Multi-Gyn","url":"https:\/\/multi-gyn.com\/uy\/","logo":{"@type":"ImageObject","inLanguage":"es-UY","@id":"https:\/\/multi-gyn.com\/uy\/#\/schema\/logo\/image\/","url":"https:\/\/multi-gyn.com\/app\/uploads\/sites\/47\/2023\/05\/multi-gyn-logo.png","contentUrl":"https:\/\/multi-gyn.com\/app\/uploads\/sites\/47\/2023\/05\/multi-gyn-logo.png","width":149,"height":32,"caption":"Multi-Gyn"},"image":{"@id":"https:\/\/multi-gyn.com\/uy\/#\/schema\/logo\/image\/"}}]}},"_links":{"self":[{"href":"https:\/\/multi-gyn.com\/uy\/wp-json\/wp\/v2\/pages\/237","targetHints":{"allow":["GET"]}}],"collection":[{"href":"https:\/\/multi-gyn.com\/uy\/wp-json\/wp\/v2\/pages"}],"about":[{"href":"https:\/\/multi-gyn.com\/uy\/wp-json\/wp\/v2\/types\/page"}],"author":[{"embeddable":true,"href":"https:\/\/multi-gyn.com\/uy\/wp-json\/wp\/v2\/users\/2"}],"replies":[{"embeddable":true,"href":"https:\/\/multi-gyn.com\/uy\/wp-json\/wp\/v2\/comments?post=237"}],"version-history":[{"count":3,"href":"https:\/\/multi-gyn.com\/uy\/wp-json\/wp\/v2\/pages\/237\/revisions"}],"predecessor-version":[{"id":435,"href":"https:\/\/multi-gyn.com\/uy\/wp-json\/wp\/v2\/pages\/237\/revisions\/435"}],"up":[{"embeddable":true,"href":"https:\/\/multi-gyn.com\/uy\/wp-json\/wp\/v2\/pages\/31"}],"wp:attachment":[{"href":"https:\/\/multi-gyn.com\/uy\/wp-json\/wp\/v2\/media?parent=237"}],"wp:term":[{"taxonomy":"from-article-database","embeddable":true,"href":"https:\/\/multi-gyn.com\/uy\/wp-json\/wp\/v2\/from-article-database?post=237"}],"curies":[{"name":"wp","href":"https:\/\/api.w.org\/{rel}","templated":true}]}}