{"id":239,"date":"2023-05-11T06:10:19","date_gmt":"2023-05-11T09:10:19","guid":{"rendered":"https:\/\/multi-gyn.com\/uy\/?page_id=239"},"modified":"2023-05-15T07:02:21","modified_gmt":"2023-05-15T10:02:21","slug":"como-aliviar-la-comezon-vaginal","status":"publish","type":"page","link":"https:\/\/multi-gyn.com\/uy\/salud-vaginal\/molestias\/como-aliviar-la-comezon-vaginal\/","title":{"rendered":"C\u00f3mo aliviar la comez\u00f3n vaginal"},"content":{"rendered":"\n<div class=\"wp-block-karopharma-free-text pt-large pb-large bg-center bg-cover bg-no-repeat  is-style-primary\" style=\"background-image:url()\"><div class=\"free-text-wrapper container max-w-medium text-left\">\n<h1 class=\"is-style-heading-h1 wp-block-heading\">C\u00f3mo aliviar la comez\u00f3n vaginal<\/h1>\n\n\n\n<p class=\"is-style-paragraph-preamble\">La irritaci\u00f3n vaginal usualmente se manifiesta con picaz\u00f3n, cosquilleo, ardor o escozor de la piel alrededor de la zona vaginal. La molestia causada por la picaz\u00f3n puede calificarse de suave a severa, haci\u00e9ndole sentir muy inc\u00f3moda. Conozca m\u00e1s sobre la comez\u00f3n vaginal y c\u00f3mo aliviar esta molestia.<\/p>\n<\/div><\/div>\n\n\n\n<div class=\"wp-block-karopharma-free-text pt-large pb-large bg-center bg-cover bg-no-repeat  is-style-transparent\" style=\"background-image:url()\"><div class=\"free-text-wrapper container max-w-medium text-left\">\n<h2 class=\"is-style-heading-h2 wp-block-heading\">\u00bfQu\u00e9 causa la comez\u00f3n vaginal?<\/h2>\n\n\n\n<p>Hay varias causas de la comez\u00f3n vaginal, incluyendo:<\/p>\n\n\n\n<ul class=\"is-style-default wp-block-list\"><li>Candidiasis<\/li><li>Cambios hormonales durante el embarazo, lactancia o menopausia<\/li><li>Anticoncepci\u00f3n<\/li><li>Vaginosis bacteriana<\/li><li>Irritantes qu\u00edmicos que normalmente se encuentran en cremas, ba\u00f1os de espuma, detergente de ropa, suavizantes, toallas higi\u00e9nicas con fragancia, aerosoles vaginales, condones y papel higi\u00e9nico aromatizado<\/li><li>Lavado excesivo<\/li><li>Estr\u00e9s o ansiedad<\/li><li>Irritaci\u00f3n causada por incontinencia urinaria<\/li><li>Ropa interior sint\u00e9tica y ropa ajustada<\/li><\/ul>\n\n\n\n<h2 class=\"is-style-heading-h2 wp-block-heading\">\u00bfC\u00f3mo se puede aliviar y prevenir la comez\u00f3n vaginal?<\/h2>\n\n\n\n<p>El tratamiento de la comez\u00f3n vaginal depende de la causa principal y usualmente desaparece tan pronto el factor que la causa es eliminado.<\/p>\n\n\n\n<p>La candidiasis vaginal puede ser tratada f\u00e1cilmente con antimic\u00f3ticos, aunque su efecto no evita que la candidiasis reaparezca. Se considera que los productos naturales, m\u00e1s que los enfoques antimic\u00f3ticos, son una soluci\u00f3n a largo plazo, ya que optimizan la flora vaginal, ayudan a combatir la candidiasis y pueden ser usados como m\u00e9todo de prevenci\u00f3n para mantener la candidiasis a raya. Si tiene menopausia, consulte a su doctor para un tratamiento apropiado que pueda aliviar estos otros s\u00edntomas.<\/p>\n\n\n\n<p>La comez\u00f3n causada por la irritaci\u00f3n generalmente desaparece por s\u00ed misma despu\u00e9s de un tiempo. Para acelerar la recuperaci\u00f3n, aplique un producto calmante natural en la zona irritada. Si la irritaci\u00f3n ocurre despu\u00e9s de usar un producto cosm\u00e9tico, aseg\u00farese de lavar la zona tan pronto como le sea posible para minimizar el efecto. Si sospecha que la irritaci\u00f3n es causada por un detergente de ropa o suavizante, remplace estos productos con unos de tipo hipoalerg\u00e9nico.<\/p>\n\n\n\n<p>Evite rascar la zona hasta que la comez\u00f3n desaparezca, para que la piel pueda recuperarse. Tambi\u00e9n puede ponerse compresas fr\u00edas en la zona de la comez\u00f3n para dar un alivio temporal y aliviar la piel.<\/p>\n\n\n\n<p>Si la irritaci\u00f3n no mejora despu\u00e9s de unos d\u00edas, si se convierte en molestia severa o si regresa despu\u00e9s del tratamiento, aseg\u00farese de ver a un doctor.<\/p>\n\n\n\n<p><strong>Para prevenir la comez\u00f3n vaginal hay algunos h\u00e1bitos que se pueden adoptar:<\/strong><\/p>\n\n\n\n<ul class=\"is-style-default wp-block-list\"><li>Evite usar productos que contengan irritantes, al\u00e9rgenos o qu\u00edmicos agresivos.<\/li><li>Use agua o un lavado \u00edntimo natural suave para limpiar su zona \u00edntima una vez al d\u00eda. Si siente que necesita lavarse m\u00e1s de una vez, use solamente agua. Seque suave y completamente con una toalla suave limpia.<\/li><li>Despu\u00e9s de usar el ba\u00f1o, siempre l\u00edmpiese de adelante hacia atr\u00e1s.<\/li><li>Use ropa interior hecha de algod\u00f3n en vez de telas sint\u00e9ticas.<\/li><li>Use un lubricante o un humectante vaginal para aliviar la resequedad vaginal.<\/li><\/ul>\n\n\n\n<p class=\"is-style-paragraph-preamble has-primary-color has-text-color\"><em>\u00abLa comez\u00f3n causada por la irritaci\u00f3n generalmente desaparece por s\u00ed misma despu\u00e9s de un tiempo. Para acelerar la recuperaci\u00f3n, aplique un producto calmante natural en la zona irritada.\u00bb<\/em><\/p>\n<\/div><\/div>\n","protected":false},"excerpt":{"rendered":"","protected":false},"author":2,"featured_media":0,"parent":31,"menu_order":10,"comment_status":"closed","ping_status":"closed","template":"","meta":{"_acf_changed":false,"footnotes":""},"from-article-database":[],"class_list":["post-239","page","type-page","status-publish","hentry"],"acf":[],"yoast_head":"<!-- This site is optimized with the Yoast SEO plugin v26.6 - https:\/\/yoast.com\/wordpress\/plugins\/seo\/ -->\n<title>C\u00f3mo aliviar la comez\u00f3n vaginal - Multi-Gyn<\/title>\n<meta name=\"description\" content=\"La irritaci\u00f3n vaginal usualmente se manifiesta con picaz\u00f3n, cosquilleo, ardor o escozor de la piel alrededor de la zona vaginal. Conozca m\u00e1s sobre la comez\u00f3n vaginal y c\u00f3mo aliviar esta molestia.\" \/>\n<meta name=\"robots\" content=\"index, follow, max-snippet:-1, max-image-preview:large, max-video-preview:-1\" \/>\n<link rel=\"canonical\" href=\"https:\/\/multi-gyn.com\/uy\/salud-vaginal\/molestias\/como-aliviar-la-comezon-vaginal\/\" \/>\n<meta property=\"og:locale\" content=\"es_ES\" \/>\n<meta property=\"og:type\" content=\"article\" \/>\n<meta property=\"og:title\" content=\"C\u00f3mo aliviar la comez\u00f3n vaginal - Multi-Gyn\" \/>\n<meta property=\"og:description\" content=\"La irritaci\u00f3n vaginal usualmente se manifiesta con picaz\u00f3n, cosquilleo, ardor o escozor de la piel alrededor de la zona vaginal. Conozca m\u00e1s sobre la comez\u00f3n vaginal y c\u00f3mo aliviar esta molestia.\" \/>\n<meta property=\"og:url\" content=\"https:\/\/multi-gyn.com\/uy\/salud-vaginal\/molestias\/como-aliviar-la-comezon-vaginal\/\" \/>\n<meta property=\"og:site_name\" content=\"Multi-Gyn\" \/>\n<meta property=\"article:modified_time\" content=\"2023-05-15T10:02:21+00:00\" \/>\n<meta name=\"twitter:card\" content=\"summary_large_image\" \/>\n<meta name=\"twitter:label1\" content=\"Est. reading time\" \/>\n\t<meta name=\"twitter:data1\" content=\"3 minutos\" \/>\n<script type=\"application\/ld+json\" class=\"yoast-schema-graph\">{\"@context\":\"https:\/\/schema.org\",\"@graph\":[{\"@type\":\"WebPage\",\"@id\":\"https:\/\/multi-gyn.com\/uy\/salud-vaginal\/molestias\/como-aliviar-la-comezon-vaginal\/\",\"url\":\"https:\/\/multi-gyn.com\/uy\/salud-vaginal\/molestias\/como-aliviar-la-comezon-vaginal\/\",\"name\":\"C\u00f3mo aliviar la comez\u00f3n vaginal - Multi-Gyn\",\"isPartOf\":{\"@id\":\"https:\/\/multi-gyn.com\/uy\/#website\"},\"datePublished\":\"2023-05-11T09:10:19+00:00\",\"dateModified\":\"2023-05-15T10:02:21+00:00\",\"description\":\"La irritaci\u00f3n vaginal usualmente se manifiesta con picaz\u00f3n, cosquilleo, ardor o escozor de la piel alrededor de la zona vaginal. Conozca m\u00e1s sobre la comez\u00f3n vaginal y c\u00f3mo aliviar esta molestia.\",\"breadcrumb\":{\"@id\":\"https:\/\/multi-gyn.com\/uy\/salud-vaginal\/molestias\/como-aliviar-la-comezon-vaginal\/#breadcrumb\"},\"inLanguage\":\"es-UY\",\"potentialAction\":[{\"@type\":\"ReadAction\",\"target\":[\"https:\/\/multi-gyn.com\/uy\/salud-vaginal\/molestias\/como-aliviar-la-comezon-vaginal\/\"]}]},{\"@type\":\"BreadcrumbList\",\"@id\":\"https:\/\/multi-gyn.com\/uy\/salud-vaginal\/molestias\/como-aliviar-la-comezon-vaginal\/#breadcrumb\",\"itemListElement\":[{\"@type\":\"ListItem\",\"position\":1,\"name\":\"Home\",\"item\":\"https:\/\/multi-gyn.com\/uy\/\"},{\"@type\":\"ListItem\",\"position\":2,\"name\":\"Salud vaginal\",\"item\":\"https:\/\/multi-gyn.com\/uy\/salud-vaginal\/\"},{\"@type\":\"ListItem\",\"position\":3,\"name\":\"Molestias\",\"item\":\"https:\/\/multi-gyn.com\/uy\/salud-vaginal\/molestias\/\"},{\"@type\":\"ListItem\",\"position\":4,\"name\":\"C\u00f3mo aliviar la comez\u00f3n vaginal\"}]},{\"@type\":\"WebSite\",\"@id\":\"https:\/\/multi-gyn.com\/uy\/#website\",\"url\":\"https:\/\/multi-gyn.com\/uy\/\",\"name\":\"Multi-Gyn\",\"description\":\"\",\"publisher\":{\"@id\":\"https:\/\/multi-gyn.com\/uy\/#organization\"},\"potentialAction\":[{\"@type\":\"SearchAction\",\"target\":{\"@type\":\"EntryPoint\",\"urlTemplate\":\"https:\/\/multi-gyn.com\/uy\/?s={search_term_string}\"},\"query-input\":{\"@type\":\"PropertyValueSpecification\",\"valueRequired\":true,\"valueName\":\"search_term_string\"}}],\"inLanguage\":\"es-UY\"},{\"@type\":\"Organization\",\"@id\":\"https:\/\/multi-gyn.com\/uy\/#organization\",\"name\":\"Multi-Gyn\",\"url\":\"https:\/\/multi-gyn.com\/uy\/\",\"logo\":{\"@type\":\"ImageObject\",\"inLanguage\":\"es-UY\",\"@id\":\"https:\/\/multi-gyn.com\/uy\/#\/schema\/logo\/image\/\",\"url\":\"https:\/\/multi-gyn.com\/app\/uploads\/sites\/47\/2023\/05\/multi-gyn-logo.png\",\"contentUrl\":\"https:\/\/multi-gyn.com\/app\/uploads\/sites\/47\/2023\/05\/multi-gyn-logo.png\",\"width\":149,\"height\":32,\"caption\":\"Multi-Gyn\"},\"image\":{\"@id\":\"https:\/\/multi-gyn.com\/uy\/#\/schema\/logo\/image\/\"}}]}<\/script>\n<!-- \/ Yoast SEO plugin. -->","yoast_head_json":{"title":"C\u00f3mo aliviar la comez\u00f3n vaginal - Multi-Gyn","description":"La irritaci\u00f3n vaginal usualmente se manifiesta con picaz\u00f3n, cosquilleo, ardor o escozor de la piel alrededor de la zona vaginal. Conozca m\u00e1s sobre la comez\u00f3n vaginal y c\u00f3mo aliviar esta molestia.","robots":{"index":"index","follow":"follow","max-snippet":"max-snippet:-1","max-image-preview":"max-image-preview:large","max-video-preview":"max-video-preview:-1"},"canonical":"https:\/\/multi-gyn.com\/uy\/salud-vaginal\/molestias\/como-aliviar-la-comezon-vaginal\/","og_locale":"es_ES","og_type":"article","og_title":"C\u00f3mo aliviar la comez\u00f3n vaginal - Multi-Gyn","og_description":"La irritaci\u00f3n vaginal usualmente se manifiesta con picaz\u00f3n, cosquilleo, ardor o escozor de la piel alrededor de la zona vaginal. Conozca m\u00e1s sobre la comez\u00f3n vaginal y c\u00f3mo aliviar esta molestia.","og_url":"https:\/\/multi-gyn.com\/uy\/salud-vaginal\/molestias\/como-aliviar-la-comezon-vaginal\/","og_site_name":"Multi-Gyn","article_modified_time":"2023-05-15T10:02:21+00:00","twitter_card":"summary_large_image","twitter_misc":{"Est. reading time":"3 minutos"},"schema":{"@context":"https:\/\/schema.org","@graph":[{"@type":"WebPage","@id":"https:\/\/multi-gyn.com\/uy\/salud-vaginal\/molestias\/como-aliviar-la-comezon-vaginal\/","url":"https:\/\/multi-gyn.com\/uy\/salud-vaginal\/molestias\/como-aliviar-la-comezon-vaginal\/","name":"C\u00f3mo aliviar la comez\u00f3n vaginal - Multi-Gyn","isPartOf":{"@id":"https:\/\/multi-gyn.com\/uy\/#website"},"datePublished":"2023-05-11T09:10:19+00:00","dateModified":"2023-05-15T10:02:21+00:00","description":"La irritaci\u00f3n vaginal usualmente se manifiesta con picaz\u00f3n, cosquilleo, ardor o escozor de la piel alrededor de la zona vaginal. Conozca m\u00e1s sobre la comez\u00f3n vaginal y c\u00f3mo aliviar esta molestia.","breadcrumb":{"@id":"https:\/\/multi-gyn.com\/uy\/salud-vaginal\/molestias\/como-aliviar-la-comezon-vaginal\/#breadcrumb"},"inLanguage":"es-UY","potentialAction":[{"@type":"ReadAction","target":["https:\/\/multi-gyn.com\/uy\/salud-vaginal\/molestias\/como-aliviar-la-comezon-vaginal\/"]}]},{"@type":"BreadcrumbList","@id":"https:\/\/multi-gyn.com\/uy\/salud-vaginal\/molestias\/como-aliviar-la-comezon-vaginal\/#breadcrumb","itemListElement":[{"@type":"ListItem","position":1,"name":"Home","item":"https:\/\/multi-gyn.com\/uy\/"},{"@type":"ListItem","position":2,"name":"Salud vaginal","item":"https:\/\/multi-gyn.com\/uy\/salud-vaginal\/"},{"@type":"ListItem","position":3,"name":"Molestias","item":"https:\/\/multi-gyn.com\/uy\/salud-vaginal\/molestias\/"},{"@type":"ListItem","position":4,"name":"C\u00f3mo aliviar la comez\u00f3n vaginal"}]},{"@type":"WebSite","@id":"https:\/\/multi-gyn.com\/uy\/#website","url":"https:\/\/multi-gyn.com\/uy\/","name":"Multi-Gyn","description":"","publisher":{"@id":"https:\/\/multi-gyn.com\/uy\/#organization"},"potentialAction":[{"@type":"SearchAction","target":{"@type":"EntryPoint","urlTemplate":"https:\/\/multi-gyn.com\/uy\/?s={search_term_string}"},"query-input":{"@type":"PropertyValueSpecification","valueRequired":true,"valueName":"search_term_string"}}],"inLanguage":"es-UY"},{"@type":"Organization","@id":"https:\/\/multi-gyn.com\/uy\/#organization","name":"Multi-Gyn","url":"https:\/\/multi-gyn.com\/uy\/","logo":{"@type":"ImageObject","inLanguage":"es-UY","@id":"https:\/\/multi-gyn.com\/uy\/#\/schema\/logo\/image\/","url":"https:\/\/multi-gyn.com\/app\/uploads\/sites\/47\/2023\/05\/multi-gyn-logo.png","contentUrl":"https:\/\/multi-gyn.com\/app\/uploads\/sites\/47\/2023\/05\/multi-gyn-logo.png","width":149,"height":32,"caption":"Multi-Gyn"},"image":{"@id":"https:\/\/multi-gyn.com\/uy\/#\/schema\/logo\/image\/"}}]}},"_links":{"self":[{"href":"https:\/\/multi-gyn.com\/uy\/wp-json\/wp\/v2\/pages\/239","targetHints":{"allow":["GET"]}}],"collection":[{"href":"https:\/\/multi-gyn.com\/uy\/wp-json\/wp\/v2\/pages"}],"about":[{"href":"https:\/\/multi-gyn.com\/uy\/wp-json\/wp\/v2\/types\/page"}],"author":[{"embeddable":true,"href":"https:\/\/multi-gyn.com\/uy\/wp-json\/wp\/v2\/users\/2"}],"replies":[{"embeddable":true,"href":"https:\/\/multi-gyn.com\/uy\/wp-json\/wp\/v2\/comments?post=239"}],"version-history":[{"count":2,"href":"https:\/\/multi-gyn.com\/uy\/wp-json\/wp\/v2\/pages\/239\/revisions"}],"predecessor-version":[{"id":437,"href":"https:\/\/multi-gyn.com\/uy\/wp-json\/wp\/v2\/pages\/239\/revisions\/437"}],"up":[{"embeddable":true,"href":"https:\/\/multi-gyn.com\/uy\/wp-json\/wp\/v2\/pages\/31"}],"wp:attachment":[{"href":"https:\/\/multi-gyn.com\/uy\/wp-json\/wp\/v2\/media?parent=239"}],"wp:term":[{"taxonomy":"from-article-database","embeddable":true,"href":"https:\/\/multi-gyn.com\/uy\/wp-json\/wp\/v2\/from-article-database?post=239"}],"curies":[{"name":"wp","href":"https:\/\/api.w.org\/{rel}","templated":true}]}}