{"id":241,"date":"2023-05-11T06:10:38","date_gmt":"2023-05-11T09:10:38","guid":{"rendered":"https:\/\/multi-gyn.com\/uy\/?page_id=241"},"modified":"2023-05-15T08:27:22","modified_gmt":"2023-05-15T11:27:22","slug":"molestias-intimas-externas","status":"publish","type":"page","link":"https:\/\/multi-gyn.com\/uy\/salud-vaginal\/molestias\/molestias-intimas-externas\/","title":{"rendered":"Molestias \u00edntimas externas"},"content":{"rendered":"\n<div class=\"wp-block-karopharma-free-text pt-large pb-large bg-center bg-cover bg-no-repeat  is-style-primary\" style=\"background-image:url()\"><div class=\"free-text-wrapper container max-w-medium text-left\">\n<h1 class=\"is-style-heading-h1 wp-block-heading\">Molestias \u00edntimas externas<\/h1>\n\n\n\n<p class=\"is-style-paragraph-preamble\">Es seguro decir que casi toda mujer ha tenido alg\u00fan tipo de molestia \u00edntima externa-ya sea irritaci\u00f3n, comez\u00f3n vaginal, inflamaci\u00f3n, enrojecimiento, dolor, sensibilidad, hemorroides o lesiones menores de tejido. Estos problemas ocurren cuando la piel no tiene la capacidad de resistir factores perjudiciales externos, o no se recupera a tiempo, entonces el da\u00f1o se vuelve m\u00e1s severo.<\/p>\n<\/div><\/div>\n\n\n\n<div class=\"wp-block-karopharma-free-text pt-large pb-large bg-center bg-cover bg-no-repeat  is-style-transparent\" style=\"background-image:url()\"><div class=\"free-text-wrapper container max-w-medium text-left\">\n<p><strong>Numerosos factores pueden causar irritaci\u00f3n vaginal o da\u00f1o de tejido en la sensible zona \u00edntima:<\/strong><\/p>\n\n\n\n<ul class=\"is-style-default wp-block-list\"><li>Qu\u00edmicos agresivos y detergentes<\/li><li>Lavado excesivo<\/li><li>Productos de higiene inapropiados que remueven la capa protectora de la superficie de la piel, lo que perturba las propiedades lubricantes y humectantes naturales y expone su regi\u00f3n \u00edntima a bacterias perjudiciales e irritantes<\/li><li>Fricci\u00f3n causada por ropa ajustada o el ejercicio<\/li><li>Sangrado menstrual<\/li><li>Relaciones sexuales sin suficiente lubricaci\u00f3n<\/li><li>Ciertas infecciones<\/li><li>Menopausia y otros cambios hormonales<\/li><li>Efectos secundarios de ciertos medicamentos<\/li><li>Estre\u00f1imiento<\/li><li>embarazo (una presi\u00f3n m\u00e1s alta en la regi\u00f3n \u00edntima aumenta las posibilidades de fisuras anales y hemorroides)<\/li><li>Dar a luz<\/li><\/ul>\n\n\n\n<h2 class=\"is-style-heading-h2 wp-block-heading\">C\u00f3mo prevenir molestias \u00edntimas externas<\/h2>\n\n\n\n<p>Para evitar que se desarrollen estos problemas y minimizar la molestias si ya se est\u00e1 experimentando algunos de los s\u00edntomas mencionados, se deber\u00eda:<\/p>\n\n\n\n<ul class=\"is-style-default wp-block-list\"><li>Desarrollar Buenos h\u00e1bitos higi\u00e9nicos. No lave su zona vaginal con tanta frecuencia \u2013 usar agua o un enjuague \u00edntimo suave sin jab\u00f3n o detergentes una vez al d\u00eda es suficiente. Nunca use jab\u00f3n regular, detergentes fuertes o productos que contengan qu\u00edmicos fuertes. Escoja productos basados en ingredientes naturales con valor pH \u00e1cido. Igual para las toallitas \u00edntimas \u2013 escoja las que est\u00e1n dise\u00f1adas para la zona vaginal y que no contienen qu\u00edmicos agresivos, colores o perfume.<\/li><li>Evitar usar jeans entubados, leggings ajustados, pantalonetas o ropa interior sint\u00e9tica por per\u00edodos de tiempo prolongados. Este tipo de ropa aumenta la temperatura en la zona \u00edntima y causa fricci\u00f3n mec\u00e1nica, que puede lastimar la capa superficial de la piel, creando un ambiente perfecto para que los microbios crezcan.<\/li><li>Remplazar los protectores, toallas higi\u00e9nicas y tampones cada 3-4 horas, justo antes de acostarse y tan pronto como se levante en la ma\u00f1ana.<\/li><li>Usar papel higi\u00e9nico sin aroma y sin colores. Siempre l\u00edmpiese de adelante hacia atr\u00e1s.<\/li><li>Cuando se depile la zona \u00edntima, escoja una t\u00e9cnica que no irrite la piel. Hidrate la piel despu\u00e9s de la remoci\u00f3n y aplique un producto refrescante para prevenir la irritaci\u00f3n.<\/li><li>Cuando se seque, use siempre una toalla suave y limpia. Limpie suavemente en lugar de frotar.<\/li><li>Permita suficiente tiempo para una estimulaci\u00f3n previa y use un humectante vaginal o lubricante si experimenta resequedad vaginal.<\/li><li>Evite productos que contengan fragancias, color, preservante y otros aditivos que puedan irritar la suave piel de la zona vaginal.<\/li><\/ul>\n\n\n\n<p>Si experimenta cualquier s\u00edntoma en su zona \u00edntima, escoja productos naturales que alivien los s\u00edntomas y estimulen la recuperaci\u00f3n de la zona afectada.<\/p>\n<\/div><\/div>\n","protected":false},"excerpt":{"rendered":"","protected":false},"author":2,"featured_media":0,"parent":31,"menu_order":11,"comment_status":"closed","ping_status":"closed","template":"","meta":{"_acf_changed":false,"footnotes":""},"from-article-database":[],"class_list":["post-241","page","type-page","status-publish","hentry"],"acf":[],"yoast_head":"<!-- This site is optimized with the Yoast SEO plugin v26.6 - https:\/\/yoast.com\/wordpress\/plugins\/seo\/ -->\n<title>Molestias \u00edntimas externas - Multi-Gyn<\/title>\n<meta name=\"description\" content=\"Es seguro decir que casi toda mujer ha tenido alg\u00fan tipo de molestia \u00edntima externa-ya sea irritaci\u00f3n, comez\u00f3n vaginal, inflamaci\u00f3n, enrojecimiento, dolor, sensibilidad, hemorroides o lesiones menores de tejido.\" \/>\n<meta name=\"robots\" content=\"index, follow, max-snippet:-1, max-image-preview:large, max-video-preview:-1\" \/>\n<link rel=\"canonical\" href=\"https:\/\/multi-gyn.com\/uy\/salud-vaginal\/molestias\/molestias-intimas-externas\/\" \/>\n<meta property=\"og:locale\" content=\"es_ES\" \/>\n<meta property=\"og:type\" content=\"article\" \/>\n<meta property=\"og:title\" content=\"Molestias \u00edntimas externas - Multi-Gyn\" \/>\n<meta property=\"og:description\" content=\"Es seguro decir que casi toda mujer ha tenido alg\u00fan tipo de molestia \u00edntima externa-ya sea irritaci\u00f3n, comez\u00f3n vaginal, inflamaci\u00f3n, enrojecimiento, dolor, sensibilidad, hemorroides o lesiones menores de tejido.\" \/>\n<meta property=\"og:url\" content=\"https:\/\/multi-gyn.com\/uy\/salud-vaginal\/molestias\/molestias-intimas-externas\/\" \/>\n<meta property=\"og:site_name\" content=\"Multi-Gyn\" \/>\n<meta property=\"article:modified_time\" content=\"2023-05-15T11:27:22+00:00\" \/>\n<meta name=\"twitter:card\" content=\"summary_large_image\" \/>\n<meta name=\"twitter:label1\" content=\"Est. reading time\" \/>\n\t<meta name=\"twitter:data1\" content=\"3 minutos\" \/>\n<script type=\"application\/ld+json\" class=\"yoast-schema-graph\">{\"@context\":\"https:\/\/schema.org\",\"@graph\":[{\"@type\":\"WebPage\",\"@id\":\"https:\/\/multi-gyn.com\/uy\/salud-vaginal\/molestias\/molestias-intimas-externas\/\",\"url\":\"https:\/\/multi-gyn.com\/uy\/salud-vaginal\/molestias\/molestias-intimas-externas\/\",\"name\":\"Molestias \u00edntimas externas - Multi-Gyn\",\"isPartOf\":{\"@id\":\"https:\/\/multi-gyn.com\/uy\/#website\"},\"datePublished\":\"2023-05-11T09:10:38+00:00\",\"dateModified\":\"2023-05-15T11:27:22+00:00\",\"description\":\"Es seguro decir que casi toda mujer ha tenido alg\u00fan tipo de molestia \u00edntima externa-ya sea irritaci\u00f3n, comez\u00f3n vaginal, inflamaci\u00f3n, enrojecimiento, dolor, sensibilidad, hemorroides o lesiones menores de tejido.\",\"breadcrumb\":{\"@id\":\"https:\/\/multi-gyn.com\/uy\/salud-vaginal\/molestias\/molestias-intimas-externas\/#breadcrumb\"},\"inLanguage\":\"es-UY\",\"potentialAction\":[{\"@type\":\"ReadAction\",\"target\":[\"https:\/\/multi-gyn.com\/uy\/salud-vaginal\/molestias\/molestias-intimas-externas\/\"]}]},{\"@type\":\"BreadcrumbList\",\"@id\":\"https:\/\/multi-gyn.com\/uy\/salud-vaginal\/molestias\/molestias-intimas-externas\/#breadcrumb\",\"itemListElement\":[{\"@type\":\"ListItem\",\"position\":1,\"name\":\"Home\",\"item\":\"https:\/\/multi-gyn.com\/uy\/\"},{\"@type\":\"ListItem\",\"position\":2,\"name\":\"Salud vaginal\",\"item\":\"https:\/\/multi-gyn.com\/uy\/salud-vaginal\/\"},{\"@type\":\"ListItem\",\"position\":3,\"name\":\"Molestias\",\"item\":\"https:\/\/multi-gyn.com\/uy\/salud-vaginal\/molestias\/\"},{\"@type\":\"ListItem\",\"position\":4,\"name\":\"Molestias \u00edntimas externas\"}]},{\"@type\":\"WebSite\",\"@id\":\"https:\/\/multi-gyn.com\/uy\/#website\",\"url\":\"https:\/\/multi-gyn.com\/uy\/\",\"name\":\"Multi-Gyn\",\"description\":\"\",\"publisher\":{\"@id\":\"https:\/\/multi-gyn.com\/uy\/#organization\"},\"potentialAction\":[{\"@type\":\"SearchAction\",\"target\":{\"@type\":\"EntryPoint\",\"urlTemplate\":\"https:\/\/multi-gyn.com\/uy\/?s={search_term_string}\"},\"query-input\":{\"@type\":\"PropertyValueSpecification\",\"valueRequired\":true,\"valueName\":\"search_term_string\"}}],\"inLanguage\":\"es-UY\"},{\"@type\":\"Organization\",\"@id\":\"https:\/\/multi-gyn.com\/uy\/#organization\",\"name\":\"Multi-Gyn\",\"url\":\"https:\/\/multi-gyn.com\/uy\/\",\"logo\":{\"@type\":\"ImageObject\",\"inLanguage\":\"es-UY\",\"@id\":\"https:\/\/multi-gyn.com\/uy\/#\/schema\/logo\/image\/\",\"url\":\"https:\/\/multi-gyn.com\/app\/uploads\/sites\/47\/2023\/05\/multi-gyn-logo.png\",\"contentUrl\":\"https:\/\/multi-gyn.com\/app\/uploads\/sites\/47\/2023\/05\/multi-gyn-logo.png\",\"width\":149,\"height\":32,\"caption\":\"Multi-Gyn\"},\"image\":{\"@id\":\"https:\/\/multi-gyn.com\/uy\/#\/schema\/logo\/image\/\"}}]}<\/script>\n<!-- \/ Yoast SEO plugin. -->","yoast_head_json":{"title":"Molestias \u00edntimas externas - Multi-Gyn","description":"Es seguro decir que casi toda mujer ha tenido alg\u00fan tipo de molestia \u00edntima externa-ya sea irritaci\u00f3n, comez\u00f3n vaginal, inflamaci\u00f3n, enrojecimiento, dolor, sensibilidad, hemorroides o lesiones menores de tejido.","robots":{"index":"index","follow":"follow","max-snippet":"max-snippet:-1","max-image-preview":"max-image-preview:large","max-video-preview":"max-video-preview:-1"},"canonical":"https:\/\/multi-gyn.com\/uy\/salud-vaginal\/molestias\/molestias-intimas-externas\/","og_locale":"es_ES","og_type":"article","og_title":"Molestias \u00edntimas externas - Multi-Gyn","og_description":"Es seguro decir que casi toda mujer ha tenido alg\u00fan tipo de molestia \u00edntima externa-ya sea irritaci\u00f3n, comez\u00f3n vaginal, inflamaci\u00f3n, enrojecimiento, dolor, sensibilidad, hemorroides o lesiones menores de tejido.","og_url":"https:\/\/multi-gyn.com\/uy\/salud-vaginal\/molestias\/molestias-intimas-externas\/","og_site_name":"Multi-Gyn","article_modified_time":"2023-05-15T11:27:22+00:00","twitter_card":"summary_large_image","twitter_misc":{"Est. reading time":"3 minutos"},"schema":{"@context":"https:\/\/schema.org","@graph":[{"@type":"WebPage","@id":"https:\/\/multi-gyn.com\/uy\/salud-vaginal\/molestias\/molestias-intimas-externas\/","url":"https:\/\/multi-gyn.com\/uy\/salud-vaginal\/molestias\/molestias-intimas-externas\/","name":"Molestias \u00edntimas externas - Multi-Gyn","isPartOf":{"@id":"https:\/\/multi-gyn.com\/uy\/#website"},"datePublished":"2023-05-11T09:10:38+00:00","dateModified":"2023-05-15T11:27:22+00:00","description":"Es seguro decir que casi toda mujer ha tenido alg\u00fan tipo de molestia \u00edntima externa-ya sea irritaci\u00f3n, comez\u00f3n vaginal, inflamaci\u00f3n, enrojecimiento, dolor, sensibilidad, hemorroides o lesiones menores de tejido.","breadcrumb":{"@id":"https:\/\/multi-gyn.com\/uy\/salud-vaginal\/molestias\/molestias-intimas-externas\/#breadcrumb"},"inLanguage":"es-UY","potentialAction":[{"@type":"ReadAction","target":["https:\/\/multi-gyn.com\/uy\/salud-vaginal\/molestias\/molestias-intimas-externas\/"]}]},{"@type":"BreadcrumbList","@id":"https:\/\/multi-gyn.com\/uy\/salud-vaginal\/molestias\/molestias-intimas-externas\/#breadcrumb","itemListElement":[{"@type":"ListItem","position":1,"name":"Home","item":"https:\/\/multi-gyn.com\/uy\/"},{"@type":"ListItem","position":2,"name":"Salud vaginal","item":"https:\/\/multi-gyn.com\/uy\/salud-vaginal\/"},{"@type":"ListItem","position":3,"name":"Molestias","item":"https:\/\/multi-gyn.com\/uy\/salud-vaginal\/molestias\/"},{"@type":"ListItem","position":4,"name":"Molestias \u00edntimas externas"}]},{"@type":"WebSite","@id":"https:\/\/multi-gyn.com\/uy\/#website","url":"https:\/\/multi-gyn.com\/uy\/","name":"Multi-Gyn","description":"","publisher":{"@id":"https:\/\/multi-gyn.com\/uy\/#organization"},"potentialAction":[{"@type":"SearchAction","target":{"@type":"EntryPoint","urlTemplate":"https:\/\/multi-gyn.com\/uy\/?s={search_term_string}"},"query-input":{"@type":"PropertyValueSpecification","valueRequired":true,"valueName":"search_term_string"}}],"inLanguage":"es-UY"},{"@type":"Organization","@id":"https:\/\/multi-gyn.com\/uy\/#organization","name":"Multi-Gyn","url":"https:\/\/multi-gyn.com\/uy\/","logo":{"@type":"ImageObject","inLanguage":"es-UY","@id":"https:\/\/multi-gyn.com\/uy\/#\/schema\/logo\/image\/","url":"https:\/\/multi-gyn.com\/app\/uploads\/sites\/47\/2023\/05\/multi-gyn-logo.png","contentUrl":"https:\/\/multi-gyn.com\/app\/uploads\/sites\/47\/2023\/05\/multi-gyn-logo.png","width":149,"height":32,"caption":"Multi-Gyn"},"image":{"@id":"https:\/\/multi-gyn.com\/uy\/#\/schema\/logo\/image\/"}}]}},"_links":{"self":[{"href":"https:\/\/multi-gyn.com\/uy\/wp-json\/wp\/v2\/pages\/241","targetHints":{"allow":["GET"]}}],"collection":[{"href":"https:\/\/multi-gyn.com\/uy\/wp-json\/wp\/v2\/pages"}],"about":[{"href":"https:\/\/multi-gyn.com\/uy\/wp-json\/wp\/v2\/types\/page"}],"author":[{"embeddable":true,"href":"https:\/\/multi-gyn.com\/uy\/wp-json\/wp\/v2\/users\/2"}],"replies":[{"embeddable":true,"href":"https:\/\/multi-gyn.com\/uy\/wp-json\/wp\/v2\/comments?post=241"}],"version-history":[{"count":2,"href":"https:\/\/multi-gyn.com\/uy\/wp-json\/wp\/v2\/pages\/241\/revisions"}],"predecessor-version":[{"id":439,"href":"https:\/\/multi-gyn.com\/uy\/wp-json\/wp\/v2\/pages\/241\/revisions\/439"}],"up":[{"embeddable":true,"href":"https:\/\/multi-gyn.com\/uy\/wp-json\/wp\/v2\/pages\/31"}],"wp:attachment":[{"href":"https:\/\/multi-gyn.com\/uy\/wp-json\/wp\/v2\/media?parent=241"}],"wp:term":[{"taxonomy":"from-article-database","embeddable":true,"href":"https:\/\/multi-gyn.com\/uy\/wp-json\/wp\/v2\/from-article-database?post=241"}],"curies":[{"name":"wp","href":"https:\/\/api.w.org\/{rel}","templated":true}]}}