{"id":243,"date":"2023-05-11T06:10:54","date_gmt":"2023-05-11T09:10:54","guid":{"rendered":"https:\/\/multi-gyn.com\/uy\/?page_id=243"},"modified":"2023-05-15T08:37:01","modified_gmt":"2023-05-15T11:37:01","slug":"prevencion-de-molestias-vaginales","status":"publish","type":"page","link":"https:\/\/multi-gyn.com\/uy\/salud-vaginal\/molestias\/prevencion-de-molestias-vaginales\/","title":{"rendered":"Prevenci\u00f3n de molestias vaginales"},"content":{"rendered":"\n<div class=\"wp-block-karopharma-free-text pt-large pb-large bg-center bg-cover bg-no-repeat  is-style-primary\" style=\"background-image:url()\"><div class=\"free-text-wrapper container max-w-medium text-left\">\n<h1 class=\"is-style-heading-h1 wp-block-heading\">Prevenci\u00f3n de molestias vaginales<\/h1>\n\n\n\n<p class=\"is-style-paragraph-preamble\">Las molestias vaginales pueden ser sumamente inc\u00f3modas, afectando su vida sexual y la calidad de vida en general. Para la mayor\u00eda de molestias vaginales puede ser dif\u00edcil determinar la causa exacta. Algunas mujeres son m\u00e1s propensas a desarrollar molestias que otras. Aqu\u00ed encontrar\u00e1 algunas normas para prevenir molestias vaginales, sin embargo, no son una garant\u00eda.<\/p>\n<\/div><\/div>\n\n\n\n<div class=\"wp-block-karopharma-free-text pt-large pb-large bg-center bg-cover bg-no-repeat  is-style-transparent\" style=\"background-image:url()\"><div class=\"free-text-wrapper container max-w-medium text-left\">\n<h2 class=\"is-style-heading-h2 wp-block-heading\">Higiene<\/h2>\n\n\n\n<p>La higiene vaginal puede contribuir a la prevenci\u00f3n de molestias vaginales. Particularmente, los malos h\u00e1bitos de higiene pueden causar m\u00e1s da\u00f1o que el no tener ning\u00fan tipo de higiene \u2013 esto es gracias al efecto agresivo del jab\u00f3n com\u00fan y los detergentes. En lugar de usar jab\u00f3n que puede da\u00f1ar la capa protectora de la piel y causar irritaci\u00f3n, mejor escoja un producto natural que contenga ingredientes suaves los cuales no alteran el valor pH de la zona \u00edntima y no quitan la superficie protectora de la piel. Los enjuagues \u00edntimos deber\u00eda usarse solamente una vez al d\u00eda \u2013 si siente que necesita lavarse m\u00e1s seguido que eso, por ejemplo despu\u00e9s de un entrenamiento o un largo d\u00eda, use solamente agua. Sin embargo tenga en mente que lavar su zona \u00edntima solamente con agua tibia es suficiente. Cuando se seque, seque el \u00e1rea suavemente con una toalla suave y limpia. Si est\u00e1 de viaje o siente la necesidad de refrescarse varias veces al d\u00eda durante la menstruaci\u00f3n, puede usar toallitas \u00edntimas.<\/p>\n\n\n\n<p>Cuando use el ba\u00f1o siempre limpiese de adelante hacia atr\u00e1s \u2013 hacerlo en la direcci\u00f3n opuesta puede causar una transferencia de bacterias de la zona anal a la vagina, dando lugar a una infecci\u00f3n.<\/p>\n\n\n\n<h2 class=\"is-style-heading-h2 wp-block-heading\">Conducta sexual<\/h2>\n\n\n\n<p>Usar anticonceptivos solamente la protege de quedar embarazada \u2013 es por eso que es tan importante usar cond\u00f3n durante todo el acto sexual. Recuerde que hay un riesgo m\u00e1s alto de vaginosis bacteriana en las mujeres que cambian de compa\u00f1ero con frecuencia.<\/p>\n\n\n\n<p>Dele suficiente tiempo a la excitaci\u00f3n previa. No s\u00f3lo para crear el ambiente, sino tambi\u00e9n para permitirle a la vagina lubricarse lo suficiente para evitar la fricci\u00f3n durante la penetraci\u00f3n. Si experimenta resequedad vaginal use un humectante vaginal o un lubricante para disfrutar una relaci\u00f3n sexual sin dolor y prevenir da\u00f1os al tejido.<\/p>\n\n\n\n<h2 class=\"is-style-heading-h2 wp-block-heading\">Toallas higi\u00e9nicas y tampons<\/h2>\n\n\n\n<p>Las toallas higi\u00e9nicas y los tampones deber\u00edan ser cambiados cada 3 a 4 horas para evitar la irritaci\u00f3n causada por el contacto prolongado de la sangre menstrual con la piel o el interior de la vagina. Lo mismo aplica para los protectores \u2013 aunque parecen ser la soluci\u00f3n perfecta para mantenerla fresca todo el d\u00eda, tenga en cuenta que no le permiten a su piel respirar, aumentando la probabilidad de irritaci\u00f3n e infecci\u00f3n. Si usa protectores todos los d\u00edas, aseg\u00farese de cambiarlos cada 2 o 3 horas.<\/p>\n\n\n\n<p class=\"is-style-paragraph-preamble has-primary-color has-text-color\"><em>\u00abParticularmente, los malos h\u00e1bitos de higiene pueden causar m\u00e1s da\u00f1o que el no tener ning\u00fan tipo de higiene \u2013 esto es gracias al efecto agresivo del jab\u00f3n com\u00fan y los detergentes.\u00bb<\/em><\/p>\n\n\n\n<h2 class=\"is-style-heading-h2 wp-block-heading\">Ropa<\/h2>\n\n\n\n<p>Evite ponerse ropa ce\u00f1ida como jeans entubados, leggings, o pantalonetas por periodos prolongados de tiempo. Las telas que se ci\u00f1en al cuerpo, especialmente si no est\u00e1n hechas de materiales naturales, causan fricci\u00f3n, calor y flujo de aire reducido en la zona \u00edntima \u2013 todo esto contribuye a la creaci\u00f3n de entornos perfectos para que los microbios crezcan.<\/p>\n\n\n\n<p>Lo mismo aplica para la selecci\u00f3n de ropa interior. Opte por telas naturales, como el algod\u00f3n, en vez de telas sint\u00e9ticas.<\/p>\n\n\n\n<h2 class=\"is-style-heading-h2 wp-block-heading\">Remoci\u00f3n del vello<\/h2>\n\n\n\n<p>Ya sea que haya elegido afeitarse, depilarse, usar una crema depilatoria o algo m\u00e1s, la sensible piel de la zona \u00edntima corre el riesgo de irritarse. Para evitar molestias, hidrate su piel antes del tratamiento y aplique un producto refrescante natural despu\u00e9s.<\/p>\n\n\n\n<h2 class=\"is-style-heading-h2 wp-block-heading\">Otros consejos<\/h2>\n\n\n\n<p>Evite zonas de ba\u00f1o p\u00fablicas, como piscinas, hidromasajes, jacuzzis, etc. A su vez evite usar cualquier producto (lociones, geles de ba\u00f1o, aerosoles vaginales, etc.) que contengan detergentes fuertes, qu\u00edmicos, fragancias, tintes o preservantes que puedan actuar como irritantes o al\u00e9rgenos.<\/p>\n\n\n\n<p>Como prevenci\u00f3n o cuando los s\u00edntomas de las molestias vaginales empiezan a aparecer, use productos que contengan pr\u00e9bioticos. Los pr\u00e9bioticos promueven el crecimiento de las bacterias beneficiosas, ayudando as\u00ed a mantener la flora vaginal equilibrada.<\/p>\n<\/div><\/div>\n","protected":false},"excerpt":{"rendered":"","protected":false},"author":2,"featured_media":0,"parent":31,"menu_order":12,"comment_status":"closed","ping_status":"closed","template":"","meta":{"_acf_changed":false,"footnotes":""},"from-article-database":[],"class_list":["post-243","page","type-page","status-publish","hentry"],"acf":[],"yoast_head":"<!-- This site is optimized with the Yoast SEO plugin v26.6 - https:\/\/yoast.com\/wordpress\/plugins\/seo\/ -->\n<title>Prevenci\u00f3n de molestias vaginales - Multi-Gyn<\/title>\n<meta name=\"description\" content=\"Las molestias vaginales pueden ser sumamente inc\u00f3modas, afectando su vida sexual y la calidad de vida en general. Aqu\u00ed encontrar\u00e1 algunas normas para prevenir molestias vaginales, sin embargo, no son una garant\u00eda.\" \/>\n<meta name=\"robots\" content=\"index, follow, max-snippet:-1, max-image-preview:large, max-video-preview:-1\" \/>\n<link rel=\"canonical\" href=\"https:\/\/multi-gyn.com\/uy\/salud-vaginal\/molestias\/prevencion-de-molestias-vaginales\/\" \/>\n<meta property=\"og:locale\" content=\"es_ES\" \/>\n<meta property=\"og:type\" content=\"article\" \/>\n<meta property=\"og:title\" content=\"Prevenci\u00f3n de molestias vaginales - Multi-Gyn\" \/>\n<meta property=\"og:description\" content=\"Las molestias vaginales pueden ser sumamente inc\u00f3modas, afectando su vida sexual y la calidad de vida en general. Aqu\u00ed encontrar\u00e1 algunas normas para prevenir molestias vaginales, sin embargo, no son una garant\u00eda.\" \/>\n<meta property=\"og:url\" content=\"https:\/\/multi-gyn.com\/uy\/salud-vaginal\/molestias\/prevencion-de-molestias-vaginales\/\" \/>\n<meta property=\"og:site_name\" content=\"Multi-Gyn\" \/>\n<meta property=\"article:modified_time\" content=\"2023-05-15T11:37:01+00:00\" \/>\n<meta name=\"twitter:card\" content=\"summary_large_image\" \/>\n<meta name=\"twitter:label1\" content=\"Est. reading time\" \/>\n\t<meta name=\"twitter:data1\" content=\"4 minutos\" \/>\n<script type=\"application\/ld+json\" class=\"yoast-schema-graph\">{\"@context\":\"https:\/\/schema.org\",\"@graph\":[{\"@type\":\"WebPage\",\"@id\":\"https:\/\/multi-gyn.com\/uy\/salud-vaginal\/molestias\/prevencion-de-molestias-vaginales\/\",\"url\":\"https:\/\/multi-gyn.com\/uy\/salud-vaginal\/molestias\/prevencion-de-molestias-vaginales\/\",\"name\":\"Prevenci\u00f3n de molestias vaginales - Multi-Gyn\",\"isPartOf\":{\"@id\":\"https:\/\/multi-gyn.com\/uy\/#website\"},\"datePublished\":\"2023-05-11T09:10:54+00:00\",\"dateModified\":\"2023-05-15T11:37:01+00:00\",\"description\":\"Las molestias vaginales pueden ser sumamente inc\u00f3modas, afectando su vida sexual y la calidad de vida en general. Aqu\u00ed encontrar\u00e1 algunas normas para prevenir molestias vaginales, sin embargo, no son una garant\u00eda.\",\"breadcrumb\":{\"@id\":\"https:\/\/multi-gyn.com\/uy\/salud-vaginal\/molestias\/prevencion-de-molestias-vaginales\/#breadcrumb\"},\"inLanguage\":\"es-UY\",\"potentialAction\":[{\"@type\":\"ReadAction\",\"target\":[\"https:\/\/multi-gyn.com\/uy\/salud-vaginal\/molestias\/prevencion-de-molestias-vaginales\/\"]}]},{\"@type\":\"BreadcrumbList\",\"@id\":\"https:\/\/multi-gyn.com\/uy\/salud-vaginal\/molestias\/prevencion-de-molestias-vaginales\/#breadcrumb\",\"itemListElement\":[{\"@type\":\"ListItem\",\"position\":1,\"name\":\"Home\",\"item\":\"https:\/\/multi-gyn.com\/uy\/\"},{\"@type\":\"ListItem\",\"position\":2,\"name\":\"Salud vaginal\",\"item\":\"https:\/\/multi-gyn.com\/uy\/salud-vaginal\/\"},{\"@type\":\"ListItem\",\"position\":3,\"name\":\"Molestias\",\"item\":\"https:\/\/multi-gyn.com\/uy\/salud-vaginal\/molestias\/\"},{\"@type\":\"ListItem\",\"position\":4,\"name\":\"Prevenci\u00f3n de molestias vaginales\"}]},{\"@type\":\"WebSite\",\"@id\":\"https:\/\/multi-gyn.com\/uy\/#website\",\"url\":\"https:\/\/multi-gyn.com\/uy\/\",\"name\":\"Multi-Gyn\",\"description\":\"\",\"publisher\":{\"@id\":\"https:\/\/multi-gyn.com\/uy\/#organization\"},\"potentialAction\":[{\"@type\":\"SearchAction\",\"target\":{\"@type\":\"EntryPoint\",\"urlTemplate\":\"https:\/\/multi-gyn.com\/uy\/?s={search_term_string}\"},\"query-input\":{\"@type\":\"PropertyValueSpecification\",\"valueRequired\":true,\"valueName\":\"search_term_string\"}}],\"inLanguage\":\"es-UY\"},{\"@type\":\"Organization\",\"@id\":\"https:\/\/multi-gyn.com\/uy\/#organization\",\"name\":\"Multi-Gyn\",\"url\":\"https:\/\/multi-gyn.com\/uy\/\",\"logo\":{\"@type\":\"ImageObject\",\"inLanguage\":\"es-UY\",\"@id\":\"https:\/\/multi-gyn.com\/uy\/#\/schema\/logo\/image\/\",\"url\":\"https:\/\/multi-gyn.com\/app\/uploads\/sites\/47\/2023\/05\/multi-gyn-logo.png\",\"contentUrl\":\"https:\/\/multi-gyn.com\/app\/uploads\/sites\/47\/2023\/05\/multi-gyn-logo.png\",\"width\":149,\"height\":32,\"caption\":\"Multi-Gyn\"},\"image\":{\"@id\":\"https:\/\/multi-gyn.com\/uy\/#\/schema\/logo\/image\/\"}}]}<\/script>\n<!-- \/ Yoast SEO plugin. -->","yoast_head_json":{"title":"Prevenci\u00f3n de molestias vaginales - Multi-Gyn","description":"Las molestias vaginales pueden ser sumamente inc\u00f3modas, afectando su vida sexual y la calidad de vida en general. Aqu\u00ed encontrar\u00e1 algunas normas para prevenir molestias vaginales, sin embargo, no son una garant\u00eda.","robots":{"index":"index","follow":"follow","max-snippet":"max-snippet:-1","max-image-preview":"max-image-preview:large","max-video-preview":"max-video-preview:-1"},"canonical":"https:\/\/multi-gyn.com\/uy\/salud-vaginal\/molestias\/prevencion-de-molestias-vaginales\/","og_locale":"es_ES","og_type":"article","og_title":"Prevenci\u00f3n de molestias vaginales - Multi-Gyn","og_description":"Las molestias vaginales pueden ser sumamente inc\u00f3modas, afectando su vida sexual y la calidad de vida en general. Aqu\u00ed encontrar\u00e1 algunas normas para prevenir molestias vaginales, sin embargo, no son una garant\u00eda.","og_url":"https:\/\/multi-gyn.com\/uy\/salud-vaginal\/molestias\/prevencion-de-molestias-vaginales\/","og_site_name":"Multi-Gyn","article_modified_time":"2023-05-15T11:37:01+00:00","twitter_card":"summary_large_image","twitter_misc":{"Est. reading time":"4 minutos"},"schema":{"@context":"https:\/\/schema.org","@graph":[{"@type":"WebPage","@id":"https:\/\/multi-gyn.com\/uy\/salud-vaginal\/molestias\/prevencion-de-molestias-vaginales\/","url":"https:\/\/multi-gyn.com\/uy\/salud-vaginal\/molestias\/prevencion-de-molestias-vaginales\/","name":"Prevenci\u00f3n de molestias vaginales - Multi-Gyn","isPartOf":{"@id":"https:\/\/multi-gyn.com\/uy\/#website"},"datePublished":"2023-05-11T09:10:54+00:00","dateModified":"2023-05-15T11:37:01+00:00","description":"Las molestias vaginales pueden ser sumamente inc\u00f3modas, afectando su vida sexual y la calidad de vida en general. Aqu\u00ed encontrar\u00e1 algunas normas para prevenir molestias vaginales, sin embargo, no son una garant\u00eda.","breadcrumb":{"@id":"https:\/\/multi-gyn.com\/uy\/salud-vaginal\/molestias\/prevencion-de-molestias-vaginales\/#breadcrumb"},"inLanguage":"es-UY","potentialAction":[{"@type":"ReadAction","target":["https:\/\/multi-gyn.com\/uy\/salud-vaginal\/molestias\/prevencion-de-molestias-vaginales\/"]}]},{"@type":"BreadcrumbList","@id":"https:\/\/multi-gyn.com\/uy\/salud-vaginal\/molestias\/prevencion-de-molestias-vaginales\/#breadcrumb","itemListElement":[{"@type":"ListItem","position":1,"name":"Home","item":"https:\/\/multi-gyn.com\/uy\/"},{"@type":"ListItem","position":2,"name":"Salud vaginal","item":"https:\/\/multi-gyn.com\/uy\/salud-vaginal\/"},{"@type":"ListItem","position":3,"name":"Molestias","item":"https:\/\/multi-gyn.com\/uy\/salud-vaginal\/molestias\/"},{"@type":"ListItem","position":4,"name":"Prevenci\u00f3n de molestias vaginales"}]},{"@type":"WebSite","@id":"https:\/\/multi-gyn.com\/uy\/#website","url":"https:\/\/multi-gyn.com\/uy\/","name":"Multi-Gyn","description":"","publisher":{"@id":"https:\/\/multi-gyn.com\/uy\/#organization"},"potentialAction":[{"@type":"SearchAction","target":{"@type":"EntryPoint","urlTemplate":"https:\/\/multi-gyn.com\/uy\/?s={search_term_string}"},"query-input":{"@type":"PropertyValueSpecification","valueRequired":true,"valueName":"search_term_string"}}],"inLanguage":"es-UY"},{"@type":"Organization","@id":"https:\/\/multi-gyn.com\/uy\/#organization","name":"Multi-Gyn","url":"https:\/\/multi-gyn.com\/uy\/","logo":{"@type":"ImageObject","inLanguage":"es-UY","@id":"https:\/\/multi-gyn.com\/uy\/#\/schema\/logo\/image\/","url":"https:\/\/multi-gyn.com\/app\/uploads\/sites\/47\/2023\/05\/multi-gyn-logo.png","contentUrl":"https:\/\/multi-gyn.com\/app\/uploads\/sites\/47\/2023\/05\/multi-gyn-logo.png","width":149,"height":32,"caption":"Multi-Gyn"},"image":{"@id":"https:\/\/multi-gyn.com\/uy\/#\/schema\/logo\/image\/"}}]}},"_links":{"self":[{"href":"https:\/\/multi-gyn.com\/uy\/wp-json\/wp\/v2\/pages\/243","targetHints":{"allow":["GET"]}}],"collection":[{"href":"https:\/\/multi-gyn.com\/uy\/wp-json\/wp\/v2\/pages"}],"about":[{"href":"https:\/\/multi-gyn.com\/uy\/wp-json\/wp\/v2\/types\/page"}],"author":[{"embeddable":true,"href":"https:\/\/multi-gyn.com\/uy\/wp-json\/wp\/v2\/users\/2"}],"replies":[{"embeddable":true,"href":"https:\/\/multi-gyn.com\/uy\/wp-json\/wp\/v2\/comments?post=243"}],"version-history":[{"count":2,"href":"https:\/\/multi-gyn.com\/uy\/wp-json\/wp\/v2\/pages\/243\/revisions"}],"predecessor-version":[{"id":441,"href":"https:\/\/multi-gyn.com\/uy\/wp-json\/wp\/v2\/pages\/243\/revisions\/441"}],"up":[{"embeddable":true,"href":"https:\/\/multi-gyn.com\/uy\/wp-json\/wp\/v2\/pages\/31"}],"wp:attachment":[{"href":"https:\/\/multi-gyn.com\/uy\/wp-json\/wp\/v2\/media?parent=243"}],"wp:term":[{"taxonomy":"from-article-database","embeddable":true,"href":"https:\/\/multi-gyn.com\/uy\/wp-json\/wp\/v2\/from-article-database?post=243"}],"curies":[{"name":"wp","href":"https:\/\/api.w.org\/{rel}","templated":true}]}}