{"id":245,"date":"2023-05-11T06:11:16","date_gmt":"2023-05-11T09:11:16","guid":{"rendered":"https:\/\/multi-gyn.com\/uy\/?page_id=245"},"modified":"2023-05-15T08:42:43","modified_gmt":"2023-05-15T11:42:43","slug":"las-5-molestias-vaginales-mas-comunes","status":"publish","type":"page","link":"https:\/\/multi-gyn.com\/uy\/salud-vaginal\/molestias\/las-5-molestias-vaginales-mas-comunes\/","title":{"rendered":"Las 5 molestias vaginales m\u00e1s comunes"},"content":{"rendered":"\n<div class=\"wp-block-karopharma-free-text pt-large pb-large bg-center bg-cover bg-no-repeat  is-style-primary\" style=\"background-image:url()\"><div class=\"free-text-wrapper container max-w-medium text-left\">\n<h1 class=\"is-style-heading-h1 wp-block-heading\">Las 5 molestias vaginales m\u00e1s comunes<\/h1>\n\n\n\n<p class=\"is-style-paragraph-preamble\">Toda mujer tendr\u00e1 alguna molestia vaginal en alg\u00fan momento de la vida. Estas molestias est\u00e1n en el rango de suaves y simplemente molestos a otros que pueden afectar seriamente la calidad de vida de una mujer o su vida sexual. Las 5 molestias vaginales m\u00e1s comunes son comez\u00f3n, ardor, resequedad vaginal, secreci\u00f3n, algunas veces combinada con un olor desagradable, e irritaci\u00f3n o dolor durante y despu\u00e9s de las relaciones sexuales. La causa de estos s\u00edntomas no siempre est\u00e1 bien definida o facilmente diagnosticada, y por lo tanto es importante consultar al doctor o ginec\u00f3logo si experimenta uno o m\u00e1s de estas molestias.<\/p>\n<\/div><\/div>\n\n\n\n<div class=\"wp-block-karopharma-free-text pt-large pb-large bg-center bg-cover bg-no-repeat  is-style-transparent\" style=\"background-image:url()\"><div class=\"free-text-wrapper container max-w-medium text-left\">\n<h2 class=\"is-style-heading-h2 wp-block-heading\">Comez\u00f3n vaginal<\/h2>\n\n\n\n<p>La comez\u00f3n vaginal puede ser causada por infecciones, como la candidiasis, la vaginosis bacteriana o una ETS. Tambi\u00e9n puede ser causada por una reacci\u00f3n al\u00e9rgica o irritante a algunas sustancias como perfumes, jabones, suavizantes de ropa, etc. Otras causas incluyen el usar ropa interior sint\u00e9tica, afeitarse\/depilarse, fricci\u00f3n debido al ejercicio f\u00edsico o resequedad vaginal. Mientras que en la mayor\u00eda de los casos las infecciones pueden ser reconocidas por la presencia de una secreci\u00f3n espec\u00edfica, las causas no infecciosas de la comez\u00f3n no presentan una secreci\u00f3n inusual, pero el tejido vaginal y vulvar generalmente se inflama y enrojece. Para detectar la causa de la molestia trate de eliminar todos los al\u00e9rgenos potenciales de su zona \u00edntima: no use jab\u00f3n o perfumes, evite usar toallas higi\u00e9nicas, protectores o papel higi\u00e9nico con aroma, deje de usar suavizante para su ropa interior, deje de afeitarse o depilarse por un tiempo, solamente use pantalones hechos de materiales naturales transpirables. Si el problema persiste, contacte a un profesional de la salud.<\/p>\n\n\n\n<h2 class=\"is-style-heading-h2 wp-block-heading\">Ardor vaginal<\/h2>\n\n\n\n<p>Una sensaci\u00f3n de ardor en la zona vaginal generalmente es causada por una irritaci\u00f3n de la piel como consecuencia de rascarse o rasgu\u00f1arse, o debido a una infecci\u00f3n de la vagina o la uretra. Esta sensaci\u00f3n puede empezar de repente o puede desarrollarse durante varias semanas. Es importante contactar un profesional de la salud quien ver\u00e1 su historia m\u00e9dica y llevar\u00e1 a cabo un \u00e9xamen vaginal, para darle el tratamiento adecuado. En caso de una causa infecciosa, el tratamiento usualmente es con antibi\u00f3tico o antimicotico. Puede tomar un par de d\u00edas para que la terapia haga efecto, por eso es buena idea usar productos que refresquen la piel y alivien la comeze e irritaci\u00f3n. Estos productos pueden ser comprados sin f\u00f3rmula m\u00e9dica en forma de aerosoles y geles.<\/p>\n\n\n\n<h2 class=\"is-style-heading-h2 wp-block-heading\">Resequedad vaginal<\/h2>\n\n\n\n<p>La resequedad vaginal a menudo es asociada a la menopausia, aunque las mujeres de todas las edades pueden padecerla. Los s\u00edntomas incluyen comez\u00f3n, ardor, dolor durante el acto sexual y dolor en la zona \u00edntima. Aunque estos s\u00edntomas pueden parecerse a otras molestias vaginales, la falta inusual de secreci\u00f3n es la diferencia principal. Dependiendo de la causa, la resequedad vaginal puede ser tratada con una terapia hormonal o no hormonal, local u oral. Los humectantes vaginales no hormonales brindan alivio r\u00e1pido y su efecto puede durar un par de d\u00edas. Por otro lado, los lubricantes vaginales pueden darle una soluci\u00f3n instant\u00e1nea en el caso del sexo doloroso.<\/p>\n\n\n\n<h2 class=\"is-style-heading-h2 wp-block-heading\">Secreci\u00f3n u olor desagradable<\/h2>\n\n\n\n<p>La secreci\u00f3n vaginal es un fluido corporal que ayuda a la vagina a mantener su flora bacteriana, le permite la lubricaci\u00f3n durante el acto sexual y brinda protecci\u00f3n a los tejidos de su zona \u00edntima. Su apariencia cambia durante el ciclo menstrual y en diferentes etapas de la vida. Sin embargo, la secreci\u00f3n inusual \u2013 como blanca, espesa y harinosa, o gris, ligera y con un olor a pescado caracter\u00edstico \u2013 es una se\u00f1al de una infecci\u00f3n vaginal (vaginosis bacteriana o candidiasis). Los cambios inusuales en la secreci\u00f3n tambi\u00e9n pueden ser una se\u00f1al de una ETS u otras condiciones m\u00e9dicas serias. Por lo tanto si nota cambios inusuales en su secreci\u00f3n, contacte a su doctor o ginec\u00f3logo.<\/p>\n\n\n\n<h2 class=\"is-style-heading-h2 wp-block-heading\">Irritaci\u00f3n y dolor durante o despu\u00e9s de las relaciones sexuales<\/h2>\n\n\n\n<p>En circunstancias normales, las relaciones sexuales no deber\u00edan ser dolorosas. La irritaci\u00f3n y el dolor durante o despu\u00e9s de las relaciones sexuales pueden ser causados por un gran n\u00famero de factores. Las causas m\u00e1s comunes son la resequedad vaginal, infecciones vaginales o alergias, pero en algunos casos el dolor puede estar ligado a problemas m\u00e1s serios como un trauma f\u00edsico (por ejemplo: despu\u00e9s de dar a luz), trauma sicol\u00f3gico o hasta c\u00e1ncer. Si experimenta dolor vaginal de cualquier tipo, es importante que hable con su doctor, encuentre la causa y empiece una terapia adecuada.<\/p>\n\n\n\n<p class=\"is-style-paragraph-preamble has-primary-color has-text-color\"><em>\u00abLas 5 molestias vaginales m\u00e1s comunes son comez\u00f3n, ardor, resequedad vaginal, secreci\u00f3n, algunas veces combinada con un olor desagradable, e irritaci\u00f3n o dolor durante y despu\u00e9s de tener relaciones sexuales.\u00bb<\/em><\/p>\n<\/div><\/div>\n","protected":false},"excerpt":{"rendered":"","protected":false},"author":2,"featured_media":0,"parent":31,"menu_order":13,"comment_status":"closed","ping_status":"closed","template":"","meta":{"_acf_changed":false,"footnotes":""},"from-article-database":[],"class_list":["post-245","page","type-page","status-publish","hentry"],"acf":[],"yoast_head":"<!-- This site is optimized with the Yoast SEO plugin v26.6 - https:\/\/yoast.com\/wordpress\/plugins\/seo\/ -->\n<title>Las 5 molestias vaginales m\u00e1s comunes - Multi-Gyn<\/title>\n<meta name=\"description\" content=\"Las 5 molestias vaginales m\u00e1s comunes son comez\u00f3n, ardor, resequedad vaginal, secreci\u00f3n, algunas veces combinada con un olor desagradable, e irritaci\u00f3n o dolor durante y despu\u00e9s de las relaciones sexuales.\" \/>\n<meta name=\"robots\" content=\"index, follow, max-snippet:-1, max-image-preview:large, max-video-preview:-1\" \/>\n<link rel=\"canonical\" href=\"https:\/\/multi-gyn.com\/uy\/salud-vaginal\/molestias\/las-5-molestias-vaginales-mas-comunes\/\" \/>\n<meta property=\"og:locale\" content=\"es_ES\" \/>\n<meta property=\"og:type\" content=\"article\" \/>\n<meta property=\"og:title\" content=\"Las 5 molestias vaginales m\u00e1s comunes - Multi-Gyn\" \/>\n<meta property=\"og:description\" content=\"Las 5 molestias vaginales m\u00e1s comunes son comez\u00f3n, ardor, resequedad vaginal, secreci\u00f3n, algunas veces combinada con un olor desagradable, e irritaci\u00f3n o dolor durante y despu\u00e9s de las relaciones sexuales.\" \/>\n<meta property=\"og:url\" content=\"https:\/\/multi-gyn.com\/uy\/salud-vaginal\/molestias\/las-5-molestias-vaginales-mas-comunes\/\" \/>\n<meta property=\"og:site_name\" content=\"Multi-Gyn\" \/>\n<meta property=\"article:modified_time\" content=\"2023-05-15T11:42:43+00:00\" \/>\n<meta name=\"twitter:card\" content=\"summary_large_image\" \/>\n<meta name=\"twitter:label1\" content=\"Est. reading time\" \/>\n\t<meta name=\"twitter:data1\" content=\"4 minutos\" \/>\n<script type=\"application\/ld+json\" class=\"yoast-schema-graph\">{\"@context\":\"https:\/\/schema.org\",\"@graph\":[{\"@type\":\"WebPage\",\"@id\":\"https:\/\/multi-gyn.com\/uy\/salud-vaginal\/molestias\/las-5-molestias-vaginales-mas-comunes\/\",\"url\":\"https:\/\/multi-gyn.com\/uy\/salud-vaginal\/molestias\/las-5-molestias-vaginales-mas-comunes\/\",\"name\":\"Las 5 molestias vaginales m\u00e1s comunes - Multi-Gyn\",\"isPartOf\":{\"@id\":\"https:\/\/multi-gyn.com\/uy\/#website\"},\"datePublished\":\"2023-05-11T09:11:16+00:00\",\"dateModified\":\"2023-05-15T11:42:43+00:00\",\"description\":\"Las 5 molestias vaginales m\u00e1s comunes son comez\u00f3n, ardor, resequedad vaginal, secreci\u00f3n, algunas veces combinada con un olor desagradable, e irritaci\u00f3n o dolor durante y despu\u00e9s de las relaciones sexuales.\",\"breadcrumb\":{\"@id\":\"https:\/\/multi-gyn.com\/uy\/salud-vaginal\/molestias\/las-5-molestias-vaginales-mas-comunes\/#breadcrumb\"},\"inLanguage\":\"es-UY\",\"potentialAction\":[{\"@type\":\"ReadAction\",\"target\":[\"https:\/\/multi-gyn.com\/uy\/salud-vaginal\/molestias\/las-5-molestias-vaginales-mas-comunes\/\"]}]},{\"@type\":\"BreadcrumbList\",\"@id\":\"https:\/\/multi-gyn.com\/uy\/salud-vaginal\/molestias\/las-5-molestias-vaginales-mas-comunes\/#breadcrumb\",\"itemListElement\":[{\"@type\":\"ListItem\",\"position\":1,\"name\":\"Home\",\"item\":\"https:\/\/multi-gyn.com\/uy\/\"},{\"@type\":\"ListItem\",\"position\":2,\"name\":\"Salud vaginal\",\"item\":\"https:\/\/multi-gyn.com\/uy\/salud-vaginal\/\"},{\"@type\":\"ListItem\",\"position\":3,\"name\":\"Molestias\",\"item\":\"https:\/\/multi-gyn.com\/uy\/salud-vaginal\/molestias\/\"},{\"@type\":\"ListItem\",\"position\":4,\"name\":\"Las 5 molestias vaginales m\u00e1s comunes\"}]},{\"@type\":\"WebSite\",\"@id\":\"https:\/\/multi-gyn.com\/uy\/#website\",\"url\":\"https:\/\/multi-gyn.com\/uy\/\",\"name\":\"Multi-Gyn\",\"description\":\"\",\"publisher\":{\"@id\":\"https:\/\/multi-gyn.com\/uy\/#organization\"},\"potentialAction\":[{\"@type\":\"SearchAction\",\"target\":{\"@type\":\"EntryPoint\",\"urlTemplate\":\"https:\/\/multi-gyn.com\/uy\/?s={search_term_string}\"},\"query-input\":{\"@type\":\"PropertyValueSpecification\",\"valueRequired\":true,\"valueName\":\"search_term_string\"}}],\"inLanguage\":\"es-UY\"},{\"@type\":\"Organization\",\"@id\":\"https:\/\/multi-gyn.com\/uy\/#organization\",\"name\":\"Multi-Gyn\",\"url\":\"https:\/\/multi-gyn.com\/uy\/\",\"logo\":{\"@type\":\"ImageObject\",\"inLanguage\":\"es-UY\",\"@id\":\"https:\/\/multi-gyn.com\/uy\/#\/schema\/logo\/image\/\",\"url\":\"https:\/\/multi-gyn.com\/app\/uploads\/sites\/47\/2023\/05\/multi-gyn-logo.png\",\"contentUrl\":\"https:\/\/multi-gyn.com\/app\/uploads\/sites\/47\/2023\/05\/multi-gyn-logo.png\",\"width\":149,\"height\":32,\"caption\":\"Multi-Gyn\"},\"image\":{\"@id\":\"https:\/\/multi-gyn.com\/uy\/#\/schema\/logo\/image\/\"}}]}<\/script>\n<!-- \/ Yoast SEO plugin. -->","yoast_head_json":{"title":"Las 5 molestias vaginales m\u00e1s comunes - Multi-Gyn","description":"Las 5 molestias vaginales m\u00e1s comunes son comez\u00f3n, ardor, resequedad vaginal, secreci\u00f3n, algunas veces combinada con un olor desagradable, e irritaci\u00f3n o dolor durante y despu\u00e9s de las relaciones sexuales.","robots":{"index":"index","follow":"follow","max-snippet":"max-snippet:-1","max-image-preview":"max-image-preview:large","max-video-preview":"max-video-preview:-1"},"canonical":"https:\/\/multi-gyn.com\/uy\/salud-vaginal\/molestias\/las-5-molestias-vaginales-mas-comunes\/","og_locale":"es_ES","og_type":"article","og_title":"Las 5 molestias vaginales m\u00e1s comunes - Multi-Gyn","og_description":"Las 5 molestias vaginales m\u00e1s comunes son comez\u00f3n, ardor, resequedad vaginal, secreci\u00f3n, algunas veces combinada con un olor desagradable, e irritaci\u00f3n o dolor durante y despu\u00e9s de las relaciones sexuales.","og_url":"https:\/\/multi-gyn.com\/uy\/salud-vaginal\/molestias\/las-5-molestias-vaginales-mas-comunes\/","og_site_name":"Multi-Gyn","article_modified_time":"2023-05-15T11:42:43+00:00","twitter_card":"summary_large_image","twitter_misc":{"Est. reading time":"4 minutos"},"schema":{"@context":"https:\/\/schema.org","@graph":[{"@type":"WebPage","@id":"https:\/\/multi-gyn.com\/uy\/salud-vaginal\/molestias\/las-5-molestias-vaginales-mas-comunes\/","url":"https:\/\/multi-gyn.com\/uy\/salud-vaginal\/molestias\/las-5-molestias-vaginales-mas-comunes\/","name":"Las 5 molestias vaginales m\u00e1s comunes - Multi-Gyn","isPartOf":{"@id":"https:\/\/multi-gyn.com\/uy\/#website"},"datePublished":"2023-05-11T09:11:16+00:00","dateModified":"2023-05-15T11:42:43+00:00","description":"Las 5 molestias vaginales m\u00e1s comunes son comez\u00f3n, ardor, resequedad vaginal, secreci\u00f3n, algunas veces combinada con un olor desagradable, e irritaci\u00f3n o dolor durante y despu\u00e9s de las relaciones sexuales.","breadcrumb":{"@id":"https:\/\/multi-gyn.com\/uy\/salud-vaginal\/molestias\/las-5-molestias-vaginales-mas-comunes\/#breadcrumb"},"inLanguage":"es-UY","potentialAction":[{"@type":"ReadAction","target":["https:\/\/multi-gyn.com\/uy\/salud-vaginal\/molestias\/las-5-molestias-vaginales-mas-comunes\/"]}]},{"@type":"BreadcrumbList","@id":"https:\/\/multi-gyn.com\/uy\/salud-vaginal\/molestias\/las-5-molestias-vaginales-mas-comunes\/#breadcrumb","itemListElement":[{"@type":"ListItem","position":1,"name":"Home","item":"https:\/\/multi-gyn.com\/uy\/"},{"@type":"ListItem","position":2,"name":"Salud vaginal","item":"https:\/\/multi-gyn.com\/uy\/salud-vaginal\/"},{"@type":"ListItem","position":3,"name":"Molestias","item":"https:\/\/multi-gyn.com\/uy\/salud-vaginal\/molestias\/"},{"@type":"ListItem","position":4,"name":"Las 5 molestias vaginales m\u00e1s comunes"}]},{"@type":"WebSite","@id":"https:\/\/multi-gyn.com\/uy\/#website","url":"https:\/\/multi-gyn.com\/uy\/","name":"Multi-Gyn","description":"","publisher":{"@id":"https:\/\/multi-gyn.com\/uy\/#organization"},"potentialAction":[{"@type":"SearchAction","target":{"@type":"EntryPoint","urlTemplate":"https:\/\/multi-gyn.com\/uy\/?s={search_term_string}"},"query-input":{"@type":"PropertyValueSpecification","valueRequired":true,"valueName":"search_term_string"}}],"inLanguage":"es-UY"},{"@type":"Organization","@id":"https:\/\/multi-gyn.com\/uy\/#organization","name":"Multi-Gyn","url":"https:\/\/multi-gyn.com\/uy\/","logo":{"@type":"ImageObject","inLanguage":"es-UY","@id":"https:\/\/multi-gyn.com\/uy\/#\/schema\/logo\/image\/","url":"https:\/\/multi-gyn.com\/app\/uploads\/sites\/47\/2023\/05\/multi-gyn-logo.png","contentUrl":"https:\/\/multi-gyn.com\/app\/uploads\/sites\/47\/2023\/05\/multi-gyn-logo.png","width":149,"height":32,"caption":"Multi-Gyn"},"image":{"@id":"https:\/\/multi-gyn.com\/uy\/#\/schema\/logo\/image\/"}}]}},"_links":{"self":[{"href":"https:\/\/multi-gyn.com\/uy\/wp-json\/wp\/v2\/pages\/245","targetHints":{"allow":["GET"]}}],"collection":[{"href":"https:\/\/multi-gyn.com\/uy\/wp-json\/wp\/v2\/pages"}],"about":[{"href":"https:\/\/multi-gyn.com\/uy\/wp-json\/wp\/v2\/types\/page"}],"author":[{"embeddable":true,"href":"https:\/\/multi-gyn.com\/uy\/wp-json\/wp\/v2\/users\/2"}],"replies":[{"embeddable":true,"href":"https:\/\/multi-gyn.com\/uy\/wp-json\/wp\/v2\/comments?post=245"}],"version-history":[{"count":2,"href":"https:\/\/multi-gyn.com\/uy\/wp-json\/wp\/v2\/pages\/245\/revisions"}],"predecessor-version":[{"id":443,"href":"https:\/\/multi-gyn.com\/uy\/wp-json\/wp\/v2\/pages\/245\/revisions\/443"}],"up":[{"embeddable":true,"href":"https:\/\/multi-gyn.com\/uy\/wp-json\/wp\/v2\/pages\/31"}],"wp:attachment":[{"href":"https:\/\/multi-gyn.com\/uy\/wp-json\/wp\/v2\/media?parent=245"}],"wp:term":[{"taxonomy":"from-article-database","embeddable":true,"href":"https:\/\/multi-gyn.com\/uy\/wp-json\/wp\/v2\/from-article-database?post=245"}],"curies":[{"name":"wp","href":"https:\/\/api.w.org\/{rel}","templated":true}]}}