{"id":247,"date":"2023-05-11T06:11:33","date_gmt":"2023-05-11T09:11:33","guid":{"rendered":"https:\/\/multi-gyn.com\/uy\/?page_id=247"},"modified":"2023-05-15T08:45:44","modified_gmt":"2023-05-15T11:45:44","slug":"comezon-vaginal-que-la-causa","status":"publish","type":"page","link":"https:\/\/multi-gyn.com\/uy\/salud-vaginal\/molestias\/comezon-vaginal-que-la-causa\/","title":{"rendered":"Comez\u00f3n vaginal: \u00bfQu\u00e9 la causa?"},"content":{"rendered":"\n<div class=\"wp-block-karopharma-free-text pt-large pb-large bg-center bg-cover bg-no-repeat  is-style-primary\" style=\"background-image:url()\"><div class=\"free-text-wrapper container max-w-medium text-left\">\n<h1 class=\"is-style-heading-h1 wp-block-heading\">Comez\u00f3n vaginal: \u00bfQu\u00e9 la causa?<\/h1>\n\n\n\n<p class=\"is-style-paragraph-preamble\">Quiz\u00e1s una de las molestias vaginales m\u00e1s inc\u00f3moda es la comez\u00f3n. Puede ser muy embarazosa y no es aconsejable rascarse all\u00ed abajo. Tener una comez\u00f3n constante en su zona \u00edntima puede tambi\u00e9n tener un gran impacto en sus actividades cotidianas. Antes de poder tratar la comez\u00f3n vaginal es bueno primero establecer la causa. Estas son las m\u00e1s comunes:<\/p>\n<\/div><\/div>\n\n\n\n<div class=\"wp-block-karopharma-free-text pt-large pb-large bg-center bg-cover bg-no-repeat  is-style-transparent\" style=\"background-image:url()\"><div class=\"free-text-wrapper container max-w-medium text-left\">\n<h2 class=\"is-style-heading-h2 wp-block-heading\">Candidiasis<\/h2>\n\n\n\n<p>Una de las principales causas de la comez\u00f3n vaginal es la infecci\u00f3n por hongos levaduriformes, tambi\u00e9n conocida como C\u00e1ndida o candidiasis vaginal. Una candidiasis es causada por el sobrecrecimiento de c\u00e9lulas de hongos levaduriformes en su vagina y\/o en la zona \u00edntima externa. La comez\u00f3n es uno de los s\u00edntomas, junto con una secreci\u00f3n fragmentada y ardor.<\/p>\n\n\n\n<p>Una candidiasis es bastante inofensiva y los s\u00edntomas desaparecer\u00e1n, sin embargo, puede ser muy inc\u00f3moda. Por eso, hay varias opciones para tratar la C\u00e1ndida o para aliviar los s\u00edntomas. Puede usar medicamentos anti hongos (antimic\u00f3ticos) para tratar la infecci\u00f3n. Es muy efectivo pero los medicamentos pueden causar efectos secundarios e infecciones recurrentes.<\/p>\n\n\n\n<p>Otra opci\u00f3n es aliviar los s\u00edntomas; esto se puede hacer con productos de cuidado personal que puede comprar en la farmacia. Si elige un producto con ingredientes naturales tambi\u00e9n puede prevenir la recurrencia.<\/p>\n\n\n\n<h2 class=\"is-style-heading-h2 wp-block-heading\">Resequedad vaginal<\/h2>\n\n\n\n<p>Otra causa de la comez\u00f3n es la resequedad vaginal. La mayor\u00eda de las mujeres la asocian a la menopausia, sin embargo las mujeres de cualquier edad pueden experimentarla. Adem\u00e1s de la comez\u00f3n, la resequedad vaginal puede estar acompa\u00f1ada de molestias como el ardor y dolor durante las relaciones sexuales.<\/p>\n\n\n\n<p class=\"is-style-paragraph-preamble has-primary-color has-text-color\"><em>\u00abUna de las principales causas de la comez\u00f3n vaginal es la infecci\u00f3n por hongos levaduriformes, tambi\u00e9n conocida como C\u00e1ndida o candidiasis vaginal.\u00bb<\/em><\/p>\n\n\n\n<p>La resequedad vaginal ocurre com\u00fanmente cuando hay una disminuci\u00f3n en los niveles de estr\u00f3geno, por ejemplo por un embarazo, medicamentos (anticonceptivos), estr\u00e9s, depresi\u00f3n o menopausia. Si quiere tratar la resequedad vaginal puede tomar medicamentos para incrementar el nivel de estr\u00f3genos. Otra opci\u00f3n es aliviar la resequedad vaginal directamente usando un lubricante o productos que estimulen la humedad natural.<\/p>\n\n\n\n<h2 class=\"is-style-heading-h2 wp-block-heading\">Otras causas de la comez\u00f3n vaginal<\/h2>\n\n\n\n<p>Adem\u00e1s de la candidiasis y la resequedad hay otras causas de la comez\u00f3n vaginal. Aunque no es com\u00fan, la vaginosis bacteriana tambi\u00e9n puede causar comez\u00f3n en algunos casos. La vaginosis bacteriana es una infecci\u00f3n causada por un sobrecrecimiento de bacterias perjudiciales en la vagina.<\/p>\n\n\n\n<p>Los s\u00edntomas, olor fuerte como a pescado y secreci\u00f3n blanco-gris\u00e1cea pueden ser muy inc\u00f3modos pero desaparecer\u00e1n despu\u00e9s de un tiempo. Si quiere tratar la vaginosis bacteriana puede tomar antibi\u00f3ticos o usar un producto de cuidado personal que no tenga efectos secundarios.<\/p>\n\n\n\n<p>Para terminar, la comez\u00f3n vaginal puede tambi\u00e9n ser causada por la irritaci\u00f3n, causada por qu\u00edmicos como jab\u00f3n o perfumes, o una enfermedad de transmisi\u00f3n sexual (ETS). Si sospecha que puede tener una ETS, contacte a su m\u00e9dico.<\/p>\n<\/div><\/div>\n","protected":false},"excerpt":{"rendered":"","protected":false},"author":2,"featured_media":0,"parent":31,"menu_order":14,"comment_status":"closed","ping_status":"closed","template":"","meta":{"_acf_changed":false,"footnotes":""},"from-article-database":[],"class_list":["post-247","page","type-page","status-publish","hentry"],"acf":[],"yoast_head":"<!-- This site is optimized with the Yoast SEO plugin v26.6 - https:\/\/yoast.com\/wordpress\/plugins\/seo\/ -->\n<title>Comez\u00f3n vaginal: \u00bfQu\u00e9 la causa? - Multi-Gyn<\/title>\n<meta name=\"description\" content=\"Quiz\u00e1s una de las molestias vaginales m\u00e1s inc\u00f3moda es la comez\u00f3n. Puede ser muy embarazosa y no es aconsejable rascarse all\u00ed abajo.\" \/>\n<meta name=\"robots\" content=\"index, follow, max-snippet:-1, max-image-preview:large, max-video-preview:-1\" \/>\n<link rel=\"canonical\" href=\"https:\/\/multi-gyn.com\/uy\/salud-vaginal\/molestias\/comezon-vaginal-que-la-causa\/\" \/>\n<meta property=\"og:locale\" content=\"es_ES\" \/>\n<meta property=\"og:type\" content=\"article\" \/>\n<meta property=\"og:title\" content=\"Comez\u00f3n vaginal: \u00bfQu\u00e9 la causa? - Multi-Gyn\" \/>\n<meta property=\"og:description\" content=\"Quiz\u00e1s una de las molestias vaginales m\u00e1s inc\u00f3moda es la comez\u00f3n. Puede ser muy embarazosa y no es aconsejable rascarse all\u00ed abajo.\" \/>\n<meta property=\"og:url\" content=\"https:\/\/multi-gyn.com\/uy\/salud-vaginal\/molestias\/comezon-vaginal-que-la-causa\/\" \/>\n<meta property=\"og:site_name\" content=\"Multi-Gyn\" \/>\n<meta property=\"article:modified_time\" content=\"2023-05-15T11:45:44+00:00\" \/>\n<meta name=\"twitter:card\" content=\"summary_large_image\" \/>\n<meta name=\"twitter:label1\" content=\"Est. reading time\" \/>\n\t<meta name=\"twitter:data1\" content=\"3 minutos\" \/>\n<script type=\"application\/ld+json\" class=\"yoast-schema-graph\">{\"@context\":\"https:\/\/schema.org\",\"@graph\":[{\"@type\":\"WebPage\",\"@id\":\"https:\/\/multi-gyn.com\/uy\/salud-vaginal\/molestias\/comezon-vaginal-que-la-causa\/\",\"url\":\"https:\/\/multi-gyn.com\/uy\/salud-vaginal\/molestias\/comezon-vaginal-que-la-causa\/\",\"name\":\"Comez\u00f3n vaginal: \u00bfQu\u00e9 la causa? - Multi-Gyn\",\"isPartOf\":{\"@id\":\"https:\/\/multi-gyn.com\/uy\/#website\"},\"datePublished\":\"2023-05-11T09:11:33+00:00\",\"dateModified\":\"2023-05-15T11:45:44+00:00\",\"description\":\"Quiz\u00e1s una de las molestias vaginales m\u00e1s inc\u00f3moda es la comez\u00f3n. Puede ser muy embarazosa y no es aconsejable rascarse all\u00ed abajo.\",\"breadcrumb\":{\"@id\":\"https:\/\/multi-gyn.com\/uy\/salud-vaginal\/molestias\/comezon-vaginal-que-la-causa\/#breadcrumb\"},\"inLanguage\":\"es-UY\",\"potentialAction\":[{\"@type\":\"ReadAction\",\"target\":[\"https:\/\/multi-gyn.com\/uy\/salud-vaginal\/molestias\/comezon-vaginal-que-la-causa\/\"]}]},{\"@type\":\"BreadcrumbList\",\"@id\":\"https:\/\/multi-gyn.com\/uy\/salud-vaginal\/molestias\/comezon-vaginal-que-la-causa\/#breadcrumb\",\"itemListElement\":[{\"@type\":\"ListItem\",\"position\":1,\"name\":\"Home\",\"item\":\"https:\/\/multi-gyn.com\/uy\/\"},{\"@type\":\"ListItem\",\"position\":2,\"name\":\"Salud vaginal\",\"item\":\"https:\/\/multi-gyn.com\/uy\/salud-vaginal\/\"},{\"@type\":\"ListItem\",\"position\":3,\"name\":\"Molestias\",\"item\":\"https:\/\/multi-gyn.com\/uy\/salud-vaginal\/molestias\/\"},{\"@type\":\"ListItem\",\"position\":4,\"name\":\"Comez\u00f3n vaginal: \u00bfQu\u00e9 la causa?\"}]},{\"@type\":\"WebSite\",\"@id\":\"https:\/\/multi-gyn.com\/uy\/#website\",\"url\":\"https:\/\/multi-gyn.com\/uy\/\",\"name\":\"Multi-Gyn\",\"description\":\"\",\"publisher\":{\"@id\":\"https:\/\/multi-gyn.com\/uy\/#organization\"},\"potentialAction\":[{\"@type\":\"SearchAction\",\"target\":{\"@type\":\"EntryPoint\",\"urlTemplate\":\"https:\/\/multi-gyn.com\/uy\/?s={search_term_string}\"},\"query-input\":{\"@type\":\"PropertyValueSpecification\",\"valueRequired\":true,\"valueName\":\"search_term_string\"}}],\"inLanguage\":\"es-UY\"},{\"@type\":\"Organization\",\"@id\":\"https:\/\/multi-gyn.com\/uy\/#organization\",\"name\":\"Multi-Gyn\",\"url\":\"https:\/\/multi-gyn.com\/uy\/\",\"logo\":{\"@type\":\"ImageObject\",\"inLanguage\":\"es-UY\",\"@id\":\"https:\/\/multi-gyn.com\/uy\/#\/schema\/logo\/image\/\",\"url\":\"https:\/\/multi-gyn.com\/app\/uploads\/sites\/47\/2023\/05\/multi-gyn-logo.png\",\"contentUrl\":\"https:\/\/multi-gyn.com\/app\/uploads\/sites\/47\/2023\/05\/multi-gyn-logo.png\",\"width\":149,\"height\":32,\"caption\":\"Multi-Gyn\"},\"image\":{\"@id\":\"https:\/\/multi-gyn.com\/uy\/#\/schema\/logo\/image\/\"}}]}<\/script>\n<!-- \/ Yoast SEO plugin. -->","yoast_head_json":{"title":"Comez\u00f3n vaginal: \u00bfQu\u00e9 la causa? - Multi-Gyn","description":"Quiz\u00e1s una de las molestias vaginales m\u00e1s inc\u00f3moda es la comez\u00f3n. Puede ser muy embarazosa y no es aconsejable rascarse all\u00ed abajo.","robots":{"index":"index","follow":"follow","max-snippet":"max-snippet:-1","max-image-preview":"max-image-preview:large","max-video-preview":"max-video-preview:-1"},"canonical":"https:\/\/multi-gyn.com\/uy\/salud-vaginal\/molestias\/comezon-vaginal-que-la-causa\/","og_locale":"es_ES","og_type":"article","og_title":"Comez\u00f3n vaginal: \u00bfQu\u00e9 la causa? - Multi-Gyn","og_description":"Quiz\u00e1s una de las molestias vaginales m\u00e1s inc\u00f3moda es la comez\u00f3n. Puede ser muy embarazosa y no es aconsejable rascarse all\u00ed abajo.","og_url":"https:\/\/multi-gyn.com\/uy\/salud-vaginal\/molestias\/comezon-vaginal-que-la-causa\/","og_site_name":"Multi-Gyn","article_modified_time":"2023-05-15T11:45:44+00:00","twitter_card":"summary_large_image","twitter_misc":{"Est. reading time":"3 minutos"},"schema":{"@context":"https:\/\/schema.org","@graph":[{"@type":"WebPage","@id":"https:\/\/multi-gyn.com\/uy\/salud-vaginal\/molestias\/comezon-vaginal-que-la-causa\/","url":"https:\/\/multi-gyn.com\/uy\/salud-vaginal\/molestias\/comezon-vaginal-que-la-causa\/","name":"Comez\u00f3n vaginal: \u00bfQu\u00e9 la causa? - Multi-Gyn","isPartOf":{"@id":"https:\/\/multi-gyn.com\/uy\/#website"},"datePublished":"2023-05-11T09:11:33+00:00","dateModified":"2023-05-15T11:45:44+00:00","description":"Quiz\u00e1s una de las molestias vaginales m\u00e1s inc\u00f3moda es la comez\u00f3n. Puede ser muy embarazosa y no es aconsejable rascarse all\u00ed abajo.","breadcrumb":{"@id":"https:\/\/multi-gyn.com\/uy\/salud-vaginal\/molestias\/comezon-vaginal-que-la-causa\/#breadcrumb"},"inLanguage":"es-UY","potentialAction":[{"@type":"ReadAction","target":["https:\/\/multi-gyn.com\/uy\/salud-vaginal\/molestias\/comezon-vaginal-que-la-causa\/"]}]},{"@type":"BreadcrumbList","@id":"https:\/\/multi-gyn.com\/uy\/salud-vaginal\/molestias\/comezon-vaginal-que-la-causa\/#breadcrumb","itemListElement":[{"@type":"ListItem","position":1,"name":"Home","item":"https:\/\/multi-gyn.com\/uy\/"},{"@type":"ListItem","position":2,"name":"Salud vaginal","item":"https:\/\/multi-gyn.com\/uy\/salud-vaginal\/"},{"@type":"ListItem","position":3,"name":"Molestias","item":"https:\/\/multi-gyn.com\/uy\/salud-vaginal\/molestias\/"},{"@type":"ListItem","position":4,"name":"Comez\u00f3n vaginal: \u00bfQu\u00e9 la causa?"}]},{"@type":"WebSite","@id":"https:\/\/multi-gyn.com\/uy\/#website","url":"https:\/\/multi-gyn.com\/uy\/","name":"Multi-Gyn","description":"","publisher":{"@id":"https:\/\/multi-gyn.com\/uy\/#organization"},"potentialAction":[{"@type":"SearchAction","target":{"@type":"EntryPoint","urlTemplate":"https:\/\/multi-gyn.com\/uy\/?s={search_term_string}"},"query-input":{"@type":"PropertyValueSpecification","valueRequired":true,"valueName":"search_term_string"}}],"inLanguage":"es-UY"},{"@type":"Organization","@id":"https:\/\/multi-gyn.com\/uy\/#organization","name":"Multi-Gyn","url":"https:\/\/multi-gyn.com\/uy\/","logo":{"@type":"ImageObject","inLanguage":"es-UY","@id":"https:\/\/multi-gyn.com\/uy\/#\/schema\/logo\/image\/","url":"https:\/\/multi-gyn.com\/app\/uploads\/sites\/47\/2023\/05\/multi-gyn-logo.png","contentUrl":"https:\/\/multi-gyn.com\/app\/uploads\/sites\/47\/2023\/05\/multi-gyn-logo.png","width":149,"height":32,"caption":"Multi-Gyn"},"image":{"@id":"https:\/\/multi-gyn.com\/uy\/#\/schema\/logo\/image\/"}}]}},"_links":{"self":[{"href":"https:\/\/multi-gyn.com\/uy\/wp-json\/wp\/v2\/pages\/247","targetHints":{"allow":["GET"]}}],"collection":[{"href":"https:\/\/multi-gyn.com\/uy\/wp-json\/wp\/v2\/pages"}],"about":[{"href":"https:\/\/multi-gyn.com\/uy\/wp-json\/wp\/v2\/types\/page"}],"author":[{"embeddable":true,"href":"https:\/\/multi-gyn.com\/uy\/wp-json\/wp\/v2\/users\/2"}],"replies":[{"embeddable":true,"href":"https:\/\/multi-gyn.com\/uy\/wp-json\/wp\/v2\/comments?post=247"}],"version-history":[{"count":3,"href":"https:\/\/multi-gyn.com\/uy\/wp-json\/wp\/v2\/pages\/247\/revisions"}],"predecessor-version":[{"id":445,"href":"https:\/\/multi-gyn.com\/uy\/wp-json\/wp\/v2\/pages\/247\/revisions\/445"}],"up":[{"embeddable":true,"href":"https:\/\/multi-gyn.com\/uy\/wp-json\/wp\/v2\/pages\/31"}],"wp:attachment":[{"href":"https:\/\/multi-gyn.com\/uy\/wp-json\/wp\/v2\/media?parent=247"}],"wp:term":[{"taxonomy":"from-article-database","embeddable":true,"href":"https:\/\/multi-gyn.com\/uy\/wp-json\/wp\/v2\/from-article-database?post=247"}],"curies":[{"name":"wp","href":"https:\/\/api.w.org\/{rel}","templated":true}]}}