{"id":249,"date":"2023-05-11T06:11:49","date_gmt":"2023-05-11T09:11:49","guid":{"rendered":"https:\/\/multi-gyn.com\/uy\/?page_id=249"},"modified":"2023-05-15T08:56:11","modified_gmt":"2023-05-15T11:56:11","slug":"es-mi-secrecion-vaginal-normal","status":"publish","type":"page","link":"https:\/\/multi-gyn.com\/uy\/salud-vaginal\/molestias\/es-mi-secrecion-vaginal-normal\/","title":{"rendered":"\u00bfEs mi secreci\u00f3n vaginal normal?"},"content":{"rendered":"\n<div class=\"wp-block-karopharma-free-text pt-large pb-large bg-center bg-cover bg-no-repeat  is-style-primary\" style=\"background-image:url()\"><div class=\"free-text-wrapper container max-w-medium text-left\">\n<h1 class=\"is-style-heading-h1 wp-block-heading\">\u00bfEs mi secreci\u00f3n vaginal normal?<\/h1>\n\n\n\n<p class=\"is-style-paragraph-preamble\">La secreci\u00f3n o flujo vaginal es normal y tiene varias funciones importantes: limpia y lubrica la vagina, y ayuda a prevenir y combatir problemas microbianos e infecciones. Revisar tu flujo vaginal puede ayudarte a detectar problemas anticipadamente, y mantener una buena salud vaginal.<\/p>\n<\/div><\/div>\n\n\n\n<div class=\"wp-block-karopharma-free-text pt-large pb-large bg-center bg-cover bg-no-repeat  is-style-transparent\" style=\"background-image:url()\"><div class=\"free-text-wrapper container max-w-medium text-left\">\n<h2 class=\"is-style-heading-h2 wp-block-heading\">\u00bfQu\u00e9 es normal?<\/h2>\n\n\n\n<p>Una secreci\u00f3n vaginal normal suele ser de transparente a blanco turbio, huele ligeramente \u00e1cida (como el vinagre) y puede ser espesa o fina. El flujo vaginal normal puede variar en textura. Puede ser fino, pegajoso y el\u00e1stico, o espeso y viscoso. Puedes notar peque\u00f1os cambios en la textura y cantidad de tu flujo cuando est\u00e1s excitada sexualmente, antes del periodo, durante la ovulaci\u00f3n, durante la lactancia y la menopausia.<\/p>\n\n\n\n<p>Es normal que tu flujo vaginal var\u00ede ligeramente, pero es importante conocer las diferencias entre una secreci\u00f3n vaginal normal y una anormal. Esto te ayudar\u00e1 a reconocer si los cambios en tu flujo vaginal indican un problema, o si merecen una investigaci\u00f3n adicional.<\/p>\n\n\n\n<p class=\"is-style-paragraph-preamble has-primary-color has-text-color\"><em>\u00abSi piensas que puedes tener una ETS, es importante que acudas a tu m\u00e9dico r\u00e1pidamente. Acude tambi\u00e9n directamente a tu m\u00e9dico si tienes secreci\u00f3n vaginal con fiebre, o dolor en la zona abdominal o p\u00e9lvica.\u00bb<\/em><\/p>\n\n\n\n<h2 class=\"is-style-heading-h2 wp-block-heading\">Comprueba tu flujo regularmente para detectar cualquier cambio<\/h2>\n\n\n\n<p>Es importante comprobar tu flujo vaginal y estar atenta a cualquier cambio. Los siguientes cambios pueden indicar un problema:<\/p>\n\n\n\n<ul class=\"is-style-default wp-block-list\"><li>Cambio en el olor (especialmente mal olor u olor a pescado)<\/li><li>Cambio en color (a verdoso, gris\u00e1ceo o cualquiera parecido a pus)<\/li><li>Cambio en textura (a espumoso o grumoso y espeso, como reques\u00f3n)<\/li><li>Picaz\u00f3n vaginal, ardor, inflamaci\u00f3n o enrojecimiento<\/li><li>Sangrado o manchado vaginal fuera del periodo<\/li><\/ul>\n\n\n\n<p>Las infecciones vaginales, como la vaginosis bacteriana o la candidiasis (hongos) son causas frecuentes de una secreci\u00f3n vaginal anormal. Algunas infecciones que pueden provocar cambios en la secreci\u00f3n vaginal se transmiten sexualmente (ETSs), como la gonorrea. Otras infecciones pueden suceder con o sin sexo, como la vaginosis bacteriana o una infecci\u00f3n por hongos.<\/p>\n\n\n\n<p>Los s\u00edntomas de estas infecciones pueden ser muy parecidos, pero existen algunas diferencias:<\/p>\n\n\n\n<ul class=\"is-style-default wp-block-list\"><li>Las infecciones por hongos provocan que tu flujo se vuelva opaco, blanco y espeso, similar al reques\u00f3n. Una infecci\u00f3n por hongos (candidiasis) no suele cursar con un olor fuerte, pero puede causar picor y ardor severo.<\/li><li>La vaginosis bacteriana (VB) hace que tu flujo tenga un olor desagradable, como a pescado. El flujo puede ser fino y gris\u00e1ceo en color.<\/li><li>La tricomoniasis, una enfermedad de transmisi\u00f3n sexual (ETS) com\u00fan, cursa con un olor fuerte. El flujo suele ir de amarillo a verde en color y se vuelve espumoso<\/li><\/ul>\n<\/div><\/div>\n","protected":false},"excerpt":{"rendered":"","protected":false},"author":2,"featured_media":0,"parent":31,"menu_order":15,"comment_status":"closed","ping_status":"closed","template":"","meta":{"_acf_changed":false,"footnotes":""},"from-article-database":[],"class_list":["post-249","page","type-page","status-publish","hentry"],"acf":[],"yoast_head":"<!-- This site is optimized with the Yoast SEO plugin v26.6 - https:\/\/yoast.com\/wordpress\/plugins\/seo\/ -->\n<title>\u00bfEs mi secreci\u00f3n vaginal normal? - Multi-Gyn<\/title>\n<meta name=\"description\" content=\"Revisar tu flujo vaginal puede ayudarte a detectar problemas anticipadamente, y mantener una buena salud vaginal.\" \/>\n<meta name=\"robots\" content=\"index, follow, max-snippet:-1, max-image-preview:large, max-video-preview:-1\" \/>\n<link rel=\"canonical\" href=\"https:\/\/multi-gyn.com\/uy\/salud-vaginal\/molestias\/es-mi-secrecion-vaginal-normal\/\" \/>\n<meta property=\"og:locale\" content=\"es_ES\" \/>\n<meta property=\"og:type\" content=\"article\" \/>\n<meta property=\"og:title\" content=\"\u00bfEs mi secreci\u00f3n vaginal normal? - Multi-Gyn\" \/>\n<meta property=\"og:description\" content=\"Revisar tu flujo vaginal puede ayudarte a detectar problemas anticipadamente, y mantener una buena salud vaginal.\" \/>\n<meta property=\"og:url\" content=\"https:\/\/multi-gyn.com\/uy\/salud-vaginal\/molestias\/es-mi-secrecion-vaginal-normal\/\" \/>\n<meta property=\"og:site_name\" content=\"Multi-Gyn\" \/>\n<meta property=\"article:modified_time\" content=\"2023-05-15T11:56:11+00:00\" \/>\n<meta name=\"twitter:card\" content=\"summary_large_image\" \/>\n<meta name=\"twitter:label1\" content=\"Est. reading time\" \/>\n\t<meta name=\"twitter:data1\" content=\"2 minutos\" \/>\n<script type=\"application\/ld+json\" class=\"yoast-schema-graph\">{\"@context\":\"https:\/\/schema.org\",\"@graph\":[{\"@type\":\"WebPage\",\"@id\":\"https:\/\/multi-gyn.com\/uy\/salud-vaginal\/molestias\/es-mi-secrecion-vaginal-normal\/\",\"url\":\"https:\/\/multi-gyn.com\/uy\/salud-vaginal\/molestias\/es-mi-secrecion-vaginal-normal\/\",\"name\":\"\u00bfEs mi secreci\u00f3n vaginal normal? - Multi-Gyn\",\"isPartOf\":{\"@id\":\"https:\/\/multi-gyn.com\/uy\/#website\"},\"datePublished\":\"2023-05-11T09:11:49+00:00\",\"dateModified\":\"2023-05-15T11:56:11+00:00\",\"description\":\"Revisar tu flujo vaginal puede ayudarte a detectar problemas anticipadamente, y mantener una buena salud vaginal.\",\"breadcrumb\":{\"@id\":\"https:\/\/multi-gyn.com\/uy\/salud-vaginal\/molestias\/es-mi-secrecion-vaginal-normal\/#breadcrumb\"},\"inLanguage\":\"es-UY\",\"potentialAction\":[{\"@type\":\"ReadAction\",\"target\":[\"https:\/\/multi-gyn.com\/uy\/salud-vaginal\/molestias\/es-mi-secrecion-vaginal-normal\/\"]}]},{\"@type\":\"BreadcrumbList\",\"@id\":\"https:\/\/multi-gyn.com\/uy\/salud-vaginal\/molestias\/es-mi-secrecion-vaginal-normal\/#breadcrumb\",\"itemListElement\":[{\"@type\":\"ListItem\",\"position\":1,\"name\":\"Home\",\"item\":\"https:\/\/multi-gyn.com\/uy\/\"},{\"@type\":\"ListItem\",\"position\":2,\"name\":\"Salud vaginal\",\"item\":\"https:\/\/multi-gyn.com\/uy\/salud-vaginal\/\"},{\"@type\":\"ListItem\",\"position\":3,\"name\":\"Molestias\",\"item\":\"https:\/\/multi-gyn.com\/uy\/salud-vaginal\/molestias\/\"},{\"@type\":\"ListItem\",\"position\":4,\"name\":\"\u00bfEs mi secreci\u00f3n vaginal normal?\"}]},{\"@type\":\"WebSite\",\"@id\":\"https:\/\/multi-gyn.com\/uy\/#website\",\"url\":\"https:\/\/multi-gyn.com\/uy\/\",\"name\":\"Multi-Gyn\",\"description\":\"\",\"publisher\":{\"@id\":\"https:\/\/multi-gyn.com\/uy\/#organization\"},\"potentialAction\":[{\"@type\":\"SearchAction\",\"target\":{\"@type\":\"EntryPoint\",\"urlTemplate\":\"https:\/\/multi-gyn.com\/uy\/?s={search_term_string}\"},\"query-input\":{\"@type\":\"PropertyValueSpecification\",\"valueRequired\":true,\"valueName\":\"search_term_string\"}}],\"inLanguage\":\"es-UY\"},{\"@type\":\"Organization\",\"@id\":\"https:\/\/multi-gyn.com\/uy\/#organization\",\"name\":\"Multi-Gyn\",\"url\":\"https:\/\/multi-gyn.com\/uy\/\",\"logo\":{\"@type\":\"ImageObject\",\"inLanguage\":\"es-UY\",\"@id\":\"https:\/\/multi-gyn.com\/uy\/#\/schema\/logo\/image\/\",\"url\":\"https:\/\/multi-gyn.com\/app\/uploads\/sites\/47\/2023\/05\/multi-gyn-logo.png\",\"contentUrl\":\"https:\/\/multi-gyn.com\/app\/uploads\/sites\/47\/2023\/05\/multi-gyn-logo.png\",\"width\":149,\"height\":32,\"caption\":\"Multi-Gyn\"},\"image\":{\"@id\":\"https:\/\/multi-gyn.com\/uy\/#\/schema\/logo\/image\/\"}}]}<\/script>\n<!-- \/ Yoast SEO plugin. -->","yoast_head_json":{"title":"\u00bfEs mi secreci\u00f3n vaginal normal? - Multi-Gyn","description":"Revisar tu flujo vaginal puede ayudarte a detectar problemas anticipadamente, y mantener una buena salud vaginal.","robots":{"index":"index","follow":"follow","max-snippet":"max-snippet:-1","max-image-preview":"max-image-preview:large","max-video-preview":"max-video-preview:-1"},"canonical":"https:\/\/multi-gyn.com\/uy\/salud-vaginal\/molestias\/es-mi-secrecion-vaginal-normal\/","og_locale":"es_ES","og_type":"article","og_title":"\u00bfEs mi secreci\u00f3n vaginal normal? - Multi-Gyn","og_description":"Revisar tu flujo vaginal puede ayudarte a detectar problemas anticipadamente, y mantener una buena salud vaginal.","og_url":"https:\/\/multi-gyn.com\/uy\/salud-vaginal\/molestias\/es-mi-secrecion-vaginal-normal\/","og_site_name":"Multi-Gyn","article_modified_time":"2023-05-15T11:56:11+00:00","twitter_card":"summary_large_image","twitter_misc":{"Est. reading time":"2 minutos"},"schema":{"@context":"https:\/\/schema.org","@graph":[{"@type":"WebPage","@id":"https:\/\/multi-gyn.com\/uy\/salud-vaginal\/molestias\/es-mi-secrecion-vaginal-normal\/","url":"https:\/\/multi-gyn.com\/uy\/salud-vaginal\/molestias\/es-mi-secrecion-vaginal-normal\/","name":"\u00bfEs mi secreci\u00f3n vaginal normal? - Multi-Gyn","isPartOf":{"@id":"https:\/\/multi-gyn.com\/uy\/#website"},"datePublished":"2023-05-11T09:11:49+00:00","dateModified":"2023-05-15T11:56:11+00:00","description":"Revisar tu flujo vaginal puede ayudarte a detectar problemas anticipadamente, y mantener una buena salud vaginal.","breadcrumb":{"@id":"https:\/\/multi-gyn.com\/uy\/salud-vaginal\/molestias\/es-mi-secrecion-vaginal-normal\/#breadcrumb"},"inLanguage":"es-UY","potentialAction":[{"@type":"ReadAction","target":["https:\/\/multi-gyn.com\/uy\/salud-vaginal\/molestias\/es-mi-secrecion-vaginal-normal\/"]}]},{"@type":"BreadcrumbList","@id":"https:\/\/multi-gyn.com\/uy\/salud-vaginal\/molestias\/es-mi-secrecion-vaginal-normal\/#breadcrumb","itemListElement":[{"@type":"ListItem","position":1,"name":"Home","item":"https:\/\/multi-gyn.com\/uy\/"},{"@type":"ListItem","position":2,"name":"Salud vaginal","item":"https:\/\/multi-gyn.com\/uy\/salud-vaginal\/"},{"@type":"ListItem","position":3,"name":"Molestias","item":"https:\/\/multi-gyn.com\/uy\/salud-vaginal\/molestias\/"},{"@type":"ListItem","position":4,"name":"\u00bfEs mi secreci\u00f3n vaginal normal?"}]},{"@type":"WebSite","@id":"https:\/\/multi-gyn.com\/uy\/#website","url":"https:\/\/multi-gyn.com\/uy\/","name":"Multi-Gyn","description":"","publisher":{"@id":"https:\/\/multi-gyn.com\/uy\/#organization"},"potentialAction":[{"@type":"SearchAction","target":{"@type":"EntryPoint","urlTemplate":"https:\/\/multi-gyn.com\/uy\/?s={search_term_string}"},"query-input":{"@type":"PropertyValueSpecification","valueRequired":true,"valueName":"search_term_string"}}],"inLanguage":"es-UY"},{"@type":"Organization","@id":"https:\/\/multi-gyn.com\/uy\/#organization","name":"Multi-Gyn","url":"https:\/\/multi-gyn.com\/uy\/","logo":{"@type":"ImageObject","inLanguage":"es-UY","@id":"https:\/\/multi-gyn.com\/uy\/#\/schema\/logo\/image\/","url":"https:\/\/multi-gyn.com\/app\/uploads\/sites\/47\/2023\/05\/multi-gyn-logo.png","contentUrl":"https:\/\/multi-gyn.com\/app\/uploads\/sites\/47\/2023\/05\/multi-gyn-logo.png","width":149,"height":32,"caption":"Multi-Gyn"},"image":{"@id":"https:\/\/multi-gyn.com\/uy\/#\/schema\/logo\/image\/"}}]}},"_links":{"self":[{"href":"https:\/\/multi-gyn.com\/uy\/wp-json\/wp\/v2\/pages\/249","targetHints":{"allow":["GET"]}}],"collection":[{"href":"https:\/\/multi-gyn.com\/uy\/wp-json\/wp\/v2\/pages"}],"about":[{"href":"https:\/\/multi-gyn.com\/uy\/wp-json\/wp\/v2\/types\/page"}],"author":[{"embeddable":true,"href":"https:\/\/multi-gyn.com\/uy\/wp-json\/wp\/v2\/users\/2"}],"replies":[{"embeddable":true,"href":"https:\/\/multi-gyn.com\/uy\/wp-json\/wp\/v2\/comments?post=249"}],"version-history":[{"count":2,"href":"https:\/\/multi-gyn.com\/uy\/wp-json\/wp\/v2\/pages\/249\/revisions"}],"predecessor-version":[{"id":447,"href":"https:\/\/multi-gyn.com\/uy\/wp-json\/wp\/v2\/pages\/249\/revisions\/447"}],"up":[{"embeddable":true,"href":"https:\/\/multi-gyn.com\/uy\/wp-json\/wp\/v2\/pages\/31"}],"wp:attachment":[{"href":"https:\/\/multi-gyn.com\/uy\/wp-json\/wp\/v2\/media?parent=249"}],"wp:term":[{"taxonomy":"from-article-database","embeddable":true,"href":"https:\/\/multi-gyn.com\/uy\/wp-json\/wp\/v2\/from-article-database?post=249"}],"curies":[{"name":"wp","href":"https:\/\/api.w.org\/{rel}","templated":true}]}}