{"id":25,"date":"2023-05-10T10:49:54","date_gmt":"2023-05-10T13:49:54","guid":{"rendered":"https:\/\/multi-gyn.com\/uy\/?page_id=25"},"modified":"2023-05-11T09:26:12","modified_gmt":"2023-05-11T12:26:12","slug":"cuidado","status":"publish","type":"page","link":"https:\/\/multi-gyn.com\/uy\/salud-vaginal\/cuidado\/","title":{"rendered":"Cuidado"},"content":{"rendered":"\n<div class=\"wp-block-karopharma-free-text pt-large pb-large bg-center bg-cover bg-no-repeat  is-style-primary\" style=\"background-image:url()\"><div class=\"free-text-wrapper container max-w-medium text-left\">\n<h1 class=\"is-style-heading-huge wp-block-heading\">Cuidado<\/h1>\n<\/div><\/div>\n\n\n\n<div class=\"wp-block-karopharma-free-text pt-large pb-large bg-center bg-cover bg-no-repeat\" style=\"background-image:url()\"><div class=\"free-text-wrapper container max-w-medium text-left\"><div class=\"menu-nav-list widget widget_nav_menu\">\n            <h3 class=\"widget_title\">Leer art\u00edculos sobre:<\/h3>\n                <ul class=\"menu\">\n                            <li class=\"menu-item\">\n                    <a href=\"https:\/\/multi-gyn.com\/uy\/salud-vaginal\/cuidado\/que-hacer-y-que-no-de-la-higiene-vaginal\/\" title=\"Qu\u00e9 hacer y qu\u00e9 no de la higiene vaginal\">Qu\u00e9 hacer y qu\u00e9 no de la higiene vaginal<\/a>\n                <\/li>\n                            <li class=\"menu-item\">\n                    <a href=\"https:\/\/multi-gyn.com\/uy\/salud-vaginal\/cuidado\/usted-sabe-que-determina-una-higiene-intima-apropiada\/\" title=\"\u00bfUsted sabe qu\u00e9 determina una higiene \u00edntima apropiada?\">\u00bfUsted sabe qu\u00e9 determina una higiene \u00edntima apropiada?<\/a>\n                <\/li>\n                            <li class=\"menu-item\">\n                    <a href=\"https:\/\/multi-gyn.com\/uy\/salud-vaginal\/cuidado\/higiene-vaginal\/\" title=\"Higiene vaginal\">Higiene vaginal<\/a>\n                <\/li>\n                            <li class=\"menu-item\">\n                    <a href=\"https:\/\/multi-gyn.com\/uy\/salud-vaginal\/cuidado\/como-cuidar-su-vagina-durante-el-verano\/\" title=\"C\u00f3mo cuidar su vagina durante el verano\">C\u00f3mo cuidar su vagina durante el verano<\/a>\n                <\/li>\n                            <li class=\"menu-item\">\n                    <a href=\"https:\/\/multi-gyn.com\/uy\/salud-vaginal\/cuidado\/higiene-intima-menos-es-mas\/\" title=\"Higiene \u00edntima \u2013 menos es m\u00e1s\">Higiene \u00edntima \u2013 menos es m\u00e1s<\/a>\n                <\/li>\n                            <li class=\"menu-item\">\n                    <a href=\"https:\/\/multi-gyn.com\/uy\/salud-vaginal\/cuidado\/son-buenos-los-banos-de-vapor-para-tu-vagina\/\" title=\"Son buenos los ba\u00f1os de vapor para tu vagina?\">Son buenos los ba\u00f1os de vapor para tu vagina?<\/a>\n                <\/li>\n                            <li class=\"menu-item\">\n                    <a href=\"https:\/\/multi-gyn.com\/uy\/salud-vaginal\/cuidado\/puede-el-ejercicio-causar-dolor-vaginal\/\" title=\"\u00bfPuede el ejercicio causar dolor vaginal?\">\u00bfPuede el ejercicio causar dolor vaginal?<\/a>\n                <\/li>\n                    <\/ul>\n    <\/div>\n<\/div><\/div>\n","protected":false},"excerpt":{"rendered":"","protected":false},"author":2,"featured_media":0,"parent":23,"menu_order":1,"comment_status":"closed","ping_status":"closed","template":"","meta":{"_acf_changed":false,"footnotes":""},"from-article-database":[],"class_list":["post-25","page","type-page","status-publish","hentry"],"acf":[],"yoast_head":"<!-- This site is optimized with the Yoast SEO plugin v26.6 - https:\/\/yoast.com\/wordpress\/plugins\/seo\/ -->\n<title>Cuidado - Multi-Gyn<\/title>\n<meta name=\"description\" content=\"Leer art\u00edculos sobre: Qu\u00e9 hacer y qu\u00e9 no de la higiene vaginal \u00bfUsted sabe qu\u00e9 determina una higiene \u00edntima apropiada?\" \/>\n<meta name=\"robots\" content=\"index, follow, max-snippet:-1, max-image-preview:large, max-video-preview:-1\" \/>\n<link rel=\"canonical\" href=\"https:\/\/multi-gyn.com\/uy\/salud-vaginal\/cuidado\/\" \/>\n<meta property=\"og:locale\" content=\"es_ES\" \/>\n<meta property=\"og:type\" content=\"article\" \/>\n<meta property=\"og:title\" content=\"Cuidado - Multi-Gyn\" \/>\n<meta property=\"og:description\" content=\"Leer art\u00edculos sobre: Qu\u00e9 hacer y qu\u00e9 no de la higiene vaginal \u00bfUsted sabe qu\u00e9 determina una higiene \u00edntima apropiada?\" \/>\n<meta property=\"og:url\" content=\"https:\/\/multi-gyn.com\/uy\/salud-vaginal\/cuidado\/\" \/>\n<meta property=\"og:site_name\" content=\"Multi-Gyn\" \/>\n<meta property=\"article:modified_time\" content=\"2023-05-11T12:26:12+00:00\" \/>\n<meta name=\"twitter:card\" content=\"summary_large_image\" \/>\n<meta name=\"twitter:label1\" content=\"Est. reading time\" \/>\n\t<meta name=\"twitter:data1\" content=\"1 minuto\" \/>\n<script type=\"application\/ld+json\" class=\"yoast-schema-graph\">{\"@context\":\"https:\/\/schema.org\",\"@graph\":[{\"@type\":\"WebPage\",\"@id\":\"https:\/\/multi-gyn.com\/uy\/salud-vaginal\/cuidado\/\",\"url\":\"https:\/\/multi-gyn.com\/uy\/salud-vaginal\/cuidado\/\",\"name\":\"Cuidado - Multi-Gyn\",\"isPartOf\":{\"@id\":\"https:\/\/multi-gyn.com\/uy\/#website\"},\"datePublished\":\"2023-05-10T13:49:54+00:00\",\"dateModified\":\"2023-05-11T12:26:12+00:00\",\"description\":\"Leer art\u00edculos sobre: Qu\u00e9 hacer y qu\u00e9 no de la higiene vaginal \u00bfUsted sabe qu\u00e9 determina una higiene \u00edntima apropiada?\",\"breadcrumb\":{\"@id\":\"https:\/\/multi-gyn.com\/uy\/salud-vaginal\/cuidado\/#breadcrumb\"},\"inLanguage\":\"es-UY\",\"potentialAction\":[{\"@type\":\"ReadAction\",\"target\":[\"https:\/\/multi-gyn.com\/uy\/salud-vaginal\/cuidado\/\"]}]},{\"@type\":\"BreadcrumbList\",\"@id\":\"https:\/\/multi-gyn.com\/uy\/salud-vaginal\/cuidado\/#breadcrumb\",\"itemListElement\":[{\"@type\":\"ListItem\",\"position\":1,\"name\":\"Home\",\"item\":\"https:\/\/multi-gyn.com\/uy\/\"},{\"@type\":\"ListItem\",\"position\":2,\"name\":\"Salud vaginal\",\"item\":\"https:\/\/multi-gyn.com\/uy\/salud-vaginal\/\"},{\"@type\":\"ListItem\",\"position\":3,\"name\":\"Cuidado\"}]},{\"@type\":\"WebSite\",\"@id\":\"https:\/\/multi-gyn.com\/uy\/#website\",\"url\":\"https:\/\/multi-gyn.com\/uy\/\",\"name\":\"Multi-Gyn\",\"description\":\"\",\"publisher\":{\"@id\":\"https:\/\/multi-gyn.com\/uy\/#organization\"},\"potentialAction\":[{\"@type\":\"SearchAction\",\"target\":{\"@type\":\"EntryPoint\",\"urlTemplate\":\"https:\/\/multi-gyn.com\/uy\/?s={search_term_string}\"},\"query-input\":{\"@type\":\"PropertyValueSpecification\",\"valueRequired\":true,\"valueName\":\"search_term_string\"}}],\"inLanguage\":\"es-UY\"},{\"@type\":\"Organization\",\"@id\":\"https:\/\/multi-gyn.com\/uy\/#organization\",\"name\":\"Multi-Gyn\",\"url\":\"https:\/\/multi-gyn.com\/uy\/\",\"logo\":{\"@type\":\"ImageObject\",\"inLanguage\":\"es-UY\",\"@id\":\"https:\/\/multi-gyn.com\/uy\/#\/schema\/logo\/image\/\",\"url\":\"https:\/\/multi-gyn.com\/app\/uploads\/sites\/47\/2023\/05\/multi-gyn-logo.png\",\"contentUrl\":\"https:\/\/multi-gyn.com\/app\/uploads\/sites\/47\/2023\/05\/multi-gyn-logo.png\",\"width\":149,\"height\":32,\"caption\":\"Multi-Gyn\"},\"image\":{\"@id\":\"https:\/\/multi-gyn.com\/uy\/#\/schema\/logo\/image\/\"}}]}<\/script>\n<!-- \/ Yoast SEO plugin. -->","yoast_head_json":{"title":"Cuidado - Multi-Gyn","description":"Leer art\u00edculos sobre: Qu\u00e9 hacer y qu\u00e9 no de la higiene vaginal \u00bfUsted sabe qu\u00e9 determina una higiene \u00edntima apropiada?","robots":{"index":"index","follow":"follow","max-snippet":"max-snippet:-1","max-image-preview":"max-image-preview:large","max-video-preview":"max-video-preview:-1"},"canonical":"https:\/\/multi-gyn.com\/uy\/salud-vaginal\/cuidado\/","og_locale":"es_ES","og_type":"article","og_title":"Cuidado - Multi-Gyn","og_description":"Leer art\u00edculos sobre: Qu\u00e9 hacer y qu\u00e9 no de la higiene vaginal \u00bfUsted sabe qu\u00e9 determina una higiene \u00edntima apropiada?","og_url":"https:\/\/multi-gyn.com\/uy\/salud-vaginal\/cuidado\/","og_site_name":"Multi-Gyn","article_modified_time":"2023-05-11T12:26:12+00:00","twitter_card":"summary_large_image","twitter_misc":{"Est. reading time":"1 minuto"},"schema":{"@context":"https:\/\/schema.org","@graph":[{"@type":"WebPage","@id":"https:\/\/multi-gyn.com\/uy\/salud-vaginal\/cuidado\/","url":"https:\/\/multi-gyn.com\/uy\/salud-vaginal\/cuidado\/","name":"Cuidado - Multi-Gyn","isPartOf":{"@id":"https:\/\/multi-gyn.com\/uy\/#website"},"datePublished":"2023-05-10T13:49:54+00:00","dateModified":"2023-05-11T12:26:12+00:00","description":"Leer art\u00edculos sobre: Qu\u00e9 hacer y qu\u00e9 no de la higiene vaginal \u00bfUsted sabe qu\u00e9 determina una higiene \u00edntima apropiada?","breadcrumb":{"@id":"https:\/\/multi-gyn.com\/uy\/salud-vaginal\/cuidado\/#breadcrumb"},"inLanguage":"es-UY","potentialAction":[{"@type":"ReadAction","target":["https:\/\/multi-gyn.com\/uy\/salud-vaginal\/cuidado\/"]}]},{"@type":"BreadcrumbList","@id":"https:\/\/multi-gyn.com\/uy\/salud-vaginal\/cuidado\/#breadcrumb","itemListElement":[{"@type":"ListItem","position":1,"name":"Home","item":"https:\/\/multi-gyn.com\/uy\/"},{"@type":"ListItem","position":2,"name":"Salud vaginal","item":"https:\/\/multi-gyn.com\/uy\/salud-vaginal\/"},{"@type":"ListItem","position":3,"name":"Cuidado"}]},{"@type":"WebSite","@id":"https:\/\/multi-gyn.com\/uy\/#website","url":"https:\/\/multi-gyn.com\/uy\/","name":"Multi-Gyn","description":"","publisher":{"@id":"https:\/\/multi-gyn.com\/uy\/#organization"},"potentialAction":[{"@type":"SearchAction","target":{"@type":"EntryPoint","urlTemplate":"https:\/\/multi-gyn.com\/uy\/?s={search_term_string}"},"query-input":{"@type":"PropertyValueSpecification","valueRequired":true,"valueName":"search_term_string"}}],"inLanguage":"es-UY"},{"@type":"Organization","@id":"https:\/\/multi-gyn.com\/uy\/#organization","name":"Multi-Gyn","url":"https:\/\/multi-gyn.com\/uy\/","logo":{"@type":"ImageObject","inLanguage":"es-UY","@id":"https:\/\/multi-gyn.com\/uy\/#\/schema\/logo\/image\/","url":"https:\/\/multi-gyn.com\/app\/uploads\/sites\/47\/2023\/05\/multi-gyn-logo.png","contentUrl":"https:\/\/multi-gyn.com\/app\/uploads\/sites\/47\/2023\/05\/multi-gyn-logo.png","width":149,"height":32,"caption":"Multi-Gyn"},"image":{"@id":"https:\/\/multi-gyn.com\/uy\/#\/schema\/logo\/image\/"}}]}},"_links":{"self":[{"href":"https:\/\/multi-gyn.com\/uy\/wp-json\/wp\/v2\/pages\/25","targetHints":{"allow":["GET"]}}],"collection":[{"href":"https:\/\/multi-gyn.com\/uy\/wp-json\/wp\/v2\/pages"}],"about":[{"href":"https:\/\/multi-gyn.com\/uy\/wp-json\/wp\/v2\/types\/page"}],"author":[{"embeddable":true,"href":"https:\/\/multi-gyn.com\/uy\/wp-json\/wp\/v2\/users\/2"}],"replies":[{"embeddable":true,"href":"https:\/\/multi-gyn.com\/uy\/wp-json\/wp\/v2\/comments?post=25"}],"version-history":[{"count":2,"href":"https:\/\/multi-gyn.com\/uy\/wp-json\/wp\/v2\/pages\/25\/revisions"}],"predecessor-version":[{"id":304,"href":"https:\/\/multi-gyn.com\/uy\/wp-json\/wp\/v2\/pages\/25\/revisions\/304"}],"up":[{"embeddable":true,"href":"https:\/\/multi-gyn.com\/uy\/wp-json\/wp\/v2\/pages\/23"}],"wp:attachment":[{"href":"https:\/\/multi-gyn.com\/uy\/wp-json\/wp\/v2\/media?parent=25"}],"wp:term":[{"taxonomy":"from-article-database","embeddable":true,"href":"https:\/\/multi-gyn.com\/uy\/wp-json\/wp\/v2\/from-article-database?post=25"}],"curies":[{"name":"wp","href":"https:\/\/api.w.org\/{rel}","templated":true}]}}