{"id":251,"date":"2023-05-11T06:12:04","date_gmt":"2023-05-11T09:12:04","guid":{"rendered":"https:\/\/multi-gyn.com\/uy\/?page_id=251"},"modified":"2023-05-15T09:29:32","modified_gmt":"2023-05-15T12:29:32","slug":"resequedad-vaginal-causas-y-tratamiento","status":"publish","type":"page","link":"https:\/\/multi-gyn.com\/uy\/salud-vaginal\/molestias\/resequedad-vaginal-causas-y-tratamiento\/","title":{"rendered":"Resequedad vaginal: causas y tratamiento"},"content":{"rendered":"\n<div class=\"wp-block-karopharma-free-text pt-large pb-large bg-center bg-cover bg-no-repeat  is-style-primary\" style=\"background-image:url()\"><div class=\"free-text-wrapper container max-w-medium text-left\">\n<h1 class=\"is-style-heading-h1 wp-block-heading\">Resequedad vaginal: causas y tratamiento<\/h1>\n\n\n\n<p class=\"is-style-paragraph-preamble\">La mayor\u00eda de mujeres experimentar\u00e1n la resequedad vaginal en alg\u00fan momento de la vida. Esta puede ser bastante inc\u00f3moda ya que puede causar otras molestias como comez\u00f3n, ardor, y dolor.<\/p>\n<\/div><\/div>\n\n\n\n<div class=\"wp-block-karopharma-free-text pt-large pb-large bg-center bg-cover bg-no-repeat  is-style-transparent\" style=\"background-image:url()\"><div class=\"free-text-wrapper container max-w-medium text-left\">\n<p>Las mujeres usualmente asocian la resequedad vaginal con la menopausia. Esto no es totalmente cierto ya que puede pasarle a cualquier mujer a cualquier edad. Sin embargo es un s\u00edntoma com\u00fan durante la menopausia. No obstante hay muchas otras causas.<\/p>\n\n\n\n<h2 class=\"is-style-heading-h2 wp-block-heading\">Causas de la resequedad vaginal<\/h2>\n\n\n\n<p>Hay muchas causas de la resequedad vaginal. Una de las m\u00e1s comunes es la disminuci\u00f3n de los niveles de estr\u00f3geno. El estr\u00f3geno es una hormona femenina que ayuda a la salud vaginal al mantener la lubricaci\u00f3n normal de las paredes vaginales, as\u00ed como la elasticidad y la acidez. Cuando los niveles de estr\u00f3geno disminuyen, las paredes vaginales se vuelven menos el\u00e1sticas, m\u00e1s fr\u00e1giles y menos lubricadas.<\/p>\n\n\n\n<p>Una disminuci\u00f3n en los niveles de estr\u00f3geno puede tener varias causas. La menopausia es una de ellas, as\u00ed como el estar embarazada y la lactancia. La radiaci\u00f3n, quimioterapia y terapia hormonal tambi\u00e9n pueden impactar sus niveles de estr\u00f3geno, causando resequedad vaginal.<\/p>\n\n\n\n<p>La lubricaci\u00f3n natural de la vagina tambi\u00e9n puede verse afectada por algunos medicamentos, por ejemplo medicamentos para la gripa y alergias, as\u00ed como por condiciones m\u00e9dicas como diabetes y tensi\u00f3n alta.<\/p>\n\n\n\n<h2 class=\"is-style-heading-h2 wp-block-heading\">S\u00edntomas<\/h2>\n\n\n\n<p>La resequedad puede estar acompa\u00f1ada de otras molestias vaginales como:<\/p>\n\n\n\n<ul class=\"is-style-default wp-block-list\"><li>comez\u00f3n<\/li><li>ardor<\/li><li>picaz\u00f3n<\/li><li>dolor<\/li><li>dolor durante las relaciones sexuales<\/li><\/ul>\n\n\n\n<p class=\"is-style-paragraph-preamble has-primary-color has-text-color\"><em>\u00abUno de los tratamientos m\u00e1s usados frecuentemente es el aumentar la humedad vaginal ya sea con geles o lubricantes.\u00bb<\/em><\/p>\n\n\n\n<h2 class=\"is-style-heading-h2 wp-block-heading\">\u00bfQu\u00e9 se puede hacer con la resequedad vaginal?<\/h2>\n\n\n\n<p>Teniendo en cuenta que hay muchas causas diferentes puede ser dif\u00edcil encontrar el tratamiento correcto. Uno de los tratamientos m\u00e1s usados frecuentemente es el aumentar la humedad vaginal ya sea con geles o lubricantes. Otra forma de tratar la resequedad vaginal es aumentar los niveles de estr\u00f3geno.<\/p>\n\n\n\n<p>En la farmacia se pueden encontrar varios productos de cuidado personal, desde lubricantes regulares hasta productos que restauran la humedad natural de la vagina. Aseg\u00farese de escoger un producto con ingredientes naturales, el cual le aliviar\u00e1 los s\u00edntomas y estimular\u00e1 la humedad natural.<\/p>\n<\/div><\/div>\n","protected":false},"excerpt":{"rendered":"","protected":false},"author":2,"featured_media":0,"parent":31,"menu_order":16,"comment_status":"closed","ping_status":"closed","template":"","meta":{"_acf_changed":false,"footnotes":""},"from-article-database":[],"class_list":["post-251","page","type-page","status-publish","hentry"],"acf":[],"yoast_head":"<!-- This site is optimized with the Yoast SEO plugin v26.6 - https:\/\/yoast.com\/wordpress\/plugins\/seo\/ -->\n<title>Resequedad vaginal: causas y tratamiento - Multi-Gyn<\/title>\n<meta name=\"description\" content=\"La mayor\u00eda de mujeres experimentar\u00e1n la resequedad vaginal en alg\u00fan momento de la vida. Esta puede ser bastante inc\u00f3moda ya que puede causar otras molestias como comez\u00f3n, ardor, y dolor.\" \/>\n<meta name=\"robots\" content=\"index, follow, max-snippet:-1, max-image-preview:large, max-video-preview:-1\" \/>\n<link rel=\"canonical\" href=\"https:\/\/multi-gyn.com\/uy\/salud-vaginal\/molestias\/resequedad-vaginal-causas-y-tratamiento\/\" \/>\n<meta property=\"og:locale\" content=\"es_ES\" \/>\n<meta property=\"og:type\" content=\"article\" \/>\n<meta property=\"og:title\" content=\"Resequedad vaginal: causas y tratamiento - Multi-Gyn\" \/>\n<meta property=\"og:description\" content=\"La mayor\u00eda de mujeres experimentar\u00e1n la resequedad vaginal en alg\u00fan momento de la vida. Esta puede ser bastante inc\u00f3moda ya que puede causar otras molestias como comez\u00f3n, ardor, y dolor.\" \/>\n<meta property=\"og:url\" content=\"https:\/\/multi-gyn.com\/uy\/salud-vaginal\/molestias\/resequedad-vaginal-causas-y-tratamiento\/\" \/>\n<meta property=\"og:site_name\" content=\"Multi-Gyn\" \/>\n<meta property=\"article:modified_time\" content=\"2023-05-15T12:29:32+00:00\" \/>\n<meta name=\"twitter:card\" content=\"summary_large_image\" \/>\n<meta name=\"twitter:label1\" content=\"Est. reading time\" \/>\n\t<meta name=\"twitter:data1\" content=\"2 minutos\" \/>\n<script type=\"application\/ld+json\" class=\"yoast-schema-graph\">{\"@context\":\"https:\/\/schema.org\",\"@graph\":[{\"@type\":\"WebPage\",\"@id\":\"https:\/\/multi-gyn.com\/uy\/salud-vaginal\/molestias\/resequedad-vaginal-causas-y-tratamiento\/\",\"url\":\"https:\/\/multi-gyn.com\/uy\/salud-vaginal\/molestias\/resequedad-vaginal-causas-y-tratamiento\/\",\"name\":\"Resequedad vaginal: causas y tratamiento - Multi-Gyn\",\"isPartOf\":{\"@id\":\"https:\/\/multi-gyn.com\/uy\/#website\"},\"datePublished\":\"2023-05-11T09:12:04+00:00\",\"dateModified\":\"2023-05-15T12:29:32+00:00\",\"description\":\"La mayor\u00eda de mujeres experimentar\u00e1n la resequedad vaginal en alg\u00fan momento de la vida. Esta puede ser bastante inc\u00f3moda ya que puede causar otras molestias como comez\u00f3n, ardor, y dolor.\",\"breadcrumb\":{\"@id\":\"https:\/\/multi-gyn.com\/uy\/salud-vaginal\/molestias\/resequedad-vaginal-causas-y-tratamiento\/#breadcrumb\"},\"inLanguage\":\"es-UY\",\"potentialAction\":[{\"@type\":\"ReadAction\",\"target\":[\"https:\/\/multi-gyn.com\/uy\/salud-vaginal\/molestias\/resequedad-vaginal-causas-y-tratamiento\/\"]}]},{\"@type\":\"BreadcrumbList\",\"@id\":\"https:\/\/multi-gyn.com\/uy\/salud-vaginal\/molestias\/resequedad-vaginal-causas-y-tratamiento\/#breadcrumb\",\"itemListElement\":[{\"@type\":\"ListItem\",\"position\":1,\"name\":\"Home\",\"item\":\"https:\/\/multi-gyn.com\/uy\/\"},{\"@type\":\"ListItem\",\"position\":2,\"name\":\"Salud vaginal\",\"item\":\"https:\/\/multi-gyn.com\/uy\/salud-vaginal\/\"},{\"@type\":\"ListItem\",\"position\":3,\"name\":\"Molestias\",\"item\":\"https:\/\/multi-gyn.com\/uy\/salud-vaginal\/molestias\/\"},{\"@type\":\"ListItem\",\"position\":4,\"name\":\"Resequedad vaginal: causas y tratamiento\"}]},{\"@type\":\"WebSite\",\"@id\":\"https:\/\/multi-gyn.com\/uy\/#website\",\"url\":\"https:\/\/multi-gyn.com\/uy\/\",\"name\":\"Multi-Gyn\",\"description\":\"\",\"publisher\":{\"@id\":\"https:\/\/multi-gyn.com\/uy\/#organization\"},\"potentialAction\":[{\"@type\":\"SearchAction\",\"target\":{\"@type\":\"EntryPoint\",\"urlTemplate\":\"https:\/\/multi-gyn.com\/uy\/?s={search_term_string}\"},\"query-input\":{\"@type\":\"PropertyValueSpecification\",\"valueRequired\":true,\"valueName\":\"search_term_string\"}}],\"inLanguage\":\"es-UY\"},{\"@type\":\"Organization\",\"@id\":\"https:\/\/multi-gyn.com\/uy\/#organization\",\"name\":\"Multi-Gyn\",\"url\":\"https:\/\/multi-gyn.com\/uy\/\",\"logo\":{\"@type\":\"ImageObject\",\"inLanguage\":\"es-UY\",\"@id\":\"https:\/\/multi-gyn.com\/uy\/#\/schema\/logo\/image\/\",\"url\":\"https:\/\/multi-gyn.com\/app\/uploads\/sites\/47\/2023\/05\/multi-gyn-logo.png\",\"contentUrl\":\"https:\/\/multi-gyn.com\/app\/uploads\/sites\/47\/2023\/05\/multi-gyn-logo.png\",\"width\":149,\"height\":32,\"caption\":\"Multi-Gyn\"},\"image\":{\"@id\":\"https:\/\/multi-gyn.com\/uy\/#\/schema\/logo\/image\/\"}}]}<\/script>\n<!-- \/ Yoast SEO plugin. -->","yoast_head_json":{"title":"Resequedad vaginal: causas y tratamiento - Multi-Gyn","description":"La mayor\u00eda de mujeres experimentar\u00e1n la resequedad vaginal en alg\u00fan momento de la vida. Esta puede ser bastante inc\u00f3moda ya que puede causar otras molestias como comez\u00f3n, ardor, y dolor.","robots":{"index":"index","follow":"follow","max-snippet":"max-snippet:-1","max-image-preview":"max-image-preview:large","max-video-preview":"max-video-preview:-1"},"canonical":"https:\/\/multi-gyn.com\/uy\/salud-vaginal\/molestias\/resequedad-vaginal-causas-y-tratamiento\/","og_locale":"es_ES","og_type":"article","og_title":"Resequedad vaginal: causas y tratamiento - Multi-Gyn","og_description":"La mayor\u00eda de mujeres experimentar\u00e1n la resequedad vaginal en alg\u00fan momento de la vida. Esta puede ser bastante inc\u00f3moda ya que puede causar otras molestias como comez\u00f3n, ardor, y dolor.","og_url":"https:\/\/multi-gyn.com\/uy\/salud-vaginal\/molestias\/resequedad-vaginal-causas-y-tratamiento\/","og_site_name":"Multi-Gyn","article_modified_time":"2023-05-15T12:29:32+00:00","twitter_card":"summary_large_image","twitter_misc":{"Est. reading time":"2 minutos"},"schema":{"@context":"https:\/\/schema.org","@graph":[{"@type":"WebPage","@id":"https:\/\/multi-gyn.com\/uy\/salud-vaginal\/molestias\/resequedad-vaginal-causas-y-tratamiento\/","url":"https:\/\/multi-gyn.com\/uy\/salud-vaginal\/molestias\/resequedad-vaginal-causas-y-tratamiento\/","name":"Resequedad vaginal: causas y tratamiento - Multi-Gyn","isPartOf":{"@id":"https:\/\/multi-gyn.com\/uy\/#website"},"datePublished":"2023-05-11T09:12:04+00:00","dateModified":"2023-05-15T12:29:32+00:00","description":"La mayor\u00eda de mujeres experimentar\u00e1n la resequedad vaginal en alg\u00fan momento de la vida. Esta puede ser bastante inc\u00f3moda ya que puede causar otras molestias como comez\u00f3n, ardor, y dolor.","breadcrumb":{"@id":"https:\/\/multi-gyn.com\/uy\/salud-vaginal\/molestias\/resequedad-vaginal-causas-y-tratamiento\/#breadcrumb"},"inLanguage":"es-UY","potentialAction":[{"@type":"ReadAction","target":["https:\/\/multi-gyn.com\/uy\/salud-vaginal\/molestias\/resequedad-vaginal-causas-y-tratamiento\/"]}]},{"@type":"BreadcrumbList","@id":"https:\/\/multi-gyn.com\/uy\/salud-vaginal\/molestias\/resequedad-vaginal-causas-y-tratamiento\/#breadcrumb","itemListElement":[{"@type":"ListItem","position":1,"name":"Home","item":"https:\/\/multi-gyn.com\/uy\/"},{"@type":"ListItem","position":2,"name":"Salud vaginal","item":"https:\/\/multi-gyn.com\/uy\/salud-vaginal\/"},{"@type":"ListItem","position":3,"name":"Molestias","item":"https:\/\/multi-gyn.com\/uy\/salud-vaginal\/molestias\/"},{"@type":"ListItem","position":4,"name":"Resequedad vaginal: causas y tratamiento"}]},{"@type":"WebSite","@id":"https:\/\/multi-gyn.com\/uy\/#website","url":"https:\/\/multi-gyn.com\/uy\/","name":"Multi-Gyn","description":"","publisher":{"@id":"https:\/\/multi-gyn.com\/uy\/#organization"},"potentialAction":[{"@type":"SearchAction","target":{"@type":"EntryPoint","urlTemplate":"https:\/\/multi-gyn.com\/uy\/?s={search_term_string}"},"query-input":{"@type":"PropertyValueSpecification","valueRequired":true,"valueName":"search_term_string"}}],"inLanguage":"es-UY"},{"@type":"Organization","@id":"https:\/\/multi-gyn.com\/uy\/#organization","name":"Multi-Gyn","url":"https:\/\/multi-gyn.com\/uy\/","logo":{"@type":"ImageObject","inLanguage":"es-UY","@id":"https:\/\/multi-gyn.com\/uy\/#\/schema\/logo\/image\/","url":"https:\/\/multi-gyn.com\/app\/uploads\/sites\/47\/2023\/05\/multi-gyn-logo.png","contentUrl":"https:\/\/multi-gyn.com\/app\/uploads\/sites\/47\/2023\/05\/multi-gyn-logo.png","width":149,"height":32,"caption":"Multi-Gyn"},"image":{"@id":"https:\/\/multi-gyn.com\/uy\/#\/schema\/logo\/image\/"}}]}},"_links":{"self":[{"href":"https:\/\/multi-gyn.com\/uy\/wp-json\/wp\/v2\/pages\/251","targetHints":{"allow":["GET"]}}],"collection":[{"href":"https:\/\/multi-gyn.com\/uy\/wp-json\/wp\/v2\/pages"}],"about":[{"href":"https:\/\/multi-gyn.com\/uy\/wp-json\/wp\/v2\/types\/page"}],"author":[{"embeddable":true,"href":"https:\/\/multi-gyn.com\/uy\/wp-json\/wp\/v2\/users\/2"}],"replies":[{"embeddable":true,"href":"https:\/\/multi-gyn.com\/uy\/wp-json\/wp\/v2\/comments?post=251"}],"version-history":[{"count":2,"href":"https:\/\/multi-gyn.com\/uy\/wp-json\/wp\/v2\/pages\/251\/revisions"}],"predecessor-version":[{"id":449,"href":"https:\/\/multi-gyn.com\/uy\/wp-json\/wp\/v2\/pages\/251\/revisions\/449"}],"up":[{"embeddable":true,"href":"https:\/\/multi-gyn.com\/uy\/wp-json\/wp\/v2\/pages\/31"}],"wp:attachment":[{"href":"https:\/\/multi-gyn.com\/uy\/wp-json\/wp\/v2\/media?parent=251"}],"wp:term":[{"taxonomy":"from-article-database","embeddable":true,"href":"https:\/\/multi-gyn.com\/uy\/wp-json\/wp\/v2\/from-article-database?post=251"}],"curies":[{"name":"wp","href":"https:\/\/api.w.org\/{rel}","templated":true}]}}