{"id":253,"date":"2023-05-11T06:12:23","date_gmt":"2023-05-11T09:12:23","guid":{"rendered":"https:\/\/multi-gyn.com\/uy\/?page_id=253"},"modified":"2023-05-15T10:04:39","modified_gmt":"2023-05-15T13:04:39","slug":"mal-olor-vaginal-que-causa-ese-fuerte-olor","status":"publish","type":"page","link":"https:\/\/multi-gyn.com\/uy\/salud-vaginal\/molestias\/mal-olor-vaginal-que-causa-ese-fuerte-olor\/","title":{"rendered":"Mal olor vaginal: \u00bfQu\u00e9 causa ese fuerte olor?"},"content":{"rendered":"\n<div class=\"wp-block-karopharma-free-text pt-large pb-large bg-center bg-cover bg-no-repeat  is-style-primary\" style=\"background-image:url()\"><div class=\"free-text-wrapper container max-w-medium text-left\">\n<h1 class=\"is-style-heading-h1 wp-block-heading\">Mal olor vaginal: \u00bfQu\u00e9 causa ese fuerte olor?<\/h1>\n\n\n\n<p class=\"is-style-paragraph-preamble\">Cada mujer tiene su propia aroma corporal. Lo mismo aplica para la vagina. Es completamente normal tener alg\u00fan tipo de olor \u00edntimo. Si este olor se vuelve desagradable esto puede ser un indicador de infecci\u00f3n vaginal. Pero, \u00bfC\u00f3mo saber si su olor vaginal es anormal?<\/p>\n<\/div><\/div>\n\n\n\n<div class=\"wp-block-karopharma-free-text pt-large pb-large bg-center bg-cover bg-no-repeat  is-style-transparent\" style=\"background-image:url()\"><div class=\"free-text-wrapper container max-w-medium text-left\">\n<p>Empezamos con lo que es considerado normal.<\/p>\n\n\n\n<h2 class=\"is-style-heading-h2 wp-block-heading\">Olor vaginal normal<\/h2>\n\n\n\n<p>Cada mujer es \u00fanica y su olor vaginal lo es tambi\u00e9n. Sin embargo, la mayor\u00eda de mujeres notar\u00e1n un aroma levemente \u00e1cido. Esto es debido a la presencia de \u00e1cido l\u00e1ctico en la vagina.<\/p>\n\n\n\n<p>Cuando los niveles hormonales cambian, el olor vaginal puede cambiar tambi\u00e9n. El olor tiende a ser m\u00e1s intenso durante la ovulaci\u00f3n que cualquier otro d\u00eda. Muchas mujeres tambi\u00e9n notan cambios en el olor despu\u00e9s de las relaciones sexuales. Esto es porque el semen aumenta el nivel del pH de la vagina temporalmente.<\/p>\n\n\n\n<p>El olor vaginal normal es algo de lo que no se debe estar avergonzada, pero puede hacerle sentir inc\u00f3moda. Hasta puede llegar a sentirse insegura al preguntarse si otras personas tambi\u00e9n lo notar\u00edan. (si lo piensa, \u00bfAlguna vez ha notado el olor vaginal en una mujer?)<\/p>\n\n\n\n<p>Si el olor empieza a intensificarse esto podr\u00eda ser un indicador de vaginosis bacteriana.<\/p>\n\n\n\n<p class=\"is-style-paragraph-preamble has-primary-color has-text-color\"><em>\u00abUna de las causas m\u00e1s comunes del olor vaginal es la vaginosis bacteriana, tambi\u00e9n conocida como VB. Un fuerte olor como a pescado es uno de los principales s\u00edntomas de esta infecci\u00f3n vaginal.\u00bb<\/em><\/p>\n\n\n\n<h2 class=\"is-style-heading-h2 wp-block-heading\">\u00bfPuede un mal olor vaginal ser un indicador de una enfermedad?<\/h2>\n\n\n\n<p>Una de las causas m\u00e1s comunes del olor vaginal es la vaginosis bacteriana, tambi\u00e9n conocida como VB. Un fuerte olor como a pescado es uno de los principales s\u00edntomas de esta infecci\u00f3n vaginal, que es causada por un sobrecrecimiento de bacterias perjudiciales\/no deseadas en la vagina. Otro s\u00edntoma de la vaginosis bacteriana es una secreci\u00f3n acuosa blanco-gris\u00e1cea.<\/p>\n\n\n\n<p>Usualmente esta infecci\u00f3n es inofensiva y los s\u00edntomas desaparecen espont\u00e1neamente, aunque puede tomar tiempo. El tratamiento para la VB es usualmente antibi\u00f3tico, prescrito por un doctor. Es un tratamiento efectivo para la vaginosis bacteriana pero desafortunadamente puede causar efectos secundarios molestos, como n\u00e1useas y v\u00f3mito, as\u00ed como resistencia futura.<\/p>\n\n\n\n<p>Como alternativa, hay productos de cuidado personal que se pueden comprar sin prescripci\u00f3n para tratar la vaginosis bacteriana. Escoger productos con ingredientes naturales puede tratar la infecci\u00f3n y a la vez restaurar la flora vaginal natural.<\/p>\n\n\n\n<p>Hay otras causas m\u00e1s serias que el olor vaginal desagradable. Si usted nota un olor diferente al caracter\u00edstico olor a pescado de la VB, se recomienda consultar un doctor.<\/p>\n<\/div><\/div>\n","protected":false},"excerpt":{"rendered":"","protected":false},"author":2,"featured_media":0,"parent":31,"menu_order":17,"comment_status":"closed","ping_status":"closed","template":"","meta":{"_acf_changed":false,"footnotes":""},"from-article-database":[],"class_list":["post-253","page","type-page","status-publish","hentry"],"acf":[],"yoast_head":"<!-- This site is optimized with the Yoast SEO plugin v26.6 - https:\/\/yoast.com\/wordpress\/plugins\/seo\/ -->\n<title>Mal olor vaginal: \u00bfQu\u00e9 causa ese fuerte olor? - Multi-Gyn<\/title>\n<meta name=\"description\" content=\"Cada mujer tiene su propia aroma corporal. Lo mismo aplica para la vagina. Es completamente normal tener alg\u00fan tipo de olor \u00edntimo.\" \/>\n<meta name=\"robots\" content=\"index, follow, max-snippet:-1, max-image-preview:large, max-video-preview:-1\" \/>\n<link rel=\"canonical\" href=\"https:\/\/multi-gyn.com\/uy\/salud-vaginal\/molestias\/mal-olor-vaginal-que-causa-ese-fuerte-olor\/\" \/>\n<meta property=\"og:locale\" content=\"es_ES\" \/>\n<meta property=\"og:type\" content=\"article\" \/>\n<meta property=\"og:title\" content=\"Mal olor vaginal: \u00bfQu\u00e9 causa ese fuerte olor? - Multi-Gyn\" \/>\n<meta property=\"og:description\" content=\"Cada mujer tiene su propia aroma corporal. Lo mismo aplica para la vagina. Es completamente normal tener alg\u00fan tipo de olor \u00edntimo.\" \/>\n<meta property=\"og:url\" content=\"https:\/\/multi-gyn.com\/uy\/salud-vaginal\/molestias\/mal-olor-vaginal-que-causa-ese-fuerte-olor\/\" \/>\n<meta property=\"og:site_name\" content=\"Multi-Gyn\" \/>\n<meta property=\"article:modified_time\" content=\"2023-05-15T13:04:39+00:00\" \/>\n<meta name=\"twitter:card\" content=\"summary_large_image\" \/>\n<meta name=\"twitter:label1\" content=\"Est. reading time\" \/>\n\t<meta name=\"twitter:data1\" content=\"2 minutos\" \/>\n<script type=\"application\/ld+json\" class=\"yoast-schema-graph\">{\"@context\":\"https:\/\/schema.org\",\"@graph\":[{\"@type\":\"WebPage\",\"@id\":\"https:\/\/multi-gyn.com\/uy\/salud-vaginal\/molestias\/mal-olor-vaginal-que-causa-ese-fuerte-olor\/\",\"url\":\"https:\/\/multi-gyn.com\/uy\/salud-vaginal\/molestias\/mal-olor-vaginal-que-causa-ese-fuerte-olor\/\",\"name\":\"Mal olor vaginal: \u00bfQu\u00e9 causa ese fuerte olor? - Multi-Gyn\",\"isPartOf\":{\"@id\":\"https:\/\/multi-gyn.com\/uy\/#website\"},\"datePublished\":\"2023-05-11T09:12:23+00:00\",\"dateModified\":\"2023-05-15T13:04:39+00:00\",\"description\":\"Cada mujer tiene su propia aroma corporal. Lo mismo aplica para la vagina. Es completamente normal tener alg\u00fan tipo de olor \u00edntimo.\",\"breadcrumb\":{\"@id\":\"https:\/\/multi-gyn.com\/uy\/salud-vaginal\/molestias\/mal-olor-vaginal-que-causa-ese-fuerte-olor\/#breadcrumb\"},\"inLanguage\":\"es-UY\",\"potentialAction\":[{\"@type\":\"ReadAction\",\"target\":[\"https:\/\/multi-gyn.com\/uy\/salud-vaginal\/molestias\/mal-olor-vaginal-que-causa-ese-fuerte-olor\/\"]}]},{\"@type\":\"BreadcrumbList\",\"@id\":\"https:\/\/multi-gyn.com\/uy\/salud-vaginal\/molestias\/mal-olor-vaginal-que-causa-ese-fuerte-olor\/#breadcrumb\",\"itemListElement\":[{\"@type\":\"ListItem\",\"position\":1,\"name\":\"Home\",\"item\":\"https:\/\/multi-gyn.com\/uy\/\"},{\"@type\":\"ListItem\",\"position\":2,\"name\":\"Salud vaginal\",\"item\":\"https:\/\/multi-gyn.com\/uy\/salud-vaginal\/\"},{\"@type\":\"ListItem\",\"position\":3,\"name\":\"Molestias\",\"item\":\"https:\/\/multi-gyn.com\/uy\/salud-vaginal\/molestias\/\"},{\"@type\":\"ListItem\",\"position\":4,\"name\":\"Mal olor vaginal: \u00bfQu\u00e9 causa ese fuerte olor?\"}]},{\"@type\":\"WebSite\",\"@id\":\"https:\/\/multi-gyn.com\/uy\/#website\",\"url\":\"https:\/\/multi-gyn.com\/uy\/\",\"name\":\"Multi-Gyn\",\"description\":\"\",\"publisher\":{\"@id\":\"https:\/\/multi-gyn.com\/uy\/#organization\"},\"potentialAction\":[{\"@type\":\"SearchAction\",\"target\":{\"@type\":\"EntryPoint\",\"urlTemplate\":\"https:\/\/multi-gyn.com\/uy\/?s={search_term_string}\"},\"query-input\":{\"@type\":\"PropertyValueSpecification\",\"valueRequired\":true,\"valueName\":\"search_term_string\"}}],\"inLanguage\":\"es-UY\"},{\"@type\":\"Organization\",\"@id\":\"https:\/\/multi-gyn.com\/uy\/#organization\",\"name\":\"Multi-Gyn\",\"url\":\"https:\/\/multi-gyn.com\/uy\/\",\"logo\":{\"@type\":\"ImageObject\",\"inLanguage\":\"es-UY\",\"@id\":\"https:\/\/multi-gyn.com\/uy\/#\/schema\/logo\/image\/\",\"url\":\"https:\/\/multi-gyn.com\/app\/uploads\/sites\/47\/2023\/05\/multi-gyn-logo.png\",\"contentUrl\":\"https:\/\/multi-gyn.com\/app\/uploads\/sites\/47\/2023\/05\/multi-gyn-logo.png\",\"width\":149,\"height\":32,\"caption\":\"Multi-Gyn\"},\"image\":{\"@id\":\"https:\/\/multi-gyn.com\/uy\/#\/schema\/logo\/image\/\"}}]}<\/script>\n<!-- \/ Yoast SEO plugin. -->","yoast_head_json":{"title":"Mal olor vaginal: \u00bfQu\u00e9 causa ese fuerte olor? - Multi-Gyn","description":"Cada mujer tiene su propia aroma corporal. Lo mismo aplica para la vagina. Es completamente normal tener alg\u00fan tipo de olor \u00edntimo.","robots":{"index":"index","follow":"follow","max-snippet":"max-snippet:-1","max-image-preview":"max-image-preview:large","max-video-preview":"max-video-preview:-1"},"canonical":"https:\/\/multi-gyn.com\/uy\/salud-vaginal\/molestias\/mal-olor-vaginal-que-causa-ese-fuerte-olor\/","og_locale":"es_ES","og_type":"article","og_title":"Mal olor vaginal: \u00bfQu\u00e9 causa ese fuerte olor? - Multi-Gyn","og_description":"Cada mujer tiene su propia aroma corporal. Lo mismo aplica para la vagina. Es completamente normal tener alg\u00fan tipo de olor \u00edntimo.","og_url":"https:\/\/multi-gyn.com\/uy\/salud-vaginal\/molestias\/mal-olor-vaginal-que-causa-ese-fuerte-olor\/","og_site_name":"Multi-Gyn","article_modified_time":"2023-05-15T13:04:39+00:00","twitter_card":"summary_large_image","twitter_misc":{"Est. reading time":"2 minutos"},"schema":{"@context":"https:\/\/schema.org","@graph":[{"@type":"WebPage","@id":"https:\/\/multi-gyn.com\/uy\/salud-vaginal\/molestias\/mal-olor-vaginal-que-causa-ese-fuerte-olor\/","url":"https:\/\/multi-gyn.com\/uy\/salud-vaginal\/molestias\/mal-olor-vaginal-que-causa-ese-fuerte-olor\/","name":"Mal olor vaginal: \u00bfQu\u00e9 causa ese fuerte olor? - Multi-Gyn","isPartOf":{"@id":"https:\/\/multi-gyn.com\/uy\/#website"},"datePublished":"2023-05-11T09:12:23+00:00","dateModified":"2023-05-15T13:04:39+00:00","description":"Cada mujer tiene su propia aroma corporal. Lo mismo aplica para la vagina. Es completamente normal tener alg\u00fan tipo de olor \u00edntimo.","breadcrumb":{"@id":"https:\/\/multi-gyn.com\/uy\/salud-vaginal\/molestias\/mal-olor-vaginal-que-causa-ese-fuerte-olor\/#breadcrumb"},"inLanguage":"es-UY","potentialAction":[{"@type":"ReadAction","target":["https:\/\/multi-gyn.com\/uy\/salud-vaginal\/molestias\/mal-olor-vaginal-que-causa-ese-fuerte-olor\/"]}]},{"@type":"BreadcrumbList","@id":"https:\/\/multi-gyn.com\/uy\/salud-vaginal\/molestias\/mal-olor-vaginal-que-causa-ese-fuerte-olor\/#breadcrumb","itemListElement":[{"@type":"ListItem","position":1,"name":"Home","item":"https:\/\/multi-gyn.com\/uy\/"},{"@type":"ListItem","position":2,"name":"Salud vaginal","item":"https:\/\/multi-gyn.com\/uy\/salud-vaginal\/"},{"@type":"ListItem","position":3,"name":"Molestias","item":"https:\/\/multi-gyn.com\/uy\/salud-vaginal\/molestias\/"},{"@type":"ListItem","position":4,"name":"Mal olor vaginal: \u00bfQu\u00e9 causa ese fuerte olor?"}]},{"@type":"WebSite","@id":"https:\/\/multi-gyn.com\/uy\/#website","url":"https:\/\/multi-gyn.com\/uy\/","name":"Multi-Gyn","description":"","publisher":{"@id":"https:\/\/multi-gyn.com\/uy\/#organization"},"potentialAction":[{"@type":"SearchAction","target":{"@type":"EntryPoint","urlTemplate":"https:\/\/multi-gyn.com\/uy\/?s={search_term_string}"},"query-input":{"@type":"PropertyValueSpecification","valueRequired":true,"valueName":"search_term_string"}}],"inLanguage":"es-UY"},{"@type":"Organization","@id":"https:\/\/multi-gyn.com\/uy\/#organization","name":"Multi-Gyn","url":"https:\/\/multi-gyn.com\/uy\/","logo":{"@type":"ImageObject","inLanguage":"es-UY","@id":"https:\/\/multi-gyn.com\/uy\/#\/schema\/logo\/image\/","url":"https:\/\/multi-gyn.com\/app\/uploads\/sites\/47\/2023\/05\/multi-gyn-logo.png","contentUrl":"https:\/\/multi-gyn.com\/app\/uploads\/sites\/47\/2023\/05\/multi-gyn-logo.png","width":149,"height":32,"caption":"Multi-Gyn"},"image":{"@id":"https:\/\/multi-gyn.com\/uy\/#\/schema\/logo\/image\/"}}]}},"_links":{"self":[{"href":"https:\/\/multi-gyn.com\/uy\/wp-json\/wp\/v2\/pages\/253","targetHints":{"allow":["GET"]}}],"collection":[{"href":"https:\/\/multi-gyn.com\/uy\/wp-json\/wp\/v2\/pages"}],"about":[{"href":"https:\/\/multi-gyn.com\/uy\/wp-json\/wp\/v2\/types\/page"}],"author":[{"embeddable":true,"href":"https:\/\/multi-gyn.com\/uy\/wp-json\/wp\/v2\/users\/2"}],"replies":[{"embeddable":true,"href":"https:\/\/multi-gyn.com\/uy\/wp-json\/wp\/v2\/comments?post=253"}],"version-history":[{"count":2,"href":"https:\/\/multi-gyn.com\/uy\/wp-json\/wp\/v2\/pages\/253\/revisions"}],"predecessor-version":[{"id":451,"href":"https:\/\/multi-gyn.com\/uy\/wp-json\/wp\/v2\/pages\/253\/revisions\/451"}],"up":[{"embeddable":true,"href":"https:\/\/multi-gyn.com\/uy\/wp-json\/wp\/v2\/pages\/31"}],"wp:attachment":[{"href":"https:\/\/multi-gyn.com\/uy\/wp-json\/wp\/v2\/media?parent=253"}],"wp:term":[{"taxonomy":"from-article-database","embeddable":true,"href":"https:\/\/multi-gyn.com\/uy\/wp-json\/wp\/v2\/from-article-database?post=253"}],"curies":[{"name":"wp","href":"https:\/\/api.w.org\/{rel}","templated":true}]}}