{"id":294,"date":"2023-05-11T09:21:32","date_gmt":"2023-05-11T12:21:32","guid":{"rendered":"https:\/\/multi-gyn.com\/uy\/?page_id=294"},"modified":"2023-05-12T06:47:10","modified_gmt":"2023-05-12T09:47:10","slug":"como-prevenir-la-vaginosis-bacteriana","status":"publish","type":"page","link":"https:\/\/multi-gyn.com\/uy\/salud-vaginal\/prevencion\/como-prevenir-la-vaginosis-bacteriana\/","title":{"rendered":"C\u00f3mo prevenir la vaginosis bacteriana"},"content":{"rendered":"\n<div class=\"wp-block-karopharma-free-text pt-large pb-large bg-center bg-cover bg-no-repeat  is-style-primary\" style=\"background-image:url()\"><div class=\"free-text-wrapper container max-w-medium text-left\">\n<h1 class=\"is-style-heading-h1 wp-block-heading\">C\u00f3mo prevenir la vaginosis bacteriana<\/h1>\n\n\n\n<p class=\"is-style-paragraph-preamble\">La vaginosis bacteriana o VB es un desequilibrio de la flora vaginal. Esta es una de las infecciones m\u00e1s comunes entre las mujeres. Hay una creencia generalizada de que la vaginosis bacteriana es una ETS, sin embargo este no es el caso. La VB se presenta en mujeres que no est\u00e1n teniendo relaciones sexuales o que han estado con la misma pareja por a\u00f1os. As\u00ed mismo, la vaginosis bacteriana no puede ser transmitida entre personas.<\/p>\n<\/div><\/div>\n\n\n\n<div class=\"wp-block-karopharma-free-text pt-large pb-large bg-center bg-cover bg-no-repeat  is-style-transparent\" style=\"background-image:url()\"><div class=\"free-text-wrapper container max-w-medium text-left\">\n<p>La vaginosis bacteriana es una consecuencia de una bacteria perjudicial. En una vagina sana, estas bacterias perjudiciales se mantienen controladas por el bajo pH vaginal creado por el \u00e1cido l\u00e1ctico producido por la flora lactobacilar beneficiosa. Sin embargo, el pH vaginal puede aumentar (la acidez se reduce), por ejemplo por la reducci\u00f3n en el n\u00famero de lactobacilos debido a tratamientos antibi\u00f3ticos, o por la neutralizaci\u00f3n del pH bajo por el esperma alcalino. En esta situaci\u00f3n, las bacterias perjudiciales pueden aprovechar para crecer y causar problemas vaginales.<\/p>\n\n\n\n<p>Los s\u00edntomas m\u00e1s comunes de la VB incluyen cambios en la secreci\u00f3n (generalmente la secreci\u00f3n es blanco o gris, espumoso), cambios en el olor (usualmente como a pescado), ardor durante la micci\u00f3n, comez\u00f3n e irritaci\u00f3n en la zona vaginal. Algunos de estos s\u00edntomas se parecen a las se\u00f1ales de candidiasis, por eso es muy importante tener un diagn\u00f3stico correcto antes de empezar la terapia adecuada.<\/p>\n\n\n\n<p>Hay muchos factores que pueden alterar el delicado equilibrio que existe dentro de la vagina-algunos de ellos incluyen da\u00f1o a los tejidos causado por dar a luz; problemas de salud, estr\u00e9s, ciertos medicamentos, ropa ajustada o ropa interior sint\u00e9tica; higiene inapropiada; irritantes presentes en lociones, jabones l\u00edquidos y otros productos cosm\u00e9ticos; fricci\u00f3n causada por la penetraci\u00f3n si la mujer no est\u00e1 suficientemente excitada durante las relaciones sexuales; cambios hormonales, etc.<\/p>\n\n\n\n<p>Sin embargo hay medidas que puede tomar que ayudan a prevenir la vaginosis bacteriana.<\/p>\n\n\n\n<p class=\"is-style-paragraph-preamble has-primary-color has-text-color\"><em>\u00abEs muy importante que usted pueda reconocer los s\u00edntomas de la vaginosis bacteriana y que sepa cu\u00e1ndo es el momento apropiado para buscar ayuda profesional\u00bb<\/em><\/p>\n\n\n\n<h2 class=\"is-style-heading-h2 wp-block-heading\">\u00bfQu\u00e9 puede hacer para reducir el riesgo de vaginosis bacteriana?<\/h2>\n\n\n\n<ul class=\"is-style-default wp-block-list\"><li><strong>Ed\u00faquese a s\u00ed mismo<\/strong> \u2013 \u00a1y este art\u00edculo es el primer paso en la direcci\u00f3n correcta! Es muy importante que usted pueda reconocer los s\u00edntomas de la vaginosis bacteriana y que sepa cu\u00e1ndo es el momento apropiado para buscar ayuda profesional.<\/li><li><strong>Practique sexo seguro<\/strong> \u2013 limite el n\u00famero de parejas sexuales y siempre use protecci\u00f3n adecuada cuando tenga sexo.<\/li><li><strong>Evite la irritaci\u00f3n en la zona vaginal<\/strong> \u2013 esto quiere decir evitar jacuzzis y piscinas de hidromasaje, usar un enjuague \u00edntimo natural que no contenga jab\u00f3n o qu\u00edmicos fuertes, y toallas higi\u00e9nicas, protectores \u00edntimos y tampones sin aroma. Recuerde secar bien la zona \u00edntima despu\u00e9s de ba\u00f1arse sec\u00e1ndola suavemente con una toalla suave y limpia.<\/li><li><strong>Escoja ropa interior de algod\u00f3n<\/strong> en lugar de materiales sint\u00e9ticos como el cuero que no dejan \u201crespirar\u201d a la piel. Esto hace que la temperatura y humedad aumenten, creando el ambiente perfecto para que las bacterias se desarrollen y avancen. Cuando le sea posible duerma sin ropa interior.<\/li><\/ul>\n\n\n\n<p>Algunos cient\u00edficos afirman que el modo ideal para prevenir que la vaginosis bacteriana se vuelva a presentar es estimular la flora lactobacilar protectora. Esta restauraci\u00f3n de la flora vaginal beneficiosa es importante ya que el tratamiento antibi\u00f3tico altera la flora lactobacilar, lo que causa un alto \u00edndice de recurrencia. La estimulaci\u00f3n de flora lactobacilar se puede lograr usando productos prebi\u00f3ticos que apoyen el lactobacilo natural. Tambi\u00e9n se puede considerar el uso de productos naturales que traten la VB pero que no afecten el lactobacilo.<\/p>\n<\/div><\/div>\n","protected":false},"excerpt":{"rendered":"","protected":false},"author":2,"featured_media":0,"parent":33,"menu_order":1,"comment_status":"closed","ping_status":"closed","template":"","meta":{"_acf_changed":false,"footnotes":""},"from-article-database":[],"class_list":["post-294","page","type-page","status-publish","hentry"],"acf":[],"yoast_head":"<!-- This site is optimized with the Yoast SEO plugin v26.6 - https:\/\/yoast.com\/wordpress\/plugins\/seo\/ -->\n<title>C\u00f3mo prevenir la vaginosis bacteriana - Multi-Gyn<\/title>\n<meta name=\"description\" content=\"La vaginosis bacteriana o VB es un desequilibrio de la flora vaginal. Esta es una de las infecciones m\u00e1s comunes entre las mujeres.\" \/>\n<meta name=\"robots\" content=\"index, follow, max-snippet:-1, max-image-preview:large, max-video-preview:-1\" \/>\n<link rel=\"canonical\" href=\"https:\/\/multi-gyn.com\/uy\/salud-vaginal\/prevencion\/como-prevenir-la-vaginosis-bacteriana\/\" \/>\n<meta property=\"og:locale\" content=\"es_ES\" \/>\n<meta property=\"og:type\" content=\"article\" \/>\n<meta property=\"og:title\" content=\"C\u00f3mo prevenir la vaginosis bacteriana - Multi-Gyn\" \/>\n<meta property=\"og:description\" content=\"La vaginosis bacteriana o VB es un desequilibrio de la flora vaginal. Esta es una de las infecciones m\u00e1s comunes entre las mujeres.\" \/>\n<meta property=\"og:url\" content=\"https:\/\/multi-gyn.com\/uy\/salud-vaginal\/prevencion\/como-prevenir-la-vaginosis-bacteriana\/\" \/>\n<meta property=\"og:site_name\" content=\"Multi-Gyn\" \/>\n<meta property=\"article:modified_time\" content=\"2023-05-12T09:47:10+00:00\" \/>\n<meta name=\"twitter:card\" content=\"summary_large_image\" \/>\n<meta name=\"twitter:label1\" content=\"Est. reading time\" \/>\n\t<meta name=\"twitter:data1\" content=\"3 minutos\" \/>\n<script type=\"application\/ld+json\" class=\"yoast-schema-graph\">{\"@context\":\"https:\/\/schema.org\",\"@graph\":[{\"@type\":\"WebPage\",\"@id\":\"https:\/\/multi-gyn.com\/uy\/salud-vaginal\/prevencion\/como-prevenir-la-vaginosis-bacteriana\/\",\"url\":\"https:\/\/multi-gyn.com\/uy\/salud-vaginal\/prevencion\/como-prevenir-la-vaginosis-bacteriana\/\",\"name\":\"C\u00f3mo prevenir la vaginosis bacteriana - Multi-Gyn\",\"isPartOf\":{\"@id\":\"https:\/\/multi-gyn.com\/uy\/#website\"},\"datePublished\":\"2023-05-11T12:21:32+00:00\",\"dateModified\":\"2023-05-12T09:47:10+00:00\",\"description\":\"La vaginosis bacteriana o VB es un desequilibrio de la flora vaginal. Esta es una de las infecciones m\u00e1s comunes entre las mujeres.\",\"breadcrumb\":{\"@id\":\"https:\/\/multi-gyn.com\/uy\/salud-vaginal\/prevencion\/como-prevenir-la-vaginosis-bacteriana\/#breadcrumb\"},\"inLanguage\":\"es-UY\",\"potentialAction\":[{\"@type\":\"ReadAction\",\"target\":[\"https:\/\/multi-gyn.com\/uy\/salud-vaginal\/prevencion\/como-prevenir-la-vaginosis-bacteriana\/\"]}]},{\"@type\":\"BreadcrumbList\",\"@id\":\"https:\/\/multi-gyn.com\/uy\/salud-vaginal\/prevencion\/como-prevenir-la-vaginosis-bacteriana\/#breadcrumb\",\"itemListElement\":[{\"@type\":\"ListItem\",\"position\":1,\"name\":\"Home\",\"item\":\"https:\/\/multi-gyn.com\/uy\/\"},{\"@type\":\"ListItem\",\"position\":2,\"name\":\"Salud vaginal\",\"item\":\"https:\/\/multi-gyn.com\/uy\/salud-vaginal\/\"},{\"@type\":\"ListItem\",\"position\":3,\"name\":\"Prevenci\u00f3n\",\"item\":\"https:\/\/multi-gyn.com\/uy\/salud-vaginal\/prevencion\/\"},{\"@type\":\"ListItem\",\"position\":4,\"name\":\"C\u00f3mo prevenir la vaginosis bacteriana\"}]},{\"@type\":\"WebSite\",\"@id\":\"https:\/\/multi-gyn.com\/uy\/#website\",\"url\":\"https:\/\/multi-gyn.com\/uy\/\",\"name\":\"Multi-Gyn\",\"description\":\"\",\"publisher\":{\"@id\":\"https:\/\/multi-gyn.com\/uy\/#organization\"},\"potentialAction\":[{\"@type\":\"SearchAction\",\"target\":{\"@type\":\"EntryPoint\",\"urlTemplate\":\"https:\/\/multi-gyn.com\/uy\/?s={search_term_string}\"},\"query-input\":{\"@type\":\"PropertyValueSpecification\",\"valueRequired\":true,\"valueName\":\"search_term_string\"}}],\"inLanguage\":\"es-UY\"},{\"@type\":\"Organization\",\"@id\":\"https:\/\/multi-gyn.com\/uy\/#organization\",\"name\":\"Multi-Gyn\",\"url\":\"https:\/\/multi-gyn.com\/uy\/\",\"logo\":{\"@type\":\"ImageObject\",\"inLanguage\":\"es-UY\",\"@id\":\"https:\/\/multi-gyn.com\/uy\/#\/schema\/logo\/image\/\",\"url\":\"https:\/\/multi-gyn.com\/app\/uploads\/sites\/47\/2023\/05\/multi-gyn-logo.png\",\"contentUrl\":\"https:\/\/multi-gyn.com\/app\/uploads\/sites\/47\/2023\/05\/multi-gyn-logo.png\",\"width\":149,\"height\":32,\"caption\":\"Multi-Gyn\"},\"image\":{\"@id\":\"https:\/\/multi-gyn.com\/uy\/#\/schema\/logo\/image\/\"}}]}<\/script>\n<!-- \/ Yoast SEO plugin. -->","yoast_head_json":{"title":"C\u00f3mo prevenir la vaginosis bacteriana - Multi-Gyn","description":"La vaginosis bacteriana o VB es un desequilibrio de la flora vaginal. Esta es una de las infecciones m\u00e1s comunes entre las mujeres.","robots":{"index":"index","follow":"follow","max-snippet":"max-snippet:-1","max-image-preview":"max-image-preview:large","max-video-preview":"max-video-preview:-1"},"canonical":"https:\/\/multi-gyn.com\/uy\/salud-vaginal\/prevencion\/como-prevenir-la-vaginosis-bacteriana\/","og_locale":"es_ES","og_type":"article","og_title":"C\u00f3mo prevenir la vaginosis bacteriana - Multi-Gyn","og_description":"La vaginosis bacteriana o VB es un desequilibrio de la flora vaginal. Esta es una de las infecciones m\u00e1s comunes entre las mujeres.","og_url":"https:\/\/multi-gyn.com\/uy\/salud-vaginal\/prevencion\/como-prevenir-la-vaginosis-bacteriana\/","og_site_name":"Multi-Gyn","article_modified_time":"2023-05-12T09:47:10+00:00","twitter_card":"summary_large_image","twitter_misc":{"Est. reading time":"3 minutos"},"schema":{"@context":"https:\/\/schema.org","@graph":[{"@type":"WebPage","@id":"https:\/\/multi-gyn.com\/uy\/salud-vaginal\/prevencion\/como-prevenir-la-vaginosis-bacteriana\/","url":"https:\/\/multi-gyn.com\/uy\/salud-vaginal\/prevencion\/como-prevenir-la-vaginosis-bacteriana\/","name":"C\u00f3mo prevenir la vaginosis bacteriana - Multi-Gyn","isPartOf":{"@id":"https:\/\/multi-gyn.com\/uy\/#website"},"datePublished":"2023-05-11T12:21:32+00:00","dateModified":"2023-05-12T09:47:10+00:00","description":"La vaginosis bacteriana o VB es un desequilibrio de la flora vaginal. Esta es una de las infecciones m\u00e1s comunes entre las mujeres.","breadcrumb":{"@id":"https:\/\/multi-gyn.com\/uy\/salud-vaginal\/prevencion\/como-prevenir-la-vaginosis-bacteriana\/#breadcrumb"},"inLanguage":"es-UY","potentialAction":[{"@type":"ReadAction","target":["https:\/\/multi-gyn.com\/uy\/salud-vaginal\/prevencion\/como-prevenir-la-vaginosis-bacteriana\/"]}]},{"@type":"BreadcrumbList","@id":"https:\/\/multi-gyn.com\/uy\/salud-vaginal\/prevencion\/como-prevenir-la-vaginosis-bacteriana\/#breadcrumb","itemListElement":[{"@type":"ListItem","position":1,"name":"Home","item":"https:\/\/multi-gyn.com\/uy\/"},{"@type":"ListItem","position":2,"name":"Salud vaginal","item":"https:\/\/multi-gyn.com\/uy\/salud-vaginal\/"},{"@type":"ListItem","position":3,"name":"Prevenci\u00f3n","item":"https:\/\/multi-gyn.com\/uy\/salud-vaginal\/prevencion\/"},{"@type":"ListItem","position":4,"name":"C\u00f3mo prevenir la vaginosis bacteriana"}]},{"@type":"WebSite","@id":"https:\/\/multi-gyn.com\/uy\/#website","url":"https:\/\/multi-gyn.com\/uy\/","name":"Multi-Gyn","description":"","publisher":{"@id":"https:\/\/multi-gyn.com\/uy\/#organization"},"potentialAction":[{"@type":"SearchAction","target":{"@type":"EntryPoint","urlTemplate":"https:\/\/multi-gyn.com\/uy\/?s={search_term_string}"},"query-input":{"@type":"PropertyValueSpecification","valueRequired":true,"valueName":"search_term_string"}}],"inLanguage":"es-UY"},{"@type":"Organization","@id":"https:\/\/multi-gyn.com\/uy\/#organization","name":"Multi-Gyn","url":"https:\/\/multi-gyn.com\/uy\/","logo":{"@type":"ImageObject","inLanguage":"es-UY","@id":"https:\/\/multi-gyn.com\/uy\/#\/schema\/logo\/image\/","url":"https:\/\/multi-gyn.com\/app\/uploads\/sites\/47\/2023\/05\/multi-gyn-logo.png","contentUrl":"https:\/\/multi-gyn.com\/app\/uploads\/sites\/47\/2023\/05\/multi-gyn-logo.png","width":149,"height":32,"caption":"Multi-Gyn"},"image":{"@id":"https:\/\/multi-gyn.com\/uy\/#\/schema\/logo\/image\/"}}]}},"_links":{"self":[{"href":"https:\/\/multi-gyn.com\/uy\/wp-json\/wp\/v2\/pages\/294","targetHints":{"allow":["GET"]}}],"collection":[{"href":"https:\/\/multi-gyn.com\/uy\/wp-json\/wp\/v2\/pages"}],"about":[{"href":"https:\/\/multi-gyn.com\/uy\/wp-json\/wp\/v2\/types\/page"}],"author":[{"embeddable":true,"href":"https:\/\/multi-gyn.com\/uy\/wp-json\/wp\/v2\/users\/2"}],"replies":[{"embeddable":true,"href":"https:\/\/multi-gyn.com\/uy\/wp-json\/wp\/v2\/comments?post=294"}],"version-history":[{"count":3,"href":"https:\/\/multi-gyn.com\/uy\/wp-json\/wp\/v2\/pages\/294\/revisions"}],"predecessor-version":[{"id":408,"href":"https:\/\/multi-gyn.com\/uy\/wp-json\/wp\/v2\/pages\/294\/revisions\/408"}],"up":[{"embeddable":true,"href":"https:\/\/multi-gyn.com\/uy\/wp-json\/wp\/v2\/pages\/33"}],"wp:attachment":[{"href":"https:\/\/multi-gyn.com\/uy\/wp-json\/wp\/v2\/media?parent=294"}],"wp:term":[{"taxonomy":"from-article-database","embeddable":true,"href":"https:\/\/multi-gyn.com\/uy\/wp-json\/wp\/v2\/from-article-database?post=294"}],"curies":[{"name":"wp","href":"https:\/\/api.w.org\/{rel}","templated":true}]}}