{"id":35,"date":"2023-05-10T10:53:36","date_gmt":"2023-05-10T13:53:36","guid":{"rendered":"https:\/\/multi-gyn.com\/uy\/?page_id=35"},"modified":"2025-10-10T05:39:44","modified_gmt":"2025-10-10T08:39:44","slug":"faq","status":"publish","type":"page","link":"https:\/\/multi-gyn.com\/uy\/faq\/","title":{"rendered":"FAQ"},"content":{"rendered":"\n<div class=\"wp-block-karopharma-free-text pt-large pb-large bg-center bg-cover bg-no-repeat\" style=\"background-image:url(https:\/\/multi-gyn.com\/cdn-cgi\/image\/format=auto\/app\/uploads\/sites\/47\/2025\/10\/Multi-Gyn_1920x750_Banner_FAQ.jpg)\"><div class=\"free-text-wrapper container max-w-medium text-center\">\n<div style=\"height:100px\" aria-hidden=\"true\" class=\"wp-block-spacer is-style-responsive-medium\"><\/div>\n\n\n\n<h1 class=\"wp-block-heading is-style-heading-huge has-white-color has-text-color\">Preguntas frecuentes<\/h1>\n\n\n\n<div style=\"height:100px\" aria-hidden=\"true\" class=\"wp-block-spacer is-style-responsive-medium\"><\/div>\n<\/div><\/div>\n\n\n\n<div class=\"wp-block-karopharma-accordions\"><div class=\"container\">\n<details class=\"wp-block-karopharma-accordion\"><summary><h2 class=\"accordion-title\">\u00bfQu\u00e9 es la vaginosis bacteriana?<\/h2><\/summary><div class=\"accordion-content\">\n<p>La vaginosis bacteriana o VB es un desequilibrio de la flora vaginal. Esta es una de las infecciones m\u00e1s comunes entre las mujeres. Hay una creencia generalizada de que la vaginosis bacteriana es una ETS, sin embargo este no es el caso. La VB se presenta en mujeres que no est\u00e1n teniendo relaciones sexuales o que han estado con la misma pareja por a\u00f1os. As\u00ed mismo, la vaginosis bacteriana no puede ser transmitida entre personas.<\/p>\n\n\n\n<p>La vaginosis bacteriana es una consecuencia de una bacteria perjudicial. En una vagina sana, estas bacterias perjudiciales se mantienen controladas por el bajo pH vaginal creado por el \u00e1cido l\u00e1ctico producido por la flora lactobacilar beneficiosa. Sin embargo, el pH vaginal puede aumentar (la acidez se reduce), por ejemplo por la reducci\u00f3n en el n\u00famero de lactobacilos debido a tratamientos antibi\u00f3ticos, o por la neutralizaci\u00f3n del pH bajo por el esperma alcalino. En esta situaci\u00f3n, las bacterias perjudiciales pueden aprovechar para crecer y causar problemas vaginales.<\/p>\n<\/div><\/details>\n\n\n\n<details class=\"wp-block-karopharma-accordion\"><summary><h2 class=\"accordion-title\">\u00bfQu\u00e9 es una candidiasis vaginal?<\/h2><\/summary><div class=\"accordion-content\">\n<p>\u00bfSientes picaz\u00f3n e irritaci\u00f3n en tu vagina? \u00bfHas notado una secreci\u00f3n espesa, blanca y grumosa? \u00bfIncluso siente una sensaci\u00f3n de ardor alrededor de la abertura vaginal cuando va al ba\u00f1o? Entonces es muy posible que tenga una infecci\u00f3n por hongos, y no est\u00e1 solo. Hasta tres de cada cuatro mujeres tienen hongos al menos una vez en su vida y muchas mujeres sufren infecciones recurrentes. Afortunadamente, las infecciones por hongos no son peligrosas y la mayor\u00eda de ellas se tratan y previenen f\u00e1cilmente con productos que puede comprar en l\u00ednea o encontrar en su farmacia local.<\/p>\n<\/div><\/details>\n\n\n\n<details class=\"wp-block-karopharma-accordion\"><summary><h2 class=\"accordion-title\">\u00bfPor qu\u00e9 mi vagina est\u00e1 seca?<\/h2><\/summary><div class=\"accordion-content\">\n<p>Esta condici\u00f3n es un s\u00edntoma frecuente de la menopausia, pero puede afectar a las mujeres de todas las edades. Otros responsables comunes de esta condici\u00f3n son los cambios hormonales que pueden ocurrir despu\u00e9s del nacimiento del beb\u00e9 o durante la lactancia, durante el tratamiento de c\u00e1ncer o mientras se use determinado medicamento.<\/p>\n\n\n\n<p>La resequedad tambi\u00e9n puede ser causada por el estr\u00e9s y ansiedad, ejercicio excesivo, alcohol, cafe\u00edna o los cigarrillos. Aunque la resequedad vaginal puede verse como una irritaci\u00f3n insignificante, esta puede reducir seriamente la calidad de vida. Tratar la resequedad vagina es muy importante, no s\u00f3lo para el bienestar de la mujer, pero tambi\u00e9n para su estado emocional y la salud de la relaci\u00f3n.<\/p>\n<\/div><\/details>\n<\/div><\/div>\n","protected":false},"excerpt":{"rendered":"","protected":false},"author":2,"featured_media":0,"parent":0,"menu_order":0,"comment_status":"closed","ping_status":"closed","template":"","meta":{"_acf_changed":false,"footnotes":""},"from-article-database":[],"class_list":["post-35","page","type-page","status-publish","hentry"],"acf":[],"yoast_head":"<!-- This site is optimized with the Yoast SEO plugin v26.6 - https:\/\/yoast.com\/wordpress\/plugins\/seo\/ -->\n<title>FAQ - Multi-Gyn<\/title>\n<meta name=\"description\" content=\"Preguntas frecuentes: \u00bfQu\u00e9 es la vaginosis bacteriana? \u00bfQu\u00e9 es una candidiasis vaginal? \u00bfPor qu\u00e9 mi vagina est\u00e1 seca?\" \/>\n<meta name=\"robots\" content=\"index, follow, max-snippet:-1, max-image-preview:large, max-video-preview:-1\" \/>\n<link rel=\"canonical\" href=\"https:\/\/multi-gyn.com\/uy\/faq\/\" \/>\n<meta property=\"og:locale\" content=\"es_ES\" \/>\n<meta property=\"og:type\" content=\"article\" \/>\n<meta property=\"og:title\" content=\"FAQ - Multi-Gyn\" \/>\n<meta property=\"og:description\" content=\"Preguntas frecuentes: \u00bfQu\u00e9 es la vaginosis bacteriana? \u00bfQu\u00e9 es una candidiasis vaginal? \u00bfPor qu\u00e9 mi vagina est\u00e1 seca?\" \/>\n<meta property=\"og:url\" content=\"https:\/\/multi-gyn.com\/uy\/faq\/\" \/>\n<meta property=\"og:site_name\" content=\"Multi-Gyn\" \/>\n<meta property=\"article:modified_time\" content=\"2025-10-10T08:39:44+00:00\" \/>\n<meta name=\"twitter:card\" content=\"summary_large_image\" \/>\n<meta name=\"twitter:label1\" content=\"Est. reading time\" \/>\n\t<meta name=\"twitter:data1\" content=\"2 minutos\" \/>\n<script type=\"application\/ld+json\" class=\"yoast-schema-graph\">{\"@context\":\"https:\/\/schema.org\",\"@graph\":[{\"@type\":\"WebPage\",\"@id\":\"https:\/\/multi-gyn.com\/uy\/faq\/\",\"url\":\"https:\/\/multi-gyn.com\/uy\/faq\/\",\"name\":\"FAQ - Multi-Gyn\",\"isPartOf\":{\"@id\":\"https:\/\/multi-gyn.com\/uy\/#website\"},\"datePublished\":\"2023-05-10T13:53:36+00:00\",\"dateModified\":\"2025-10-10T08:39:44+00:00\",\"description\":\"Preguntas frecuentes: \u00bfQu\u00e9 es la vaginosis bacteriana? \u00bfQu\u00e9 es una candidiasis vaginal? \u00bfPor qu\u00e9 mi vagina est\u00e1 seca?\",\"breadcrumb\":{\"@id\":\"https:\/\/multi-gyn.com\/uy\/faq\/#breadcrumb\"},\"inLanguage\":\"es-UY\",\"potentialAction\":[{\"@type\":\"ReadAction\",\"target\":[\"https:\/\/multi-gyn.com\/uy\/faq\/\"]}]},{\"@type\":\"BreadcrumbList\",\"@id\":\"https:\/\/multi-gyn.com\/uy\/faq\/#breadcrumb\",\"itemListElement\":[{\"@type\":\"ListItem\",\"position\":1,\"name\":\"Home\",\"item\":\"https:\/\/multi-gyn.com\/uy\/\"},{\"@type\":\"ListItem\",\"position\":2,\"name\":\"FAQ\"}]},{\"@type\":\"WebSite\",\"@id\":\"https:\/\/multi-gyn.com\/uy\/#website\",\"url\":\"https:\/\/multi-gyn.com\/uy\/\",\"name\":\"Multi-Gyn\",\"description\":\"\",\"publisher\":{\"@id\":\"https:\/\/multi-gyn.com\/uy\/#organization\"},\"potentialAction\":[{\"@type\":\"SearchAction\",\"target\":{\"@type\":\"EntryPoint\",\"urlTemplate\":\"https:\/\/multi-gyn.com\/uy\/?s={search_term_string}\"},\"query-input\":{\"@type\":\"PropertyValueSpecification\",\"valueRequired\":true,\"valueName\":\"search_term_string\"}}],\"inLanguage\":\"es-UY\"},{\"@type\":\"Organization\",\"@id\":\"https:\/\/multi-gyn.com\/uy\/#organization\",\"name\":\"Multi-Gyn\",\"url\":\"https:\/\/multi-gyn.com\/uy\/\",\"logo\":{\"@type\":\"ImageObject\",\"inLanguage\":\"es-UY\",\"@id\":\"https:\/\/multi-gyn.com\/uy\/#\/schema\/logo\/image\/\",\"url\":\"https:\/\/multi-gyn.com\/app\/uploads\/sites\/47\/2023\/05\/multi-gyn-logo.png\",\"contentUrl\":\"https:\/\/multi-gyn.com\/app\/uploads\/sites\/47\/2023\/05\/multi-gyn-logo.png\",\"width\":149,\"height\":32,\"caption\":\"Multi-Gyn\"},\"image\":{\"@id\":\"https:\/\/multi-gyn.com\/uy\/#\/schema\/logo\/image\/\"}}]}<\/script>\n<!-- \/ Yoast SEO plugin. -->","yoast_head_json":{"title":"FAQ - Multi-Gyn","description":"Preguntas frecuentes: \u00bfQu\u00e9 es la vaginosis bacteriana? \u00bfQu\u00e9 es una candidiasis vaginal? \u00bfPor qu\u00e9 mi vagina est\u00e1 seca?","robots":{"index":"index","follow":"follow","max-snippet":"max-snippet:-1","max-image-preview":"max-image-preview:large","max-video-preview":"max-video-preview:-1"},"canonical":"https:\/\/multi-gyn.com\/uy\/faq\/","og_locale":"es_ES","og_type":"article","og_title":"FAQ - Multi-Gyn","og_description":"Preguntas frecuentes: \u00bfQu\u00e9 es la vaginosis bacteriana? \u00bfQu\u00e9 es una candidiasis vaginal? \u00bfPor qu\u00e9 mi vagina est\u00e1 seca?","og_url":"https:\/\/multi-gyn.com\/uy\/faq\/","og_site_name":"Multi-Gyn","article_modified_time":"2025-10-10T08:39:44+00:00","twitter_card":"summary_large_image","twitter_misc":{"Est. reading time":"2 minutos"},"schema":{"@context":"https:\/\/schema.org","@graph":[{"@type":"WebPage","@id":"https:\/\/multi-gyn.com\/uy\/faq\/","url":"https:\/\/multi-gyn.com\/uy\/faq\/","name":"FAQ - Multi-Gyn","isPartOf":{"@id":"https:\/\/multi-gyn.com\/uy\/#website"},"datePublished":"2023-05-10T13:53:36+00:00","dateModified":"2025-10-10T08:39:44+00:00","description":"Preguntas frecuentes: \u00bfQu\u00e9 es la vaginosis bacteriana? \u00bfQu\u00e9 es una candidiasis vaginal? \u00bfPor qu\u00e9 mi vagina est\u00e1 seca?","breadcrumb":{"@id":"https:\/\/multi-gyn.com\/uy\/faq\/#breadcrumb"},"inLanguage":"es-UY","potentialAction":[{"@type":"ReadAction","target":["https:\/\/multi-gyn.com\/uy\/faq\/"]}]},{"@type":"BreadcrumbList","@id":"https:\/\/multi-gyn.com\/uy\/faq\/#breadcrumb","itemListElement":[{"@type":"ListItem","position":1,"name":"Home","item":"https:\/\/multi-gyn.com\/uy\/"},{"@type":"ListItem","position":2,"name":"FAQ"}]},{"@type":"WebSite","@id":"https:\/\/multi-gyn.com\/uy\/#website","url":"https:\/\/multi-gyn.com\/uy\/","name":"Multi-Gyn","description":"","publisher":{"@id":"https:\/\/multi-gyn.com\/uy\/#organization"},"potentialAction":[{"@type":"SearchAction","target":{"@type":"EntryPoint","urlTemplate":"https:\/\/multi-gyn.com\/uy\/?s={search_term_string}"},"query-input":{"@type":"PropertyValueSpecification","valueRequired":true,"valueName":"search_term_string"}}],"inLanguage":"es-UY"},{"@type":"Organization","@id":"https:\/\/multi-gyn.com\/uy\/#organization","name":"Multi-Gyn","url":"https:\/\/multi-gyn.com\/uy\/","logo":{"@type":"ImageObject","inLanguage":"es-UY","@id":"https:\/\/multi-gyn.com\/uy\/#\/schema\/logo\/image\/","url":"https:\/\/multi-gyn.com\/app\/uploads\/sites\/47\/2023\/05\/multi-gyn-logo.png","contentUrl":"https:\/\/multi-gyn.com\/app\/uploads\/sites\/47\/2023\/05\/multi-gyn-logo.png","width":149,"height":32,"caption":"Multi-Gyn"},"image":{"@id":"https:\/\/multi-gyn.com\/uy\/#\/schema\/logo\/image\/"}}]}},"_links":{"self":[{"href":"https:\/\/multi-gyn.com\/uy\/wp-json\/wp\/v2\/pages\/35","targetHints":{"allow":["GET"]}}],"collection":[{"href":"https:\/\/multi-gyn.com\/uy\/wp-json\/wp\/v2\/pages"}],"about":[{"href":"https:\/\/multi-gyn.com\/uy\/wp-json\/wp\/v2\/types\/page"}],"author":[{"embeddable":true,"href":"https:\/\/multi-gyn.com\/uy\/wp-json\/wp\/v2\/users\/2"}],"replies":[{"embeddable":true,"href":"https:\/\/multi-gyn.com\/uy\/wp-json\/wp\/v2\/comments?post=35"}],"version-history":[{"count":6,"href":"https:\/\/multi-gyn.com\/uy\/wp-json\/wp\/v2\/pages\/35\/revisions"}],"predecessor-version":[{"id":496,"href":"https:\/\/multi-gyn.com\/uy\/wp-json\/wp\/v2\/pages\/35\/revisions\/496"}],"wp:attachment":[{"href":"https:\/\/multi-gyn.com\/uy\/wp-json\/wp\/v2\/media?parent=35"}],"wp:term":[{"taxonomy":"from-article-database","embeddable":true,"href":"https:\/\/multi-gyn.com\/uy\/wp-json\/wp\/v2\/from-article-database?post=35"}],"curies":[{"name":"wp","href":"https:\/\/api.w.org\/{rel}","templated":true}]}}