{"id":98,"date":"2023-05-11T04:36:49","date_gmt":"2023-05-11T07:36:49","guid":{"rendered":"https:\/\/multi-gyn.com\/uy\/?page_id=98"},"modified":"2023-05-11T11:04:07","modified_gmt":"2023-05-11T14:04:07","slug":"puede-el-ejercicio-causar-dolor-vaginal","status":"publish","type":"page","link":"https:\/\/multi-gyn.com\/uy\/salud-vaginal\/cuidado\/puede-el-ejercicio-causar-dolor-vaginal\/","title":{"rendered":"\u00bfPuede el ejercicio causar dolor vaginal?"},"content":{"rendered":"\n<div class=\"wp-block-karopharma-free-text pt-large pb-large bg-center bg-cover bg-no-repeat  is-style-primary\" style=\"background-image:url()\"><div class=\"free-text-wrapper container max-w-medium text-left\">\n<h1 class=\"is-style-heading-h1 wp-block-heading\">\u00bfPuede el ejercicio causar dolor vaginal?<\/h1>\n\n\n\n<p class=\"is-style-paragraph-preamble\">Todos sabemos que el ejercicio es bueno para la salud general, por lo que \u00bfno es ir\u00f3nico que practicar deporte pueda causar molestias vaginales? El deporte puede crear condiciones que causan irritaci\u00f3n vaginal y permiten que las bacterias nocivas se desarrollen. Si experimentas dolor vaginal durante o tras el ejercicio, no te preocupes. Unos pocos cambios sencillos pueden suponer una gran diferencia. No permitas que el dolor y la irritaci\u00f3n vaginal te alejen del gimnasio.<\/p>\n<\/div><\/div>\n\n\n\n<div class=\"wp-block-karopharma-free-text pt-large pb-large bg-center bg-cover bg-no-repeat  is-style-transparent\" style=\"background-image:url()\"><div class=\"free-text-wrapper container max-w-medium text-left\">\n<h2 class=\"is-style-heading-h2 wp-block-heading\">\u00bfCu\u00e1les son las causas m\u00e1s frecuentes de dolor vaginal relacionado con el ejercicio?<\/h2>\n\n\n\n<p>Muchas de nosotras estamos familiarizadas con las molestias por fricci\u00f3n, presi\u00f3n y humedad que nuestro entrenamiento puede producir, pero con frecuencia no tenemos en cuenta que pueden afectar a nuestra salud vaginal. Dolor generalizado en la regi\u00f3n vulvar, enrojecimiento, inflamaci\u00f3n y picaz\u00f3n son irritaciones vaginales frecuentes asociadas con la pr\u00e1ctica de ejercicio.<\/p>\n\n\n\n<p>Este tipo de molestias pueden f\u00e1cilmente estar causadas por el uso de ropa de deporte apretada, mal ajustada o sint\u00e9tica que atrapan el sudor y la humedad, y pueden provocar dolor vaginal por presi\u00f3n y fricci\u00f3n. Si haces ejercicio aer\u00f3bico, corres, caminas o vas en bicicleta, tu ropa puede estar a\u00f1adiendo presi\u00f3n y rozando contra la vulva. Esto genera fricci\u00f3n que puede da\u00f1ar e irritar la delicada piel de tu zona \u00edntima.<\/p>\n\n\n\n<p>Es posible que notes un aumento <a href=\"https:\/\/multi-gyn.com\/uy\/salud-vaginal\/molestias\/es-mi-secrecion-vaginal-normal\/\">de secreci\u00f3n vaginal<\/a> durante o despu\u00e9s del ejercicio. Esto es normal, especialmente si practicas ciclismo o sudas mucho. Muchas mujeres sudan abundantemente en los genitales mientras entrenan. Si tu ropa no transpira, la humedad se queda retenida. Esto empeora la irritaci\u00f3n, creando las condiciones id\u00f3neas para una infecci\u00f3n vaginal microbiana.<\/p>\n\n\n\n<p><a href=\"https:\/\/multi-gyn.com\/uy\/salud-vaginal\/infecciones\/candidiasis-vaginal\/\">A las infecciones vaginales<\/a> por hongos les gustan los ambientes calurosos y h\u00famedos. Si experimentas picaz\u00f3n y una secreci\u00f3n vaginal espesa y blanca similar al reques\u00f3n, es probable que padezcas una candidiasis. Otras infecciones microbianas, como la VB (vaginosis bacteriana) cursan con una secreci\u00f3n fina y gris\u00e1cea con olor a pescado. Si reconoces estos s\u00edntomas act\u00faa \u2013 se pueden tratar f\u00e1cilmente con productos de cuidado personal eficaces.<\/p>\n\n\n\n<p>Con unos pocos y sencillos cambios y prestando atenci\u00f3n a la higiene antes y despu\u00e9s del ejercicio, puedes evitar muchos, si no todos, estos frecuentes problemas de salud vaginal relacionados con la pr\u00e1ctica de ejercicio.<\/p>\n\n\n\n<h2 class=\"is-style-heading-h2 wp-block-heading\">Realiza estos sencillos cambios para evitar el dolor vaginal relacionado con la pr\u00e1ctica de ejercicio<\/h2>\n\n\n\n<p><strong>Utiliza ropa adecuada para entrenar<\/strong>: Revisa toda tu ropa de deporte. Puede que prefieras los leggings o pantalones de deporte sint\u00e9ticos y ajustados, pero muchas de estas prendas no est\u00e1n hechas de tejidos transpirables y pueden causar fricci\u00f3n durante el ejercicio. Evita llevar tanga y utiliza ropa interior de algod\u00f3n. Es mejor elegir ropa de deporte ancha, hecha de materiales naturales que permiten que la humedad salga y se evapore. Si insistes en utilizar prendas ajustadas, elige un tejido de algod\u00f3n u otro tejido transpirable natural.<\/p>\n\n\n\n<p><strong>Limpieza<\/strong>. Si es posible, date una ducha justo despu\u00e9s de entrenar. Si no es posible en el gimnasio, limpia suavemente tu zona vaginal y cambia tu ropa sudada y ropa interior antes de volver a casa. Haz siempre una buena higiene vaginal.<\/p>\n\n\n\n<p><strong>Aplica una crema protectora o b\u00e1lsamo<\/strong>: Esto puede ayudar a evitar quemaduras por fricci\u00f3n en la zona \u00edntima. Ya no se recomiendan los polvos de talco. Funciona mejor una fina capa de una crema emoliente, como la vaselina. Apl\u00edcatela antes de hacer ejercicio. Despu\u00e9s de tu entrenamiento \u2013 sobretodo si utilizas la bicicleta.<\/p>\n\n\n\n<p><strong>Intenta algo diferente<\/strong>: El ciclismo a\u00f1ade presi\u00f3n a tu vulva. \u00bfPor qu\u00e9 no cambiar un poco y practicar otras actividades para ver si mejora tu condici\u00f3n?<\/p>\n\n\n\n<p><strong>No ignores los s\u00edntomas<\/strong>: Algo de picaz\u00f3n o irritaci\u00f3n vaginal despu\u00e9s de un entrenamiento duro puede ser normal. Si persiste, no esperes a que desaparezca solo. Es posible que tengas una infecci\u00f3n microbiana.<\/p>\n<\/div><\/div>\n","protected":false},"excerpt":{"rendered":"","protected":false},"author":2,"featured_media":0,"parent":25,"menu_order":1,"comment_status":"closed","ping_status":"closed","template":"","meta":{"_acf_changed":false,"footnotes":""},"from-article-database":[],"class_list":["post-98","page","type-page","status-publish","hentry"],"acf":[],"yoast_head":"<!-- This site is optimized with the Yoast SEO plugin v26.6 - https:\/\/yoast.com\/wordpress\/plugins\/seo\/ -->\n<title>\u00bfPuede el ejercicio causar dolor vaginal? - Multi-Gyn<\/title>\n<meta name=\"description\" content=\"Todos sabemos que el ejercicio es bueno para la salud general, por lo que \u00bfno es ir\u00f3nico que practicar deporte pueda causar molestias vaginales?\" \/>\n<meta name=\"robots\" content=\"index, follow, max-snippet:-1, max-image-preview:large, max-video-preview:-1\" \/>\n<link rel=\"canonical\" href=\"https:\/\/multi-gyn.com\/uy\/salud-vaginal\/cuidado\/puede-el-ejercicio-causar-dolor-vaginal\/\" \/>\n<meta property=\"og:locale\" content=\"es_ES\" \/>\n<meta property=\"og:type\" content=\"article\" \/>\n<meta property=\"og:title\" content=\"\u00bfPuede el ejercicio causar dolor vaginal? - Multi-Gyn\" \/>\n<meta property=\"og:description\" content=\"Todos sabemos que el ejercicio es bueno para la salud general, por lo que \u00bfno es ir\u00f3nico que practicar deporte pueda causar molestias vaginales?\" \/>\n<meta property=\"og:url\" content=\"https:\/\/multi-gyn.com\/uy\/salud-vaginal\/cuidado\/puede-el-ejercicio-causar-dolor-vaginal\/\" \/>\n<meta property=\"og:site_name\" content=\"Multi-Gyn\" \/>\n<meta property=\"article:modified_time\" content=\"2023-05-11T14:04:07+00:00\" \/>\n<meta name=\"twitter:card\" content=\"summary_large_image\" \/>\n<meta name=\"twitter:label1\" content=\"Est. reading time\" \/>\n\t<meta name=\"twitter:data1\" content=\"3 minutos\" \/>\n<script type=\"application\/ld+json\" class=\"yoast-schema-graph\">{\"@context\":\"https:\/\/schema.org\",\"@graph\":[{\"@type\":\"WebPage\",\"@id\":\"https:\/\/multi-gyn.com\/uy\/salud-vaginal\/cuidado\/puede-el-ejercicio-causar-dolor-vaginal\/\",\"url\":\"https:\/\/multi-gyn.com\/uy\/salud-vaginal\/cuidado\/puede-el-ejercicio-causar-dolor-vaginal\/\",\"name\":\"\u00bfPuede el ejercicio causar dolor vaginal? - Multi-Gyn\",\"isPartOf\":{\"@id\":\"https:\/\/multi-gyn.com\/uy\/#website\"},\"datePublished\":\"2023-05-11T07:36:49+00:00\",\"dateModified\":\"2023-05-11T14:04:07+00:00\",\"description\":\"Todos sabemos que el ejercicio es bueno para la salud general, por lo que \u00bfno es ir\u00f3nico que practicar deporte pueda causar molestias vaginales?\",\"breadcrumb\":{\"@id\":\"https:\/\/multi-gyn.com\/uy\/salud-vaginal\/cuidado\/puede-el-ejercicio-causar-dolor-vaginal\/#breadcrumb\"},\"inLanguage\":\"es-UY\",\"potentialAction\":[{\"@type\":\"ReadAction\",\"target\":[\"https:\/\/multi-gyn.com\/uy\/salud-vaginal\/cuidado\/puede-el-ejercicio-causar-dolor-vaginal\/\"]}]},{\"@type\":\"BreadcrumbList\",\"@id\":\"https:\/\/multi-gyn.com\/uy\/salud-vaginal\/cuidado\/puede-el-ejercicio-causar-dolor-vaginal\/#breadcrumb\",\"itemListElement\":[{\"@type\":\"ListItem\",\"position\":1,\"name\":\"Home\",\"item\":\"https:\/\/multi-gyn.com\/uy\/\"},{\"@type\":\"ListItem\",\"position\":2,\"name\":\"Salud vaginal\",\"item\":\"https:\/\/multi-gyn.com\/uy\/salud-vaginal\/\"},{\"@type\":\"ListItem\",\"position\":3,\"name\":\"Cuidado\",\"item\":\"https:\/\/multi-gyn.com\/uy\/salud-vaginal\/cuidado\/\"},{\"@type\":\"ListItem\",\"position\":4,\"name\":\"\u00bfPuede el ejercicio causar dolor vaginal?\"}]},{\"@type\":\"WebSite\",\"@id\":\"https:\/\/multi-gyn.com\/uy\/#website\",\"url\":\"https:\/\/multi-gyn.com\/uy\/\",\"name\":\"Multi-Gyn\",\"description\":\"\",\"publisher\":{\"@id\":\"https:\/\/multi-gyn.com\/uy\/#organization\"},\"potentialAction\":[{\"@type\":\"SearchAction\",\"target\":{\"@type\":\"EntryPoint\",\"urlTemplate\":\"https:\/\/multi-gyn.com\/uy\/?s={search_term_string}\"},\"query-input\":{\"@type\":\"PropertyValueSpecification\",\"valueRequired\":true,\"valueName\":\"search_term_string\"}}],\"inLanguage\":\"es-UY\"},{\"@type\":\"Organization\",\"@id\":\"https:\/\/multi-gyn.com\/uy\/#organization\",\"name\":\"Multi-Gyn\",\"url\":\"https:\/\/multi-gyn.com\/uy\/\",\"logo\":{\"@type\":\"ImageObject\",\"inLanguage\":\"es-UY\",\"@id\":\"https:\/\/multi-gyn.com\/uy\/#\/schema\/logo\/image\/\",\"url\":\"https:\/\/multi-gyn.com\/app\/uploads\/sites\/47\/2023\/05\/multi-gyn-logo.png\",\"contentUrl\":\"https:\/\/multi-gyn.com\/app\/uploads\/sites\/47\/2023\/05\/multi-gyn-logo.png\",\"width\":149,\"height\":32,\"caption\":\"Multi-Gyn\"},\"image\":{\"@id\":\"https:\/\/multi-gyn.com\/uy\/#\/schema\/logo\/image\/\"}}]}<\/script>\n<!-- \/ Yoast SEO plugin. -->","yoast_head_json":{"title":"\u00bfPuede el ejercicio causar dolor vaginal? - Multi-Gyn","description":"Todos sabemos que el ejercicio es bueno para la salud general, por lo que \u00bfno es ir\u00f3nico que practicar deporte pueda causar molestias vaginales?","robots":{"index":"index","follow":"follow","max-snippet":"max-snippet:-1","max-image-preview":"max-image-preview:large","max-video-preview":"max-video-preview:-1"},"canonical":"https:\/\/multi-gyn.com\/uy\/salud-vaginal\/cuidado\/puede-el-ejercicio-causar-dolor-vaginal\/","og_locale":"es_ES","og_type":"article","og_title":"\u00bfPuede el ejercicio causar dolor vaginal? - Multi-Gyn","og_description":"Todos sabemos que el ejercicio es bueno para la salud general, por lo que \u00bfno es ir\u00f3nico que practicar deporte pueda causar molestias vaginales?","og_url":"https:\/\/multi-gyn.com\/uy\/salud-vaginal\/cuidado\/puede-el-ejercicio-causar-dolor-vaginal\/","og_site_name":"Multi-Gyn","article_modified_time":"2023-05-11T14:04:07+00:00","twitter_card":"summary_large_image","twitter_misc":{"Est. reading time":"3 minutos"},"schema":{"@context":"https:\/\/schema.org","@graph":[{"@type":"WebPage","@id":"https:\/\/multi-gyn.com\/uy\/salud-vaginal\/cuidado\/puede-el-ejercicio-causar-dolor-vaginal\/","url":"https:\/\/multi-gyn.com\/uy\/salud-vaginal\/cuidado\/puede-el-ejercicio-causar-dolor-vaginal\/","name":"\u00bfPuede el ejercicio causar dolor vaginal? - Multi-Gyn","isPartOf":{"@id":"https:\/\/multi-gyn.com\/uy\/#website"},"datePublished":"2023-05-11T07:36:49+00:00","dateModified":"2023-05-11T14:04:07+00:00","description":"Todos sabemos que el ejercicio es bueno para la salud general, por lo que \u00bfno es ir\u00f3nico que practicar deporte pueda causar molestias vaginales?","breadcrumb":{"@id":"https:\/\/multi-gyn.com\/uy\/salud-vaginal\/cuidado\/puede-el-ejercicio-causar-dolor-vaginal\/#breadcrumb"},"inLanguage":"es-UY","potentialAction":[{"@type":"ReadAction","target":["https:\/\/multi-gyn.com\/uy\/salud-vaginal\/cuidado\/puede-el-ejercicio-causar-dolor-vaginal\/"]}]},{"@type":"BreadcrumbList","@id":"https:\/\/multi-gyn.com\/uy\/salud-vaginal\/cuidado\/puede-el-ejercicio-causar-dolor-vaginal\/#breadcrumb","itemListElement":[{"@type":"ListItem","position":1,"name":"Home","item":"https:\/\/multi-gyn.com\/uy\/"},{"@type":"ListItem","position":2,"name":"Salud vaginal","item":"https:\/\/multi-gyn.com\/uy\/salud-vaginal\/"},{"@type":"ListItem","position":3,"name":"Cuidado","item":"https:\/\/multi-gyn.com\/uy\/salud-vaginal\/cuidado\/"},{"@type":"ListItem","position":4,"name":"\u00bfPuede el ejercicio causar dolor vaginal?"}]},{"@type":"WebSite","@id":"https:\/\/multi-gyn.com\/uy\/#website","url":"https:\/\/multi-gyn.com\/uy\/","name":"Multi-Gyn","description":"","publisher":{"@id":"https:\/\/multi-gyn.com\/uy\/#organization"},"potentialAction":[{"@type":"SearchAction","target":{"@type":"EntryPoint","urlTemplate":"https:\/\/multi-gyn.com\/uy\/?s={search_term_string}"},"query-input":{"@type":"PropertyValueSpecification","valueRequired":true,"valueName":"search_term_string"}}],"inLanguage":"es-UY"},{"@type":"Organization","@id":"https:\/\/multi-gyn.com\/uy\/#organization","name":"Multi-Gyn","url":"https:\/\/multi-gyn.com\/uy\/","logo":{"@type":"ImageObject","inLanguage":"es-UY","@id":"https:\/\/multi-gyn.com\/uy\/#\/schema\/logo\/image\/","url":"https:\/\/multi-gyn.com\/app\/uploads\/sites\/47\/2023\/05\/multi-gyn-logo.png","contentUrl":"https:\/\/multi-gyn.com\/app\/uploads\/sites\/47\/2023\/05\/multi-gyn-logo.png","width":149,"height":32,"caption":"Multi-Gyn"},"image":{"@id":"https:\/\/multi-gyn.com\/uy\/#\/schema\/logo\/image\/"}}]}},"_links":{"self":[{"href":"https:\/\/multi-gyn.com\/uy\/wp-json\/wp\/v2\/pages\/98","targetHints":{"allow":["GET"]}}],"collection":[{"href":"https:\/\/multi-gyn.com\/uy\/wp-json\/wp\/v2\/pages"}],"about":[{"href":"https:\/\/multi-gyn.com\/uy\/wp-json\/wp\/v2\/types\/page"}],"author":[{"embeddable":true,"href":"https:\/\/multi-gyn.com\/uy\/wp-json\/wp\/v2\/users\/2"}],"replies":[{"embeddable":true,"href":"https:\/\/multi-gyn.com\/uy\/wp-json\/wp\/v2\/comments?post=98"}],"version-history":[{"count":4,"href":"https:\/\/multi-gyn.com\/uy\/wp-json\/wp\/v2\/pages\/98\/revisions"}],"predecessor-version":[{"id":349,"href":"https:\/\/multi-gyn.com\/uy\/wp-json\/wp\/v2\/pages\/98\/revisions\/349"}],"up":[{"embeddable":true,"href":"https:\/\/multi-gyn.com\/uy\/wp-json\/wp\/v2\/pages\/25"}],"wp:attachment":[{"href":"https:\/\/multi-gyn.com\/uy\/wp-json\/wp\/v2\/media?parent=98"}],"wp:term":[{"taxonomy":"from-article-database","embeddable":true,"href":"https:\/\/multi-gyn.com\/uy\/wp-json\/wp\/v2\/from-article-database?post=98"}],"curies":[{"name":"wp","href":"https:\/\/api.w.org\/{rel}","templated":true}]}}